{"id":4126,"date":"2026-02-28T01:23:17","date_gmt":"2026-02-28T04:23:17","guid":{"rendered":"https:\/\/bibliotecajuridicavirtual.cl\/?post_type=product&#038;p=4126"},"modified":"2026-02-28T01:23:26","modified_gmt":"2026-02-28T04:23:26","slug":"teoria-y-fuentes-del-derecho-boni-et-aequi-ano-2016-140-pag-autor-carlos-amunategui-perello","status":"publish","type":"product","link":"https:\/\/bibliotecajuridicavirtual.cl\/index.php\/product\/teoria-y-fuentes-del-derecho-boni-et-aequi-ano-2016-140-pag-autor-carlos-amunategui-perello\/","title":{"rendered":"Teor\u00eda y Fuentes Del Derecho. Boni et aequi. A\u00f1o 2016\/ 140 P\u00e1g. Autor Carlos Amun\u00e1tegui Perell\u00f3"},"content":{"rendered":"<p>Este es un libro heterodoxo, que en lugar de ofrecer una aproximaci\u00f3n tradicional a la teor\u00eda del Derecho, se centra en sus cr\u00edticas e incertezas, para que a partir de las dudas florezcan pensamientos originales que aporten valor.<\/p>\n<p>En la primera parte, analiza la naturaleza de la justicia a trav\u00e9s del tiempo y va deshilvanando la apretada madeja de teor\u00edas y aproximaciones que existen hasta reducirlas a unas sencillas caracter\u00ed\u00adsticas con las cuales operar: la historia, la l\u00f3gica y la filosof\u00eda. La segunda parte estudia las fuentes del Derecho para obtener una imagen lo m\u00e1s precisa posible sobre el origen y la funci\u00f3n del Derecho y la justicia.<\/p>\n","protected":false},"excerpt":{"rendered":"<p>Este es un libro heterodoxo, que en lugar de ofrecer una aproximaci\u00f3n tradicional a la teor\u00eda del Derecho, se centra en sus cr\u00edticas e incertezas, para que a partir de las dudas florezcan pensamientos originales que aporten valor. En la primera parte, analiza la naturaleza de la justicia a trav\u00e9s del tiempo y va deshilvanando la apretada madeja de teor\u00edas y aproximaciones que existen hasta reducirlas a unas sencillas caracter\u00ed\u00adsticas con las cuales operar: la historia, la l\u00f3gica y la filosof\u00eda. La segunda parte estudia las fuentes del Derecho para obtener una imagen lo m\u00e1s precisa posible sobre el origen y la funci\u00f3n del Derecho y la justicia.<\/p>\n","protected":false},"featured_media":4156,"comment_status":"open","ping_status":"closed","template":"","meta":{"inline_featured_image":false,"_joinchat":[]},"product_brand":[],"product_cat":[44],"product_tag":[],"class_list":{"0":"post-4126","1":"product","2":"type-product","3":"status-publish","4":"has-post-thumbnail","6":"product_cat-filosofia-del-derecho-y-introduccion","7":"product_shipping_class-a-convenir","9":"first","10":"instock","11":"shipping-taxable","12":"purchasable","13":"product-type-simple"},"_links":{"self":[{"href":"https:\/\/bibliotecajuridicavirtual.cl\/index.php\/wp-json\/wp\/v2\/product\/4126","targetHints":{"allow":["GET"]}}],"collection":[{"href":"https:\/\/bibliotecajuridicavirtual.cl\/index.php\/wp-json\/wp\/v2\/product"}],"about":[{"href":"https:\/\/bibliotecajuridicavirtual.cl\/index.php\/wp-json\/wp\/v2\/types\/product"}],"replies":[{"embeddable":true,"href":"https:\/\/bibliotecajuridicavirtual.cl\/index.php\/wp-json\/wp\/v2\/comments?post=4126"}],"wp:featuredmedia":[{"embeddable":true,"href":"https:\/\/bibliotecajuridicavirtual.cl\/index.php\/wp-json\/wp\/v2\/media\/4156"}],"wp:attachment":[{"href":"https:\/\/bibliotecajuridicavirtual.cl\/index.php\/wp-json\/wp\/v2\/media?parent=4126"}],"wp:term":[{"taxonomy":"product_brand","embeddable":true,"href":"https:\/\/bibliotecajuridicavirtual.cl\/index.php\/wp-json\/wp\/v2\/product_brand?post=4126"},{"taxonomy":"product_cat","embeddable":true,"href":"https:\/\/bibliotecajuridicavirtual.cl\/index.php\/wp-json\/wp\/v2\/product_cat?post=4126"},{"taxonomy":"product_tag","embeddable":true,"href":"https:\/\/bibliotecajuridicavirtual.cl\/index.php\/wp-json\/wp\/v2\/product_tag?post=4126"}],"curies":[{"name":"wp","href":"https:\/\/api.w.org\/{rel}","templated":true}]}}