{"id":4127,"date":"2026-02-28T01:23:17","date_gmt":"2026-02-28T04:23:17","guid":{"rendered":"https:\/\/bibliotecajuridicavirtual.cl\/?post_type=product&#038;p=4127"},"modified":"2026-02-28T01:23:27","modified_gmt":"2026-02-28T04:23:27","slug":"la-buena-fe-contractual-ano-2016-168-pag-autor-cristian-boetsch","status":"publish","type":"product","link":"https:\/\/bibliotecajuridicavirtual.cl\/index.php\/product\/la-buena-fe-contractual-ano-2016-168-pag-autor-cristian-boetsch\/","title":{"rendered":"La Buena Fe Contractual. A\u00f1o 2016\/ 168 P\u00e1g. Autor Cristi\u00e1n Boetsch"},"content":{"rendered":"<p>Esta obra se funda en un acucioso y actualizado an\u00e1lisis de la m\u00e1s relevante legislaci\u00f3n, doctrina y jurisprudencia nacional e internacional. Comprende tanto los aspectos generales del principio de la buena fe como el an\u00e1lisis particular de la buena fe contractual, adem\u00e1s de sus manifestaciones te\u00f3ricas y pr\u00e1cticas en el derecho de obligaciones, sin duda uno de los \u00e1mbitos donde este principio impacta de manera m\u00e1s significativa. El autor revisa con claridad otras materias de inter\u00e9s, como la presunci\u00f3n de la buena fe contractual y el contenido de su ant\u00ed\u00adtesis: la mala fe.<\/p>\n<p><strong>&#8220;Si bien la remisi\u00f3n a la buena fe contractual es una cl\u00e1usula de uso com\u00fan en los contratos de m\u00e1s diversa naturaleza, y pese a que desde la dictaci\u00f3n del C\u00f3digo Civil su art\u00edculo 1546 es usualmente citado tanto por los litigantes como por los tribunales en sus fallos, hasta hace no mucho ciertos autores criticaban el escaso tratamiento y estudio detallado que este principio ha tenido en la doctrina y jurisprudencia nacional (&#8230;). En este contexto, con el presente trabajo nos hemos propuesto realizar un an\u00e1lisis de la buena fe contractual, enfoc\u00e1ndonos en los lineamientos generales del principio, su naturaleza y basto contenido te\u00f3rico y pr\u00e1ctico&#8221;.\u00a0<\/strong><\/p>\n","protected":false},"excerpt":{"rendered":"<p>Esta obra se funda en un acucioso y actualizado an\u00e1lisis de la m\u00e1s relevante legislaci\u00f3n, doctrina y jurisprudencia nacional e internacional. Comprende tanto los aspectos generales del principio de la buena fe como el an\u00e1lisis particular de la buena fe contractual, adem\u00e1s de sus manifestaciones te\u00f3ricas y pr\u00e1cticas en el derecho de obligaciones, sin duda uno de los \u00e1mbitos donde este principio impacta de manera m\u00e1s significativa. El autor revisa con claridad otras materias de inter\u00e9s, como la presunci\u00f3n de la buena fe contractual y el contenido de su ant\u00ed\u00adtesis: la mala fe. &#8220;Si bien la remisi\u00f3n a la buena fe contractual es una cl\u00e1usula de uso com\u00fan en los contratos de m\u00e1s diversa naturaleza, y pese a que desde la dictaci\u00f3n del C\u00f3digo Civil su art\u00edculo 1546 es usualmente citado tanto por los litigantes como por los tribunales en sus fallos, hasta hace no mucho ciertos autores criticaban el escaso tratamiento y estudio detallado que este principio ha tenido en la doctrina y jurisprudencia nacional (&#8230;). En este contexto, con el presente trabajo nos hemos propuesto realizar un an\u00e1lisis de la buena fe contractual, enfoc\u00e1ndonos en los lineamientos generales del principio, su naturaleza y basto contenido te\u00f3rico y pr\u00e1ctico&#8221;.\u00a0<\/p>\n","protected":false},"featured_media":4157,"comment_status":"open","ping_status":"closed","template":"","meta":{"inline_featured_image":false,"_joinchat":[]},"product_brand":[],"product_cat":[27],"product_tag":[],"class_list":{"0":"post-4127","1":"product","2":"type-product","3":"status-publish","4":"has-post-thumbnail","6":"product_cat-civil","7":"product_shipping_class-a-convenir","9":"first","10":"instock","11":"shipping-taxable","12":"purchasable","13":"product-type-simple"},"_links":{"self":[{"href":"https:\/\/bibliotecajuridicavirtual.cl\/index.php\/wp-json\/wp\/v2\/product\/4127","targetHints":{"allow":["GET"]}}],"collection":[{"href":"https:\/\/bibliotecajuridicavirtual.cl\/index.php\/wp-json\/wp\/v2\/product"}],"about":[{"href":"https:\/\/bibliotecajuridicavirtual.cl\/index.php\/wp-json\/wp\/v2\/types\/product"}],"replies":[{"embeddable":true,"href":"https:\/\/bibliotecajuridicavirtual.cl\/index.php\/wp-json\/wp\/v2\/comments?post=4127"}],"wp:featuredmedia":[{"embeddable":true,"href":"https:\/\/bibliotecajuridicavirtual.cl\/index.php\/wp-json\/wp\/v2\/media\/4157"}],"wp:attachment":[{"href":"https:\/\/bibliotecajuridicavirtual.cl\/index.php\/wp-json\/wp\/v2\/media?parent=4127"}],"wp:term":[{"taxonomy":"product_brand","embeddable":true,"href":"https:\/\/bibliotecajuridicavirtual.cl\/index.php\/wp-json\/wp\/v2\/product_brand?post=4127"},{"taxonomy":"product_cat","embeddable":true,"href":"https:\/\/bibliotecajuridicavirtual.cl\/index.php\/wp-json\/wp\/v2\/product_cat?post=4127"},{"taxonomy":"product_tag","embeddable":true,"href":"https:\/\/bibliotecajuridicavirtual.cl\/index.php\/wp-json\/wp\/v2\/product_tag?post=4127"}],"curies":[{"name":"wp","href":"https:\/\/api.w.org\/{rel}","templated":true}]}}