{"id":4128,"date":"2026-02-28T01:23:17","date_gmt":"2026-02-28T04:23:17","guid":{"rendered":"https:\/\/bibliotecajuridicavirtual.cl\/?post_type=product&#038;p=4128"},"modified":"2026-02-28T01:23:27","modified_gmt":"2026-02-28T04:23:27","slug":"crisis-institucional-del-agua-descripcion-del-modelo-juridico-critica-a-la-burocracia-y-necesidad-de-tribunales-especiales-ano-2015-255-pag-autor-alejandro-vergara","status":"publish","type":"product","link":"https:\/\/bibliotecajuridicavirtual.cl\/index.php\/product\/crisis-institucional-del-agua-descripcion-del-modelo-juridico-critica-a-la-burocracia-y-necesidad-de-tribunales-especiales-ano-2015-255-pag-autor-alejandro-vergara\/","title":{"rendered":"CRISIS INSTITUCIONAL DEL AGUA. Descripci\u00f3n del modelo jur\u00eddico, cr\u00edtica a la burocracia y necesidad de tribunales especiales. A\u00f1o 2015\/ 255 P\u00e1g. Autor  Alejandro Vergara"},"content":{"rendered":"<p>Este s\u00f3lido ensayo jur\u00ed\u00addico surge desde la pr\u00e1ctica del ejercicio del Derecho de Aguas y se enfoca en las pol\u00ed\u00adticas p\u00fablicas, en el contexto de una creciente preocupaci\u00f3n de pol\u00ed\u00adticos y autoridades administrativas por este tema. Est\u00e1 dirigido a todos los profesionales vinculados al uso y gesti\u00f3n del agua. A trav\u00e9s de una sencilla descripci\u00f3n institucional y jur\u00ed\u00addica, el autor expone sus ideas sobre la administraci\u00f3n, gesti\u00f3n y justicia de los recursos h\u00ed\u00addricos, polemiza y propone cambios, a la vez que sintetiza sus ideas jur\u00ed\u00addicas, poniendo \u00e9nfasis en la descripci\u00f3n de las dificultades que observa en esta materia.<\/p>\n<p>&nbsp;<\/p>\n","protected":false},"excerpt":{"rendered":"<p>Este s\u00f3lido ensayo jur\u00ed\u00addico surge desde la pr\u00e1ctica del ejercicio del Derecho de Aguas y se enfoca en las pol\u00ed\u00adticas p\u00fablicas, en el contexto de una creciente preocupaci\u00f3n de pol\u00ed\u00adticos y autoridades administrativas por este tema. Est\u00e1 dirigido a todos los profesionales vinculados al uso y gesti\u00f3n del agua. A trav\u00e9s de una sencilla descripci\u00f3n institucional y jur\u00ed\u00addica, el autor expone sus ideas sobre la administraci\u00f3n, gesti\u00f3n y justicia de los recursos h\u00ed\u00addricos, polemiza y propone cambios, a la vez que sintetiza sus ideas jur\u00ed\u00addicas, poniendo \u00e9nfasis en la descripci\u00f3n de las dificultades que observa en esta materia. &nbsp;<\/p>\n","protected":false},"featured_media":4158,"comment_status":"open","ping_status":"closed","template":"","meta":{"inline_featured_image":false,"_joinchat":[]},"product_brand":[],"product_cat":[31],"product_tag":[],"class_list":{"0":"post-4128","1":"product","2":"type-product","3":"status-publish","4":"has-post-thumbnail","6":"product_cat-derecho-ambiental","7":"product_shipping_class-a-convenir","9":"first","10":"instock","11":"shipping-taxable","12":"purchasable","13":"product-type-simple"},"_links":{"self":[{"href":"https:\/\/bibliotecajuridicavirtual.cl\/index.php\/wp-json\/wp\/v2\/product\/4128","targetHints":{"allow":["GET"]}}],"collection":[{"href":"https:\/\/bibliotecajuridicavirtual.cl\/index.php\/wp-json\/wp\/v2\/product"}],"about":[{"href":"https:\/\/bibliotecajuridicavirtual.cl\/index.php\/wp-json\/wp\/v2\/types\/product"}],"replies":[{"embeddable":true,"href":"https:\/\/bibliotecajuridicavirtual.cl\/index.php\/wp-json\/wp\/v2\/comments?post=4128"}],"wp:featuredmedia":[{"embeddable":true,"href":"https:\/\/bibliotecajuridicavirtual.cl\/index.php\/wp-json\/wp\/v2\/media\/4158"}],"wp:attachment":[{"href":"https:\/\/bibliotecajuridicavirtual.cl\/index.php\/wp-json\/wp\/v2\/media?parent=4128"}],"wp:term":[{"taxonomy":"product_brand","embeddable":true,"href":"https:\/\/bibliotecajuridicavirtual.cl\/index.php\/wp-json\/wp\/v2\/product_brand?post=4128"},{"taxonomy":"product_cat","embeddable":true,"href":"https:\/\/bibliotecajuridicavirtual.cl\/index.php\/wp-json\/wp\/v2\/product_cat?post=4128"},{"taxonomy":"product_tag","embeddable":true,"href":"https:\/\/bibliotecajuridicavirtual.cl\/index.php\/wp-json\/wp\/v2\/product_tag?post=4128"}],"curies":[{"name":"wp","href":"https:\/\/api.w.org\/{rel}","templated":true}]}}