{"id":4129,"date":"2026-02-28T01:23:17","date_gmt":"2026-02-28T04:23:17","guid":{"rendered":"https:\/\/bibliotecajuridicavirtual.cl\/?post_type=product&#038;p=4129"},"modified":"2026-02-28T01:23:28","modified_gmt":"2026-02-28T04:23:28","slug":"manual-sobre-derecho-de-sociedades-2-edicion-ano-2022-309-pag-autor-matias-zegers-y-roberto-guerrero","status":"publish","type":"product","link":"https:\/\/bibliotecajuridicavirtual.cl\/index.php\/product\/manual-sobre-derecho-de-sociedades-2-edicion-ano-2022-309-pag-autor-matias-zegers-y-roberto-guerrero\/","title":{"rendered":"Manual Sobre Derecho De Sociedades. 2\u00b0 edici\u00f3n A\u00f1o 2022 \/ 309 P\u00e1g. Autor Mat\u00edas Zegers y Roberto Guerrero"},"content":{"rendered":"<p style=\"font-weight: 400;\">El Manual de Derecho de Sociedades pone en orden los contenidos b\u00e1sicos del curso de sociedades que actualmente se imparte en la Facultad de Derecho de la Pontificia Universidad Cat\u00f3lica de Chile, pero que contribuye al estudio sistem\u00e1tico de cualquier curso de derecho societario en las facultades de derechos del pa\u00eds. Es fruto del\u00a0\u00a0trabajo de m\u00e1s de quince a\u00f1os de docencia de los autores y se formul\u00f3 a partir de los apuntes de preparaci\u00f3n de clases y de las contribuciones de numerosos ayudantes a trav\u00e9s de los a\u00f1os.<\/p>\n<p style=\"font-weight: 400;\">Entre los temas que toca se cuentan el comerciante colectivo, la formaci\u00f3n y los efectos del contrato de sociedad, la sociedad colectiva civil, la sociedad colectiva comercial, la sociedad de responsabilidad limitada, la sociedad en comandita, la asociaci\u00f3n o cuentas en participaci\u00f3n, la sociedad an\u00f3nima, la sociedad por acciones, el r\u00e9gimen simplificado de constituci\u00f3n de sociedades y la nulidad y saneamiento de los vicios formales.<\/p>\n<p style=\"font-weight: 400;\">Est\u00e1 escrito de una manera que facilita el estudio sistematizado de los alumnos, pero tambi\u00e9n la consulta r\u00e1pida por parte de abogados acerca de los principales elementos de cada una de las formas sociales, sus requisitos legales y reglas de funcionamiento. El presente Manual es una fuente de consulta indispensable del derecho societario chileno.<\/p>\n<ol>\n<li style=\"font-weight: 400;\"><b><strong> PARTE GENERAL<\/strong><\/b><\/li>\n<li style=\"font-weight: 400;\">EL COMERCIANTE COLECTIVO<br \/>\n1.1. La Empresa Colectiva<br \/>\n1.2. Teor\u00eda General de la Sociedad<br \/>\n1.3. Clasificaci\u00f3n de las Sociedades<\/li>\n<li style=\"font-weight: 400;\">FORMACI\u00d3N DEL CONTRATO DE SOCIEDAD<br \/>\n2.1 Libertad de Constituci\u00f3n<br \/>\n2.2. Requisitos Comunes<\/li>\n<li style=\"font-weight: 400;\">EFECTOS DEL CONTRATO DE SOCIEDAD<br \/>\n3.1. Car\u00e1cter Particular del Contrato<br \/>\n3.2. Naturaleza del Derecho del Socio<br \/>\n3.3. Car\u00e1cter del Derecho Social<br \/>\n3.4. Cesi\u00f3n y Transmisi\u00f3n de la Parte Social<br \/>\n3.5. Relaciones entre los Socios<br \/>\n3.6. Gesti\u00f3n de la Sociedad<br \/>\n3.7. Las Prohibiciones de los Socios<br \/>\n3.8. Relaciones Jur\u00eddicas Externas<br \/>\n3.9. Responsabilidad de la Sociedad y de los Socios por las Deudas Sociales<br \/>\n3.10. Responsabilidad del Socio por sus Deudas Particulares<\/li>\n<li style=\"font-weight: 400;\"><b><strong> SOCIEDAD COLECTIVA CIVIL<\/strong><\/b><\/li>\n<li style=\"font-weight: 400;\">CONCEPTO<\/li>\n<li style=\"font-weight: 400;\">CARACTERES<br \/>\n2.1. Contrato Consensual<br \/>\n2.2. Contrato Intuito Personae<br \/>\n2.3. Persona Jur\u00eddica Distinta de los Socios<br \/>\n2.4. Nombre, Domicilio y Objeto<\/li>\n<li style=\"font-weight: 400;\">ELEMENTOS<br \/>\n3.1. Aporte<br \/>\n3.2. Participaci\u00f3n en las Utilidades3.3. Contribuci\u00f3n a las P\u00e9rdidas<br \/>\n3.4. Intenci\u00f3n de Formar Sociedad o Affectio Societatis<br \/>\n3.5. La Sociedad de Hecho<\/li>\n<li style=\"font-weight: 400;\">ESPECIES DE SOCIEDAD CIVIL<br \/>\n4.1. Sociedades<br \/>\n4.2. Sociedades de la Responsabilidad Limitada<br \/>\n4.3. Sociedades en Comandita<\/li>\n<li style=\"font-weight: 400;\">ADMINISTRACI\u00d3N DE LA SOCIEDAD COLECTIVA<br \/>\n5.1. A qui\u00e9n le Corresponde<br \/>\n5.2. Formas de Administraci\u00f3n<\/li>\n<li style=\"font-weight: 400;\">OBLIGACIONES QUE EMANAN DEL CONTRATO DE SOCIEDAD<br \/>\n6.1. Obligaciones de los Socios para con la Sociedad<br \/>\n6.2. Obligaciones de la Sociedad para con los Socios<br \/>\n6.3. Obligaciones de los Socios para con Terceros<br \/>\n6.4. Obligaciones de los Socios respecto de las Deudas de la Sociedad<\/li>\n<li style=\"font-weight: 400;\">CAUSALES DE DISOLUCI\u00d3N DE LA SOCIEDAD<br \/>\n7.1. Expiraci\u00f3n del Plazo o Evento de una Condici\u00f3n<br \/>\n7.2. T\u00e9rmino del Negocio<br \/>\n7.3. Insolvencia de la Sociedad<br \/>\n7.4. P\u00e9rdida Total de los Bienes Sociales o por la Extinci\u00f3n de las cosas que forman parte de su Objeto Social<br \/>\n7.5. Incumplimiento de la Obligaci\u00f3n de Efectuar el Aporte Promedio<br \/>\n7.6. Muerte de Uno de los Socios<br \/>\n7.7. Incapacidad Sobreviviente de un Socio<br \/>\n7.8. Insolvencia Sobreviviente de un Socio<br \/>\n7.9. Acuerdo Un\u00e1nime de los Socios<br \/>\n7.10. Renuncia de Cualquiera de los Socios<\/li>\n<li style=\"font-weight: 400;\">EFECTOS DE LA DISOLUCI\u00d3N DE LA SOCIEDAD<\/li>\n<\/ol>\n<p style=\"font-weight: 400;\"><b><strong>III. SOCIEDAD COLECTIVA COMERCIAL<\/strong><\/b><\/p>\n<ol>\n<li style=\"font-weight: 400;\">CONCEPTO<\/li>\n<li style=\"font-weight: 400;\">CARACTERES<br \/>\n2.1. Administraci\u00f3n<br \/>\n2.2. Responsabilidad<br \/>\n2.3. Raz\u00f3n Social<br \/>\n2.4. Cesibilidad de los Derechos<\/li>\n<li style=\"font-weight: 400;\">CONSTITUCI\u00d3N<br \/>\n3.1. Solemnidad del Contrato<br \/>\n3.2. Contenido de la Escritura<br \/>\n3.3. Publicidad<br \/>\n3.4. Incumplimiento<\/li>\n<li style=\"font-weight: 400;\">FUNCIONAMIENTO<br \/>\n4.1. La Administraci\u00f3n<br \/>\n4.2. Facultades de los Administradores<br \/>\n4.3. Derechos de los Socios No Administradores<br \/>\n4.4. Responsabilidad de los Administradores<br \/>\n4.5. Uso de la Raz\u00f3n Social<\/li>\n<li style=\"font-weight: 400;\">PROHIBICIONES DE LOS SOCIOS<\/li>\n<li style=\"font-weight: 400;\">DISOLUCI\u00d3N Y LIQUIDACI\u00d3N<br \/>\n6.1. Causales<br \/>\n6.2. Formalidades<br \/>\n6.3. Efectos<br \/>\n6.4. Liquidaci\u00f3n de la Sociedad<\/li>\n<li style=\"font-weight: 400;\"><b><strong> SOCIEDAD DE RESPONSABILIDAD LIMITADA<\/strong><\/b><\/li>\n<li style=\"font-weight: 400;\">CONCEPTO<br \/>\n2. NORMATIVA APLICABLE<br \/>\n3. CONSTITUCI\u00d3N<br \/>\n4. SANCI\u00d3N POR INCUMPLIMIENTO DE FORMALIDADES<br \/>\n5. ADMINISTRACI\u00d3N<br \/>\n6. DISOLUCI\u00d3N<br \/>\n7. LIQUIDACI\u00d3N<\/li>\n<li style=\"font-weight: 400;\"><b><strong> SOCIEDADES EN COMANDITA<\/strong><\/b><\/li>\n<li style=\"font-weight: 400;\">CONCEPTO<\/li>\n<li style=\"font-weight: 400;\">GENERALIDADES DEL CONTRATO<\/li>\n<li style=\"font-weight: 400;\">CLASES DE SOCIEDADES EN COMANDITA<br \/>\n3.1. Sociedad en Comandita Simple<br \/>\n3.2. Sociedad en Comandita por Acciones<\/li>\n<li style=\"font-weight: 400;\"><b><strong> ASOCIACI\u00d3N O CUENTAS EN PARTICIPACI\u00d3N<\/strong><\/b><\/li>\n<li style=\"font-weight: 400;\">CONCEPTO<br \/>\n2. CARACTER\u00cdSTICAS<br \/>\n3. LAS CUENTAS EN PARTICIPACI\u00d3N Y LOS TERCEROS<br \/>\n4. LAS CUENTAS EN PARTICIPACI\u00d3N Y LOS PART\u00cdCIPES<br \/>\n5. NATURALEZA JUR\u00cdDICA DE LA ASOCIACI\u00d3N<br \/>\n6. EXTINCI\u00d3N Y LIQUIDACI\u00d3N DE LA CUENTA EN PARTICIPACI\u00d3N<\/li>\n<\/ol>\n<p style=\"font-weight: 400;\"><b><strong>VII. SOCIEDADES AN\u00d3NIMAS<\/strong><\/b><\/p>\n<ol>\n<li style=\"font-weight: 400;\">CONCEPTO<\/li>\n<li style=\"font-weight: 400;\">NORMATIVA APLICABLE<\/li>\n<li style=\"font-weight: 400;\">ELEMENTOS DE LAS SOCIEDADES AN\u00d3NIMAS<br \/>\n3.1. Es Siempre una Persona Jur\u00eddica<br \/>\n3.2. Fondo Com\u00fan<br \/>\n3.3. Suministrado por los Accionistas<br \/>\n3.4. Responsabilidad de los Accionistas<br \/>\n3.5. Administraci\u00f3n<br \/>\n3.6. Concepto de Inter\u00e9s Social<\/li>\n<li style=\"font-weight: 400;\">CLASIFICACI\u00d3N DE LAS SOCIEDADES<br \/>\n4.1. Abiertas y Cerradas<br \/>\n4.2. Abiertas Comunes y Abiertas Especiales<\/li>\n<li style=\"font-weight: 400;\">DIFERENCIAS ENTRE LOS TIPOS DE SOCIEDADES AN\u00d3NIMAS<br \/>\n5.1. Constituci\u00f3n<br \/>\n5.2. Otras Diferencias entre Sociedades An\u00f3nimas<br \/>\n5.3. Fiscalizaci\u00f3n<\/li>\n<li style=\"font-weight: 400;\">FORMACI\u00d3N DE LAS SOCIEDADES AN\u00d3NIMAS<br \/>\n6.1. Escritura P\u00fablica<br \/>\n6.2. Extracto<br \/>\n6.3. Modificaciones de la Sociedad An\u00f3nima<\/li>\n<li style=\"font-weight: 400;\">CAPITAL DE LA SOCIEDAD AN\u00d3NIMA<br \/>\n7.1. Concepto<br \/>\n7.2. Relevancia del Capital<br \/>\n7.3. Clasificaci\u00f3n del Capital<br \/>\n7.4. Aumento de Capital<br \/>\n7.5. Disminuci\u00f3n de Capital<\/li>\n<li style=\"font-weight: 400;\">LAS ACCIONES<br \/>\n8.1. Generalidades<br \/>\n8.2. Aspectos del Concepto de Acci\u00f3n<br \/>\n8.3. Las Acciones Preferentes<\/li>\n<li style=\"font-weight: 400;\">ADMINISTRACI\u00d3N DE LA SOCIEDAD AN\u00d3NIMA<br \/>\n9.1. El Directorio<br \/>\n9.2. Prohibiciones de los Directores<br \/>\n9.3. Responsabilidad de los Directores<br \/>\n9.4. El Gerente de la Sociedad<\/li>\n<li style=\"font-weight: 400;\">JUNTAS DE ACCIONISTAS<br \/>\n10.1. La Comunicaci\u00f3n de los Documentos Sociales<br \/>\n10.2. Clases de Juntas de Accionistas<br \/>\n10.3. Funcionamiento de las Juntas de Accionistas<br \/>\n10.4. Votaciones en las Juntas de Accionistas<br \/>\n10.5. Sanci\u00f3n por Incumplimiento de las Normas de Convocatoria y Funcionamiento de las Juntas<\/li>\n<li style=\"font-weight: 400;\">DERECHOS DE LOS ACCIONISTAS<br \/>\n11.1. Derecho a la Informaci\u00f3n<br \/>\n11.2. Derecho a Voto<br \/>\n11.3. Derecho a los Dividendos<br \/>\n11.4. Derecho a Recuperar el Aporte en la Liquidaci\u00f3n<br \/>\n11.5. Derecho a Ceder sus Acciones<br \/>\n11.6. Derecho a Suscribir Preferentemente Acciones que Provengan de Aumentos de Capital como Emisi\u00f3n de Acciones de Pago<br \/>\n11.7. Derecho a Convocar a Junta de Accionistas<br \/>\n11.8. Derecho a Retirarse de la Sociedad (art\u00edculo 69 de la LSA)<\/li>\n<li style=\"font-weight: 400;\">CONTROL DE LA ADMINISTRACI\u00d3N<br \/>\n12.1. Sociedades An\u00f3nimas Abiertas<br \/>\n12.2. Sociedades An\u00f3nimas Cerradas<br \/>\n12.3. Funciones<br \/>\n12.4. Responsabilidades<\/li>\n<li style=\"font-weight: 400;\">TRANSFORMACI\u00d3N, FUSI\u00d3N Y DIVISI\u00d3N<br \/>\n13.1. Transformaci\u00f3n<br \/>\n13.2. Fusi\u00f3n<br \/>\n13.3. Divisi\u00f3n<br \/>\n13.4. Norma Com\u00fan<\/li>\n<li style=\"font-weight: 400;\">SOCIEDADES FILIALES Y COLIGADAS<br \/>\n14.1. Conceptos<br \/>\n14.2. Relaciones de Propiedad<br \/>\n14.3. Operaciones entre Sociedades<\/li>\n<li style=\"font-weight: 400;\">DISOLUCI\u00d3N DE LA SOCIEDAD AN\u00d3NIMA<br \/>\n15.1. Causales<br \/>\n15.2. \u00c9poca en que Produce sus Efectos la Disoluci\u00f3n<br \/>\n15.3. Efectos de la Disoluci\u00f3n<\/li>\n<li style=\"font-weight: 400;\">LIQUIDACI\u00d3N DE LA SOCIEDAD AN\u00d3NIMA<br \/>\n16.1. Generalidades<br \/>\n16.2. Efectos Legales de la Liquidaci\u00f3n<br \/>\n16.3. Qui\u00e9n debe Efectuar la Liquidaci\u00f3n<br \/>\n16.4. Duraci\u00f3n de los Liquidadores<br \/>\n16.5. Revocaci\u00f3n de los Liquidadores<br \/>\n16.6. Remuneraci\u00f3n de los Liquidadores<br \/>\n16.7. Atribuciones de los Liquidadores<br \/>\n16.8. Normas que Rigen a los Liquidadores<\/li>\n<li style=\"font-weight: 400;\">AGENCIAS DE SOCIEDADES AN\u00d3NIMAS EXTRANJERAS<br \/>\n17.1. Concepto<br \/>\n17.2. Requisitos<br \/>\n17.3. Modificaciones<br \/>\n17.4. Obligaci\u00f3n de Informar al P\u00fablico<\/li>\n<li style=\"font-weight: 400;\">SOCIEDADES AN\u00d3NIMAS ESPECIALES<br \/>\n18.1. Formaci\u00f3n<br \/>\n18.2. Modificaci\u00f3n<br \/>\n18.3. Revocaci\u00f3n<br \/>\n18.4. Normas que las Rigen<\/li>\n<\/ol>\n<p style=\"font-weight: 400;\"><b><strong>VIII. SOCIEDADES POR ACCIONES<\/strong><\/b><\/p>\n<ol>\n<li style=\"font-weight: 400;\">GENERALIDADES<\/li>\n<li style=\"font-weight: 400;\">CONCEPTO<\/li>\n<li style=\"font-weight: 400;\">EXISTENCIA, MODIFICACIONES Y OBJETO<br \/>\n3.1. Objeto<br \/>\n3.2. Formaci\u00f3n<\/li>\n<li style=\"font-weight: 400;\">RESPONSABILIDAD DE LOS SOCIOS O ACCIONISTAS<\/li>\n<li style=\"font-weight: 400;\">N\u00daMERO DE ACCIONISTAS Y COMPOSICI\u00d3N DE LA PROPIEDAD<\/li>\n<li style=\"font-weight: 400;\">ADMINISTRACI\u00d3N<\/li>\n<li style=\"font-weight: 400;\">CAPITAL<\/li>\n<li style=\"font-weight: 400;\">ACCIONES<br \/>\n8.1. Venta Forzosa de Acciones<br \/>\n8.2. Clases de Acciones<\/li>\n<li style=\"font-weight: 400;\">DIVIDENDOS<\/li>\n<li style=\"font-weight: 400;\">LEY APLICABLE<\/li>\n<li style=\"font-weight: 400;\"><b><strong> R\u00c9GIMEN SIMPLIFICADO DE CONSTITUCI\u00d3N DE SOCIEDADES<\/strong><\/b><\/li>\n<li style=\"font-weight: 400;\"><b><strong> NULIDAD Y SANEAMIENTO DE VICIOS FORMALES<\/strong><\/b><\/li>\n<li style=\"font-weight: 400;\">NULIDAD EN MATERIA CIVIL<br \/>\n1.1. Concepto<br \/>\n1.2. Tipos<\/li>\n<li style=\"font-weight: 400;\">NULIDAD EN MATERIA DE SOCIEDADES<br \/>\n2.1. Concepto<br \/>\n2.2. Regla General<br \/>\n2.3. Efectos<\/li>\n<li style=\"font-weight: 400;\">SANEAMIENTO DE VICIOS DE NULIDAD<br \/>\n3.1. Concepto<br \/>\n3.2. Procedimiento<br \/>\n3.3. Efectos<br \/>\n3.4. Plazo<\/li>\n<\/ol>\n","protected":false},"excerpt":{"rendered":"<p>Buscas un libro Jur\u00eddico.? Lo puedes encontrar en nuestra tienda virtual.<br \/>\nContamos con prestigiosos autores y muchas alternativas en sus diferentes materias al igual que grandes descuentos.! Vis\u00edtanos en <a class=\"rIZnSdqwJetdolKxyJIwMZlxAWZPKtTjji \" tabindex=\"0\" href=\"https:\/\/lnkd.in\/eiAG7jdZ\" target=\"_blank\" rel=\"noopener\" data-test-app-aware-link=\"\">https:\/\/lnkd.in\/eiAG7jdZ<\/a><br \/>\nEscr\u00edbenos al +56930565235 \/ <a class=\"rIZnSdqwJetdolKxyJIwMZlxAWZPKtTjji \" tabindex=\"0\" href=\"mailto:ventaslegallexglobal@gmail.com\" target=\"_self\" data-test-app-aware-link=\"\">ventaslegallexglobal@gmail.com<\/a><br \/>\nHacemos env\u00edos a todo Chile \u2013 Starken o Correos Chile \/ Te esperamos<\/p>\n","protected":false},"featured_media":4159,"comment_status":"open","ping_status":"closed","template":"","meta":{"inline_featured_image":false,"_joinchat":[]},"product_brand":[],"product_cat":[48],"product_tag":[],"class_list":{"0":"post-4129","1":"product","2":"type-product","3":"status-publish","4":"has-post-thumbnail","6":"product_cat-comercial","7":"product_shipping_class-a-convenir","9":"first","10":"instock","11":"shipping-taxable","12":"purchasable","13":"product-type-simple"},"_links":{"self":[{"href":"https:\/\/bibliotecajuridicavirtual.cl\/index.php\/wp-json\/wp\/v2\/product\/4129","targetHints":{"allow":["GET"]}}],"collection":[{"href":"https:\/\/bibliotecajuridicavirtual.cl\/index.php\/wp-json\/wp\/v2\/product"}],"about":[{"href":"https:\/\/bibliotecajuridicavirtual.cl\/index.php\/wp-json\/wp\/v2\/types\/product"}],"replies":[{"embeddable":true,"href":"https:\/\/bibliotecajuridicavirtual.cl\/index.php\/wp-json\/wp\/v2\/comments?post=4129"}],"wp:featuredmedia":[{"embeddable":true,"href":"https:\/\/bibliotecajuridicavirtual.cl\/index.php\/wp-json\/wp\/v2\/media\/4159"}],"wp:attachment":[{"href":"https:\/\/bibliotecajuridicavirtual.cl\/index.php\/wp-json\/wp\/v2\/media?parent=4129"}],"wp:term":[{"taxonomy":"product_brand","embeddable":true,"href":"https:\/\/bibliotecajuridicavirtual.cl\/index.php\/wp-json\/wp\/v2\/product_brand?post=4129"},{"taxonomy":"product_cat","embeddable":true,"href":"https:\/\/bibliotecajuridicavirtual.cl\/index.php\/wp-json\/wp\/v2\/product_cat?post=4129"},{"taxonomy":"product_tag","embeddable":true,"href":"https:\/\/bibliotecajuridicavirtual.cl\/index.php\/wp-json\/wp\/v2\/product_tag?post=4129"}],"curies":[{"name":"wp","href":"https:\/\/api.w.org\/{rel}","templated":true}]}}