{"id":4132,"date":"2026-02-28T01:23:17","date_gmt":"2026-02-28T04:23:17","guid":{"rendered":"https:\/\/bibliotecajuridicavirtual.cl\/?post_type=product&#038;p=4132"},"modified":"2026-02-28T01:23:30","modified_gmt":"2026-02-28T04:23:30","slug":"las-nuevas-tecnologias-en-los-delitos-contra-el-patrimonio-y-el-orden-socioeconomico-ano-2009-318-pag-autor-patricia-faraldo-cabana","status":"publish","type":"product","link":"https:\/\/bibliotecajuridicavirtual.cl\/index.php\/product\/las-nuevas-tecnologias-en-los-delitos-contra-el-patrimonio-y-el-orden-socioeconomico-ano-2009-318-pag-autor-patricia-faraldo-cabana\/","title":{"rendered":"Las Nuevas Tecnolog\u00edas en los Delitos Contra el Patrimonio y el Orden Socioecon\u00f3mico. A\u00f1o 2009\/ 318 P\u00e1g. Autor Patricia Faraldo Cabana"},"content":{"rendered":"<p>Dada la versatilidad de las tecnolog\u00edas de la informaci\u00f3n y de las comunicaciones, que ha llevado a la transformaci\u00f3n de los esquemas cl\u00e1sicos de producci\u00f3n y comercializaci\u00f3n de bienes y servicios, muchos delitos patrimoniales y socioecon\u00f3micos pueden cometerse por medio de ellas o contra los objetos en que esas tecnolog\u00edas se materializan. En este estudio se han seleccionado aquellos delitos en los que la utilizaci\u00f3n de las nuevas tecnolog\u00edas o el ataque a sistemas inform\u00e1ticos se ha incorporado de forma expl\u00edcita a la descripci\u00f3n t\u00edpica: robo con fuerza en las cosas, estafas y otras defraudaciones, da\u00f1os inform\u00e1ticos y delitos relativos a la propiedad intelectual e industrial y al mercado y a los consumidores. Se incluyen, adem\u00e1s, los delitos de falsificaci\u00f3n de moneda, puesto que su objeto material abarca cualquier tarjeta que pueda ser utilizada como medio de pago. El an\u00e1lisis dogm\u00e1tico presta especial atenci\u00f3n a la aplicaci\u00f3n jurisprudencial y a las \u00faltimas tendencias doctrinales.<\/p>\n","protected":false},"excerpt":{"rendered":"<h5 style=\"text-align: center;\"><span style=\"color: #ff9900;\">( LIBRO ESPA\u00d1OL )<\/span><\/h5>\n","protected":false},"featured_media":4162,"comment_status":"open","ping_status":"closed","template":"","meta":{"inline_featured_image":false,"_joinchat":[]},"product_brand":[],"product_cat":[30],"product_tag":[],"class_list":{"0":"post-4132","1":"product","2":"type-product","3":"status-publish","4":"has-post-thumbnail","6":"product_cat-penal","7":"product_shipping_class-a-convenir","9":"first","10":"instock","11":"shipping-taxable","12":"purchasable","13":"product-type-simple"},"_links":{"self":[{"href":"https:\/\/bibliotecajuridicavirtual.cl\/index.php\/wp-json\/wp\/v2\/product\/4132","targetHints":{"allow":["GET"]}}],"collection":[{"href":"https:\/\/bibliotecajuridicavirtual.cl\/index.php\/wp-json\/wp\/v2\/product"}],"about":[{"href":"https:\/\/bibliotecajuridicavirtual.cl\/index.php\/wp-json\/wp\/v2\/types\/product"}],"replies":[{"embeddable":true,"href":"https:\/\/bibliotecajuridicavirtual.cl\/index.php\/wp-json\/wp\/v2\/comments?post=4132"}],"wp:featuredmedia":[{"embeddable":true,"href":"https:\/\/bibliotecajuridicavirtual.cl\/index.php\/wp-json\/wp\/v2\/media\/4162"}],"wp:attachment":[{"href":"https:\/\/bibliotecajuridicavirtual.cl\/index.php\/wp-json\/wp\/v2\/media?parent=4132"}],"wp:term":[{"taxonomy":"product_brand","embeddable":true,"href":"https:\/\/bibliotecajuridicavirtual.cl\/index.php\/wp-json\/wp\/v2\/product_brand?post=4132"},{"taxonomy":"product_cat","embeddable":true,"href":"https:\/\/bibliotecajuridicavirtual.cl\/index.php\/wp-json\/wp\/v2\/product_cat?post=4132"},{"taxonomy":"product_tag","embeddable":true,"href":"https:\/\/bibliotecajuridicavirtual.cl\/index.php\/wp-json\/wp\/v2\/product_tag?post=4132"}],"curies":[{"name":"wp","href":"https:\/\/api.w.org\/{rel}","templated":true}]}}