{"id":4133,"date":"2026-02-28T01:23:17","date_gmt":"2026-02-28T04:23:17","guid":{"rendered":"https:\/\/bibliotecajuridicavirtual.cl\/?post_type=product&#038;p=4133"},"modified":"2026-02-28T01:23:31","modified_gmt":"2026-02-28T04:23:31","slug":"reincidencia-y-delincuencia-habitual-ano-2008-171-pag-autor-cristina-guisasola-lerma","status":"publish","type":"product","link":"https:\/\/bibliotecajuridicavirtual.cl\/index.php\/product\/reincidencia-y-delincuencia-habitual-ano-2008-171-pag-autor-cristina-guisasola-lerma\/","title":{"rendered":"Reincidencia y Delincuencia Habitual. A\u00f1o 2008\/ 171 P\u00e1g. Autor  Cristina Guisasola Lerma"},"content":{"rendered":"<p>La habitualidad y la reincidencia delictiva constituye una problem\u00e1tica que ha sido, y es en la actualidad, objeto de discusi\u00f3n en el \u00e1mbito pol\u00edtico, social, y jur\u00eddico-penal. La agravaci\u00f3n de la pena basada en la existencia de condenas anteriores ha estado presente a lo largo de la historia penal. Sin embargo resulta m\u00e1s que cuestionable que una pol\u00edtica criminal caracterizada por el endurecimiento de las penas sea eficaz en supuestos de reca\u00edda en los comportamientos prohibidos por el derecho penal. As\u00ed las cosas, tras exponer algunas de las medidas previstas en el \u00e1mbito del Derecho comparado para afrontar dicha problem\u00e1tica, y realizar un estudio cr\u00edtico del \u00faltimo Proyecto de reforma del C\u00f3digo penal espa\u00f1ol, en el presente trabajo se ha tenido la oportunidad de reflexionar acerca de cuales son las opciones pol\u00edtico-criminales m\u00e1s adecuadas en la lucha contra la reiteraci\u00f3n delictiva, as\u00ed como de realizar propuestas de modificaci\u00f3n normativa en dicho \u00e1mbito.<\/p>\n","protected":false},"excerpt":{"rendered":"<h5 style=\"text-align: center;\"><span style=\"color: #ff9900;\">( LIBRO ESPA\u00d1OL )<\/span><\/h5>\n","protected":false},"featured_media":4163,"comment_status":"open","ping_status":"closed","template":"","meta":{"inline_featured_image":false,"_joinchat":[]},"product_brand":[],"product_cat":[30],"product_tag":[],"class_list":{"0":"post-4133","1":"product","2":"type-product","3":"status-publish","4":"has-post-thumbnail","6":"product_cat-penal","7":"product_shipping_class-a-convenir","9":"first","10":"instock","11":"shipping-taxable","12":"purchasable","13":"product-type-simple"},"_links":{"self":[{"href":"https:\/\/bibliotecajuridicavirtual.cl\/index.php\/wp-json\/wp\/v2\/product\/4133","targetHints":{"allow":["GET"]}}],"collection":[{"href":"https:\/\/bibliotecajuridicavirtual.cl\/index.php\/wp-json\/wp\/v2\/product"}],"about":[{"href":"https:\/\/bibliotecajuridicavirtual.cl\/index.php\/wp-json\/wp\/v2\/types\/product"}],"replies":[{"embeddable":true,"href":"https:\/\/bibliotecajuridicavirtual.cl\/index.php\/wp-json\/wp\/v2\/comments?post=4133"}],"wp:featuredmedia":[{"embeddable":true,"href":"https:\/\/bibliotecajuridicavirtual.cl\/index.php\/wp-json\/wp\/v2\/media\/4163"}],"wp:attachment":[{"href":"https:\/\/bibliotecajuridicavirtual.cl\/index.php\/wp-json\/wp\/v2\/media?parent=4133"}],"wp:term":[{"taxonomy":"product_brand","embeddable":true,"href":"https:\/\/bibliotecajuridicavirtual.cl\/index.php\/wp-json\/wp\/v2\/product_brand?post=4133"},{"taxonomy":"product_cat","embeddable":true,"href":"https:\/\/bibliotecajuridicavirtual.cl\/index.php\/wp-json\/wp\/v2\/product_cat?post=4133"},{"taxonomy":"product_tag","embeddable":true,"href":"https:\/\/bibliotecajuridicavirtual.cl\/index.php\/wp-json\/wp\/v2\/product_tag?post=4133"}],"curies":[{"name":"wp","href":"https:\/\/api.w.org\/{rel}","templated":true}]}}