{"id":4134,"date":"2026-02-28T01:23:17","date_gmt":"2026-02-28T04:23:17","guid":{"rendered":"https:\/\/bibliotecajuridicavirtual.cl\/?post_type=product&#038;p=4134"},"modified":"2026-02-28T01:23:32","modified_gmt":"2026-02-28T04:23:32","slug":"unidad-de-accion-y-delito-continuado-ano-2018-170-pag-autor-maria-viviana-caruso-fontan","status":"publish","type":"product","link":"https:\/\/bibliotecajuridicavirtual.cl\/index.php\/product\/unidad-de-accion-y-delito-continuado-ano-2018-170-pag-autor-maria-viviana-caruso-fontan\/","title":{"rendered":"Unidad de Acci\u00f3n y Delito Continuado. A\u00f1o 2018\/ 170 P\u00e1g. Autor Mar\u00eda Viviana Caruso Font\u00e1n"},"content":{"rendered":"<p>La producci\u00f3n de una serie de actos t\u00edpicos que realicen de forma sucesiva el mismo tipo penal o tipos penales similares supone al int\u00e9rprete la necesidad de valorar la posible concurrencia de un supuesto de unidad de acci\u00f3n o, bien, de un concurso de delitos. As\u00ed, cuando la repetici\u00f3n de hechos t\u00edpicos escape a una consideraci\u00f3n global bajo las fi guras de la unidad natural o, bien, de la unidad t\u00edpica, podremos empezar a considerar el recurso a la confl ictiva fi gura de la continuidad delictiva. En esta obra no s\u00f3lo se intentar\u00e1 esclarecer los contornos de estos institutos desde un punto de vista conceptual, sino tambi\u00e9n descifrar los l\u00edmites de aplicaci\u00f3n de las fi guras frente a casos concretos. En estas p\u00e1ginas analizaremos, por tanto, la casu\u00edstica que presenta esta problem\u00e1tica frente a aquellos supuestos que probablemente sean los m\u00e1s complejos pero que, en cualquier caso, resultan estrat\u00e9gicos para pulir los conceptos y para dotar de sentido y utilidad a la continuidad delictiva, una fi gura que resulta tan sumamente controvertida como frecuentemente utilizada en nuestro sistema legal.<\/p>\n","protected":false},"excerpt":{"rendered":"<h5><span style=\"color: #ff6600;\">( LIBRO ESPA\u00d1OL)<\/span><\/h5>\n","protected":false},"featured_media":4164,"comment_status":"open","ping_status":"closed","template":"","meta":{"inline_featured_image":false,"_joinchat":[]},"product_brand":[],"product_cat":[30],"product_tag":[],"class_list":{"0":"post-4134","1":"product","2":"type-product","3":"status-publish","4":"has-post-thumbnail","6":"product_cat-penal","7":"product_shipping_class-a-convenir","9":"first","10":"instock","11":"shipping-taxable","12":"purchasable","13":"product-type-simple"},"_links":{"self":[{"href":"https:\/\/bibliotecajuridicavirtual.cl\/index.php\/wp-json\/wp\/v2\/product\/4134","targetHints":{"allow":["GET"]}}],"collection":[{"href":"https:\/\/bibliotecajuridicavirtual.cl\/index.php\/wp-json\/wp\/v2\/product"}],"about":[{"href":"https:\/\/bibliotecajuridicavirtual.cl\/index.php\/wp-json\/wp\/v2\/types\/product"}],"replies":[{"embeddable":true,"href":"https:\/\/bibliotecajuridicavirtual.cl\/index.php\/wp-json\/wp\/v2\/comments?post=4134"}],"wp:featuredmedia":[{"embeddable":true,"href":"https:\/\/bibliotecajuridicavirtual.cl\/index.php\/wp-json\/wp\/v2\/media\/4164"}],"wp:attachment":[{"href":"https:\/\/bibliotecajuridicavirtual.cl\/index.php\/wp-json\/wp\/v2\/media?parent=4134"}],"wp:term":[{"taxonomy":"product_brand","embeddable":true,"href":"https:\/\/bibliotecajuridicavirtual.cl\/index.php\/wp-json\/wp\/v2\/product_brand?post=4134"},{"taxonomy":"product_cat","embeddable":true,"href":"https:\/\/bibliotecajuridicavirtual.cl\/index.php\/wp-json\/wp\/v2\/product_cat?post=4134"},{"taxonomy":"product_tag","embeddable":true,"href":"https:\/\/bibliotecajuridicavirtual.cl\/index.php\/wp-json\/wp\/v2\/product_tag?post=4134"}],"curies":[{"name":"wp","href":"https:\/\/api.w.org\/{rel}","templated":true}]}}