{"id":4135,"date":"2026-02-28T01:23:17","date_gmt":"2026-02-28T04:23:17","guid":{"rendered":"https:\/\/bibliotecajuridicavirtual.cl\/?post_type=product&#038;p=4135"},"modified":"2026-02-28T01:23:32","modified_gmt":"2026-02-28T04:23:32","slug":"delitos-culturalmente-motivados-ano-2018-150-pag-autor-nieves-sanz-mulas","status":"publish","type":"product","link":"https:\/\/bibliotecajuridicavirtual.cl\/index.php\/product\/delitos-culturalmente-motivados-ano-2018-150-pag-autor-nieves-sanz-mulas\/","title":{"rendered":"Delitos Culturalmente Motivados. A\u00f1o 2018\/150 P\u00e1g. Autor Nieves Sanz Mulas"},"content":{"rendered":"<p>La pluralidad ha venido para quedarse y este nuevo orden social s\u00f3lo se podr\u00e1 conseguir protegiendo y respetando la diversidad cultural, porque de ello depende, m\u00e1s que nunca, el porvenir de nuestras sociedades. Frente a esta realidad no caben soluciones parciales, limitadas a su represi\u00f3n a trav\u00e9s del Derecho penal. Los delitos culturalmente motivados, como la mutilaci\u00f3n genital femenina o los matrimonios forzados, van m\u00e1s all\u00e1 de las ?molestias? inherentes a todo infracci\u00f3n penal. Revelan las nuevas tensiones y confl ictos de las sociedades multiculturales de nuestro tiempo, la confrontaci\u00f3n de los valores religiosos y culturales con los valores de la postmodernidad. Se hace necesario, por tanto, adoptar un modelo multiculturalista de gesti\u00f3n de la diversidad cultural. Un modelo con una ineludible perspectiva de g\u00e9nero, pues no es sino la desigualdad entre los sexos lo que refuerza y mantiene la vigencia de estas pr\u00e1cticas ancestrales. Y eso s\u00f3lo se lograr\u00e1 con un debate sosegado, pol\u00edtico y jur\u00eddico, no metaf\u00edsico o religioso, con la opini\u00f3n de las propias mujeres como punto de partida. Un debate que se aleje del dogmatismo y el prejuicio, de ese sat\u00e1nico vicio de ver la paja en el ojo ajeno y no percatarse de las vigas en el propio. Pero tambi\u00e9n de la tolerancia paternalista y de esa supuesta neutralidad que realmente deja intacta la desigualdad constitutiva en benefi cio de los de siempre.<\/p>\n","protected":false},"excerpt":{"rendered":"<h5><span style=\"color: #ff9900;\">( LIBRO ESPA\u00d1OL)<\/span><\/h5>\n","protected":false},"featured_media":4165,"comment_status":"open","ping_status":"closed","template":"","meta":{"inline_featured_image":false,"_joinchat":[]},"product_brand":[],"product_cat":[30],"product_tag":[],"class_list":{"0":"post-4135","1":"product","2":"type-product","3":"status-publish","4":"has-post-thumbnail","6":"product_cat-penal","7":"product_shipping_class-a-convenir","9":"first","10":"instock","11":"shipping-taxable","12":"purchasable","13":"product-type-simple"},"_links":{"self":[{"href":"https:\/\/bibliotecajuridicavirtual.cl\/index.php\/wp-json\/wp\/v2\/product\/4135","targetHints":{"allow":["GET"]}}],"collection":[{"href":"https:\/\/bibliotecajuridicavirtual.cl\/index.php\/wp-json\/wp\/v2\/product"}],"about":[{"href":"https:\/\/bibliotecajuridicavirtual.cl\/index.php\/wp-json\/wp\/v2\/types\/product"}],"replies":[{"embeddable":true,"href":"https:\/\/bibliotecajuridicavirtual.cl\/index.php\/wp-json\/wp\/v2\/comments?post=4135"}],"wp:featuredmedia":[{"embeddable":true,"href":"https:\/\/bibliotecajuridicavirtual.cl\/index.php\/wp-json\/wp\/v2\/media\/4165"}],"wp:attachment":[{"href":"https:\/\/bibliotecajuridicavirtual.cl\/index.php\/wp-json\/wp\/v2\/media?parent=4135"}],"wp:term":[{"taxonomy":"product_brand","embeddable":true,"href":"https:\/\/bibliotecajuridicavirtual.cl\/index.php\/wp-json\/wp\/v2\/product_brand?post=4135"},{"taxonomy":"product_cat","embeddable":true,"href":"https:\/\/bibliotecajuridicavirtual.cl\/index.php\/wp-json\/wp\/v2\/product_cat?post=4135"},{"taxonomy":"product_tag","embeddable":true,"href":"https:\/\/bibliotecajuridicavirtual.cl\/index.php\/wp-json\/wp\/v2\/product_tag?post=4135"}],"curies":[{"name":"wp","href":"https:\/\/api.w.org\/{rel}","templated":true}]}}