{"id":4137,"date":"2026-02-28T01:23:17","date_gmt":"2026-02-28T04:23:17","guid":{"rendered":"https:\/\/bibliotecajuridicavirtual.cl\/?post_type=product&#038;p=4137"},"modified":"2026-02-28T01:23:34","modified_gmt":"2026-02-28T04:23:34","slug":"derechos-y-libertades-internet-y-tics-ano-2014-93-pag-autor-pablo-garcia-mexia","status":"publish","type":"product","link":"https:\/\/bibliotecajuridicavirtual.cl\/index.php\/product\/derechos-y-libertades-internet-y-tics-ano-2014-93-pag-autor-pablo-garcia-mexia\/","title":{"rendered":"Derechos y Libertades, Internet y Tics. A\u00f1o 2014\/ 93 P\u00e1g. Autor Pablo Garc\u00eda Mex\u00eda"},"content":{"rendered":"<p>Internet es libertad, en tanto y en cuanto es fruto de Iniciativas cient\u00edficas y tecnol\u00f3gicas que nacieron cas\u00ed enteramente al margen de intereses pol\u00edticos a econ\u00f3micos externos. Y hoy en d\u00eda, y cada vez m\u00e1s, libertad es Internet, pues es en esta Red o alrededor de ella donde se vienen librando algunos de los episodios m\u00e1s decisivas para el desarrollo de los derechos y libertades. El n\u00facleo de esta obra son cuestiones coma la necesidad de preservar Internet coma una red abierta y libre, el derecho a acceder a la misma, los riesgos para la privacidad que Internet plantea, las enormes posibilidades que abre a la libertad de expresi\u00f3n, su (hasta ahora) dif\u00edcil convivencia con la propiedad intelectual, a las nuevas manifestaciones de los derechos del gobierno y de la administraci\u00f3n electr\u00f3nicos, como son el gobierno abierto o el open data. Junto a su examen desde una perspectiva doctrinal en Derecho, que sin embargo aporta asimismo visiones multidisclplinares, el libro desciende al terreno pr\u00e1ctlco, aportando elementos para posibles pol\u00edticas en este campo. Finalmente, y en esta misma l\u00ednea, se asoma al futuro, al proponer un esbozo para una posible Carta Europea de Ciberderechos, que sirviera como embri\u00f3n regulatorio de esta crucial materia, na solo en nuestro Continente, sino ulteriormente a escala universal.<\/p>\n","protected":false},"excerpt":{"rendered":"<h5 style=\"text-align: center;\"><span style=\"color: #ff9900;\">( LIBRO ESPA\u00d1OL)\u00a0<\/span><\/h5>\n","protected":false},"featured_media":4167,"comment_status":"open","ping_status":"closed","template":"","meta":{"inline_featured_image":false,"_joinchat":[]},"product_brand":[],"product_cat":[27],"product_tag":[],"class_list":{"0":"post-4137","1":"product","2":"type-product","3":"status-publish","4":"has-post-thumbnail","6":"product_cat-civil","7":"product_shipping_class-a-convenir","9":"first","10":"instock","11":"shipping-taxable","12":"purchasable","13":"product-type-simple"},"_links":{"self":[{"href":"https:\/\/bibliotecajuridicavirtual.cl\/index.php\/wp-json\/wp\/v2\/product\/4137","targetHints":{"allow":["GET"]}}],"collection":[{"href":"https:\/\/bibliotecajuridicavirtual.cl\/index.php\/wp-json\/wp\/v2\/product"}],"about":[{"href":"https:\/\/bibliotecajuridicavirtual.cl\/index.php\/wp-json\/wp\/v2\/types\/product"}],"replies":[{"embeddable":true,"href":"https:\/\/bibliotecajuridicavirtual.cl\/index.php\/wp-json\/wp\/v2\/comments?post=4137"}],"wp:featuredmedia":[{"embeddable":true,"href":"https:\/\/bibliotecajuridicavirtual.cl\/index.php\/wp-json\/wp\/v2\/media\/4167"}],"wp:attachment":[{"href":"https:\/\/bibliotecajuridicavirtual.cl\/index.php\/wp-json\/wp\/v2\/media?parent=4137"}],"wp:term":[{"taxonomy":"product_brand","embeddable":true,"href":"https:\/\/bibliotecajuridicavirtual.cl\/index.php\/wp-json\/wp\/v2\/product_brand?post=4137"},{"taxonomy":"product_cat","embeddable":true,"href":"https:\/\/bibliotecajuridicavirtual.cl\/index.php\/wp-json\/wp\/v2\/product_cat?post=4137"},{"taxonomy":"product_tag","embeddable":true,"href":"https:\/\/bibliotecajuridicavirtual.cl\/index.php\/wp-json\/wp\/v2\/product_tag?post=4137"}],"curies":[{"name":"wp","href":"https:\/\/api.w.org\/{rel}","templated":true}]}}