{"id":4138,"date":"2026-02-28T01:23:17","date_gmt":"2026-02-28T04:23:17","guid":{"rendered":"https:\/\/bibliotecajuridicavirtual.cl\/?post_type=product&#038;p=4138"},"modified":"2026-02-28T01:23:34","modified_gmt":"2026-02-28T04:23:34","slug":"guia-practica-para-la-ensenanza-del-derecho-a-traves-de-las-clinicas-juridicas-ano-2018-150-pag-autor-ruth-mestre-i-mestre","status":"publish","type":"product","link":"https:\/\/bibliotecajuridicavirtual.cl\/index.php\/product\/guia-practica-para-la-ensenanza-del-derecho-a-traves-de-las-clinicas-juridicas-ano-2018-150-pag-autor-ruth-mestre-i-mestre\/","title":{"rendered":"Gu\u00eda Pr\u00e1ctica Para la Ense\u00f1anza del Derecho a Trav\u00e9s de las Cl\u00ednicas Jur\u00eddicas. A\u00f1o 2018\/ 150 P\u00e1g. Autor Ruth Mestre i Mestre"},"content":{"rendered":"<p>La educaci\u00f3n jur\u00eddica cl\u00ednica se ha extendido en los \u00faltimos a\u00f1os y son muchas las facultades de Derecho espa\u00f1olas que acogen, desarrollan o cuentan con alg\u00fan proyecto de este tipo que a\u00fana aprendizaje, servicio y transformaci\u00f3n, tanto de la ense\u00f1anza del derecho como de la comunidad, grupo o sociedad en la que ese trabajo se realiza. En las cl\u00ednicas se aprende derecho en contexto, en acci\u00f3n; se cuentan historias de vida; se identifican estructuras, mecanismos y sistemas de dominio que pasan desapercibidas en las aulas en las que se imparte docencia regular de grado. La intenci\u00f3n de este volumen es compartir los diez a\u00f1os de experiencia de la Cl\u00ednica jur\u00eddica per la Justicia Social de la Universitat de Valencia para facilitar la implementaci\u00f3n de la educaci\u00f3n jur\u00eddica cl\u00ednica. El libro cuenta con una secci\u00f3n dedicada a tipos de cl\u00ednicas y otra a metodolog\u00edas docentes. Esperamos que sea \u00fatil para mucha gente, y que os anim\u00e9is a desarrollar y a participar en la educaci\u00f3n jur\u00eddica cl\u00ednica.<\/p>\n","protected":false},"excerpt":{"rendered":"<h5 style=\"text-align: center;\"><span style=\"color: #ff9900;\">( LIBRO ESPA\u00d1OL )<\/span><\/h5>\n","protected":false},"featured_media":4168,"comment_status":"open","ping_status":"closed","template":"","meta":{"inline_featured_image":false,"_joinchat":[]},"product_brand":[],"product_cat":[44],"product_tag":[],"class_list":{"0":"post-4138","1":"product","2":"type-product","3":"status-publish","4":"has-post-thumbnail","6":"product_cat-filosofia-del-derecho-y-introduccion","7":"product_shipping_class-a-convenir","9":"first","10":"instock","11":"shipping-taxable","12":"purchasable","13":"product-type-simple"},"_links":{"self":[{"href":"https:\/\/bibliotecajuridicavirtual.cl\/index.php\/wp-json\/wp\/v2\/product\/4138","targetHints":{"allow":["GET"]}}],"collection":[{"href":"https:\/\/bibliotecajuridicavirtual.cl\/index.php\/wp-json\/wp\/v2\/product"}],"about":[{"href":"https:\/\/bibliotecajuridicavirtual.cl\/index.php\/wp-json\/wp\/v2\/types\/product"}],"replies":[{"embeddable":true,"href":"https:\/\/bibliotecajuridicavirtual.cl\/index.php\/wp-json\/wp\/v2\/comments?post=4138"}],"wp:featuredmedia":[{"embeddable":true,"href":"https:\/\/bibliotecajuridicavirtual.cl\/index.php\/wp-json\/wp\/v2\/media\/4168"}],"wp:attachment":[{"href":"https:\/\/bibliotecajuridicavirtual.cl\/index.php\/wp-json\/wp\/v2\/media?parent=4138"}],"wp:term":[{"taxonomy":"product_brand","embeddable":true,"href":"https:\/\/bibliotecajuridicavirtual.cl\/index.php\/wp-json\/wp\/v2\/product_brand?post=4138"},{"taxonomy":"product_cat","embeddable":true,"href":"https:\/\/bibliotecajuridicavirtual.cl\/index.php\/wp-json\/wp\/v2\/product_cat?post=4138"},{"taxonomy":"product_tag","embeddable":true,"href":"https:\/\/bibliotecajuridicavirtual.cl\/index.php\/wp-json\/wp\/v2\/product_tag?post=4138"}],"curies":[{"name":"wp","href":"https:\/\/api.w.org\/{rel}","templated":true}]}}