{"id":4139,"date":"2026-02-28T01:23:18","date_gmt":"2026-02-28T04:23:18","guid":{"rendered":"https:\/\/bibliotecajuridicavirtual.cl\/?post_type=product&#038;p=4139"},"modified":"2026-02-28T01:23:35","modified_gmt":"2026-02-28T04:23:35","slug":"el-concepto-de-accidente-de-trabajo-en-el-sistema-espanol-ano-2019-490-pag-autor-yenny-pinto-sarmiento","status":"publish","type":"product","link":"https:\/\/bibliotecajuridicavirtual.cl\/index.php\/product\/el-concepto-de-accidente-de-trabajo-en-el-sistema-espanol-ano-2019-490-pag-autor-yenny-pinto-sarmiento\/","title":{"rendered":"El Concepto de Accidente de Trabajo en el Sistema Espa\u00f1ol. A\u00f1o 2019\/ 490 P\u00e1g. Autor Yenny Pinto Sarmiento"},"content":{"rendered":"<p>Este trabajo es fruto de la tesis doctoral, defendida en la Universidad de Deusto, Bilbao, el a\u00f1o 2017 bajo la direcci\u00f3n de Javier Arrieta Idiakez. La obra plasma un estudio sistem\u00e1tico del complejo normativo que abarca las materias de accidente de trabajo y de la enfermedad profesional, cubriendo una importante laguna en la doctrina cient\u00edfica espa\u00f1ola, al indagar aquello que otorga coherencia normativa a un r\u00e9gimen protector, que comprende desde las normas precontractuales y contractuales de protecci\u00f3n, hasta un r\u00e9gimen de responsabilidad civil para los da\u00f1os no cubiertos por el Sistema de Seguridad Social.<br \/>\nEl libro se estructura en tres cap\u00edtulos. El primero de ellos se dedica a la reconstrucci\u00f3n hist\u00f3rico-dogm\u00e1tica de la protecci\u00f3n de los accidentes de trabajo, desde los or\u00edgenes de la protecci\u00f3n, hasta la consagraci\u00f3n de un Sistema de Seguridad Social, actualmente recogido en el TRLGSS-2015. El segundo cap\u00edtulo est\u00e1 dedicado al tratamiento del Sistema de Seguridad Social en Espa\u00f1a, que contiene, como contingencias protegidas, las derivadas de los riesgos de accidente de trabajo y enfermedad profesional. En el cap\u00edtulo tercero, y bajo la \u00f3ptica del concepto de accidente de trabajo, se analiza, en primer t\u00e9rmino, el complejo entramado normativo, internacional, supranacional y nacional que desarrolla la prevenci\u00f3n de riesgos profesionales, para detenerse a continuaci\u00f3n en el an\u00e1lisis de la responsabilidad del empleador como consecuencia del accidente de trabajo o de la enfermedad profesional.<\/p>\n","protected":false},"excerpt":{"rendered":"<p>Este trabajo es fruto de la tesis doctoral, defendida en la Universidad de Deusto, Bilbao, el a\u00f1o 2017 bajo la direcci\u00f3n de Javier Arrieta Idiakez. La obra plasma un estudio sistem\u00e1tico del complejo normativo que abarca las materias de accidente de trabajo y de la enfermedad profesional, cubriendo una importante laguna en la doctrina cient\u00edfica espa\u00f1ola, al indagar aquello que otorga coherencia normativa a un r\u00e9gimen protector, que comprende desde las normas precontractuales y contractuales de protecci\u00f3n, hasta un r\u00e9gimen de responsabilidad civil para los da\u00f1os no cubiertos por el Sistema de Seguridad Social. El libro se estructura en tres cap\u00edtulos. El primero de ellos se dedica a la reconstrucci\u00f3n hist\u00f3rico-dogm\u00e1tica de la protecci\u00f3n de los accidentes de trabajo, desde los or\u00edgenes de la protecci\u00f3n, hasta la consagraci\u00f3n de un Sistema de Seguridad Social, actualmente recogido en el TRLGSS-2015. El segundo cap\u00edtulo est\u00e1 dedicado al tratamiento del Sistema de Seguridad Social en Espa\u00f1a, que contiene, como contingencias protegidas, las derivadas de los riesgos de accidente de trabajo y enfermedad profesional. En el cap\u00edtulo tercero, y bajo la \u00f3ptica del concepto de accidente de trabajo, se analiza, en primer t\u00e9rmino, el complejo entramado normativo, internacional, supranacional y nacional que desarrolla la prevenci\u00f3n de riesgos profesionales, para detenerse a continuaci\u00f3n en el an\u00e1lisis de la responsabilidad del empleador como consecuencia del accidente de trabajo o de la enfermedad profesional.<\/p>\n","protected":false},"featured_media":4169,"comment_status":"open","ping_status":"closed","template":"","meta":{"inline_featured_image":false,"_joinchat":[]},"product_brand":[],"product_cat":[41],"product_tag":[],"class_list":{"0":"post-4139","1":"product","2":"type-product","3":"status-publish","4":"has-post-thumbnail","6":"product_cat-laboral","7":"product_shipping_class-a-convenir","9":"first","10":"instock","11":"shipping-taxable","12":"purchasable","13":"product-type-simple"},"_links":{"self":[{"href":"https:\/\/bibliotecajuridicavirtual.cl\/index.php\/wp-json\/wp\/v2\/product\/4139","targetHints":{"allow":["GET"]}}],"collection":[{"href":"https:\/\/bibliotecajuridicavirtual.cl\/index.php\/wp-json\/wp\/v2\/product"}],"about":[{"href":"https:\/\/bibliotecajuridicavirtual.cl\/index.php\/wp-json\/wp\/v2\/types\/product"}],"replies":[{"embeddable":true,"href":"https:\/\/bibliotecajuridicavirtual.cl\/index.php\/wp-json\/wp\/v2\/comments?post=4139"}],"wp:featuredmedia":[{"embeddable":true,"href":"https:\/\/bibliotecajuridicavirtual.cl\/index.php\/wp-json\/wp\/v2\/media\/4169"}],"wp:attachment":[{"href":"https:\/\/bibliotecajuridicavirtual.cl\/index.php\/wp-json\/wp\/v2\/media?parent=4139"}],"wp:term":[{"taxonomy":"product_brand","embeddable":true,"href":"https:\/\/bibliotecajuridicavirtual.cl\/index.php\/wp-json\/wp\/v2\/product_brand?post=4139"},{"taxonomy":"product_cat","embeddable":true,"href":"https:\/\/bibliotecajuridicavirtual.cl\/index.php\/wp-json\/wp\/v2\/product_cat?post=4139"},{"taxonomy":"product_tag","embeddable":true,"href":"https:\/\/bibliotecajuridicavirtual.cl\/index.php\/wp-json\/wp\/v2\/product_tag?post=4139"}],"curies":[{"name":"wp","href":"https:\/\/api.w.org\/{rel}","templated":true}]}}