{"id":4140,"date":"2026-02-28T01:23:18","date_gmt":"2026-02-28T04:23:18","guid":{"rendered":"https:\/\/bibliotecajuridicavirtual.cl\/?post_type=product&#038;p=4140"},"modified":"2026-02-28T01:23:36","modified_gmt":"2026-02-28T04:23:36","slug":"la-formacion-de-un-gobierno-de-coalicion-ano-2015-207-pag-autor-jordi-matas-dalmases","status":"publish","type":"product","link":"https:\/\/bibliotecajuridicavirtual.cl\/index.php\/product\/la-formacion-de-un-gobierno-de-coalicion-ano-2015-207-pag-autor-jordi-matas-dalmases\/","title":{"rendered":"La Formaci\u00f3n de un Gobierno de Coalici\u00f3n. A\u00f1o 2015\/ 207 P\u00e1g. Autor Jordi Matas Dalmases"},"content":{"rendered":"<p>La colecci\u00f3n de Ciencia Pol\u00edtica de Tirant lo Blanch representa un proyecto editorial abierto a las l\u00edneas de investigaci\u00f3n m\u00e1s novedosas desarrolladas por los profesionales de la disciplina. Desde este presupuesto, las obras que componen esta colecci\u00f3n tienen como objeto fundamental trazar un panorama amplio de las materias propias de la Ciencia Pol\u00edtica, sin olvidar por ello la necesaria interdisciplinariedad que conllevan estos estudios e investigaciones. Por tanto, este proyecto editorial no s\u00f3lo pretende cubrir las \u00e1reas centrales en el estudio de la disciplina, sino tambi\u00e9n aquellos campos tem\u00e1ticos m\u00e1s marginales dentro de \u00e9sta o que ofrecen, en el caso espa\u00f1ol, una producci\u00f3n de menor envergadura desde el punto de vista cient\u00edfico y tambi\u00e9n docente.<\/p>\n","protected":false},"excerpt":{"rendered":"<h5 style=\"text-align: center;\"><span style=\"color: #ff9900;\">( LIBRO ESPA\u00d1OL)<\/span><\/h5>\n","protected":false},"featured_media":4170,"comment_status":"open","ping_status":"closed","template":"","meta":{"inline_featured_image":false,"_joinchat":[]},"product_brand":[],"product_cat":[33],"product_tag":[],"class_list":{"0":"post-4140","1":"product","2":"type-product","3":"status-publish","4":"has-post-thumbnail","6":"product_cat-constitucional","7":"product_shipping_class-a-convenir","9":"first","10":"instock","11":"shipping-taxable","12":"purchasable","13":"product-type-simple"},"_links":{"self":[{"href":"https:\/\/bibliotecajuridicavirtual.cl\/index.php\/wp-json\/wp\/v2\/product\/4140","targetHints":{"allow":["GET"]}}],"collection":[{"href":"https:\/\/bibliotecajuridicavirtual.cl\/index.php\/wp-json\/wp\/v2\/product"}],"about":[{"href":"https:\/\/bibliotecajuridicavirtual.cl\/index.php\/wp-json\/wp\/v2\/types\/product"}],"replies":[{"embeddable":true,"href":"https:\/\/bibliotecajuridicavirtual.cl\/index.php\/wp-json\/wp\/v2\/comments?post=4140"}],"wp:featuredmedia":[{"embeddable":true,"href":"https:\/\/bibliotecajuridicavirtual.cl\/index.php\/wp-json\/wp\/v2\/media\/4170"}],"wp:attachment":[{"href":"https:\/\/bibliotecajuridicavirtual.cl\/index.php\/wp-json\/wp\/v2\/media?parent=4140"}],"wp:term":[{"taxonomy":"product_brand","embeddable":true,"href":"https:\/\/bibliotecajuridicavirtual.cl\/index.php\/wp-json\/wp\/v2\/product_brand?post=4140"},{"taxonomy":"product_cat","embeddable":true,"href":"https:\/\/bibliotecajuridicavirtual.cl\/index.php\/wp-json\/wp\/v2\/product_cat?post=4140"},{"taxonomy":"product_tag","embeddable":true,"href":"https:\/\/bibliotecajuridicavirtual.cl\/index.php\/wp-json\/wp\/v2\/product_tag?post=4140"}],"curies":[{"name":"wp","href":"https:\/\/api.w.org\/{rel}","templated":true}]}}