{"id":4141,"date":"2026-02-28T01:23:18","date_gmt":"2026-02-28T04:23:18","guid":{"rendered":"https:\/\/bibliotecajuridicavirtual.cl\/?post_type=product&#038;p=4141"},"modified":"2026-02-28T01:23:37","modified_gmt":"2026-02-28T04:23:37","slug":"clasicos-de-la-literatura-penal-en-chile-la-revista-de-ciencias-penales-en-el-siglo-xx-1935-1995-2-tomos-ano-2018-1-752-pag-autor-fernando-londono-martinez-y-francisco-maldonado-fuentes","status":"publish","type":"product","link":"https:\/\/bibliotecajuridicavirtual.cl\/index.php\/product\/clasicos-de-la-literatura-penal-en-chile-la-revista-de-ciencias-penales-en-el-siglo-xx-1935-1995-2-tomos-ano-2018-1-752-pag-autor-fernando-londono-martinez-y-francisco-maldonado-fuentes\/","title":{"rendered":"Cl\u00e1sicos de la Literatura Penal en Chile La Revista de Ciencias Penales en el siglo XX: 1935-1995 &#8211; 2 Tomos. A\u00f1o 2018\/ 1.752 P\u00e1g. Autor Fernando Londo\u00f1o Mart\u00ednez y Francisco Maldonado Fuentes"},"content":{"rendered":"<p>En estos vol\u00famenes se ofrece por primera vez al lector contempor\u00e1neo una<br \/>\nselecci\u00f3n de art\u00edculos significativos de la Revista de Ciencias Penales, publicados<br \/>\noriginalmente entre 1935 y 1995.<br \/>\nDesde su fundaci\u00f3n en Santiago de Chile en 1935 y durante todo el s. XX, la Revista<br \/>\nde Ciencias Penales fue un lugar de referencia central para generaciones de<br \/>\npenalistas de habla hispana, en Chile y Latinoam\u00e9rica. Con motivo de la<br \/>\ncelebraci\u00f3n de los ochenta a\u00f1os de la asociaci\u00f3n de penalistas que desde su<br \/>\nfundaci\u00f3n ha tenido a su cargo la edici\u00f3n de la Revista ?el Instituto de Ciencias<br \/>\nPenales? se quiso facilitar el acceso del lector contempor\u00e1neo a una selecci\u00f3n de<br \/>\nochenta trabajos, republic\u00e1ndolos conforme al original.<br \/>\nLos art\u00edculos cubren el amplio rango de las ciencias penales: en su gran mayor\u00eda<br \/>\ndedicados al estudio dogm\u00e1tico de la Parte General y de la Parte Especial, los hay<br \/>\ntambi\u00e9n ?no pocos? de corte criminol\u00f3gico y pol\u00edtico-criminal. Aquello da cuenta<br \/>\nde los variados enfoques cultivados por la Revista, respondiendo a las influencias<br \/>\nde las distintas \u00e9pocas. Los art\u00edculos se ofrecen en secuencia cronol\u00f3gica,<br \/>\nrespetando su inserci\u00f3n hist\u00f3rica, aunque no sin la inclusi\u00f3n de un \u00edndice tem\u00e1tico,<br \/>\nque permite consultarlos f\u00e1cilmente por materia.<br \/>\nEn la medida que el Instituto de Ciencias Penales y su Revista han estado en el<br \/>\ncentro del quehacer del penalismo chileno del s. XX, estos vol\u00famenes son tambi\u00e9n<br \/>\nun testimonio de aquella realidad. El significativo desarrollo que presenta hoy el<br \/>\nderecho penal en Chile ?ya bien entrados en el s. XXI? no podr\u00eda comprenderse sin<br \/>\nlas generaciones de penalistas que forjaron sus bases, volcando sus esfuerzos a<br \/>\ntrav\u00e9s de la Revista. Celebrando entonces sus ochenta a\u00f1os de vida, el Instituto de<br \/>\nCiencias Penales celebra tambi\u00e9n la obra de quienes vincularon sus trayectorias<br \/>\ncient\u00edficas al Instituto.<\/p>\n","protected":false},"excerpt":{"rendered":"<p>En estos vol\u00famenes se ofrece por primera vez al lector contempor\u00e1neo una selecci\u00f3n de art\u00edculos significativos de la Revista de Ciencias Penales, publicados originalmente entre 1935 y 1995. Desde su fundaci\u00f3n en Santiago de Chile en 1935 y durante todo el s. XX, la Revista de Ciencias Penales fue un lugar de referencia central para generaciones de penalistas de habla hispana, en Chile y Latinoam\u00e9rica. Con motivo de la celebraci\u00f3n de los ochenta a\u00f1os de la asociaci\u00f3n de penalistas que desde su fundaci\u00f3n ha tenido a su cargo la edici\u00f3n de la Revista ?el Instituto de Ciencias Penales? se quiso facilitar el acceso del lector contempor\u00e1neo a una selecci\u00f3n de ochenta trabajos, republic\u00e1ndolos conforme al original. Los art\u00edculos cubren el amplio rango de las ciencias penales: en su gran mayor\u00eda dedicados al estudio dogm\u00e1tico de la Parte General y de la Parte Especial, los hay tambi\u00e9n ?no pocos? de corte criminol\u00f3gico y pol\u00edtico-criminal. Aquello da cuenta de los variados enfoques cultivados por la Revista, respondiendo a las influencias de las distintas \u00e9pocas. Los art\u00edculos se ofrecen en secuencia cronol\u00f3gica, respetando su inserci\u00f3n hist\u00f3rica, aunque no sin la inclusi\u00f3n de un \u00edndice tem\u00e1tico, que permite consultarlos f\u00e1cilmente por materia. En la medida que el Instituto de Ciencias Penales y su Revista han estado en el centro del quehacer del penalismo chileno del s. XX, estos vol\u00famenes son tambi\u00e9n un testimonio de aquella realidad. El significativo desarrollo que presenta hoy el derecho penal en Chile ?ya bien entrados en el s. XXI? no podr\u00eda comprenderse sin las generaciones de penalistas que forjaron sus bases, volcando sus esfuerzos a trav\u00e9s de la Revista. Celebrando entonces sus ochenta a\u00f1os de vida, el Instituto de Ciencias Penales celebra tambi\u00e9n la obra de quienes vincularon sus trayectorias cient\u00edficas al Instituto.<\/p>\n","protected":false},"featured_media":4171,"comment_status":"open","ping_status":"closed","template":"","meta":{"inline_featured_image":false,"_joinchat":[]},"product_brand":[],"product_cat":[30],"product_tag":[],"class_list":{"0":"post-4141","1":"product","2":"type-product","3":"status-publish","4":"has-post-thumbnail","6":"product_cat-penal","7":"product_shipping_class-a-convenir","9":"first","10":"instock","11":"shipping-taxable","12":"purchasable","13":"product-type-simple"},"_links":{"self":[{"href":"https:\/\/bibliotecajuridicavirtual.cl\/index.php\/wp-json\/wp\/v2\/product\/4141","targetHints":{"allow":["GET"]}}],"collection":[{"href":"https:\/\/bibliotecajuridicavirtual.cl\/index.php\/wp-json\/wp\/v2\/product"}],"about":[{"href":"https:\/\/bibliotecajuridicavirtual.cl\/index.php\/wp-json\/wp\/v2\/types\/product"}],"replies":[{"embeddable":true,"href":"https:\/\/bibliotecajuridicavirtual.cl\/index.php\/wp-json\/wp\/v2\/comments?post=4141"}],"wp:featuredmedia":[{"embeddable":true,"href":"https:\/\/bibliotecajuridicavirtual.cl\/index.php\/wp-json\/wp\/v2\/media\/4171"}],"wp:attachment":[{"href":"https:\/\/bibliotecajuridicavirtual.cl\/index.php\/wp-json\/wp\/v2\/media?parent=4141"}],"wp:term":[{"taxonomy":"product_brand","embeddable":true,"href":"https:\/\/bibliotecajuridicavirtual.cl\/index.php\/wp-json\/wp\/v2\/product_brand?post=4141"},{"taxonomy":"product_cat","embeddable":true,"href":"https:\/\/bibliotecajuridicavirtual.cl\/index.php\/wp-json\/wp\/v2\/product_cat?post=4141"},{"taxonomy":"product_tag","embeddable":true,"href":"https:\/\/bibliotecajuridicavirtual.cl\/index.php\/wp-json\/wp\/v2\/product_tag?post=4141"}],"curies":[{"name":"wp","href":"https:\/\/api.w.org\/{rel}","templated":true}]}}