{"id":4145,"date":"2026-02-28T01:23:18","date_gmt":"2026-02-28T04:23:18","guid":{"rendered":"https:\/\/bibliotecajuridicavirtual.cl\/?post_type=product&#038;p=4145"},"modified":"2026-02-28T01:23:44","modified_gmt":"2026-02-28T04:23:44","slug":"la-doctrina-de-los-actos-propios-un-estudio-critico-sobre-la-jurisprudencia-del-tribunal-supremo-autor-luis-diez-picazo-edicion-ano-2014","status":"publish","type":"product","link":"https:\/\/bibliotecajuridicavirtual.cl\/index.php\/product\/la-doctrina-de-los-actos-propios-un-estudio-critico-sobre-la-jurisprudencia-del-tribunal-supremo-autor-luis-diez-picazo-edicion-ano-2014\/","title":{"rendered":"La Doctrina de los Actos Propios * Un Estudio Cr\u00edtico sobre la Jurisprudencia del Tribunal Supremo * Autor: Luis Diez-Picazo, edici\u00f3n a\u00f1o 2014"},"content":{"rendered":"<p>El tema argumental de este estudio es la llamada \u201cdoctrina de los propios actos\u201d. Probablemente ning\u00fan otro aforismo como \u00e9ste, seg\u00fan el cual \u201cnadie puede ir v\u00e1lidamente contra sus propios actos\u201d, habr\u00e1 sido tan reiteradamente utilizado como argumento que quer\u00eda ser decisivo en los debates forenses sobre las m\u00e1s diversas cuestiones y tan reiteradamente recogido en las decisiones de los Tribunales. Y, sin embargo, si somos sinceros, tendremos que confesar que pocas reglas de derecho poseen una vaguedad y una falta de concreci\u00f3n tan grandes, hasta el punto de que es posible decir que su aplicaci\u00f3n o inaplicaci\u00f3n se fundan, la mayor parte de las veces, en convicciones intuitivamente formadas.<br \/>\nEl subt\u00edtulo de esta obra -\u201cUn estudio sobre la jurisprudencia del Tribunal Supremo\u201d- quiere subrayar, de la manera m\u00e1s expresiva, una convicci\u00f3n y un prop\u00f3sito. La convicci\u00f3n consiste en que la jurisprudencia del Tribunal Supremo constituye probablemente una de las fuentes m\u00e1s fruct\u00edferas para el conocimiento y para el aprendizaje del Derecho Privado.<\/p>\n<p><a style=\"color: #000000;\">Introducci\u00f3n. Introducci\u00f3n<\/a><\/p>\n<div id=\"frameContainer\">\n<div id=\"frameRight\">\n<div id=\"er_rp_toc_content\" class=\"er_rp_toc_content\" tabindex=\"-1\">\n<div class=\"er_rp_toc_content_data_container\">\n<div class=\"er_rp_toc_content_data\">\n<div id=\"summary.html#a-summary\" class=\"er_eid f21d4ab45908b336dfdd91dc0de0b2c4\">\n<section>\n<ul class=\"generic-summary\">\n<li><span style=\"color: #000000;\"><a style=\"color: #000000;\">Primera Parte<\/a><\/span>\n<ul class=\"entry\">\n<li><span style=\"color: #000000;\"><a style=\"color: #000000;\">Cap\u00edtulo Primero. La regla adversus factum suum quis venire non potest y su formulaci\u00f3n hist\u00f3rica<\/a><\/span><\/li>\n<li><span style=\"color: #000000;\"><a style=\"color: #000000;\">Cap\u00edtulo Segundo. El derecho romano<\/a><\/span><\/li>\n<li><span style=\"color: #000000;\"><a style=\"color: #000000;\">Cap\u00edtulo Tercero. La larga marcha del derecho com\u00fan<\/a><\/span><\/li>\n<li><span style=\"color: #000000;\"><a style=\"color: #000000;\">Cap\u00edtulo Cuarto. La doctrina inglesa del estoppel<\/a><\/span><\/li>\n<li><span style=\"color: #000000;\"><a style=\"color: #000000;\">Cap\u00edtulo Quinto. La inadmisibilidad de la conducta contradictoria<\/a><\/span><\/li>\n<li><span style=\"color: #000000;\"><a style=\"color: #000000;\">Cap\u00edtulo Sexto. La jurisprudencia espa\u00f1ola<\/a><\/span><\/li>\n<li><\/li>\n<\/ul>\n<\/li>\n<li><span style=\"color: #000000;\"><a style=\"color: #000000;\">Segunda Parte. Fundamentaci\u00f3n y delimitaci\u00f3n<\/a><\/span>\n<ul class=\"entry\">\n<li><span style=\"color: #000000;\"><a style=\"color: #000000;\">Cap\u00edtulo S\u00e9ptimo. Fundamentaci\u00f3n<\/a><\/span><\/li>\n<li><span style=\"color: #000000;\"><a style=\"color: #000000;\">Cap\u00edtulo Octavo. La recepci\u00f3n de la doctrina de la &#8220;Verwirkung&#8221; en la jurisprudencia espa\u00f1ola<\/a><\/span><\/li>\n<li><span style=\"color: #000000;\"><a style=\"color: #000000;\">Cap\u00edtulo Noveno. Delimitaci\u00f3n<\/a><\/span><\/li>\n<li><\/li>\n<\/ul>\n<\/li>\n<li><span style=\"color: #000000;\"><a style=\"color: #000000;\">Tercera Parte. La inadmisibilidad de la pretensi\u00f3n contradictoria<\/a><\/span>\n<ul class=\"entry\">\n<li><span style=\"color: #000000;\"><a style=\"color: #000000;\">Cap\u00edtulo D\u00e9cimo. Inadmisibilidad de la pretensi\u00f3n contradictoria<\/a><\/span><\/li>\n<li><span style=\"color: #000000;\"><a style=\"color: #000000;\">Cap\u00edtulo Und\u00e9cimo. Los presupuestos de aplicaci\u00f3n<\/a><\/span><\/li>\n<li><span style=\"color: #000000;\"><a style=\"color: #000000;\">Cap\u00edtulo Duod\u00e9cimo. La sanci\u00f3n jur\u00eddica de la contradicci\u00f3n<\/a><\/span><\/li>\n<\/ul>\n<\/li>\n<li><span style=\"color: #000000;\"><a style=\"color: #000000;\">Ap\u00e9ndice. La doctrina de los actos propios<\/a><\/span><\/li>\n<li><span style=\"color: #000000;\"><a style=\"color: #000000;\">Abreviaturas. La doctrina de los actos propios<\/a><\/span><\/li>\n<li><span style=\"color: #000000;\"><a style=\"color: #000000;\">\u00cdndice bibliogr\u00e1fico. La doctrina de los actos propios<\/a><\/span><\/li>\n<\/ul>\n<\/section>\n<\/div>\n<\/div>\n<\/div>\n<\/div>\n<form class=\"ng-pristine ng-valid\" action=\"https:\/\/proview.thomsonreuters.com\/title.html?redirect=true&amp;titleKey=aranz%2Fmonografias%2F133399936%2Fv2.4&amp;titleStage=F&amp;titleAcct=i0adc419000000147a1c91f053c81274e\">\n<div id=\"er_rp_bottom_bar\">\n<div>\n<div class=\"er_rp_pageshuffle\">\n<div id=\"pageDisplayBookPagesMode\"><span style=\"color: #000000;\"><label for=\"jump_to_page\"><\/label><input id=\"jump_to_page\" class=\"er_rp_page_number\" disabled=\"disabled\" type=\"text\" aria-label=\"jump to page\" \/><\/span><\/div>\n<\/div>\n<\/div>\n<div id=\"scrubberContainer\" class=\"erSlider\">\n<div class=\"zoomSlider\">\n<div id=\"er_rp_scrubber_slider\" class=\"er_rp_scrubber_slider ui-slider ui-slider-horizontal ui-widget ui-widget-content ui-corner-all\" aria-disabled=\"false\">\n<div class=\"ui-slider-range ui-widget-header ui-corner-all ui-slider-range-min\"><\/div>\n<\/div>\n<\/div>\n<\/div>\n<\/div>\n<\/form>\n<\/div>\n<\/div>\n<div id=\"ajaxErrorDialog\" class=\"ajaxErrorDialog\"><\/div>\n<div id=\"cookie-notification-overlay\">\n<div>\n<div><\/div>\n<\/div>\n<\/div>\n","protected":false},"excerpt":{"rendered":"<h6 style=\"text-align: left;\">Buscas un libro Jur\u00eddico.? Lo puedes encontrar en nuestra tienda virtual.<br \/>\nContamos con prestigiosos autores y muchas alternativas en sus diferentes materias al igual que grandes descuentos.! Vis\u00edtanos en <a class=\"BZlYAjikHPGRJsJDVXcEAIgyCHVdMWfWWELYvU \" tabindex=\"0\" href=\"https:\/\/lnkd.in\/eiAG7jdZ\" target=\"_blank\" rel=\"noopener\" data-test-app-aware-link=\"\">https:\/\/lnkd.in\/eiAG7jdZ<\/a><br \/>\nEscr\u00edbenos al +56930565235 \/ <a class=\"BZlYAjikHPGRJsJDVXcEAIgyCHVdMWfWWELYvU \" tabindex=\"0\" href=\"mailto:ventaslegallexglobal@gmail.com\" target=\"_self\" data-test-app-aware-link=\"\">ventaslegallexglobal@gmail.com<\/a><br \/>\nHacemos env\u00edos a todo Chile \u2013 Starken o Correos Chile \/ Te esperamos.<\/h6>\n","protected":false},"featured_media":4201,"comment_status":"open","ping_status":"closed","template":"","meta":{"inline_featured_image":false,"_joinchat":[]},"product_brand":[],"product_cat":[27,26,37,42],"product_tag":[],"class_list":{"0":"post-4145","1":"product","2":"type-product","3":"status-publish","4":"has-post-thumbnail","6":"product_cat-civil","7":"product_cat-derecho","8":"product_cat-novedades-de-otras-editoriales","9":"product_cat-thomson-reuters","10":"product_shipping_class-a-convenir","12":"first","13":"instock","14":"sale","15":"shipping-taxable","16":"purchasable","17":"product-type-simple"},"_links":{"self":[{"href":"https:\/\/bibliotecajuridicavirtual.cl\/index.php\/wp-json\/wp\/v2\/product\/4145","targetHints":{"allow":["GET"]}}],"collection":[{"href":"https:\/\/bibliotecajuridicavirtual.cl\/index.php\/wp-json\/wp\/v2\/product"}],"about":[{"href":"https:\/\/bibliotecajuridicavirtual.cl\/index.php\/wp-json\/wp\/v2\/types\/product"}],"replies":[{"embeddable":true,"href":"https:\/\/bibliotecajuridicavirtual.cl\/index.php\/wp-json\/wp\/v2\/comments?post=4145"}],"wp:featuredmedia":[{"embeddable":true,"href":"https:\/\/bibliotecajuridicavirtual.cl\/index.php\/wp-json\/wp\/v2\/media\/4201"}],"wp:attachment":[{"href":"https:\/\/bibliotecajuridicavirtual.cl\/index.php\/wp-json\/wp\/v2\/media?parent=4145"}],"wp:term":[{"taxonomy":"product_brand","embeddable":true,"href":"https:\/\/bibliotecajuridicavirtual.cl\/index.php\/wp-json\/wp\/v2\/product_brand?post=4145"},{"taxonomy":"product_cat","embeddable":true,"href":"https:\/\/bibliotecajuridicavirtual.cl\/index.php\/wp-json\/wp\/v2\/product_cat?post=4145"},{"taxonomy":"product_tag","embeddable":true,"href":"https:\/\/bibliotecajuridicavirtual.cl\/index.php\/wp-json\/wp\/v2\/product_tag?post=4145"}],"curies":[{"name":"wp","href":"https:\/\/api.w.org\/{rel}","templated":true}]}}