{"id":4146,"date":"2026-02-28T01:23:18","date_gmt":"2026-02-28T04:23:18","guid":{"rendered":"https:\/\/bibliotecajuridicavirtual.cl\/?post_type=product&#038;p=4146"},"modified":"2026-02-28T01:23:45","modified_gmt":"2026-02-28T04:23:45","slug":"tratado-de-responsabilidad-penal-de-las-personas-juridicas-duo-ano-2016-autor-feijoo-sanchez-bernando-j-gomez-jara-diez-carlos-bajo-fernandez-miguel","status":"publish","type":"product","link":"https:\/\/bibliotecajuridicavirtual.cl\/index.php\/product\/tratado-de-responsabilidad-penal-de-las-personas-juridicas-duo-ano-2016-autor-feijoo-sanchez-bernando-j-gomez-jara-diez-carlos-bajo-fernandez-miguel\/","title":{"rendered":"Tratado de Responsabilidad Penal de las Personas Jur\u00eddicas (D\u00fao). A\u00f1o 2016. Autor  Feijoo Sanchez Bernando J. , Gomez-Jara Diez Carlos , Bajo Fernandez Miguel"},"content":{"rendered":"<p>CONTENIDO<\/p>\n<ul class=\"generic-summary\">\n<li><span style=\"color: #000000;\"><a style=\"color: #000000;\">Pr\u00f3logo 2\u00aa edici\u00f3n. Tratado de responsabilidad penal de las personas jur\u00eddicas<\/a><\/span><\/li>\n<li><span style=\"color: #000000;\"><a style=\"color: #000000;\">Pr\u00f3logo 1\u00aa edici\u00f3n. Responsabilidad Penal de las Personas Jur\u00eddicas<\/a><\/span><\/li>\n<li><span style=\"color: #000000;\"><a style=\"color: #000000;\">Cap\u00edtulo I. Vigencia de la RPPJ en el Derecho Sancionador Espa\u00f1ol (MIGUEL BAJO FERN\u00c1NDEZ)<\/a><\/span><\/li>\n<li><span style=\"color: #000000;\"><a style=\"color: #000000;\">Cap\u00edtulo II. La persona jur\u00eddica como sujeto de imputaci\u00f3n jur\u00eddico-penal (BERNARDO JOS\u00c9 FEIJOO S\u00c1NCHEZ)<\/a><\/span><\/li>\n<li><span style=\"color: #000000;\"><a style=\"color: #000000;\">Cap\u00edtulo III. Las caracter\u00edsticas b\u00e1sicas de la responsabilidad penal de las personas jur\u00eddicas en el c\u00f3digo penal espa\u00f1ol (BERNARDO JOS\u00c9 FEIJOO S\u00c1NCHEZ)<\/a><\/span><\/li>\n<li><span style=\"color: #000000;\"><a style=\"color: #000000;\">Cap\u00edtulo IV. Los requisitos del art. 31 BIS 1 (BERNARDO JOS\u00c9 FEIJOO S\u00c1NCHEZ)<\/a><\/span><\/li>\n<li><span style=\"color: #000000;\"><a style=\"color: #000000;\">Cap\u00edtulo V. Fundamentos de la responsabilidad penal de las personas jur\u00eddicas (CARLOS G\u00d3MEZ-JARA D\u00cdEZ)<\/a><\/span><\/li>\n<li><span style=\"color: #000000;\"><a style=\"color: #000000;\">Cap\u00edtulo VI. El injusto t\u00edpico de la persona jur\u00eddica (tipicidad) (CARLOS G\u00d3MEZ-JARA D\u00cdEZ)<\/a><\/span><\/li>\n<li><span style=\"color: #000000;\"><a style=\"color: #000000;\">Cap\u00edtulo VII. La culpabilidad de la persona jur\u00eddica (CARLOS G\u00d3MEZ-JARA D\u00cdEZ)<\/a><\/span><\/li>\n<li><span style=\"color: #000000;\"><a style=\"color: #000000;\">Cap\u00edtulo VIII. La atenuaci\u00f3n de la responsabilidad penal de las personas jur\u00eddicas (CARLOS G\u00d3MEZ-JARA D\u00cdEZ)<\/a><\/span><\/li>\n<li><span style=\"color: #000000;\"><a style=\"color: #000000;\">Cap\u00edtulo IX. Autor\u00eda y participaci\u00f3n en la responsabilidad penal de las personas jur\u00eddicas (CARLOS G\u00d3MEZ-JARA D\u00cdEZ)<\/a><\/span><\/li>\n<li><span style=\"color: #000000;\"><a style=\"color: #000000;\">Cap\u00edtulo X. Las consecuencias jur\u00eddicas del delito (BERNARDO JOS\u00c9 FEIJOO S\u00c1NCHEZ)<\/a><\/span><\/li>\n<li><span style=\"color: #000000;\"><a style=\"color: #000000;\">Cap\u00edtulo XI. La extinci\u00f3n de la responsabilidad penal de las personas jur\u00eddicas (BERNARDO JOS\u00c9 FEIJOO S\u00c1NCHEZ)<\/a><\/span><\/li>\n<li><span style=\"color: #000000;\"><a style=\"color: #000000;\">Cap\u00edtulo XII. El art. 129 como complemento de la responsabilidad penal de las personas jur\u00eddicas (BERNARDO JOS\u00c9 FEIJOO S\u00c1NCHEZ)<\/a><\/span><\/li>\n<li><span style=\"color: #000000;\"><a style=\"color: #000000;\">Cap\u00edtulo XIII. Derechos procesales fundamentales de la persona jur\u00eddica (MIGUEL BAJO FERN\u00c1NDEZ y CARLOS G\u00d3MEZ-JARA D\u00cdEZ)<\/a><\/span><\/li>\n<li><span style=\"color: #000000;\"><a style=\"color: #000000;\">Bibliograf\u00eda. Tratado de Responsabilidad Penal de las Personas Jur\u00eddicas<\/a><\/span><\/li>\n<li><span style=\"color: #000000;\"><a style=\"color: #000000;\">Bibliograf\u00eda espec\u00edfica. Tratado de responsabilidad penal de las personas jur\u00eddicas<\/a><\/span><\/li>\n<\/ul>\n","protected":false},"excerpt":{"rendered":"<h5 style=\"text-align: center;\"><span style=\"color: #ff0000;\">( LIBRO ESPA\u00d1OL)<\/span><\/h5>\n","protected":false},"featured_media":4202,"comment_status":"open","ping_status":"closed","template":"","meta":{"inline_featured_image":false,"_joinchat":[]},"product_brand":[],"product_cat":[30,42],"product_tag":[],"class_list":{"0":"post-4146","1":"product","2":"type-product","3":"status-publish","4":"has-post-thumbnail","6":"product_cat-penal","7":"product_cat-thomson-reuters","8":"product_shipping_class-a-convenir","10":"first","11":"instock","12":"shipping-taxable","13":"purchasable","14":"product-type-simple"},"_links":{"self":[{"href":"https:\/\/bibliotecajuridicavirtual.cl\/index.php\/wp-json\/wp\/v2\/product\/4146","targetHints":{"allow":["GET"]}}],"collection":[{"href":"https:\/\/bibliotecajuridicavirtual.cl\/index.php\/wp-json\/wp\/v2\/product"}],"about":[{"href":"https:\/\/bibliotecajuridicavirtual.cl\/index.php\/wp-json\/wp\/v2\/types\/product"}],"replies":[{"embeddable":true,"href":"https:\/\/bibliotecajuridicavirtual.cl\/index.php\/wp-json\/wp\/v2\/comments?post=4146"}],"wp:featuredmedia":[{"embeddable":true,"href":"https:\/\/bibliotecajuridicavirtual.cl\/index.php\/wp-json\/wp\/v2\/media\/4202"}],"wp:attachment":[{"href":"https:\/\/bibliotecajuridicavirtual.cl\/index.php\/wp-json\/wp\/v2\/media?parent=4146"}],"wp:term":[{"taxonomy":"product_brand","embeddable":true,"href":"https:\/\/bibliotecajuridicavirtual.cl\/index.php\/wp-json\/wp\/v2\/product_brand?post=4146"},{"taxonomy":"product_cat","embeddable":true,"href":"https:\/\/bibliotecajuridicavirtual.cl\/index.php\/wp-json\/wp\/v2\/product_cat?post=4146"},{"taxonomy":"product_tag","embeddable":true,"href":"https:\/\/bibliotecajuridicavirtual.cl\/index.php\/wp-json\/wp\/v2\/product_tag?post=4146"}],"curies":[{"name":"wp","href":"https:\/\/api.w.org\/{rel}","templated":true}]}}