{"id":4174,"date":"2026-02-28T01:23:40","date_gmt":"2026-02-28T04:23:40","guid":{"rendered":"https:\/\/bibliotecajuridicavirtual.cl\/?post_type=product&#038;p=4174"},"modified":"2026-02-28T01:23:47","modified_gmt":"2026-02-28T04:23:47","slug":"compliance-duo-ano-2015-704-pag-autor-saiz-pena-carlos-alberto","status":"publish","type":"product","link":"https:\/\/bibliotecajuridicavirtual.cl\/index.php\/product\/compliance-duo-ano-2015-704-pag-autor-saiz-pena-carlos-alberto\/","title":{"rendered":"Compliance (d\u00fao).A\u00f1o 2015\/ 704 P\u00e1g. Autor Saiz Pe\u00f1a Carlos Alberto"},"content":{"rendered":"<p><a>\u00a0 \u00a0 \u00a0 \u00a0 \u00a0 <span style=\"color: #000000;\">\u00a0 CONTENIDO<\/span><\/a><\/p>\n<ul class=\"generic-summary\">\n<li><span style=\"color: #000000;\"><a style=\"color: #000000;\">Abreviaturas. Compliance<\/a><\/span><\/li>\n<li><span style=\"color: #000000;\"><a style=\"color: #000000;\">Listado de autores. Compliance<\/a><\/span><\/li>\n<li><span style=\"color: #000000;\"><a style=\"color: #000000;\">Bloque I: Compliance, conceptos e introducci\u00f3n<\/a><\/span>\n<ul class=\"entry\">\n<li><span style=\"color: #000000;\"><a style=\"color: #000000;\">1. Introducci\u00f3n. \u00bfQu\u00e9 es el compliance? Claves para la comprensi\u00f3n de esta obra. Grandes confusiones sobre compliance. Futuro del compliance. La ISO 19600 de compliance<\/a><\/span><\/li>\n<li><span style=\"color: #000000;\"><a style=\"color: #000000;\">2. El compliance en las organizaciones. Relaci\u00f3n entre compliance y otras \u00e1reas de la empresa. Compliance y gobierno corporativo (FRANCISCO JAVIER RAM\u00cdREZ ARBU\u00c9S y ALFONSO D\u00cdEZ DE REVENGA RUIZ)<\/a><\/span><\/li>\n<li><span style=\"color: #000000;\"><a style=\"color: #000000;\">3. La figura del compliance officer: caracter\u00edsticas y responsabilidades (JAVIER PUYOL MONTERO)<\/a><\/span><\/li>\n<\/ul>\n<\/li>\n<li><span style=\"color: #000000;\"><a style=\"color: #000000;\">Bloque II: materias de Compliance<\/a><\/span>\n<ul class=\"entry\">\n<li><span style=\"color: #000000;\"><a style=\"color: #000000;\">1. Corporate Compliance<\/a><\/span>\n<ul class=\"entry\">\n<li><span style=\"color: #000000;\"><a style=\"color: #000000;\">1.1.1. Corporate compliance y la responsabilidad penal de las personas juridicas (JAVIER PUYOL MONTERO)<\/a><\/span><\/li>\n<li><span style=\"color: #000000;\"><a style=\"color: #000000;\">1.1.2. Pol\u00edticas anticorrupci\u00f3n (MAR\u00cdA HERN\u00c1NDEZ)<\/a><\/span><\/li>\n<li><span style=\"color: #000000;\"><a style=\"color: #000000;\">1.1.3. Prevenci\u00f3n del blanqueo de capitales (LUIS DANIEL OTERO SALGADO)<\/a><\/span><\/li>\n<\/ul>\n<\/li>\n<li><span style=\"color: #000000;\"><a style=\"color: #000000;\">2. IT Compliance<\/a><\/span>\n<ul class=\"entry\">\n<li><span style=\"color: #000000;\"><a style=\"color: #000000;\">2.1.1. Privacidad y protecci\u00f3n de datos (ESMERALDA SARAC\u00cdBAR y CARLOS GONZ\u00c1LEZ)<\/a><\/span><\/li>\n<li><span style=\"color: #000000;\"><a style=\"color: #000000;\">2.1.2. Seguridad de la informaci\u00f3n (ANTONIO GIANLUCA)<\/a><\/span><\/li>\n<li><span style=\"color: #000000;\"><a style=\"color: #000000;\">2.1.3. Sociedad de la informaci\u00f3n: LSSI, cookies, redes sociales, retenci\u00f3n de datos (HENRY VEL\u00c1SQUEZ Y\u00c1NEZ)<\/a><\/span><\/li>\n<li><span style=\"color: #000000;\"><a style=\"color: #000000;\">2.1.4. Control empresarial del uso de los recursos tecnol\u00f3gicos corporativos (ESMERALDA SARACIBAR DE ECIX GROUP)<\/a><\/span><\/li>\n<li><span style=\"color: #000000;\"><a style=\"color: #000000;\">2.1.5. El fen\u00f3meno del BYOD. El uso de dispositivos personales con fines profesionales (MAR\u00cdA L\u00d3PEZ MU\u00d1OZ)<\/a><\/span><\/li>\n<li><span style=\"color: #000000;\"><a style=\"color: #000000;\">2.1.6. Propiedad intelectual y protecci\u00f3n de activos intangibles (JAVIER PINILLOS)<\/a><\/span><\/li>\n<li><span style=\"color: #000000;\"><a style=\"color: #000000;\">2.1.7. Firma electr\u00f3nica (MANUEL ROJAS GUERRERO)<\/a><\/span><\/li>\n<li><span style=\"color: #000000;\"><a style=\"color: #000000;\">2.1.8. Controles para cumplir con est\u00e1ndares (PCI, ISO, etc.) y SLA en contratos (JULIANA HEITOR)<\/a><\/span><\/li>\n<\/ul>\n<\/li>\n<li><span style=\"color: #000000;\"><a style=\"color: #000000;\">3. Compliance en la normativa sectorial (JUAN CALDER\u00d3N MART\u00cdN)<\/a><\/span><\/li>\n<li><span style=\"color: #000000;\"><a style=\"color: #000000;\">4. La situaci\u00f3n del compliance en Chile. La responsabilidad penal de las personas jur\u00eddicas en Chile (ANDR\u00c9S PUMARINO MENDOZA)<\/a><\/span><\/li>\n<\/ul>\n<\/li>\n<li><span style=\"color: #000000;\"><a style=\"color: #000000;\">Bloque III: Fases de implantaci\u00f3n de un Programa de Compliance<\/a><\/span>\n<ul class=\"entry\">\n<li><span style=\"color: #000000;\"><a style=\"color: #000000;\">1. Definici\u00f3n del \u00e1mbito, materias incluidas y alcance del compliance programa (JAVIER G\u00d3MEZ G\u00d3MEZ)<\/a><\/span><\/li>\n<li><span style=\"color: #000000;\"><a style=\"color: #000000;\">2. Diagn\u00f3stico y mapa de riesgos de compliance (MARTA ESCUDERO)<\/a><\/span><\/li>\n<li><span style=\"color: #000000;\"><a style=\"color: #000000;\">3. Plan de acci\u00f3n e implantaci\u00f3n del Compliance Program. Plan de prevenci\u00f3n, detecci\u00f3n y reacci\u00f3n<\/a><\/span>\n<ul class=\"entry\">\n<li><span style=\"color: #000000;\"><a style=\"color: #000000;\">3.1.1. C\u00f3digo \u00e9tico (PAULA HERN\u00c1NDEZ COBO)<\/a><\/span><\/li>\n<li><span style=\"color: #000000;\"><a style=\"color: #000000;\">3.1.2. Controles t\u00e9cnicos en sistemas: monitorizaci\u00f3n, alertas, etc (LUIS POSADO)<\/a><\/span><\/li>\n<li><span style=\"color: #000000;\"><a style=\"color: #000000;\">3.1.3. Canal de denuncias (PAULA ARMENTIA MORILLAS)<\/a><\/span><\/li>\n<\/ul>\n<\/li>\n<li><span style=\"color: #000000;\"><a style=\"color: #000000;\">4. M\u00e9tricas, indicadores y cuadro de mandos del compliance (\u00c1LVARO ECIJA BERNAL)<\/a><\/span><\/li>\n<\/ul>\n<\/li>\n<li><span style=\"color: #000000;\"><a style=\"color: #000000;\">Bloque IV: Compliance reactivo: investigaci\u00f3n y defensa jur\u00eddica<\/a><\/span>\n<ul class=\"entry\">\n<li><span style=\"color: #000000;\"><a style=\"color: #000000;\">1. Recepci\u00f3n de denuncias, investigaci\u00f3n interna y obtenci\u00f3n de evidencias (GUSTAVO RODR\u00cdGUEZ)<\/a><\/span><\/li>\n<li><span style=\"color: #000000;\"><a style=\"color: #000000;\">2. Defensa jur\u00eddica de la compa\u00f1\u00eda en procedimientos administrativos ante las autoridades de control (FRANCISCO JAVIER CARBAYO)<\/a><\/span><\/li>\n<\/ul>\n<\/li>\n<\/ul>\n","protected":false},"excerpt":{"rendered":"<h5 style=\"text-align: center;\"><span style=\"color: #0000ff;\">(LIBRO ESPA\u00d1OL )<\/span><\/h5>\n","protected":false},"featured_media":4204,"comment_status":"open","ping_status":"closed","template":"","meta":{"inline_featured_image":false,"_joinchat":[]},"product_brand":[],"product_cat":[30],"product_tag":[],"class_list":{"0":"post-4174","1":"product","2":"type-product","3":"status-publish","4":"has-post-thumbnail","6":"product_cat-penal","7":"product_shipping_class-a-convenir","9":"first","10":"instock","11":"shipping-taxable","12":"purchasable","13":"product-type-simple"},"_links":{"self":[{"href":"https:\/\/bibliotecajuridicavirtual.cl\/index.php\/wp-json\/wp\/v2\/product\/4174","targetHints":{"allow":["GET"]}}],"collection":[{"href":"https:\/\/bibliotecajuridicavirtual.cl\/index.php\/wp-json\/wp\/v2\/product"}],"about":[{"href":"https:\/\/bibliotecajuridicavirtual.cl\/index.php\/wp-json\/wp\/v2\/types\/product"}],"replies":[{"embeddable":true,"href":"https:\/\/bibliotecajuridicavirtual.cl\/index.php\/wp-json\/wp\/v2\/comments?post=4174"}],"wp:featuredmedia":[{"embeddable":true,"href":"https:\/\/bibliotecajuridicavirtual.cl\/index.php\/wp-json\/wp\/v2\/media\/4204"}],"wp:attachment":[{"href":"https:\/\/bibliotecajuridicavirtual.cl\/index.php\/wp-json\/wp\/v2\/media?parent=4174"}],"wp:term":[{"taxonomy":"product_brand","embeddable":true,"href":"https:\/\/bibliotecajuridicavirtual.cl\/index.php\/wp-json\/wp\/v2\/product_brand?post=4174"},{"taxonomy":"product_cat","embeddable":true,"href":"https:\/\/bibliotecajuridicavirtual.cl\/index.php\/wp-json\/wp\/v2\/product_cat?post=4174"},{"taxonomy":"product_tag","embeddable":true,"href":"https:\/\/bibliotecajuridicavirtual.cl\/index.php\/wp-json\/wp\/v2\/product_tag?post=4174"}],"curies":[{"name":"wp","href":"https:\/\/api.w.org\/{rel}","templated":true}]}}