{"id":4181,"date":"2026-02-28T01:23:40","date_gmt":"2026-02-28T04:23:40","guid":{"rendered":"https:\/\/bibliotecajuridicavirtual.cl\/?post_type=product&#038;p=4181"},"modified":"2026-02-28T01:23:53","modified_gmt":"2026-02-28T04:23:53","slug":"derecho-de-alimentos-8va-edicion-ano-2023-autor-eric-andres-chavez-chavez","status":"publish","type":"product","link":"https:\/\/bibliotecajuridicavirtual.cl\/index.php\/product\/derecho-de-alimentos-8va-edicion-ano-2023-autor-eric-andres-chavez-chavez\/","title":{"rendered":"Derecho de Alimentos 8va  Edici\u00f3n . A\u00f1o 2023. Autor Eric Andr\u00e9s Ch\u00e1vez Ch\u00e1vez"},"content":{"rendered":"<p style=\"font-weight: 400;\"><strong>Descripci\u00f3n<\/strong><\/p>\n<p style=\"font-weight: 400;\"><strong>\u00a0<\/strong><\/p>\n<p style=\"font-weight: 400;\"><strong>El presente texto de Derecho de Alimentos, en su 8\u00aa Edici\u00f3n, 2023 tiene por finalidad un an\u00e1lisis en algunos casos somero y en otros m\u00e1s profundos de las diferentes materias del Derecho de Alimentos, agreg\u00e1ndose algunos cap\u00edtulos donde se dividen las defensas del alimentante y alimentario.<\/strong><\/p>\n<p style=\"font-weight: 400;\"><strong>\u00a0<\/strong><\/p>\n<p style=\"font-weight: 400;\"><strong>La obra es una s\u00edntesis del Derecho de Alimentos, pensado para el abogado litigante, que requiere una respuesta r\u00e1pida, que despu\u00e9s podr\u00e1 complementar o buscar la jurisprudencia, a la materia buscada.<\/strong><\/p>\n<p style=\"font-weight: 400;\"><strong>\u00a0<\/strong><\/p>\n<p style=\"font-weight: 400;\"><strong>La presente edici\u00f3n se amplio a materias que no fueron consideradas en la primera edici\u00f3n, especialmente en el tema de las medidas precautorias, agreg\u00e1ndose el respectivo cap\u00edtulo, a las medidas que ser\u00edan aplicables a este tipo de procedimiento. Los cuales ser\u00e1n considerados caso a caso.<\/strong><\/p>\n<p style=\"font-weight: 400;\"><strong>\u00a0<\/strong><\/p>\n<p style=\"font-weight: 400;\"><strong>Tambi\u00e9n debemos mencionar que esta 8\u00aa edici\u00f3n, a\u00f1o 2023 incluye los cap\u00edtulos y actualizaciones de la Ley 21.389 publicada en el Diario Oficial con fecha 18 Noviembre 2021, que modific\u00f3 la Ley 14.908 sobre Abandono de Familia y Pago de Pensiones Alimenticias, en especial en lo concerniente a la creaci\u00f3n del Registro de Deudores de Pensiones de Alimentos y agreg\u00e1ndose nuevas disposiciones a algunas figuras ya existentes que complementan y que obviamente se ingresaron y adecuaron al caso concreto. Contempla tambi\u00e9n las modificaciones de la Ley 21.400 sobre Matrimonio Igualitario; y Ley 21.484 sobre Responsabilidad Parental y Pago Efectivo de Deudas de Pensiones de Alimentos, la cual tiene una entrada diferida seg\u00fan el art.1\u00b0 Transitorio, pero sin perjuicio de ello este libro las incluye como pie de p\u00e1gina otras como cap\u00edtulo, para tenerlas presente en su oportunidad, adem\u00e1s, de la Ley 21.515 sobre Mayor\u00eda de Edad para Contraer Matrimonio. La idea es que el libro siga manteni\u00e9ndose din\u00e1mico de ser f\u00e1cil y r\u00e1pido en el estudio de la norma en especial de la nueva materia incorporada, esperando que sea de utilidad a los letrados y todos aquellos que requieran una informaci\u00f3n precisa al tema consultado.<\/strong><\/p>\n<p style=\"font-weight: 400;\"><strong>\u00a0<\/strong><\/p>\n<p style=\"font-weight: 400;\"><strong>Debemos recordar tambi\u00e9n que se incluyen las normas relacionadas con el Registro de Deudores de Pensiones, con entrada diferida para mantener una integridad en el libro, con este tipo de apremios que he denominado administrativos.<\/strong><\/p>\n","protected":false},"excerpt":{"rendered":"<p>Descripci\u00f3n \u00a0 El presente texto de Derecho de Alimentos, en su 8\u00aa Edici\u00f3n, 2023 tiene por finalidad un an\u00e1lisis en algunos casos somero y en otros m\u00e1s profundos de las diferentes materias del Derecho de Alimentos, agreg\u00e1ndose algunos cap\u00edtulos donde se dividen las defensas del alimentante y alimentario. \u00a0 La obra es una s\u00edntesis del Derecho de Alimentos, pensado para el abogado litigante, que requiere una respuesta r\u00e1pida, que despu\u00e9s podr\u00e1 complementar o buscar la jurisprudencia, a la materia buscada. \u00a0 La presente edici\u00f3n se amplio a materias que no fueron consideradas en la primera edici\u00f3n, especialmente en el tema de las medidas precautorias, agreg\u00e1ndose el respectivo cap\u00edtulo, a las medidas que ser\u00edan aplicables a este tipo de procedimiento. Los cuales ser\u00e1n considerados caso a caso. \u00a0 Tambi\u00e9n debemos mencionar que esta 8\u00aa edici\u00f3n, a\u00f1o 2023 incluye los cap\u00edtulos y actualizaciones de la Ley 21.389 publicada en el Diario Oficial con fecha 18 Noviembre 2021, que modific\u00f3 la Ley 14.908 sobre Abandono de Familia y Pago de Pensiones Alimenticias, en especial en lo concerniente a la creaci\u00f3n del Registro de Deudores de Pensiones de Alimentos y agreg\u00e1ndose nuevas disposiciones a algunas figuras ya existentes que complementan y que obviamente se ingresaron y adecuaron al caso concreto. Contempla tambi\u00e9n las modificaciones de la Ley 21.400 sobre Matrimonio Igualitario; y Ley 21.484 sobre Responsabilidad Parental y Pago Efectivo de Deudas de Pensiones de Alimentos, la cual tiene una entrada diferida seg\u00fan el art.1\u00b0 Transitorio, pero sin perjuicio de ello este libro las incluye como pie de p\u00e1gina otras como cap\u00edtulo, para tenerlas presente en su oportunidad, adem\u00e1s, de la Ley 21.515 sobre Mayor\u00eda de Edad para Contraer Matrimonio. La idea es que el libro siga manteni\u00e9ndose din\u00e1mico de ser f\u00e1cil y r\u00e1pido en el estudio de la norma en especial de la nueva materia incorporada, esperando que sea de utilidad a los letrados y todos aquellos que requieran una informaci\u00f3n precisa al tema consultado. \u00a0 Debemos recordar tambi\u00e9n que se incluyen las normas relacionadas con el Registro de Deudores de Pensiones, con entrada diferida para mantener una integridad en el libro, con este tipo de apremios que he denominado administrativos.<\/p>\n","protected":false},"featured_media":4211,"comment_status":"open","ping_status":"closed","template":"","meta":{"inline_featured_image":false,"_joinchat":[]},"product_brand":[],"product_cat":[27,59,29],"product_tag":[],"class_list":{"0":"post-4181","1":"product","2":"type-product","3":"status-publish","4":"has-post-thumbnail","6":"product_cat-civil","7":"product_cat-editorial-tofulex-ediciones-juridicas","8":"product_cat-familia-y-del-menor","9":"product_shipping_class-a-convenir","11":"first","12":"instock","13":"shipping-taxable","14":"purchasable","15":"product-type-simple"},"_links":{"self":[{"href":"https:\/\/bibliotecajuridicavirtual.cl\/index.php\/wp-json\/wp\/v2\/product\/4181","targetHints":{"allow":["GET"]}}],"collection":[{"href":"https:\/\/bibliotecajuridicavirtual.cl\/index.php\/wp-json\/wp\/v2\/product"}],"about":[{"href":"https:\/\/bibliotecajuridicavirtual.cl\/index.php\/wp-json\/wp\/v2\/types\/product"}],"replies":[{"embeddable":true,"href":"https:\/\/bibliotecajuridicavirtual.cl\/index.php\/wp-json\/wp\/v2\/comments?post=4181"}],"wp:featuredmedia":[{"embeddable":true,"href":"https:\/\/bibliotecajuridicavirtual.cl\/index.php\/wp-json\/wp\/v2\/media\/4211"}],"wp:attachment":[{"href":"https:\/\/bibliotecajuridicavirtual.cl\/index.php\/wp-json\/wp\/v2\/media?parent=4181"}],"wp:term":[{"taxonomy":"product_brand","embeddable":true,"href":"https:\/\/bibliotecajuridicavirtual.cl\/index.php\/wp-json\/wp\/v2\/product_brand?post=4181"},{"taxonomy":"product_cat","embeddable":true,"href":"https:\/\/bibliotecajuridicavirtual.cl\/index.php\/wp-json\/wp\/v2\/product_cat?post=4181"},{"taxonomy":"product_tag","embeddable":true,"href":"https:\/\/bibliotecajuridicavirtual.cl\/index.php\/wp-json\/wp\/v2\/product_tag?post=4181"}],"curies":[{"name":"wp","href":"https:\/\/api.w.org\/{rel}","templated":true}]}}