{"id":4183,"date":"2026-02-28T01:23:40","date_gmt":"2026-02-28T04:23:40","guid":{"rendered":"https:\/\/bibliotecajuridicavirtual.cl\/?post_type=product&#038;p=4183"},"modified":"2026-02-28T01:23:55","modified_gmt":"2026-02-28T04:23:55","slug":"derecho-sucesorio-incluye-reforma-de-la-ley-21-394-al-sistema-de-justicia-6ta-edicion-ano-2022-498-pag-autor-ruben-celis-rodriguez-y-eric-andres-chavez-chavez","status":"publish","type":"product","link":"https:\/\/bibliotecajuridicavirtual.cl\/index.php\/product\/derecho-sucesorio-incluye-reforma-de-la-ley-21-394-al-sistema-de-justicia-6ta-edicion-ano-2022-498-pag-autor-ruben-celis-rodriguez-y-eric-andres-chavez-chavez\/","title":{"rendered":"Derecho Sucesorio. Incluye Reforma de la Ley 21.394 al Sistema de Justicia 6ta Edici\u00f3n. A\u00f1o 2022\/ 498 P\u00e1g. Autor Rub\u00e9n Celis Rodr\u00edguez y Eric Andr\u00e9s Ch\u00e1vez Ch\u00e1vez."},"content":{"rendered":"<p style=\"font-weight: 400;\">Nueva edici\u00f3n despu\u00e9s de varios a\u00f1os de la primera edici\u00f3n, que cumpli\u00f3 el ciclo y su objeto acad\u00e9mico, por los diferentes usuarios.<\/p>\n<p style=\"font-weight: 400;\">Esta sexta\u00a0edici\u00f3n viene en perpetuar las notables explicaciones de don\u00a0Rub\u00e9n Celis Rodr\u00edguez, quien siempre en forma di\u00e1fana, y con la calidad acad\u00e9mica que s\u00f3lo los grandes maestros logran plasmar, en sus explicaciones de clases, a trav\u00e9s de los a\u00f1os y que puede indicarse que fue un\u00a0grande\u00a0del Derecho Civil, que form\u00f3 generaciones de abogados siempre con el rigor y calidad acad\u00e9mica en las diferentes universidades del pa\u00eds.<\/p>\n<p style=\"font-weight: 400;\">La obra en comento, como toda obra humana ha sido complementada nuevamente y debidamente concordada, para que los usuarios de la misma puedan buscar las respuestas en forma precisa.<\/p>\n<p style=\"font-weight: 400;\">Tambi\u00e9n en la divisi\u00f3n del libro por medio de cap\u00edtulos que permiten una mejor comprensi\u00f3n y claridad de las materias.<\/p>\n<p style=\"font-weight: 400;\">Se incluye un nuevo cap\u00edtulo de\u00a0Pr\u00e1ctica Forense\u00a0o\u00a0Formularios\u00a0de las materias estudiadas, lo que ser\u00e1 de gran utilidad para los abogados en el ejercicio de la profesi\u00f3n, ante los Juzgados del pa\u00eds, lo que sin duda constituye una novedad en el estudio de esta materia.<\/p>\n<p style=\"font-weight: 400;\"><b><strong>PRIMERA PARTE<\/strong><\/b><br \/>\n<b><strong>LA SUCESI\u00d3N POR CAUSA DE MUERTE<\/strong><\/b><\/p>\n<p>Generalidades<br \/>\nAn\u00e1lisis particular<br \/>\nLos asignatarios<br \/>\n1.- Los asignatarios a universal o a t\u00edtulo singular<br \/>\n2.- Asignatarios a t\u00edtulo singular o legatarios<\/p>\n<p><b><strong>CAP\u00cdTULO II<\/strong><\/b><br \/>\n<b><strong>LA APERTURA DE LA SUCESI\u00d3N<\/strong><\/b><\/p>\n<p>1. Momento e que se produce<br \/>\n2. Lugar de apertura de la sucesi\u00f3n<br \/>\n3. Ley que rige la sucesi\u00f3n<br \/>\n4. Momento en que se difiere la asignaci\u00f3n<\/p>\n<p><b><strong>CAP\u00cdTULO III<\/strong><\/b><br \/>\n<b><strong>EL DERECHO REAL DE HERENCIA<\/strong><\/b><\/p>\n<p>Modos de adquirir el derecho de herencia<br \/>\n1.- La sucesi\u00f3n por causa de muerte<br \/>\n2.- La tradici\u00f3n<br \/>\n3.- La prescripci\u00f3n como modo de adquirir el derecho real de herencia<\/p>\n<p style=\"font-weight: 400;\">\n<b><strong>CAP\u00cdTULO IV<\/strong><\/b><br \/>\n<b><strong>EL DERECHO DE TRANSMISI\u00d3N<\/strong><\/b><\/p>\n<p><b><strong>CAP\u00cdTULO V<\/strong><\/b><br \/>\n<b><strong>LOS ACERVOS<\/strong><\/b><\/p>\n<p>1. Acervo com\u00fan o bruto o cuerpo com\u00fan de bienes<br \/>\n2. El acervo l\u00edquido<br \/>\n3. El acervo l\u00edquido o partible<br \/>\n4. Primer acervo imaginario<br \/>\n5. Segundo acervo imaginario<\/p>\n<p><b><strong>CAP\u00cdTULO VI<\/strong><\/b><br \/>\n<b><strong>INCAPACIDADES E INDIGNIDADES PARA SUCEDER<\/strong><\/b><\/p>\n<p>I. Capacidad para suceder por causa de muerte<br \/>\n1. Para suceder es necesario existir al momento de abrirse la sucesi\u00f3n<br \/>\n2. Son incapaces de suceder aquellas entidades a quienes falta personalidad jur\u00eddica al momento de abrirse la sucesi\u00f3n<br \/>\n3. Incapacidad de las personas condenadas por el crimen de da\u00f1ado ayuntamiento<br \/>\n4. Incapacidad de eclesi\u00e1stico confesor<br \/>\n5. Incapacidad del notario, testigos del testamento, sus familiares y dependientes<\/p>\n<p>II. Indignidades para suceder<\/p>\n<p><b><strong>CAP\u00cdTULO VII<\/strong><\/b><br \/>\n<b><strong>REGLAS SOBRE LA SUCESI\u00d3N INTESTADA<\/strong><\/b><\/p>\n<p><b><strong>CAP\u00cdTULO VIII<\/strong><\/b><br \/>\n<b><strong>EL DERECHO DE REPRESENTACI\u00d3N<\/strong><\/b><\/p>\n<p><b><strong>CAP\u00cdTULO IX<\/strong><\/b><br \/>\n<b><strong>\u00d3RDENES DE SUCESI\u00d3N<\/strong><\/b><\/p>\n<p>Primer orden<br \/>\nSegundo orden<br \/>\nTercer orden<br \/>\nCuarto orden<br \/>\nQuinto orden<\/p>\n<p><b><strong>CAP\u00cdTULO X<\/strong><\/b><br \/>\n<b><strong>LOS EXTRANJEROS Y LA SUCESI\u00d3N INTESTADA<\/strong><\/b><\/p>\n<p><b><strong>CAP\u00cdTULO XI<\/strong><\/b><br \/>\n<b><strong>SUCESI\u00d3N PARTE TESTADA Y PARTE INTESTADA<\/strong><\/b><\/p>\n<p><b><strong>SEGUNDA PARTE<\/strong><\/b><br \/>\n<b><strong>LA SUCESI\u00d3N TESTAMENTARIA<\/strong><\/b><br \/>\n<b><strong>(Testamento)<\/strong><\/b><\/p>\n<p><b><strong>CAP\u00cdTULO I<\/strong><\/b><br \/>\n<b><strong>EL TESTAMENTO<\/strong><\/b><\/p>\n<p><b><strong>CAP\u00cdTULO II<\/strong><\/b><br \/>\n<b><strong>CLASIFICACI\u00d3N DEL TESTAMENTO<\/strong><\/b><\/p>\n<p>1. Testamento solemne<br \/>\n2. Testamento menos solemne o privilegiado<br \/>\nI. Testamento solemne otorgado en Chile<br \/>\nII. Testamento solemne otorgado en pa\u00eds extranjero<br \/>\nIII. Testamento menos solemne o privilegiado<br \/>\n1.- El testamento verbal<br \/>\n2.- El testamento militar<br \/>\n3. El testamento mar\u00edtimo<\/p>\n<p><b><strong>CAP\u00cdTULO III<\/strong><\/b><br \/>\n<b><strong>LAS ASIGNACIONES TESTAMENTARIA<\/strong><\/b><\/p>\n<p>Concepto<br \/>\nRequisitos de las asignaciones<br \/>\nClasificaci\u00f3n de las asignaciones testamentarias<br \/>\n1. Asignaciones condicionales<br \/>\n2. Asignaciones testamentarias a d\u00eda<br \/>\n3. Asignaciones modales propiamente tales<\/p>\n<p><b><strong>TERCERA PARTE<\/strong><\/b><br \/>\n<b><strong>DE LAS DONACIONES REVOCABLES<\/strong><\/b><\/p>\n<p><b><strong>CAP\u00cdTULO I<\/strong><\/b><br \/>\n<b><strong>GENERALIDADES<\/strong><\/b><\/p>\n<p>Requisitos<br \/>\nEfectos de las donaciones revocables<br \/>\nExtinci\u00f3n de las donaciones revocables<\/p>\n<p><b><strong>CAP\u00cdTULO II<\/strong><\/b><br \/>\n<b><strong>DERECHOS QUE CONCURREN EN UNA SUCESI\u00d3N<\/strong><\/b><\/p>\n<p>1. El derecho de acrecimiento<br \/>\n2. La sustituci\u00f3n<\/p>\n<p><b><strong>CAP\u00cdTULO III<\/strong><\/b><br \/>\n<b><strong>LAS ASIGNACIONES FORZOSAS<\/strong><\/b><\/p>\n<p>Concepto<br \/>\nMedios directos e indirectos con que el legislador las protege<br \/>\nLas asignaciones forzosas en particular<br \/>\n1. Alimentos que se deben por ley a ciertas personas<br \/>\n2. Las leg\u00edtimas<br \/>\n3. La cuarta de mejoras<\/p>\n<p><b><strong>CAP\u00cdTULO IV<\/strong><\/b><br \/>\n<b><strong>EL DESHEREDAMIENTO<\/strong><\/b><\/p>\n<p>Concepto<br \/>\nCausales de desheredamiento<br \/>\nRequisitos<br \/>\nClases de desheredamiento<br \/>\nEfectos del desheredamiento<br \/>\nRevocaci\u00f3n del desheredamiento<\/p>\n<p><b><strong>CAP\u00cdTULO V<\/strong><\/b><br \/>\n<b><strong>LA REVOCACI\u00d3N Y REFORMA DEL TESTAMENTO<\/strong><\/b><\/p>\n<p>I. Revocaci\u00f3n del testamento<br \/>\nII. La acci\u00f3n de reforma del testamento<br \/>\nObjeto de la acci\u00f3n de reforma<\/p>\n<p><b><strong>CAP\u00cdTULO VII<\/strong><\/b><br \/>\n<b><strong>LA APERTURA DE LA SUCESI\u00d3N Y DE LA ACEPTACI\u00d3N Y REPUDIACI\u00d3N DE LAS ASIGNACIONES<\/strong><\/b><\/p>\n<p>I. La apertura de la sucesi\u00f3n<br \/>\nII. Aceptaci\u00f3n y repudiaci\u00f3n de las asignaciones<\/p>\n<p><b><strong>CAP\u00cdTULO VII<\/strong><\/b><br \/>\n<b><strong>REGLAS PARTICULARES RELATIVAS A LAS HERENCIAS<\/strong><\/b><\/p>\n<p>I. La herencia yacente<br \/>\nII. Aceptaci\u00f3n t\u00e1cita de la herencia<br \/>\nIII. La condenaci\u00f3n judicial de un heredero<br \/>\nIV. El beneficio de inventario<\/p>\n<p><b><strong>CAP\u00cdTULO IX<\/strong><\/b><br \/>\n<b><strong>LA ACCI\u00d3N DE PETICI\u00d3N DE HERENCIA<\/strong><\/b><\/p>\n<p>\u00bfQui\u00e9n puede entablar la acci\u00f3n?<br \/>\n\u00bfContra qui\u00e9nes debe dirigirse la acci\u00f3n?<br \/>\nEfectos de la acci\u00f3n de petici\u00f3n de herencia<\/p>\n<p><b><strong>CAP\u00cdTULO X<\/strong><\/b><br \/>\n<b><strong>LOS ALBACEAS O EJECUTORES TESTAMENTARIOS<\/strong><\/b><\/p>\n<p>Concepto<br \/>\nCaracter\u00edsticas<br \/>\nCapacidad para ser albacea<br \/>\nExtinci\u00f3n del albaceazgo<\/p>\n<p><b><strong>CUARTA PARTE<\/strong><\/b><br \/>\n<b><strong>LA PARTICI\u00d3N DE BIENES DESDE EL PUNTO DE VISTA CIVIL<\/strong><\/b><\/p>\n<p><b><strong>CAP\u00cdTULO I<\/strong><\/b><br \/>\n<b><strong>GENERALIDADES<\/strong><\/b><\/p>\n<p><b><strong>CAP\u00cdTULO II<\/strong><\/b><br \/>\n<b><strong>LA ACCI\u00d3N DE PARTICI\u00d3N<\/strong><\/b><\/p>\n<p><b><strong>CAP\u00cdTULO III<\/strong><\/b><br \/>\n<b><strong>FORMAS EN QUE PUEDE HACERSE LA PARTICI\u00d3N<\/strong><\/b><\/p>\n<p><b><strong>CAP\u00cdTULO IV<\/strong><\/b><br \/>\n<b><strong>NOMBRAMIENTO DEL PARTIDOR<\/strong><\/b><\/p>\n<p><b><strong>CAP\u00cdTULO IV<\/strong><\/b><br \/>\n<b><strong>NOMBRAMIENTO DEL PARTIDOR<\/strong><\/b><\/p>\n<p><b><strong>CAP\u00cdTULO IV<\/strong><\/b><br \/>\n<b><strong>NOMBRAMIENTO DEL PARTIDOR<\/strong><\/b><\/p>\n<p><b><strong>CAP\u00cdTULO V<\/strong><\/b><br \/>\n<b><strong>TR\u00c1MITES PREVIOS A LA PARTICI\u00d3N<\/strong><\/b><\/p>\n<p><b><strong>CAP\u00cdTULO VI<\/strong><\/b><br \/>\n<b><strong>EL JUICIO DE PARTICI\u00d3N<\/strong><\/b><\/p>\n<p>Inicio<br \/>\nTramitaci\u00f3n judicial arbitral<br \/>\nClases de comparendos<br \/>\nCuestiones que deben servir de base a la partici\u00f3n<br \/>\nCuadernos en el juicio de partici\u00f3n<\/p>\n<p><b><strong>CAP\u00cdTULO VII<\/strong><\/b><br \/>\n<b><strong>LIQUIDACI\u00d3N Y DISTRIBUCI\u00d3N DE BIENES COMUNES<\/strong><\/b><\/p>\n<p>Introducci\u00f3n<br \/>\nDistribuci\u00f3n, reglas aplicables<br \/>\nDerecho de atribuci\u00f3n preferencial a favor del c\u00f3nyuge sobreviviente<br \/>\nVentas y adjudicaci\u00f3n de los bienes comunes<br \/>\nLa subasta<\/p>\n<p><b><strong>CAP\u00cdTULO VIII<\/strong><\/b><br \/>\n<b><strong>FIN DEL JUICIO DE PARTICI\u00d3N<\/strong><\/b><\/p>\n<p>Generalidades<br \/>\nAprobaci\u00f3n judicial de la partici\u00f3n<\/p>\n<p><b><strong>CAP\u00cdTULO IX<\/strong><\/b><br \/>\n<b><strong>EFECTOS DE LA PARTICI\u00d3N<\/strong><\/b><\/p>\n<p>1. La adjudicaci\u00f3n<br \/>\n2. Efecto declarativo de la partici\u00f3n<\/p>\n<p><b><strong>CAP\u00cdTULO X<\/strong><\/b><br \/>\n<b><strong>RECURSOS CONTRA LAS PARTICIONES<\/strong><\/b><\/p>\n<p><b><strong>CAP\u00cdTULO XI<\/strong><\/b><br \/>\n<b><strong>PAGO DE LAS DEUDAS HEREDITARIAS Y TESTAMENTARIAS<\/strong><\/b><\/p>\n<p>Concepto<br \/>\nBeneficio de separaci\u00f3n<\/p>\n<p><b><strong>QUINTA PARTE<\/strong><\/b><br \/>\n<b><strong>FORMULARIOS<\/strong><\/b><\/p>\n<p>1. Aprobaci\u00f3n judicial partici\u00f3n. Formulario<br \/>\n2. Asignaciones forzosas. Breve explicaci\u00f3n<br \/>\n3. Inventario solemne. Formulario<br \/>\n4. Demanda. Acci\u00f3n de petici\u00f3n de herencia. Formulario<br \/>\n5. Demanda. Albacea entrega de legado. Formulario<br \/>\n6. Demanda. Condenaci\u00f3n judicial de heredero. Formulario<br \/>\n7. Demanda. Aceptaci\u00f3n o repudiaci\u00f3n de herencia. Formulario<br \/>\n8. Demanda. Determinaci\u00f3n heredero. Formulario<br \/>\n9. Demanda. Reforma de testamento. Formulario<br \/>\n10. Demanda. Indignidad para suceder. Formulario<br \/>\n11. Demanda. Acci\u00f3n de inoficiosa donaci\u00f3n. Formulario<br \/>\n12. Demanda. Nulidad testamento. Formulario<br \/>\n13. Demanda. Revocatoria o Pauliana<br \/>\n14. Demanda. Acci\u00f3n desheredamiento. Formulario<br \/>\n15. Donaci\u00f3n revocable. Capitulaciones matrimoniales. Marido a mujer. Inmueble. Escritura p\u00fablica<br \/>\n16. Donaci\u00f3n revocable. Capitulaciones matrimoniales. Mujer a marido. Inmueble. Escritura p\u00fablica<br \/>\n17. Donaci\u00f3n irrevocable. Capitulaciones matrimoniales. Marido a mujer. Cosas muebles. Escritura p\u00fablica<br \/>\n18. Donaci\u00f3n. Padre o madre, al hijo. Escritura p\u00fablica<br \/>\n19. Donaci\u00f3n. Nuda propiedad. Inmueble. Escritura p\u00fablica<br \/>\n20. Cesi\u00f3n derechos hereditarios. Escritura p\u00fablica<br \/>\n21. Donaci\u00f3n. Insinuaci\u00f3n. Autorizaci\u00f3n para donar. Formulario<br \/>\n22. Guarda y aposici\u00f3n de sellos. Aposici\u00f3n. Formulario<br \/>\n23. Guarda y aposici\u00f3n de sellos. Guarda de bienes. Formulario<br \/>\n24. Declaraci\u00f3n herencia yacente. Formulario<br \/>\n25. Denuncia herencia vacante. Formulario<br \/>\n26. Comparecencia albacea. Escritura p\u00fablica<br \/>\n27. Entrega de legado. Escritura p\u00fablica<br \/>\n28.\u00a0\u00a0Notificaci\u00f3n a los herederos. Formulario<br \/>\n29. Posesi\u00f3n efectiva. Testamentaria<br \/>\n30. Posesi\u00f3n efectiva. Testamentaria. Acompa\u00f1a inventario protocolizado. Formulario<br \/>\n31. Posesi\u00f3n efectiva. Testamentaria. Extracto<br \/>\n32. Posesi\u00f3n efectiva. Testamentaria. Ampliaci\u00f3n inventario. Formulario<br \/>\n33. Posesi\u00f3n efectiva. Testamentaria. Ampliaci\u00f3n. Ampliaci\u00f3n auto posesi\u00f3n efectiva. Formulario<br \/>\n34. Posesi\u00f3n efectiva. Testamentaria. Fallecido extranjero. Formulario<br \/>\n35. Posesi\u00f3n efectiva. Testamentaria. Supresi\u00f3n heredero. Formulario<br \/>\n36. Posesi\u00f3n efectiva. Intestada. Inclusi\u00f3n heredero. Formulario<br \/>\n37. Repudiaci\u00f3n. Escritura p\u00fablica<br \/>\n38. Testamento. Abierto otorgado en Chile. Formulario<br \/>\n39. Testamento. Abierto otorgado en Chile. Con designaci\u00f3n de albacea. Formulario<br \/>\n40. Testamento. Cerrado. Acta de apertura. Juzgado de letras. Formulario<br \/>\n41. Testamento. Cerrado. Apertura testamento. Formulario<br \/>\n42. Testamento. Cerrado. Car\u00e1tula. Formulario<br \/>\n43. Testamento. Cerrado. Texto que va dentro del sobre. Formulario<br \/>\n44. Testamento abierto otorgado en pa\u00eds extranjero. Formulario<br \/>\n45. Testamento cerrado. Car\u00e1tula. Otorgado en pa\u00eds extranjero. Formulario<\/p>\n","protected":false},"excerpt":{"rendered":"<p>Nueva edici\u00f3n despu\u00e9s de varios a\u00f1os de la primera edici\u00f3n, que cumpli\u00f3 el ciclo y su objeto acad\u00e9mico, por los diferentes usuarios. Esta sexta\u00a0edici\u00f3n viene en perpetuar las notables explicaciones de don\u00a0Rub\u00e9n Celis Rodr\u00edguez, quien siempre en forma di\u00e1fana, y con la calidad acad\u00e9mica que s\u00f3lo los grandes maestros logran plasmar, en sus explicaciones de clases, a trav\u00e9s de los a\u00f1os y que puede indicarse que fue un\u00a0grande\u00a0del Derecho Civil, que form\u00f3 generaciones de abogados siempre con el rigor y calidad acad\u00e9mica en las diferentes universidades del pa\u00eds. La obra en comento, como toda obra humana ha sido complementada nuevamente y debidamente concordada, para que los usuarios de la misma puedan buscar las respuestas en forma precisa. Tambi\u00e9n en la divisi\u00f3n del libro por medio de cap\u00edtulos que permiten una mejor comprensi\u00f3n y claridad de las materias. Se incluye un nuevo cap\u00edtulo de\u00a0Pr\u00e1ctica Forense\u00a0o\u00a0Formularios\u00a0de las materias estudiadas, lo que ser\u00e1 de gran utilidad para los abogados en el ejercicio de la profesi\u00f3n, ante los Juzgados del pa\u00eds, lo que sin duda constituye una novedad en el estudio de esta materia. PRIMERA PARTE LA SUCESI\u00d3N POR CAUSA DE MUERTE Generalidades An\u00e1lisis particular Los asignatarios 1.- Los asignatarios a universal o a t\u00edtulo singular 2.- Asignatarios a t\u00edtulo singular o legatarios CAP\u00cdTULO II LA APERTURA DE LA SUCESI\u00d3N 1. Momento e que se produce 2. Lugar de apertura de la sucesi\u00f3n 3. Ley que rige la sucesi\u00f3n 4. Momento en que se difiere la asignaci\u00f3n CAP\u00cdTULO III EL DERECHO REAL DE HERENCIA Modos de adquirir el derecho de herencia 1.- La sucesi\u00f3n por causa de muerte 2.- La tradici\u00f3n 3.- La prescripci\u00f3n como modo de adquirir el derecho real de herencia CAP\u00cdTULO IV EL DERECHO DE TRANSMISI\u00d3N CAP\u00cdTULO V LOS ACERVOS 1. Acervo com\u00fan o bruto o cuerpo com\u00fan de bienes 2. El acervo l\u00edquido 3. El acervo l\u00edquido o partible 4. Primer acervo imaginario 5. Segundo acervo imaginario CAP\u00cdTULO VI INCAPACIDADES E INDIGNIDADES PARA SUCEDER I. Capacidad para suceder por causa de muerte 1. Para suceder es necesario existir al momento de abrirse la sucesi\u00f3n 2. Son incapaces de suceder aquellas entidades a quienes falta personalidad jur\u00eddica al momento de abrirse la sucesi\u00f3n 3. Incapacidad de las personas condenadas por el crimen de da\u00f1ado ayuntamiento 4. Incapacidad de eclesi\u00e1stico confesor 5. Incapacidad del notario, testigos del testamento, sus familiares y dependientes II. Indignidades para suceder CAP\u00cdTULO VII REGLAS SOBRE LA SUCESI\u00d3N INTESTADA CAP\u00cdTULO VIII EL DERECHO DE REPRESENTACI\u00d3N CAP\u00cdTULO IX \u00d3RDENES DE SUCESI\u00d3N Primer orden Segundo orden Tercer orden Cuarto orden Quinto orden CAP\u00cdTULO X LOS EXTRANJEROS Y LA SUCESI\u00d3N INTESTADA CAP\u00cdTULO XI SUCESI\u00d3N PARTE TESTADA Y PARTE INTESTADA SEGUNDA PARTE LA SUCESI\u00d3N TESTAMENTARIA (Testamento) CAP\u00cdTULO I EL TESTAMENTO CAP\u00cdTULO II CLASIFICACI\u00d3N DEL TESTAMENTO 1. Testamento solemne 2. Testamento menos solemne o privilegiado I. Testamento solemne otorgado en Chile II. Testamento solemne otorgado en pa\u00eds extranjero III. Testamento menos solemne o privilegiado 1.- El testamento verbal 2.- El testamento militar 3. El testamento mar\u00edtimo CAP\u00cdTULO III LAS ASIGNACIONES TESTAMENTARIA Concepto Requisitos de las asignaciones Clasificaci\u00f3n de las asignaciones testamentarias 1. Asignaciones condicionales 2. Asignaciones testamentarias a d\u00eda 3. Asignaciones modales propiamente tales TERCERA PARTE DE LAS DONACIONES REVOCABLES CAP\u00cdTULO I GENERALIDADES Requisitos Efectos de las donaciones revocables Extinci\u00f3n de las donaciones revocables CAP\u00cdTULO II DERECHOS QUE CONCURREN EN UNA SUCESI\u00d3N 1. El derecho de acrecimiento 2. La sustituci\u00f3n CAP\u00cdTULO III LAS ASIGNACIONES FORZOSAS Concepto Medios directos e indirectos con que el legislador las protege Las asignaciones forzosas en particular 1. Alimentos que se deben por ley a ciertas personas 2. Las leg\u00edtimas 3. La cuarta de mejoras CAP\u00cdTULO IV EL DESHEREDAMIENTO Concepto Causales de desheredamiento Requisitos Clases de desheredamiento Efectos del desheredamiento Revocaci\u00f3n del desheredamiento CAP\u00cdTULO V LA REVOCACI\u00d3N Y REFORMA DEL TESTAMENTO I. Revocaci\u00f3n del testamento II. La acci\u00f3n de reforma del testamento Objeto de la acci\u00f3n de reforma CAP\u00cdTULO VII LA APERTURA DE LA SUCESI\u00d3N Y DE LA ACEPTACI\u00d3N Y REPUDIACI\u00d3N DE LAS ASIGNACIONES I. La apertura de la sucesi\u00f3n II. Aceptaci\u00f3n y repudiaci\u00f3n de las asignaciones CAP\u00cdTULO VII REGLAS PARTICULARES RELATIVAS A LAS HERENCIAS I. La herencia yacente II. Aceptaci\u00f3n t\u00e1cita de la herencia III. La condenaci\u00f3n judicial de un heredero IV. El beneficio de inventario CAP\u00cdTULO IX LA ACCI\u00d3N DE PETICI\u00d3N DE HERENCIA \u00bfQui\u00e9n puede entablar la acci\u00f3n? \u00bfContra qui\u00e9nes debe dirigirse la acci\u00f3n? Efectos de la acci\u00f3n de petici\u00f3n de herencia CAP\u00cdTULO X LOS ALBACEAS O EJECUTORES TESTAMENTARIOS Concepto Caracter\u00edsticas Capacidad para ser albacea Extinci\u00f3n del albaceazgo CUARTA PARTE LA PARTICI\u00d3N DE BIENES DESDE EL PUNTO DE VISTA CIVIL CAP\u00cdTULO I GENERALIDADES CAP\u00cdTULO II LA ACCI\u00d3N DE PARTICI\u00d3N CAP\u00cdTULO III FORMAS EN QUE PUEDE HACERSE LA PARTICI\u00d3N CAP\u00cdTULO IV NOMBRAMIENTO DEL PARTIDOR CAP\u00cdTULO IV NOMBRAMIENTO DEL PARTIDOR CAP\u00cdTULO IV NOMBRAMIENTO DEL PARTIDOR CAP\u00cdTULO V TR\u00c1MITES PREVIOS A LA PARTICI\u00d3N CAP\u00cdTULO VI EL JUICIO DE PARTICI\u00d3N Inicio Tramitaci\u00f3n judicial arbitral Clases de comparendos Cuestiones que deben servir de base a la partici\u00f3n Cuadernos en el juicio de partici\u00f3n CAP\u00cdTULO VII LIQUIDACI\u00d3N Y DISTRIBUCI\u00d3N DE BIENES COMUNES Introducci\u00f3n Distribuci\u00f3n, reglas aplicables Derecho de atribuci\u00f3n preferencial a favor del c\u00f3nyuge sobreviviente Ventas y adjudicaci\u00f3n de los bienes comunes La subasta CAP\u00cdTULO VIII FIN DEL JUICIO DE PARTICI\u00d3N Generalidades Aprobaci\u00f3n judicial de la partici\u00f3n CAP\u00cdTULO IX EFECTOS DE LA PARTICI\u00d3N 1. La adjudicaci\u00f3n 2. Efecto declarativo de la partici\u00f3n CAP\u00cdTULO X RECURSOS CONTRA LAS PARTICIONES CAP\u00cdTULO XI PAGO DE LAS DEUDAS HEREDITARIAS Y TESTAMENTARIAS Concepto Beneficio de separaci\u00f3n QUINTA PARTE FORMULARIOS 1. Aprobaci\u00f3n judicial partici\u00f3n. Formulario 2. Asignaciones forzosas. Breve explicaci\u00f3n 3. Inventario solemne. Formulario 4. Demanda. Acci\u00f3n de petici\u00f3n de herencia. Formulario 5. Demanda. Albacea entrega de legado. Formulario 6. Demanda. Condenaci\u00f3n judicial de heredero. Formulario 7. Demanda. Aceptaci\u00f3n o repudiaci\u00f3n de herencia. Formulario 8. Demanda. Determinaci\u00f3n heredero. Formulario 9. Demanda. Reforma de testamento. Formulario 10. Demanda. Indignidad para suceder. Formulario 11. Demanda. Acci\u00f3n de inoficiosa donaci\u00f3n. Formulario 12. Demanda. Nulidad testamento. Formulario 13. Demanda. Revocatoria o Pauliana 14. Demanda. Acci\u00f3n desheredamiento. Formulario 15. Donaci\u00f3n revocable. Capitulaciones matrimoniales. Marido a mujer. Inmueble. Escritura p\u00fablica 16. Donaci\u00f3n revocable. Capitulaciones<\/p>\n","protected":false},"featured_media":4213,"comment_status":"open","ping_status":"closed","template":"","meta":{"inline_featured_image":false,"_joinchat":[]},"product_brand":[],"product_cat":[27,59],"product_tag":[],"class_list":{"0":"post-4183","1":"product","2":"type-product","3":"status-publish","4":"has-post-thumbnail","6":"product_cat-civil","7":"product_cat-editorial-tofulex-ediciones-juridicas","8":"product_shipping_class-a-convenir","10":"first","11":"instock","12":"shipping-taxable","13":"purchasable","14":"product-type-simple"},"_links":{"self":[{"href":"https:\/\/bibliotecajuridicavirtual.cl\/index.php\/wp-json\/wp\/v2\/product\/4183","targetHints":{"allow":["GET"]}}],"collection":[{"href":"https:\/\/bibliotecajuridicavirtual.cl\/index.php\/wp-json\/wp\/v2\/product"}],"about":[{"href":"https:\/\/bibliotecajuridicavirtual.cl\/index.php\/wp-json\/wp\/v2\/types\/product"}],"replies":[{"embeddable":true,"href":"https:\/\/bibliotecajuridicavirtual.cl\/index.php\/wp-json\/wp\/v2\/comments?post=4183"}],"wp:featuredmedia":[{"embeddable":true,"href":"https:\/\/bibliotecajuridicavirtual.cl\/index.php\/wp-json\/wp\/v2\/media\/4213"}],"wp:attachment":[{"href":"https:\/\/bibliotecajuridicavirtual.cl\/index.php\/wp-json\/wp\/v2\/media?parent=4183"}],"wp:term":[{"taxonomy":"product_brand","embeddable":true,"href":"https:\/\/bibliotecajuridicavirtual.cl\/index.php\/wp-json\/wp\/v2\/product_brand?post=4183"},{"taxonomy":"product_cat","embeddable":true,"href":"https:\/\/bibliotecajuridicavirtual.cl\/index.php\/wp-json\/wp\/v2\/product_cat?post=4183"},{"taxonomy":"product_tag","embeddable":true,"href":"https:\/\/bibliotecajuridicavirtual.cl\/index.php\/wp-json\/wp\/v2\/product_tag?post=4183"}],"curies":[{"name":"wp","href":"https:\/\/api.w.org\/{rel}","templated":true}]}}