{"id":4184,"date":"2026-02-28T01:23:40","date_gmt":"2026-02-28T04:23:40","guid":{"rendered":"https:\/\/bibliotecajuridicavirtual.cl\/?post_type=product&#038;p=4184"},"modified":"2026-02-28T01:23:56","modified_gmt":"2026-02-28T04:23:56","slug":"normas-comunes-todo-procedimiento-5ta-edicion-ano-2022-513-pag-autor-eric-andres-chavez-chavez","status":"publish","type":"product","link":"https:\/\/bibliotecajuridicavirtual.cl\/index.php\/product\/normas-comunes-todo-procedimiento-5ta-edicion-ano-2022-513-pag-autor-eric-andres-chavez-chavez\/","title":{"rendered":"Normas Comunes  todo Procedimiento 5ta Edici\u00f3n. A\u00f1o 2022\/513 P\u00e1g. Autor  Eric Andr\u00e9s Ch\u00e1vez Ch\u00e1vez"},"content":{"rendered":"<p style=\"font-weight: 400;\">En especial consideraci\u00f3n, el autor en esta edici\u00f3n introduce las modificaciones de las Leyes N\u00b0s 21.394 y 21.461 al C\u00f3digo de Procedimiento Civil y C\u00f3digo Org\u00e1nico de Tribunales, para estar al d\u00eda con la normativa en esta materia. Tambi\u00e9n se hace presente que despu\u00e9s de cada cap\u00edtulo viene el escrito o demanda y los principales escritos de mera tramitaci\u00f3n, para que el usuario pueda tener en forma inmediata el escrito que busca para ejercer ante los juzgados la acci\u00f3n correspondiente.<\/p>\n<p style=\"font-weight: 400;\"><b>CAP\u00cdTULO I<\/b><br \/>\n<b>ABANDONO PROCEDIMIENTO<\/b><\/p>\n<p>Pr\u00e1ctica Forense<br \/>\n1. Abandono del procedimiento. Procedimiento ordinario<br \/>\n2. Abandono del procedimiento. Procedimiento ejecutivo<br \/>\n3. Abandono del procedimiento. Procedimiento ejecutivo. Sin excepciones<br \/>\n4. Abandono del procedimiento. Evac\u00faa traslado<br \/>\n5. Abandono del procedimiento. Resuelva incidente<br \/>\n6. Abandono del procedimiento. Reciba a prueba o resuelva incidente<br \/>\n7. Abandono del procedimiento. Lista testigos<\/p>\n<p><b>CAP\u00cdTULO II<\/b><br \/>\n<b>ACTUACIONES JUDICIALES<\/b><\/p>\n<p>Pr\u00e1ctica Forense<\/p>\n<p>1. Actuaciones judiciales. Hace uso citaci\u00f3n<br \/>\n2. Actuaciones judiciales. Habilitaci\u00f3n d\u00eda y hora<br \/>\n3. Actuaciones judiciales. Habilitaci\u00f3n d\u00eda y hora<br \/>\n4. Actuaciones judiciales. Designaci\u00f3n receptor judicial<br \/>\n5. Actuaciones judiciales. Autorizaci\u00f3n receptor judicial<\/p>\n<p><b>CAP\u00cdTULO III<\/b><br \/>\n<b>ACUMULACI\u00d3N DE AUTOS<\/b><\/p>\n<p>Acumulaci\u00f3n de autos<br \/>\nPr\u00e1ctica Forense<br \/>\nN\u00b0\u00danico: acumulaci\u00f3n de autos<\/p>\n<p><b>CAP\u00cdTULO IV<\/b><br \/>\n<b>COMPARECENCIA EN JUICIO<\/b><\/p>\n<p>Comparecencia en juicio<br \/>\nPr\u00e1ctica Forense<br \/>\n1. Comparecencia en juicio. Acta fianza rato (1)<br \/>\n2. Comparecencia en juicio. Acta fianza rato (2)<br \/>\n3. Comparecencia en juicio. Acta fianza rato (3)<br \/>\n4. Comparecencia en juicio. Ofrece fiador<br \/>\n5. Comparecencia en juicio. Comparece fianza rato<br \/>\n6. Comparecencia en juicio. Cumple lo ordenado<br \/>\n7. Comparecencia en juicio. Mandato judicial<br \/>\n8. Comparecencia en juicio. Mandato judicial<br \/>\n9. Comparecencia en juicio. Mandato judicial<br \/>\n10. Comparecencia en juicio. Revocaci\u00f3n. Mandato<br \/>\n11. Comparecencia en juicio. Notificaci\u00f3n. Revocaci\u00f3n mandato judicial<br \/>\n12. Comparecencia en juicio. Notificaci\u00f3n herederos<br \/>\n13. Comparecencia en juicio. Revoca patrocinio<br \/>\n14. Comparecencia en juicio. Patrocinio y poder (N\u00b01)<br \/>\n15. Comparecencia en juicio. Patrocinio y poder (N\u00b02)<br \/>\n16. Comparecencia en juicio. Patrocinio y poder (N\u00b03)<br \/>\n17. Comparecencia en juicio. Patrocinio y poder (N\u00b04)<br \/>\n18. Comparecencia en juicio. Patrocinio y poder (N\u00b05)<br \/>\n19. Comparecencia en juicio. Renuncia poder<br \/>\n20. Comparecencia en juicio. Renuncia y emplazamiento<br \/>\n21. Comparecencia en juicio. Revoca patrocinio y poder<br \/>\n22. Comparecencia en juicio. Acredita personer\u00eda<br \/>\n23. Comparecencia en juicio. Comparece instancia<br \/>\n24. Comparecencia en juicio. Delega poder a procurador n\u00famero<br \/>\n25. Comparecencia en juicio. Ampliaci\u00f3n poder<br \/>\n26. Comparecencia en juicio. Delega poder<br \/>\n27. Comparecencia en juicio. Renuncia al poder y patrocinio<\/p>\n<p><b>CAP\u00cdTULO V<\/b><br \/>\n<b>COSTAS<\/b><\/p>\n<p>Costas<br \/>\nPr\u00e1ctica Forense<br \/>\nRegulaci\u00f3n cosas personales<\/p>\n<p><b>CAP\u00cdTULO VI<\/b><br \/>\n<b>CUESTIONES DE COMPETENCIA<\/b><\/p>\n<p>Cuestiones de competencia<br \/>\nPr\u00e1ctica Forense<br \/>\nN\u00b01. Cuesti\u00f3n incompetencia<br \/>\nN\u00b02. Cuesti\u00f3n incompetencia. Inhibitoria<\/p>\n<p><b>CAP\u00cdTULO VII<\/b><br \/>\n<b>DEMANDA<\/b><\/p>\n<p>Demanda<br \/>\nPr\u00e1ctica Forense<br \/>\n1. Demanda. Menor cuant\u00eda. Ordinario<br \/>\n2. Demanda. M\u00ednima cuant\u00eda. Ordinario<br \/>\n3. Demanda. Aver\u00eda com\u00fan. Designaci\u00f3n liquidador<br \/>\n4. Demanda. Aver\u00eda com\u00fan. Legitimidad<br \/>\n5. Demanda. Aver\u00eda com\u00fan. Legitimidad por interesado<br \/>\n6. Demanda. \u00c1rbitro. Arbitral de arbitrador<br \/>\n7. Demanda. \u00c1rbitro. Designaci\u00f3n \u00e1rbitro de derecho<br \/>\n8. Demanda. Arrendamiento. Bienes muebles<br \/>\n9. Demanda. Arrendamiento. Desahucio<br \/>\n10. Demanda. Arrendamiento.\u00a0Cobro rentas insolutas<br \/>\n11. Demanda. Arrendamiento. Restituci\u00f3n propiedad extinci\u00f3n derecho arrendador<br \/>\n12. Demanda. Arrendamiento. Restituci\u00f3n propiedad arrendada\u00a0por tiempo estipulado<br \/>\n13.\u00a0Demanda. Arrendamiento. Restituci\u00f3n. Subarrendamiento no pago de rentas<br \/>\n14.\u00a0Demanda. Arrendamiento.\u00a0Restituci\u00f3n muebles y enseres<br \/>\n15. Demanda. Arrendamiento.\u00a0Terminaci\u00f3n arriendo por destrucci\u00f3n total<br \/>\n16. Demanda. Arrendamiento.\u00a0Indemnizaci\u00f3n perjuicios<br \/>\n17. Demanda. Arrendamiento. Restituci\u00f3n muebles y enseres<br \/>\n18. Demanda. Arrendamiento.\u00a0Monitoria. Cobro rentas<br \/>\n19. Demanda. Arrendamiento. Oposici\u00f3n a demanda monitoria<br \/>\n20. Demanda. Arrendamiento. Dilatoria a demanda monitoria<br \/>\n21. Demanda. Arrendamiento.\u00a0Dilatoria\u00a0a demanda monitoria en subsidio oposici\u00f3n<br \/>\n22. Demanda ejecutiva.\u00a0Confesi\u00f3n deuda. Inasistencia<br \/>\n22. Demanda. Ejecutiva. Confesi\u00f3n deuda. Inasistencia<br \/>\n23. Demanda. Ejecutiva. Cobro factura<br \/>\n24. Demanda. Ejecutiva. Cobro cheque<br \/>\n25. Demanda. Ejecutiva. Cobro cheque<br \/>\n26. Demanda. Ejecutiva. Cobro cheque<br \/>\n27. Demanda. Ejecutiva. Citaci\u00f3n evicci\u00f3n<br \/>\n28. Demanda. Ejecutiva. Gesti\u00f3n preparatoria. Notificaci\u00f3n acci\u00f3n desposeimiento<br \/>\n29. Demanda. Ejecutiva. Acci\u00f3n. Desposeimiento<br \/>\n30. Demanda. Ejecutiva. Copropiedad inmobiliaria<br \/>\n31. Demanda. Ejecutiva. Cobro letra cambio<br \/>\n32. Demanda. Ejecutiva. Cobro letra cambio<br \/>\n33. Demanda. Ejecutiva. Cobro letra cambio<br \/>\n34. Demanda. Ejecutiva. Cobro letra cambio<br \/>\n35. Demanda. Ejecutiva. Cobro letra cambio<br \/>\n36. Demanda. Ejecutiva. Cobro letra cambio<br \/>\n37. Demanda. Ejecutiva. Aumento presupuesto<br \/>\n38. Demanda. Ejecutiva. Autorizaci\u00f3n para llevar a efecto obra<br \/>\n39. Demanda. Ejecutiva. Cumplimiento obligaci\u00f3n hacer. Promesa<br \/>\n40. Demanda. Ejecutiva. Cumplimiento obligaci\u00f3n de hacer. Escritura p\u00fablica<br \/>\n41. Demanda. Ejecutiva. Cumplimiento obligaci\u00f3n de hacer. Suscripci\u00f3n escritura p\u00fablica<br \/>\n42. Demanda. Ejecutiva. Cobro pagar\u00e9<br \/>\n43. Demanda. Ejecutiva. Cobro pagar\u00e9<br \/>\n44. Demanda. Ejecutiva. Cobro pagar\u00e9<br \/>\n45. Demanda. Ejecutiva. Cobro pagar\u00e9<br \/>\n46. Demanda. Ejecutiva. Cobro pagar\u00e9<br \/>\n47. Demanda. Ejecutiva. Entrega inmueble<br \/>\n48. Demanda. Ejecutiva. Entrega inmueble, remate<br \/>\n49. Demanda. Ejecutiva. Obligaci\u00f3n dar<br \/>\n50. Demanda. Ejecutiva. Obligaci\u00f3n dar<br \/>\n51. Demanda. Ejecutiva. Obligaci\u00f3n dar<br \/>\n52. Demanda. Ejecutiva. Obligaci\u00f3n dar<br \/>\n53. Demanda. Ejecutiva. Obligaci\u00f3n dar<br \/>\n54. Demanda. Ejecutiva. Obligaci\u00f3n dar<br \/>\n55. Demanda. Ejecutiva. Warrants<br \/>\n56. Demanda. Ejecutiva. Prenda Civil<br \/>\n57. Demanda. Ejecutiva. Prenda Ley 20.190<br \/>\n58. Demanda. Ejecutiva. Prenda valores mobiliarios<br \/>\n59. Demanda. Ejecutiva. Obligaciones tributarias<br \/>\n60. Demanda. Ejecutiva. Ley bancos<br \/>\n61. Demanda. Sumario. Error Judicial<br \/>\n62. Demanda. Sumario. Indemnizaci\u00f3n acci\u00f3n civil (Art. 680 N\u00b010 CPC)<br \/>\n63. Demanda. Sumario. Remoci\u00f3n guardador<br \/>\n64. Demanda. Sumario. Rendici\u00f3n cuenta<br \/>\n65. Demanda. Sumario. Cobro pesos<br \/>\n66. Demanda. Sumario.\u00a0Reclamaci\u00f3n indemnizaci\u00f3n expropiaci\u00f3n<br \/>\n67.\u00a0Demanda. Sumario. Jactancia<br \/>\n68. Demanda. Sumario. General<br \/>\n69. Demanda. Sumario. Cobro honorarios<br \/>\n70. Demanda. Incidental. Cobro honorarios<br \/>\n71. Demanda. Incidental. Cobro honorarios<br \/>\n72. Demanda. Incidental. Cobro honorarios<br \/>\n73. Monitorio. Comodato precario<br \/>\n74. Demanda. Monitorio. Precario<br \/>\n75. Demanda. Ordinario. General<br \/>\n76. Demanda. Ordinario. Cobro pesos<br \/>\n77. Demanda. Ordinario. Hacienda<br \/>\n78. Demanda. Ordinario. Cumplimiento contrato<br \/>\n79. Demanda. Ordinario. Cumplimiento contrato con indemnizaci\u00f3n de perjuicios<br \/>\n80. Demanda. Ordinario. Indemnizaci\u00f3n perjuicios<br \/>\n81. Demanda. Ordinario. Interdicci\u00f3n demencia<br \/>\n82. Demanda. Ordinario. Interdicci\u00f3n disipaci\u00f3n<br \/>\n83. Demanda. Ordinario. Especial. Interdicci\u00f3n ley 18.600<br \/>\n84. Demanda. Ordinario. Interdicci\u00f3n provisoria<br \/>\n85. Demanda. Ordinario. Audiencia parientes<br \/>\n86. Demanda. Ordinario. Curador ad litem<br \/>\n87. Demanda. Ordinario. Nulidad contrato lesi\u00f3n enorme<\/p>\n","protected":false},"excerpt":{"rendered":"<p>En especial consideraci\u00f3n, el autor en esta edici\u00f3n introduce las modificaciones de las Leyes N\u00b0s 21.394 y 21.461 al C\u00f3digo de Procedimiento Civil y C\u00f3digo Org\u00e1nico de Tribunales, para estar al d\u00eda con la normativa en esta materia. Tambi\u00e9n se hace presente que despu\u00e9s de cada cap\u00edtulo viene el escrito o demanda y los principales escritos de mera tramitaci\u00f3n, para que el usuario pueda tener en forma inmediata el escrito que busca para ejercer ante los juzgados la acci\u00f3n correspondiente. CAP\u00cdTULO I ABANDONO PROCEDIMIENTO Pr\u00e1ctica Forense 1. Abandono del procedimiento. Procedimiento ordinario 2. Abandono del procedimiento. Procedimiento ejecutivo 3. Abandono del procedimiento. Procedimiento ejecutivo. Sin excepciones 4. Abandono del procedimiento. Evac\u00faa traslado 5. Abandono del procedimiento. Resuelva incidente 6. Abandono del procedimiento. Reciba a prueba o resuelva incidente 7. Abandono del procedimiento. Lista testigos CAP\u00cdTULO II ACTUACIONES JUDICIALES Pr\u00e1ctica Forense 1. Actuaciones judiciales. Hace uso citaci\u00f3n 2. Actuaciones judiciales. Habilitaci\u00f3n d\u00eda y hora 3. Actuaciones judiciales. Habilitaci\u00f3n d\u00eda y hora 4. Actuaciones judiciales. Designaci\u00f3n receptor judicial 5. Actuaciones judiciales. Autorizaci\u00f3n receptor judicial CAP\u00cdTULO III ACUMULACI\u00d3N DE AUTOS Acumulaci\u00f3n de autos Pr\u00e1ctica Forense N\u00b0\u00danico: acumulaci\u00f3n de autos CAP\u00cdTULO IV COMPARECENCIA EN JUICIO Comparecencia en juicio Pr\u00e1ctica Forense 1. Comparecencia en juicio. Acta fianza rato (1) 2. Comparecencia en juicio. Acta fianza rato (2) 3. Comparecencia en juicio. Acta fianza rato (3) 4. Comparecencia en juicio. Ofrece fiador 5. Comparecencia en juicio. Comparece fianza rato 6. Comparecencia en juicio. Cumple lo ordenado 7. Comparecencia en juicio. Mandato judicial 8. Comparecencia en juicio. Mandato judicial 9. Comparecencia en juicio. Mandato judicial 10. Comparecencia en juicio. Revocaci\u00f3n. Mandato 11. Comparecencia en juicio. Notificaci\u00f3n. Revocaci\u00f3n mandato judicial 12. Comparecencia en juicio. Notificaci\u00f3n herederos 13. Comparecencia en juicio. Revoca patrocinio 14. Comparecencia en juicio. Patrocinio y poder (N\u00b01) 15. Comparecencia en juicio. Patrocinio y poder (N\u00b02) 16. Comparecencia en juicio. Patrocinio y poder (N\u00b03) 17. Comparecencia en juicio. Patrocinio y poder (N\u00b04) 18. Comparecencia en juicio. Patrocinio y poder (N\u00b05) 19. Comparecencia en juicio. Renuncia poder 20. Comparecencia en juicio. Renuncia y emplazamiento 21. Comparecencia en juicio. Revoca patrocinio y poder 22. Comparecencia en juicio. Acredita personer\u00eda 23. Comparecencia en juicio. Comparece instancia 24. Comparecencia en juicio. Delega poder a procurador n\u00famero 25. Comparecencia en juicio. Ampliaci\u00f3n poder 26. Comparecencia en juicio. Delega poder 27. Comparecencia en juicio. Renuncia al poder y patrocinio CAP\u00cdTULO V COSTAS Costas Pr\u00e1ctica Forense Regulaci\u00f3n cosas personales CAP\u00cdTULO VI CUESTIONES DE COMPETENCIA Cuestiones de competencia Pr\u00e1ctica Forense N\u00b01. Cuesti\u00f3n incompetencia N\u00b02. Cuesti\u00f3n incompetencia. Inhibitoria CAP\u00cdTULO VII DEMANDA Demanda Pr\u00e1ctica Forense 1. Demanda. Menor cuant\u00eda. Ordinario 2. Demanda. M\u00ednima cuant\u00eda. Ordinario 3. Demanda. Aver\u00eda com\u00fan. Designaci\u00f3n liquidador 4. Demanda. Aver\u00eda com\u00fan. Legitimidad 5. Demanda. Aver\u00eda com\u00fan. Legitimidad por interesado 6. Demanda. \u00c1rbitro. Arbitral de arbitrador 7. Demanda. \u00c1rbitro. Designaci\u00f3n \u00e1rbitro de derecho 8. Demanda. Arrendamiento. Bienes muebles 9. Demanda. Arrendamiento. Desahucio 10. Demanda. Arrendamiento.\u00a0Cobro rentas insolutas 11. Demanda. Arrendamiento. Restituci\u00f3n propiedad extinci\u00f3n derecho arrendador 12. Demanda. Arrendamiento. Restituci\u00f3n propiedad arrendada\u00a0por tiempo estipulado 13.\u00a0Demanda. Arrendamiento. Restituci\u00f3n. Subarrendamiento no pago de rentas 14.\u00a0Demanda. Arrendamiento.\u00a0Restituci\u00f3n muebles y enseres 15. Demanda. Arrendamiento.\u00a0Terminaci\u00f3n arriendo por destrucci\u00f3n total 16. Demanda. Arrendamiento.\u00a0Indemnizaci\u00f3n perjuicios 17. Demanda. Arrendamiento. Restituci\u00f3n muebles y enseres 18. Demanda. Arrendamiento.\u00a0Monitoria. Cobro rentas 19. Demanda. Arrendamiento. Oposici\u00f3n a demanda monitoria 20. Demanda. Arrendamiento. Dilatoria a demanda monitoria 21. Demanda. Arrendamiento.\u00a0Dilatoria\u00a0a demanda monitoria en subsidio oposici\u00f3n 22. Demanda ejecutiva.\u00a0Confesi\u00f3n deuda. Inasistencia 22. Demanda. Ejecutiva. Confesi\u00f3n deuda. Inasistencia 23. Demanda. Ejecutiva. Cobro factura 24. Demanda. Ejecutiva. Cobro cheque 25. Demanda. Ejecutiva. Cobro cheque 26. Demanda. Ejecutiva. Cobro cheque 27. Demanda. Ejecutiva. Citaci\u00f3n evicci\u00f3n 28. Demanda. Ejecutiva. Gesti\u00f3n preparatoria. Notificaci\u00f3n acci\u00f3n desposeimiento 29. Demanda. Ejecutiva. Acci\u00f3n. Desposeimiento 30. Demanda. Ejecutiva. Copropiedad inmobiliaria 31. Demanda. Ejecutiva. Cobro letra cambio 32. Demanda. Ejecutiva. Cobro letra cambio 33. Demanda. Ejecutiva. Cobro letra cambio 34. Demanda. Ejecutiva. Cobro letra cambio 35. Demanda. Ejecutiva. Cobro letra cambio 36. Demanda. Ejecutiva. Cobro letra cambio 37. Demanda. Ejecutiva. Aumento presupuesto 38. Demanda. Ejecutiva. Autorizaci\u00f3n para llevar a efecto obra 39. Demanda. Ejecutiva. Cumplimiento obligaci\u00f3n hacer. Promesa 40. Demanda. Ejecutiva. Cumplimiento obligaci\u00f3n de hacer. Escritura p\u00fablica 41. Demanda. Ejecutiva. Cumplimiento obligaci\u00f3n de hacer. Suscripci\u00f3n escritura p\u00fablica 42. Demanda. Ejecutiva. Cobro pagar\u00e9 43. Demanda. Ejecutiva. Cobro pagar\u00e9 44. Demanda. Ejecutiva. Cobro pagar\u00e9 45. Demanda. Ejecutiva. Cobro pagar\u00e9 46. Demanda. Ejecutiva. Cobro pagar\u00e9 47. Demanda. Ejecutiva. Entrega inmueble 48. Demanda. Ejecutiva. Entrega inmueble, remate 49. Demanda. Ejecutiva. Obligaci\u00f3n dar 50. Demanda. Ejecutiva. Obligaci\u00f3n dar 51. Demanda. Ejecutiva. Obligaci\u00f3n dar 52. Demanda. Ejecutiva. Obligaci\u00f3n dar 53. Demanda. Ejecutiva. Obligaci\u00f3n dar 54. Demanda. Ejecutiva. Obligaci\u00f3n dar 55. Demanda. Ejecutiva. Warrants 56. Demanda. Ejecutiva. Prenda Civil 57. Demanda. Ejecutiva. Prenda Ley 20.190 58. Demanda. Ejecutiva. Prenda valores mobiliarios 59. Demanda. Ejecutiva. Obligaciones tributarias 60. Demanda. Ejecutiva. Ley bancos 61. Demanda. Sumario. Error Judicial 62. Demanda. Sumario. Indemnizaci\u00f3n acci\u00f3n civil (Art. 680 N\u00b010 CPC) 63. Demanda. Sumario. Remoci\u00f3n guardador 64. Demanda. Sumario. Rendici\u00f3n cuenta 65. Demanda. Sumario. Cobro pesos 66. Demanda. Sumario.\u00a0Reclamaci\u00f3n indemnizaci\u00f3n expropiaci\u00f3n 67.\u00a0Demanda. Sumario. Jactancia 68. Demanda. Sumario. General 69. Demanda. Sumario. Cobro honorarios 70. Demanda. Incidental. Cobro honorarios 71. Demanda. Incidental. Cobro honorarios 72. Demanda. Incidental. Cobro honorarios 73. Monitorio. Comodato precario 74. Demanda. Monitorio. Precario 75. Demanda. Ordinario. General 76. Demanda. Ordinario. Cobro pesos 77. Demanda. Ordinario. Hacienda 78. Demanda. Ordinario. Cumplimiento contrato 79. Demanda. Ordinario. Cumplimiento contrato con indemnizaci\u00f3n de perjuicios 80. Demanda. Ordinario. Indemnizaci\u00f3n perjuicios 81. Demanda. Ordinario. Interdicci\u00f3n demencia 82. Demanda. Ordinario. Interdicci\u00f3n disipaci\u00f3n 83. Demanda. Ordinario. Especial. Interdicci\u00f3n ley 18.600 84. Demanda. Ordinario. Interdicci\u00f3n provisoria 85. Demanda. Ordinario. Audiencia parientes 86. Demanda. Ordinario. Curador ad litem 87. Demanda. Ordinario. Nulidad contrato lesi\u00f3n enorme<\/p>\n","protected":false},"featured_media":4214,"comment_status":"open","ping_status":"closed","template":"","meta":{"inline_featured_image":false,"_joinchat":[]},"product_brand":[],"product_cat":[59,39],"product_tag":[],"class_list":{"0":"post-4184","1":"product","2":"type-product","3":"status-publish","4":"has-post-thumbnail","6":"product_cat-editorial-tofulex-ediciones-juridicas","7":"product_cat-procesal-civil","8":"product_shipping_class-a-convenir","10":"first","11":"instock","12":"shipping-taxable","13":"purchasable","14":"product-type-simple"},"_links":{"self":[{"href":"https:\/\/bibliotecajuridicavirtual.cl\/index.php\/wp-json\/wp\/v2\/product\/4184","targetHints":{"allow":["GET"]}}],"collection":[{"href":"https:\/\/bibliotecajuridicavirtual.cl\/index.php\/wp-json\/wp\/v2\/product"}],"about":[{"href":"https:\/\/bibliotecajuridicavirtual.cl\/index.php\/wp-json\/wp\/v2\/types\/product"}],"replies":[{"embeddable":true,"href":"https:\/\/bibliotecajuridicavirtual.cl\/index.php\/wp-json\/wp\/v2\/comments?post=4184"}],"wp:featuredmedia":[{"embeddable":true,"href":"https:\/\/bibliotecajuridicavirtual.cl\/index.php\/wp-json\/wp\/v2\/media\/4214"}],"wp:attachment":[{"href":"https:\/\/bibliotecajuridicavirtual.cl\/index.php\/wp-json\/wp\/v2\/media?parent=4184"}],"wp:term":[{"taxonomy":"product_brand","embeddable":true,"href":"https:\/\/bibliotecajuridicavirtual.cl\/index.php\/wp-json\/wp\/v2\/product_brand?post=4184"},{"taxonomy":"product_cat","embeddable":true,"href":"https:\/\/bibliotecajuridicavirtual.cl\/index.php\/wp-json\/wp\/v2\/product_cat?post=4184"},{"taxonomy":"product_tag","embeddable":true,"href":"https:\/\/bibliotecajuridicavirtual.cl\/index.php\/wp-json\/wp\/v2\/product_tag?post=4184"}],"curies":[{"name":"wp","href":"https:\/\/api.w.org\/{rel}","templated":true}]}}