{"id":4186,"date":"2026-02-28T01:23:40","date_gmt":"2026-02-28T04:23:40","guid":{"rendered":"https:\/\/bibliotecajuridicavirtual.cl\/?post_type=product&#038;p=4186"},"modified":"2026-02-28T01:23:58","modified_gmt":"2026-02-28T04:23:58","slug":"procedimientos-juzgados-laborales-10ma-edicion-ano-2022-404-pag-autor-eric-andres-chavez-chavez","status":"publish","type":"product","link":"https:\/\/bibliotecajuridicavirtual.cl\/index.php\/product\/procedimientos-juzgados-laborales-10ma-edicion-ano-2022-404-pag-autor-eric-andres-chavez-chavez\/","title":{"rendered":"Procedimientos Juzgados Laborales 10ma Edici\u00f3n . A\u00f1o 2022\/ 404 P\u00e1g. Autor Eric Andr\u00e9s Ch\u00e1vez Ch\u00e1vez"},"content":{"rendered":"<p style=\"font-weight: 400;\">Es una obra que incluye en su primera parte un an\u00e1lisis completo y actualizado de los procedimientos laborales, destinado a los abogados, en el desempe\u00f1o de su actividad jurisdiccional en los estrados de manera did\u00e1ctica y precisa, cuya utilidad se ver\u00e1 en el uso diario de este texto.<\/p>\n<p>En su segunda parte, el libro cuenta con jurisprudencia para que los usuarios puedan tener a la vista los \u00faltimos criterios de los tribunales superiores de justicia en la materia que pretende ejercer su acci\u00f3n a lo menos como forma referencial.<\/p>\n<p>En su tercera parte, cuenta con una pr\u00e1ctica forense que contiene las principales demandas y escritos de mera tramitaci\u00f3n, para dar la agilidad a la redacci\u00f3n de los escritos por parte del abogado y as\u00ed tener un libro \u00edntegro para su estudio.<\/p>\n<p style=\"font-weight: 400;\">El texto incluye las modificaciones y adecuaciones de la Ley 21.394 sobre Reforma al Sistema de Justicia, para que el usuario tenga el libro en la medida de lo posible lo m\u00e1s actualizado posible.<\/p>\n<p><b><strong>PRIMERA PARTE<\/strong><\/b><br \/>\n<b><strong>TRIBUNALES LABORALES<\/strong><\/b><\/p>\n<p><b><strong>CAP\u00cdTULO I<\/strong><\/b><br \/>\n<b><strong>NORMAS DE DERECHO PROCESAL ORG\u00c1NICO<\/strong><\/b><\/p>\n<p>Concepto<br \/>\nCaracter\u00edsticas<br \/>\nNormas aplicables supletoriamente a estos juzgados<br \/>\nTribunales laborales y competencia<br \/>\nFuncionarios de los juzgados de letras del trabajo<br \/>\nSubrogaci\u00f3n<br \/>\nConocimiento de materiales laborales por tribunales de competencia en lo civil<br \/>\nCompetencia<\/p>\n<p><b><strong>CAP\u00cdTULO II<\/strong><\/b><br \/>\n<b><strong>PRINCIPIOS FORMATIVOS DEL PROCESO<\/strong><\/b><\/p>\n<p>1. Principio de la oralidad<br \/>\n2. Principio de la inmediaci\u00f3n<br \/>\n3. Principio de publicidad<br \/>\n4. Principio de oficialidad<br \/>\n5. Principio de buena fe<br \/>\n6. Principio de la gratuidad<\/p>\n<p><b><strong>CAP\u00cdTULO III<\/strong><\/b><br \/>\n<b><strong>REGLAS COMUNES DE PROCEDIMIENTO<\/strong><\/b><\/p>\n<p>Reglas supletorias aplicables<br \/>\nRegistro de actuaciones procesales<br \/>\nComparecencia en juicio<br \/>\nPlazos<br \/>\nClases de notificaciones<br \/>\nIncidentes<br \/>\nMedidas Cautelares<br \/>\nCostas<br \/>\nCumplimiento de diligencias en causas laborales en Santiago<\/p>\n<p><b><strong>CAP\u00cdTULO IV<\/strong><\/b><br \/>\n<b><strong>PROCEDIMIENTO DE APLICACI\u00d3N GENERAL<\/strong><\/b><\/p>\n<p>La demanda<br \/>\nAcumulaci\u00f3n de acciones<br \/>\nActitudes del juez a interposici\u00f3n de la demanda<br \/>\nProve\u00eddo de la demanda<br \/>\nLa actitud del demandado ante la notificaci\u00f3n legal de la demanda<br \/>\nI. Allanarse a la demanda<br \/>\nII. No hacer nada (o rebeld\u00eda)<br \/>\nIII. Contestaci\u00f3n de la demanda<br \/>\nIV.\u00a0\u00a0Reconvenci\u00f3n<br \/>\nRealizaci\u00f3n y formalidades de las audiencias como actuaci\u00f3n judicial<br \/>\nI.- Audiencia preparatoria<br \/>\nII.- Audiencia de juicio<br \/>\nVeredicto<br \/>\nApreciaci\u00f3n de la prueba<br \/>\nSentencia definitiva<br \/>\nContenido de la sentencia definitiva<br \/>\nDictaci\u00f3n de nueva sentencia<br \/>\nNotificaci\u00f3n de la sentencia a entes de seguridad social y AFP<\/p>\n<p><b><strong>CAP\u00cdTULO V<\/strong><\/b><br \/>\n<b><strong>CUMPLIMIENTO DE LA SENTENCIA Y DE LA EJECUCI\u00d3N DE LOS T\u00cdTULOS EJECUTIVOS LABORALES<\/strong><\/b><\/p>\n<p>I.- Procedimiento de cumplimiento de las sentencias<br \/>\nII.- Procedimiento de ejecuci\u00f3n de otros t\u00edtulos ejecutivos laborales<br \/>\nIII.- Normas comunes a ambos procedimientos<\/p>\n<p><b><strong>CAP\u00cdTULO VI<\/strong><\/b><br \/>\n<b><strong>LOS RECURSOS PROCESALES<\/strong><\/b><\/p>\n<p>Generalidades<br \/>\nI.- Recursos de Reposici\u00f3n<br \/>\nII.- Recurso de Apelaci\u00f3n<br \/>\nIII.- Recurso de nulidad<br \/>\nIV.- Recurso de unificaci\u00f3n de jurisprudencia<\/p>\n<p><b><strong>CAP\u00cdTULO VII<\/strong><\/b><br \/>\n<b><strong>PROCEDIMIENTO TUTELA LABORAL<\/strong><\/b><\/p>\n<p>\u00c1mbito de aplicaci\u00f3n<br \/>\nLimitaci\u00f3n de la tutela<br \/>\nProcedimiento aplicable<br \/>\nSentencia<\/p>\n<p><b><strong>CAP\u00cdTULO VIII<\/strong><\/b><br \/>\n<b><strong>PROCEDIMIENTO MONITORIO<\/strong><\/b><\/p>\n<p>Concepto<br \/>\nCaracter\u00edsticas<br \/>\nFases del procedimiento<br \/>\nPretensiones fundante del demandante<br \/>\nAudiencia y sentencia<\/p>\n<p><b><strong>CAP\u00cdTULO IX<\/strong><\/b><br \/>\n<b><strong>PROCEDIMIENTO DE RECLAMACI\u00d3N DE MULTAS Y DEM\u00c1S RESOLUCIONES ADMINISTRATIVAS<\/strong><\/b><\/p>\n<p>Procedimiento<br \/>\nNormas supletorias<\/p>\n<p><b><strong>SEGUNDA PARTE<\/strong><\/b><br \/>\n<b><strong>JURISPRUDENCIA<\/strong><\/b><\/p>\n<p><b><strong>TERCERA PARTE<\/strong><\/b><br \/>\n<b><strong>PR\u00c1CTICA FORENSE<\/strong><\/b><\/p>\n","protected":false},"excerpt":{"rendered":"<p>Es una obra que incluye en su primera parte un an\u00e1lisis completo y actualizado de los procedimientos laborales, destinado a los abogados, en el desempe\u00f1o de su actividad jurisdiccional en los estrados de manera did\u00e1ctica y precisa, cuya utilidad se ver\u00e1 en el uso diario de este texto. En su segunda parte, el libro cuenta con jurisprudencia para que los usuarios puedan tener a la vista los \u00faltimos criterios de los tribunales superiores de justicia en la materia que pretende ejercer su acci\u00f3n a lo menos como forma referencial. En su tercera parte, cuenta con una pr\u00e1ctica forense que contiene las principales demandas y escritos de mera tramitaci\u00f3n, para dar la agilidad a la redacci\u00f3n de los escritos por parte del abogado y as\u00ed tener un libro \u00edntegro para su estudio. El texto incluye las modificaciones y adecuaciones de la Ley 21.394 sobre Reforma al Sistema de Justicia, para que el usuario tenga el libro en la medida de lo posible lo m\u00e1s actualizado posible. PRIMERA PARTE TRIBUNALES LABORALES CAP\u00cdTULO I NORMAS DE DERECHO PROCESAL ORG\u00c1NICO Concepto Caracter\u00edsticas Normas aplicables supletoriamente a estos juzgados Tribunales laborales y competencia Funcionarios de los juzgados de letras del trabajo Subrogaci\u00f3n Conocimiento de materiales laborales por tribunales de competencia en lo civil Competencia CAP\u00cdTULO II PRINCIPIOS FORMATIVOS DEL PROCESO 1. Principio de la oralidad 2. Principio de la inmediaci\u00f3n 3. Principio de publicidad 4. Principio de oficialidad 5. Principio de buena fe 6. Principio de la gratuidad CAP\u00cdTULO III REGLAS COMUNES DE PROCEDIMIENTO Reglas supletorias aplicables Registro de actuaciones procesales Comparecencia en juicio Plazos Clases de notificaciones Incidentes Medidas Cautelares Costas Cumplimiento de diligencias en causas laborales en Santiago CAP\u00cdTULO IV PROCEDIMIENTO DE APLICACI\u00d3N GENERAL La demanda Acumulaci\u00f3n de acciones Actitudes del juez a interposici\u00f3n de la demanda Prove\u00eddo de la demanda La actitud del demandado ante la notificaci\u00f3n legal de la demanda I. Allanarse a la demanda II. No hacer nada (o rebeld\u00eda) III. Contestaci\u00f3n de la demanda IV.\u00a0\u00a0Reconvenci\u00f3n Realizaci\u00f3n y formalidades de las audiencias como actuaci\u00f3n judicial I.- Audiencia preparatoria II.- Audiencia de juicio Veredicto Apreciaci\u00f3n de la prueba Sentencia definitiva Contenido de la sentencia definitiva Dictaci\u00f3n de nueva sentencia Notificaci\u00f3n de la sentencia a entes de seguridad social y AFP CAP\u00cdTULO V CUMPLIMIENTO DE LA SENTENCIA Y DE LA EJECUCI\u00d3N DE LOS T\u00cdTULOS EJECUTIVOS LABORALES I.- Procedimiento de cumplimiento de las sentencias II.- Procedimiento de ejecuci\u00f3n de otros t\u00edtulos ejecutivos laborales III.- Normas comunes a ambos procedimientos CAP\u00cdTULO VI LOS RECURSOS PROCESALES Generalidades I.- Recursos de Reposici\u00f3n II.- Recurso de Apelaci\u00f3n III.- Recurso de nulidad IV.- Recurso de unificaci\u00f3n de jurisprudencia CAP\u00cdTULO VII PROCEDIMIENTO TUTELA LABORAL \u00c1mbito de aplicaci\u00f3n Limitaci\u00f3n de la tutela Procedimiento aplicable Sentencia CAP\u00cdTULO VIII PROCEDIMIENTO MONITORIO Concepto Caracter\u00edsticas Fases del procedimiento Pretensiones fundante del demandante Audiencia y sentencia CAP\u00cdTULO IX PROCEDIMIENTO DE RECLAMACI\u00d3N DE MULTAS Y DEM\u00c1S RESOLUCIONES ADMINISTRATIVAS Procedimiento Normas supletorias SEGUNDA PARTE JURISPRUDENCIA TERCERA PARTE PR\u00c1CTICA FORENSE<\/p>\n","protected":false},"featured_media":4216,"comment_status":"open","ping_status":"closed","template":"","meta":{"inline_featured_image":false,"_joinchat":[]},"product_brand":[],"product_cat":[59,41],"product_tag":[],"class_list":{"0":"post-4186","1":"product","2":"type-product","3":"status-publish","4":"has-post-thumbnail","6":"product_cat-editorial-tofulex-ediciones-juridicas","7":"product_cat-laboral","8":"product_shipping_class-a-convenir","10":"first","11":"instock","12":"shipping-taxable","13":"purchasable","14":"product-type-simple"},"_links":{"self":[{"href":"https:\/\/bibliotecajuridicavirtual.cl\/index.php\/wp-json\/wp\/v2\/product\/4186","targetHints":{"allow":["GET"]}}],"collection":[{"href":"https:\/\/bibliotecajuridicavirtual.cl\/index.php\/wp-json\/wp\/v2\/product"}],"about":[{"href":"https:\/\/bibliotecajuridicavirtual.cl\/index.php\/wp-json\/wp\/v2\/types\/product"}],"replies":[{"embeddable":true,"href":"https:\/\/bibliotecajuridicavirtual.cl\/index.php\/wp-json\/wp\/v2\/comments?post=4186"}],"wp:featuredmedia":[{"embeddable":true,"href":"https:\/\/bibliotecajuridicavirtual.cl\/index.php\/wp-json\/wp\/v2\/media\/4216"}],"wp:attachment":[{"href":"https:\/\/bibliotecajuridicavirtual.cl\/index.php\/wp-json\/wp\/v2\/media?parent=4186"}],"wp:term":[{"taxonomy":"product_brand","embeddable":true,"href":"https:\/\/bibliotecajuridicavirtual.cl\/index.php\/wp-json\/wp\/v2\/product_brand?post=4186"},{"taxonomy":"product_cat","embeddable":true,"href":"https:\/\/bibliotecajuridicavirtual.cl\/index.php\/wp-json\/wp\/v2\/product_cat?post=4186"},{"taxonomy":"product_tag","embeddable":true,"href":"https:\/\/bibliotecajuridicavirtual.cl\/index.php\/wp-json\/wp\/v2\/product_tag?post=4186"}],"curies":[{"name":"wp","href":"https:\/\/api.w.org\/{rel}","templated":true}]}}