{"id":4188,"date":"2026-02-28T01:23:40","date_gmt":"2026-02-28T04:23:40","guid":{"rendered":"https:\/\/bibliotecajuridicavirtual.cl\/?post_type=product&#038;p=4188"},"modified":"2026-02-28T01:24:00","modified_gmt":"2026-02-28T04:24:00","slug":"la-obligacion-de-seguridad-laboral-seguridad-y-salud-en-el-trabajo-ano-2023-272-pag-autor-cesar-ravinet-munoz","status":"publish","type":"product","link":"https:\/\/bibliotecajuridicavirtual.cl\/index.php\/product\/la-obligacion-de-seguridad-laboral-seguridad-y-salud-en-el-trabajo-ano-2023-272-pag-autor-cesar-ravinet-munoz\/","title":{"rendered":"La Obligaci\u00f3n de Seguridad Laboral. Seguridad y Salud en el Trabajo \/ A\u00f1o 2023\/ 272 P\u00e1g. Autor C\u00e9sar Ravinet Mu\u00f1oz"},"content":{"rendered":"<p style=\"font-weight: 400;\">El presente libro tiene por objeto abordar una materia muy relevante en el mundo laboral como es la seguridad y salud en el trabajo (SST), la cual tiene m\u00faltiples proyecciones en el campo del derecho, pero a la vez no existe un desarrollo proporcional a su importancia.<\/p>\n<p style=\"font-weight: 400;\">En la SST se tutelan bienes jur\u00eddicos esenciales como el derecho a la vida y a la salud. Asimismo, los efectos en esta materia tienen un enorme impacto legal, reputacional y econ\u00f3mico.<\/p>\n<p style=\"font-weight: 400;\">En este contexto, se aborda \u00edntegramente la obligaci\u00f3n de seguridad laboral, contenida en el art\u00edculo 184 del C\u00f3digo del Trabajo, para este fin, se analiza su inserci\u00f3n en el ordenamiento jur\u00eddico por medio de su evoluci\u00f3n como norma aut\u00f3noma y constitucional, luego ese efect\u00faa un an\u00e1lisis particular como obligaci\u00f3n jur\u00eddica y su clasificaci\u00f3n. Tambi\u00e9n se explora en el marco de la protecci\u00f3n social y como deber de seguridad. Adicionalmente, se aplica en el nuevo escenario y normativa del teletrabajo. Todo lo anterior complementado con un apartado de jurisprudencia administrativa y judicial clasificado por materias, que permite difundir informaci\u00f3n de alto inter\u00e9s entre los operadores permitiendo el acceso a los criterios de las entidades con competencia en la materia.<\/p>\n<p style=\"font-weight: 400;\"><b><strong>CAP\u00cdTULO I<\/strong><\/b><br \/>\n<b><strong>LA OBLIGACI\u00d3N DE SEGURIDAD LABORAL Y EL DERECHO<\/strong><\/b><\/p>\n<p style=\"font-weight: 400;\">1.1. La obligaci\u00f3n de seguridad laboral y su evoluci\u00f3n normativa<br \/>\n1.2. La obligaci\u00f3n de seguridad laboral y su evoluci\u00f3n constitucional<\/p>\n<p style=\"font-weight: 400;\"><b><strong>CAP\u00cdTULO II<\/strong><\/b><br \/>\n<b><strong>LA OBLIGACI\u00d3N DE SEGURIDAD LABORAL Y LA OBLIGACI\u00d3N JUR\u00cdDICA<\/strong><\/b><\/p>\n<p style=\"font-weight: 400;\">2.1. La obligaci\u00f3n de seguridad laboral y el acto jur\u00eddico<br \/>\n2.2. La obligaci\u00f3n de seguridad laboral y su fuente<br \/>\n2.3. La obligaci\u00f3n de seguridad laboral y el objeto<br \/>\n2.4. La obligaci\u00f3n de seguridad laboral y su clasificaci\u00f3n como obligaci\u00f3n jur\u00eddica<\/p>\n<p style=\"font-weight: 400;\"><b><strong>CAP\u00cdTULO III<\/strong><\/b><br \/>\n<b><strong>LA OBLIGACI\u00d3N DE SEGURIDAD LABORAL EN EL CONTEXTO DE LA PROTECCI\u00d3N SOCIAL<\/strong><\/b><\/p>\n<p style=\"font-weight: 400;\">3.1. La obligaci\u00f3n de seguridad laboral y la seguridad social<br \/>\n3.2. La obligaci\u00f3n de seguridad laboral y el seguro de accidentes del trabajo y enfermedades profesionales<br \/>\n3.3. La obligaci\u00f3n de seguridad laboral y la seguridad y salud en el trabajo<br \/>\n3.4. La obligaci\u00f3n de seguridad laboral y el deber de seguridad laboral<\/p>\n<p style=\"font-weight: 400;\"><b><strong>CAP\u00cdTULO IV<\/strong><\/b><br \/>\n<b><strong>LA OBLIGACI\u00d3N DE SEGURIDAD LABORAL Y EL TELETRABAJO<\/strong><\/b><\/p>\n<p style=\"font-weight: 400;\">4.1. La obligaci\u00f3n de seguridad laboral en el contexto general del teletrabajo y sus antecedentes<br \/>\n4.2. La obligaci\u00f3n de seguridad laboral espec\u00edficamente en el marco del teletrabajo<\/p>\n<p style=\"font-weight: 400;\"><b><strong>JURISPRUDENCIA JUDICIAL<\/strong><\/b><\/p>\n<p style=\"font-weight: 400;\">Corte Suprema<br \/>\nCorte de Apelaciones<\/p>\n<p style=\"font-weight: 400;\"><b><strong>JURISPRUDENCIA ADMINISTRATIVA<\/strong><\/b><\/p>\n<p style=\"font-weight: 400;\">Direcci\u00f3n del Trabajo<br \/>\nSuperintendencia de Seguridad Social<br \/>\nContralor\u00eda General de la Rep\u00fablica<\/p>\n","protected":false},"excerpt":{"rendered":"<p>El presente libro tiene por objeto abordar una materia muy relevante en el mundo laboral como es la seguridad y salud en el trabajo (SST), la cual tiene m\u00faltiples proyecciones en el campo del derecho, pero a la vez no existe un desarrollo proporcional a su importancia. En la SST se tutelan bienes jur\u00eddicos esenciales como el derecho a la vida y a la salud. Asimismo, los efectos en esta materia tienen un enorme impacto legal, reputacional y econ\u00f3mico. En este contexto, se aborda \u00edntegramente la obligaci\u00f3n de seguridad laboral, contenida en el art\u00edculo 184 del C\u00f3digo del Trabajo, para este fin, se analiza su inserci\u00f3n en el ordenamiento jur\u00eddico por medio de su evoluci\u00f3n como norma aut\u00f3noma y constitucional, luego ese efect\u00faa un an\u00e1lisis particular como obligaci\u00f3n jur\u00eddica y su clasificaci\u00f3n. Tambi\u00e9n se explora en el marco de la protecci\u00f3n social y como deber de seguridad. Adicionalmente, se aplica en el nuevo escenario y normativa del teletrabajo. Todo lo anterior complementado con un apartado de jurisprudencia administrativa y judicial clasificado por materias, que permite difundir informaci\u00f3n de alto inter\u00e9s entre los operadores permitiendo el acceso a los criterios de las entidades con competencia en la materia. CAP\u00cdTULO I LA OBLIGACI\u00d3N DE SEGURIDAD LABORAL Y EL DERECHO 1.1. La obligaci\u00f3n de seguridad laboral y su evoluci\u00f3n normativa 1.2. La obligaci\u00f3n de seguridad laboral y su evoluci\u00f3n constitucional CAP\u00cdTULO II LA OBLIGACI\u00d3N DE SEGURIDAD LABORAL Y LA OBLIGACI\u00d3N JUR\u00cdDICA 2.1. La obligaci\u00f3n de seguridad laboral y el acto jur\u00eddico 2.2. La obligaci\u00f3n de seguridad laboral y su fuente 2.3. La obligaci\u00f3n de seguridad laboral y el objeto 2.4. La obligaci\u00f3n de seguridad laboral y su clasificaci\u00f3n como obligaci\u00f3n jur\u00eddica CAP\u00cdTULO III LA OBLIGACI\u00d3N DE SEGURIDAD LABORAL EN EL CONTEXTO DE LA PROTECCI\u00d3N SOCIAL 3.1. La obligaci\u00f3n de seguridad laboral y la seguridad social 3.2. La obligaci\u00f3n de seguridad laboral y el seguro de accidentes del trabajo y enfermedades profesionales 3.3. La obligaci\u00f3n de seguridad laboral y la seguridad y salud en el trabajo 3.4. La obligaci\u00f3n de seguridad laboral y el deber de seguridad laboral CAP\u00cdTULO IV LA OBLIGACI\u00d3N DE SEGURIDAD LABORAL Y EL TELETRABAJO 4.1. La obligaci\u00f3n de seguridad laboral en el contexto general del teletrabajo y sus antecedentes 4.2. La obligaci\u00f3n de seguridad laboral espec\u00edficamente en el marco del teletrabajo JURISPRUDENCIA JUDICIAL Corte Suprema Corte de Apelaciones JURISPRUDENCIA ADMINISTRATIVA Direcci\u00f3n del Trabajo Superintendencia de Seguridad Social Contralor\u00eda General de la Rep\u00fablica<\/p>\n","protected":false},"featured_media":4218,"comment_status":"open","ping_status":"closed","template":"","meta":{"inline_featured_image":false,"_joinchat":[]},"product_brand":[],"product_cat":[41,42],"product_tag":[],"class_list":{"0":"post-4188","1":"product","2":"type-product","3":"status-publish","4":"has-post-thumbnail","6":"product_cat-laboral","7":"product_cat-thomson-reuters","8":"product_shipping_class-a-convenir","10":"first","11":"instock","12":"shipping-taxable","13":"purchasable","14":"product-type-simple"},"_links":{"self":[{"href":"https:\/\/bibliotecajuridicavirtual.cl\/index.php\/wp-json\/wp\/v2\/product\/4188","targetHints":{"allow":["GET"]}}],"collection":[{"href":"https:\/\/bibliotecajuridicavirtual.cl\/index.php\/wp-json\/wp\/v2\/product"}],"about":[{"href":"https:\/\/bibliotecajuridicavirtual.cl\/index.php\/wp-json\/wp\/v2\/types\/product"}],"replies":[{"embeddable":true,"href":"https:\/\/bibliotecajuridicavirtual.cl\/index.php\/wp-json\/wp\/v2\/comments?post=4188"}],"wp:featuredmedia":[{"embeddable":true,"href":"https:\/\/bibliotecajuridicavirtual.cl\/index.php\/wp-json\/wp\/v2\/media\/4218"}],"wp:attachment":[{"href":"https:\/\/bibliotecajuridicavirtual.cl\/index.php\/wp-json\/wp\/v2\/media?parent=4188"}],"wp:term":[{"taxonomy":"product_brand","embeddable":true,"href":"https:\/\/bibliotecajuridicavirtual.cl\/index.php\/wp-json\/wp\/v2\/product_brand?post=4188"},{"taxonomy":"product_cat","embeddable":true,"href":"https:\/\/bibliotecajuridicavirtual.cl\/index.php\/wp-json\/wp\/v2\/product_cat?post=4188"},{"taxonomy":"product_tag","embeddable":true,"href":"https:\/\/bibliotecajuridicavirtual.cl\/index.php\/wp-json\/wp\/v2\/product_tag?post=4188"}],"curies":[{"name":"wp","href":"https:\/\/api.w.org\/{rel}","templated":true}]}}