{"id":4189,"date":"2026-02-28T01:23:40","date_gmt":"2026-02-28T04:23:40","guid":{"rendered":"https:\/\/bibliotecajuridicavirtual.cl\/?post_type=product&#038;p=4189"},"modified":"2026-02-28T01:24:01","modified_gmt":"2026-02-28T04:24:01","slug":"el-derecho-de-la-publicidad-en-chile-ano-2021-312-pag-autor-maria-jose-martabit-sagredo","status":"publish","type":"product","link":"https:\/\/bibliotecajuridicavirtual.cl\/index.php\/product\/el-derecho-de-la-publicidad-en-chile-ano-2021-312-pag-autor-maria-jose-martabit-sagredo\/","title":{"rendered":"El Derecho de la Publicidad en Chile. A\u00f1o 2021\/ 312 P\u00e1g. Autor Mar\u00eda Jos\u00e9 Martabit Sagredo"},"content":{"rendered":"<p>Este trabajo tiene por objeto constituir un aporte en materias vinculadas al an\u00e1lisis y tratamiento jur\u00eddico de la publicidad. Pese a su importancia, esta materia no ha sido debida y completamente cubierta por nuestro medio, lo que dista de la importancia practica que tienen los temas publicitarios en el mundo globalizado actual.<br \/>\nEl tratamiento jur\u00eddico de la publicidad no ha tenido la debida atenci\u00f3n en nuestro pa\u00eds, salvo en tem\u00e1ticas consideradas individualmente. Ello coincide con la dispersi\u00f3n normativa en la que est\u00e1 inserta la regulaci\u00f3n publicitaria en Chile.<br \/>\nDebido a esta disgregaci\u00f3n normativa es que creemos firmemente que este trabajo entregar\u00e1 una visi\u00f3n global de la regulaci\u00f3n publicitaria en Chile, a trav\u00e9s del estudio de las principales normas y su aplicaci\u00f3n en casos emblem\u00e1ticos que han sido conocidos por los tribunales de justicia chileno. Con ello, los lectores, ya sean estudiantes, abogados, empresarios, publicistas, dise\u00f1adores, o simplemente apasionados por la publicidad, podr\u00e1n encontrar en este libro una gu\u00eda de estudio para estas materias.<\/p>\n","protected":false},"excerpt":{"rendered":"<p>Este trabajo tiene por objeto constituir un aporte en materias vinculadas al an\u00e1lisis y tratamiento jur\u00eddico de la publicidad. Pese a su importancia, esta materia no ha sido debida y completamente cubierta por nuestro medio, lo que dista de la importancia practica que tienen los temas publicitarios en el mundo globalizado actual. El tratamiento jur\u00eddico de la publicidad no ha tenido la debida atenci\u00f3n en nuestro pa\u00eds, salvo en tem\u00e1ticas consideradas individualmente. Ello coincide con la dispersi\u00f3n normativa en la que est\u00e1 inserta la regulaci\u00f3n publicitaria en Chile. Debido a esta disgregaci\u00f3n normativa es que creemos firmemente que este trabajo entregar\u00e1 una visi\u00f3n global de la regulaci\u00f3n publicitaria en Chile, a trav\u00e9s del estudio de las principales normas y su aplicaci\u00f3n en casos emblem\u00e1ticos que han sido conocidos por los tribunales de justicia chileno. Con ello, los lectores, ya sean estudiantes, abogados, empresarios, publicistas, dise\u00f1adores, o simplemente apasionados por la publicidad, podr\u00e1n encontrar en este libro una gu\u00eda de estudio para estas materias.<\/p>\n","protected":false},"featured_media":4219,"comment_status":"open","ping_status":"closed","template":"","meta":{"inline_featured_image":false,"_joinchat":[]},"product_brand":[],"product_cat":[27],"product_tag":[],"class_list":{"0":"post-4189","1":"product","2":"type-product","3":"status-publish","4":"has-post-thumbnail","6":"product_cat-civil","7":"product_shipping_class-a-convenir","9":"first","10":"instock","11":"shipping-taxable","12":"purchasable","13":"product-type-simple"},"_links":{"self":[{"href":"https:\/\/bibliotecajuridicavirtual.cl\/index.php\/wp-json\/wp\/v2\/product\/4189","targetHints":{"allow":["GET"]}}],"collection":[{"href":"https:\/\/bibliotecajuridicavirtual.cl\/index.php\/wp-json\/wp\/v2\/product"}],"about":[{"href":"https:\/\/bibliotecajuridicavirtual.cl\/index.php\/wp-json\/wp\/v2\/types\/product"}],"replies":[{"embeddable":true,"href":"https:\/\/bibliotecajuridicavirtual.cl\/index.php\/wp-json\/wp\/v2\/comments?post=4189"}],"wp:featuredmedia":[{"embeddable":true,"href":"https:\/\/bibliotecajuridicavirtual.cl\/index.php\/wp-json\/wp\/v2\/media\/4219"}],"wp:attachment":[{"href":"https:\/\/bibliotecajuridicavirtual.cl\/index.php\/wp-json\/wp\/v2\/media?parent=4189"}],"wp:term":[{"taxonomy":"product_brand","embeddable":true,"href":"https:\/\/bibliotecajuridicavirtual.cl\/index.php\/wp-json\/wp\/v2\/product_brand?post=4189"},{"taxonomy":"product_cat","embeddable":true,"href":"https:\/\/bibliotecajuridicavirtual.cl\/index.php\/wp-json\/wp\/v2\/product_cat?post=4189"},{"taxonomy":"product_tag","embeddable":true,"href":"https:\/\/bibliotecajuridicavirtual.cl\/index.php\/wp-json\/wp\/v2\/product_tag?post=4189"}],"curies":[{"name":"wp","href":"https:\/\/api.w.org\/{rel}","templated":true}]}}