{"id":4192,"date":"2026-02-28T01:23:40","date_gmt":"2026-02-28T04:23:40","guid":{"rendered":"https:\/\/bibliotecajuridicavirtual.cl\/?post_type=product&#038;p=4192"},"modified":"2026-02-28T01:24:06","modified_gmt":"2026-02-28T04:24:06","slug":"que-es-lo-justo-y-lo-adecuado-reflexion-en-temas-economico-y-juridico-ano-2020-autor-jose-luis-lopez-blanco","status":"publish","type":"product","link":"https:\/\/bibliotecajuridicavirtual.cl\/index.php\/product\/que-es-lo-justo-y-lo-adecuado-reflexion-en-temas-economico-y-juridico-ano-2020-autor-jose-luis-lopez-blanco\/","title":{"rendered":"\u00bf Qu\u00e9 es lo Justo y Lo Adecuado ? &#8211; Reflexi\u00f3n en Temas Econ\u00f3mico y  Jur\u00eddico . A\u00f1o 2020. Autor Jos\u00e9 Luis L\u00f3pez Blanco"},"content":{"rendered":"<p>\u00cdNDICE<\/p>\n<p>Presentaci\u00f3n del autor<\/p>\n<p>Pr\u00f3logo de Marcos L\u00f3pez Ardiles<\/p>\n<p>Pr\u00f3logo de Jaime Williams Benavente<\/p>\n<p>SECCI\u00d3N PRIMERA<\/p>\n<p>Art\u00edculos sobre temas econ\u00f3micos<\/p>\n<p>\u2013 Al final de cada d\u00eda<\/p>\n<p>Diario Estrategia (1990)<\/p>\n<p>\u2013 Privatizaci\u00f3n y autonom\u00eda<\/p>\n<p>Diario La \u00c9poca (18 de febrero de 1992)<\/p>\n<p>\u2013 El sentido profundo del principio de subsidiaridad<\/p>\n<p>El Mercurio (28 de julio de 1992)<\/p>\n<p>\u2013 De las relaciones entre derecho, econom\u00eda y sociedad<\/p>\n<p>Opini\u00f3n (18 de marzo de 1993)<\/p>\n<p>\u2013 Actividad Humana, eficiencia y \u00e9tica<\/p>\n<p>Diario Estrategia (6 de agosto de 1993)<\/p>\n<p>\u2013 Imaginaci\u00f3n y eficiencia al servicio de la gente<\/p>\n<p>Diario Estrategia (28 de julio de 1997)<\/p>\n<p>\u2013 Econom\u00eda de mercado<\/p>\n<p>Diario Estrategia (30 de junio de 1999)<\/p>\n<p>\u2013 Desaf\u00edo Gigantesco<\/p>\n<p>El Mercurio (5 de junio de 2002)<\/p>\n<p>\u2013 Responsabilidad Directores<\/p>\n<p>Diario Estrategia (6 de julio de 2009)<\/p>\n<p>\u2013 Valor y honor<\/p>\n<p>Diario Estrategia (1 de diciembre de 1995)<\/p>\n<p>SECCI\u00d3N SEGUNDA<\/p>\n<p>Art\u00edculos sobre temas jur\u00eddicos<\/p>\n<p>\u2013 Acerca del sentido del derecho<\/p>\n<p>Diario Estrategia (12 de agosto de 1994)<\/p>\n<p>\u2013 Res Perit Domino<\/p>\n<p>Diario Estrategia (5 de febrero de 1997)<\/p>\n<p>\u2013 Suum Quique Tribuere<\/p>\n<p>Diario Estrategia (mayo de 1996)<\/p>\n<p>\u2013 Imperio del Derecho<\/p>\n<p>Diario Estrategia (4 de septiembre de 2006)<\/p>\n<p>\u2013 Elogio de los Jueces<\/p>\n<p>Diario Estrategia (5 de diciembre de 2016)<\/p>\n<p>\u2013 La Jurisprudencia en Materia Penal<\/p>\n<p>Diario Constitucional (26 de noviembre del 2014)<\/p>\n<p>SECCI\u00d3N TERCERA<\/p>\n<p>Art\u00edculos sobre temas internacionales<\/p>\n<p>\u2013 El Libre Comercio Pertenece a la Esencia Misma de Chile<\/p>\n<p>Entrevista El Diario (17 de noviembre de 1988)<\/p>\n<p>\u2013 Apertura al Pac\u00edfico<\/p>\n<p>Diario El Mercurio (19 de septiembre de 1999)<\/p>\n<p>\u2013 Business Conquistador<\/p>\n<p>Diario Estrategia (junio de 1989)<\/p>\n<p>\u2013 Compraventa Internacional de Mercader\u00edas<\/p>\n<p>(Publicado en el a\u00f1o 2005)<\/p>\n<p>\u2013 Equivocada Estrategia Boliviana<\/p>\n<p>(30 de marzo de 2006)<\/p>\n<p>\u2013 Sentencia de La Haya y Alianza del Pac\u00edfico<\/p>\n<p>Microjuris (7 de octubre de 2013)<\/p>\n<p>\u2013 L\u00edmites Mar\u00edtimos e Imaginaci\u00f3n Jur\u00eddica<\/p>\n<p>Microjuris (30 de diciembre de 2013)<\/p>\n<p>\u2013 Efectos de La Haya. Cuidado con el Socio y con los Jueces Internacionales<\/p>\n<p>Microjuris (19 de junio de 2014)<\/p>\n<p>\u2013 Chile y Polonia: Cooperaci\u00f3n Internacional Novedosa y Eficiente<\/p>\n<p>Microjuris (9 de junio de 2015)<\/p>\n","protected":false},"excerpt":{"rendered":"<p>\u00cdNDICE Presentaci\u00f3n del autor Pr\u00f3logo de Marcos L\u00f3pez Ardiles Pr\u00f3logo de Jaime Williams Benavente SECCI\u00d3N PRIMERA Art\u00edculos sobre temas econ\u00f3micos \u2013 Al final de cada d\u00eda Diario Estrategia (1990) \u2013 Privatizaci\u00f3n y autonom\u00eda Diario La \u00c9poca (18 de febrero de 1992) \u2013 El sentido profundo del principio de subsidiaridad El Mercurio (28 de julio de 1992) \u2013 De las relaciones entre derecho, econom\u00eda y sociedad Opini\u00f3n (18 de marzo de 1993) \u2013 Actividad Humana, eficiencia y \u00e9tica Diario Estrategia (6 de agosto de 1993) \u2013 Imaginaci\u00f3n y eficiencia al servicio de la gente Diario Estrategia (28 de julio de 1997) \u2013 Econom\u00eda de mercado Diario Estrategia (30 de junio de 1999) \u2013 Desaf\u00edo Gigantesco El Mercurio (5 de junio de 2002) \u2013 Responsabilidad Directores Diario Estrategia (6 de julio de 2009) \u2013 Valor y honor Diario Estrategia (1 de diciembre de 1995) SECCI\u00d3N SEGUNDA Art\u00edculos sobre temas jur\u00eddicos \u2013 Acerca del sentido del derecho Diario Estrategia (12 de agosto de 1994) \u2013 Res Perit Domino Diario Estrategia (5 de febrero de 1997) \u2013 Suum Quique Tribuere Diario Estrategia (mayo de 1996) \u2013 Imperio del Derecho Diario Estrategia (4 de septiembre de 2006) \u2013 Elogio de los Jueces Diario Estrategia (5 de diciembre de 2016) \u2013 La Jurisprudencia en Materia Penal Diario Constitucional (26 de noviembre del 2014) SECCI\u00d3N TERCERA Art\u00edculos sobre temas internacionales \u2013 El Libre Comercio Pertenece a la Esencia Misma de Chile Entrevista El Diario (17 de noviembre de 1988) \u2013 Apertura al Pac\u00edfico Diario El Mercurio (19 de septiembre de 1999) \u2013 Business Conquistador Diario Estrategia (junio de 1989) \u2013 Compraventa Internacional de Mercader\u00edas (Publicado en el a\u00f1o 2005) \u2013 Equivocada Estrategia Boliviana (30 de marzo de 2006) \u2013 Sentencia de La Haya y Alianza del Pac\u00edfico Microjuris (7 de octubre de 2013) \u2013 L\u00edmites Mar\u00edtimos e Imaginaci\u00f3n Jur\u00eddica Microjuris (30 de diciembre de 2013) \u2013 Efectos de La Haya. Cuidado con el Socio y con los Jueces Internacionales Microjuris (19 de junio de 2014) \u2013 Chile y Polonia: Cooperaci\u00f3n Internacional Novedosa y Eficiente Microjuris (9 de junio de 2015)<\/p>\n","protected":false},"featured_media":4243,"comment_status":"open","ping_status":"closed","template":"","meta":{"inline_featured_image":false,"_joinchat":[]},"product_brand":[],"product_cat":[48,40],"product_tag":[],"class_list":{"0":"post-4192","1":"product","2":"type-product","3":"status-publish","4":"has-post-thumbnail","6":"product_cat-comercial","7":"product_cat-ediciones-juridica-de-santiago","8":"product_shipping_class-a-convenir","10":"first","11":"instock","12":"shipping-taxable","13":"purchasable","14":"product-type-simple"},"_links":{"self":[{"href":"https:\/\/bibliotecajuridicavirtual.cl\/index.php\/wp-json\/wp\/v2\/product\/4192","targetHints":{"allow":["GET"]}}],"collection":[{"href":"https:\/\/bibliotecajuridicavirtual.cl\/index.php\/wp-json\/wp\/v2\/product"}],"about":[{"href":"https:\/\/bibliotecajuridicavirtual.cl\/index.php\/wp-json\/wp\/v2\/types\/product"}],"replies":[{"embeddable":true,"href":"https:\/\/bibliotecajuridicavirtual.cl\/index.php\/wp-json\/wp\/v2\/comments?post=4192"}],"wp:featuredmedia":[{"embeddable":true,"href":"https:\/\/bibliotecajuridicavirtual.cl\/index.php\/wp-json\/wp\/v2\/media\/4243"}],"wp:attachment":[{"href":"https:\/\/bibliotecajuridicavirtual.cl\/index.php\/wp-json\/wp\/v2\/media?parent=4192"}],"wp:term":[{"taxonomy":"product_brand","embeddable":true,"href":"https:\/\/bibliotecajuridicavirtual.cl\/index.php\/wp-json\/wp\/v2\/product_brand?post=4192"},{"taxonomy":"product_cat","embeddable":true,"href":"https:\/\/bibliotecajuridicavirtual.cl\/index.php\/wp-json\/wp\/v2\/product_cat?post=4192"},{"taxonomy":"product_tag","embeddable":true,"href":"https:\/\/bibliotecajuridicavirtual.cl\/index.php\/wp-json\/wp\/v2\/product_tag?post=4192"}],"curies":[{"name":"wp","href":"https:\/\/api.w.org\/{rel}","templated":true}]}}