{"id":4194,"date":"2026-02-28T01:23:40","date_gmt":"2026-02-28T04:23:40","guid":{"rendered":"https:\/\/bibliotecajuridicavirtual.cl\/?post_type=product&#038;p=4194"},"modified":"2026-02-28T01:24:09","modified_gmt":"2026-02-28T04:24:09","slug":"derecho-de-alimentos-5ta-edicion-ano-2018-308-pag-autor-antonio-vodanovic-haklicka","status":"publish","type":"product","link":"https:\/\/bibliotecajuridicavirtual.cl\/index.php\/product\/derecho-de-alimentos-5ta-edicion-ano-2018-308-pag-autor-antonio-vodanovic-haklicka\/","title":{"rendered":"Derecho de Alimentos 5ta Edici\u00f3n. A\u00f1o 2018\/308 P\u00e1g. Autor Antonio Vodanovic Haklicka"},"content":{"rendered":"<p>El derecho de alimentos, es la obra jur\u00eddica mas completa que se ha escrito sobre esta materia, y que ha servido para orientar a la doctrina jur\u00eddica y la funci\u00f3n judicial en el establecimiento y la concurrencia de los elementos que la ley contempla para su procedencia, otorgamiento y valoraci\u00f3n del importe en su caso.<\/p>\n<p>El destacado autor don Antonio Vodanovic Haklicka escribi\u00f3 y nos dej\u00f3 como legado este aporte a la ciencia del derecho civil, no obstante el transcurso del tiempo no ha sido indiferente con su contenido, en raz\u00f3n que los cambios legislativos han producido innovaciones estructurales que han sido abordadas en la presente edici\u00f3n, como, por ejemplo: la mediaci\u00f3n obligatoria como instancia previa, la competencia, procedimiento, la forma de conceder los alimentos provisorios, las garant\u00edas y seguridades para el cumplimiento de la obligaci\u00f3n alimenticia, entre otras modificaciones.<\/p>\n<p>De este modo esta Quinta edici\u00f3n demuestra especial utilidad a quienes se acercan al estudio especifico del derecho civil y para el abogado litigante, y no solamente por la evoluci\u00f3n promovida diariamente por la jurisprudencia sino que principalmente por la marcada tendencia a la especializaci\u00f3n en esta materia, como consecuencia evidente de la creaci\u00f3n de la judicatura de familia competente para el conocimiento y resoluci\u00f3n de los conflictos que surgen a prop\u00f3sito del requerimiento de este derecho por parte de su titular.<\/p>\n<p>en definitiva el presente texto aparece fundamental en la funci\u00f3n de comprender la regulaci\u00f3n del contenido del derecho subjetivo se\u00f1alado, y que se encuentra inserto en el v\u00e9rtice que vincula al derecho de familia con el derecho patrimonial, sin perder de vista que la intenci\u00f3n legislativa en orden a proporcionar los medios b\u00e1sicos requeridos para darle curso a una protecci\u00f3n de sus ciudadanos en el desarrollo de sus derechos fundamentales.<\/p>\n<p>PRIMERA PARTE<\/p>\n<p>EL DERECHO DE ALIMENTOS EN GENERAL<\/p>\n<p>CAP\u00cdTULO I<\/p>\n<p>NOCIONES FUNDAMENTALES Y TERMINOLOG\u00cdA<\/p>\n<p>SEGUNDA PARTE<\/p>\n<p>DE LOS ALIMENTOS QUE SE DEBEN POR LEY<\/p>\n<p>CAP\u00cdTULO II<\/p>\n<p>DIVERSAS CUESTIONES GENERALES RELATIVAS A LOS ALIMENTOS FORZOSOS O LEGALES<\/p>\n<p>CAP\u00cdTULO III<\/p>\n<p>ALIMENTOS PROVISORIOS Y ALIMENTOS DEFINITIVOS<\/p>\n<p>CAP\u00cdTULO IV<\/p>\n<p>REQUISITOS NECESARIOS PARA EXIGIR ALIMENTOS LEGALES<\/p>\n<p>CAP\u00cdTULO V<\/p>\n<p>TITULARES DEL DERECHO DE ALIMENTOS ESTABLECIDOS POR EL C\u00d3DIGO CIVIL<\/p>\n<p>A. GENERALIDADES<\/p>\n<p>B. ALIMENTOS QUE SE DEBEN LOS C\u00d3NYUGES<\/p>\n<p>C. ALIMENTOS QUE SE DEBEN A LOS DESCENDIENTES<\/p>\n<p>D. ALIMENTOS QUE SE DEBEN A LOS ASCENDIENTES<\/p>\n<p>E.&#8221; ALIMENTOS QUE SE DEBEN A LOS HERMANOS<\/p>\n<p>F. ALIMENTOS QUE SE DEBEN A CIERTO DONANTE<\/p>\n<p>G. NORMAS SOBRE CUESTIONES DERIVADAS DE LA PLURALIDAD DE ACREEDORES Y DEUDORES DE ALIMENTOS<\/p>\n<p>CAP\u00cdTULO VI<\/p>\n<p>TITULARES DEL DERECHO DE ALIMENTOS ESTABLECIDOS EN CUERPOS LEGALES DISTINTOS DEL C\u00d3DIGO CIVIL<\/p>\n<p>A. ESTUDIO DE ESTOS CUERPOS LEGALES<\/p>\n<p>B. LEYES DE ADOPCI\u00d3N DEROGADAS<\/p>\n<p>C. ADOPCI\u00d3N REGULADA POR LA LEY N\u00b0 7.613<\/p>\n<p>D. ADOPCI\u00d3N SIMPLE CONSAGRADA EN LA LEY N\u00b0 18.703<\/p>\n<p>E. ADOPCI\u00d3N PLENA CONSAGRADA EN LA LEY N\u00b0 18.703<\/p>\n<p>F. LEY DE ABANDONO DE FAMILIA Y PAGO DE PENSIONES ALIMENTICIAS<\/p>\n<p>G. LEY DE REORGANIZACI\u00d3N Y LIQUIDACI\u00d3N DE EMPRESAS Y PERSONAS<\/p>\n<p>H. ALIMENTOS QUE DEBEN LOS CONDENADOS POR CIERTOS DELITOS<\/p>\n<p>CAP\u00cdTULO VII<\/p>\n<p>DETERMINACI\u00d3N Y VALORACI\u00d3N DE LOS ELEMENTOS QUE SIRVEN PARA TASAR LA PENSI\u00d3N ALIMENTICIA<\/p>\n<p>CAP\u00cdTULO VIII<\/p>\n<p>TASACI\u00d3N O FIJACI\u00d3N DE LA CUANT\u00cdA DE LOS ALIMENTOS<\/p>\n<p>CAP\u00cdTULO IX<\/p>\n<p>MODOS O FORMAS DE SUMINISTRAR ALIMENTOS<\/p>\n<p>CAP\u00cdTULO X<\/p>\n<p>NACIMIENTO, MODIFICACI\u00d3N Y EXTINCI\u00d3N DE LA OBLIGACI\u00d3N ALIMENTICIA<\/p>\n<p>CAP\u00cdTULO XI<\/p>\n<p>GARANT\u00cdAS QUE ASEGURAN EL PAGO DE LAS PENSIONES ALIMENTICIAS<\/p>\n<p>CAP\u00cdTULO XII<\/p>\n<p>CARACTERES DEL DERECHO DE ALIMENTOS<\/p>\n<p>A. AUMENTOS FUTUROS<\/p>\n<p>B. PENSIONES ATRASADAS<\/p>\n<p>CAP\u00cdTULO XILL<\/p>\n<p>JUICIO DE ALIMENTOS<\/p>\n<p>A. TRIBUNAL COMPETENTE<\/p>\n<p>B. PROCEDIMIENTO<\/p>\n<p>CAP\u00cdTULO XIV<\/p>\n<p>LITIS EXPENSAS, ABANDONO DEL PROCEDIMIENTO Y OTRAS CUESTIONES PROCESALES A LOS JUICIOS DE ALIMENTOS<\/p>\n<p>A. LITISEXPENSAS<\/p>\n<p>B. ABANDONO DEL PROCEDIMIENTO Y OTRAS CUESTIONES PROCESALES<\/p>\n<p>CAP\u00cdTULO XV<\/p>\n<p>LA COSA JUZGADA EN LOS JUICIOS DE ALIMENTOS<\/p>\n<p>TERCERA PARTE<\/p>\n<p>ALIMENTOS VOLUNTARIOS<\/p>\n<p>CAP\u00cdTULO XVI<\/p>\n<p>CONCEPTO Y DIVERSAS CUESTIONES RELATIVAS A ESOS ALIMENTOS<\/p>\n<p>AP\u00c9NDICE<\/p>\n<p>Contenido de este ap\u00e9ndice<\/p>\n<p>texto de la ley N\u00b0 14.908, sobre abandono de familia y pago de pensiones alimenticias<\/p>\n<p>Bibliograf\u00eda<\/p>\n","protected":false},"excerpt":{"rendered":"<p>El derecho de alimentos, es la obra jur\u00eddica mas completa que se ha escrito sobre esta materia, y que ha servido para orientar a la doctrina jur\u00eddica y la funci\u00f3n judicial en el establecimiento y la concurrencia de los elementos que la ley contempla para su procedencia, otorgamiento y valoraci\u00f3n del importe en su caso. El destacado autor don Antonio Vodanovic Haklicka escribi\u00f3 y nos dej\u00f3 como legado este aporte a la ciencia del derecho civil, no obstante el transcurso del tiempo no ha sido indiferente con su contenido, en raz\u00f3n que los cambios legislativos han producido innovaciones estructurales que han sido abordadas en la presente edici\u00f3n, como, por ejemplo: la mediaci\u00f3n obligatoria como instancia previa, la competencia, procedimiento, la forma de conceder los alimentos provisorios, las garant\u00edas y seguridades para el cumplimiento de la obligaci\u00f3n alimenticia, entre otras modificaciones. De este modo esta Quinta edici\u00f3n demuestra especial utilidad a quienes se acercan al estudio especifico del derecho civil y para el abogado litigante, y no solamente por la evoluci\u00f3n promovida diariamente por la jurisprudencia sino que principalmente por la marcada tendencia a la especializaci\u00f3n en esta materia, como consecuencia evidente de la creaci\u00f3n de la judicatura de familia competente para el conocimiento y resoluci\u00f3n de los conflictos que surgen a prop\u00f3sito del requerimiento de este derecho por parte de su titular. en definitiva el presente texto aparece fundamental en la funci\u00f3n de comprender la regulaci\u00f3n del contenido del derecho subjetivo se\u00f1alado, y que se encuentra inserto en el v\u00e9rtice que vincula al derecho de familia con el derecho patrimonial, sin perder de vista que la intenci\u00f3n legislativa en orden a proporcionar los medios b\u00e1sicos requeridos para darle curso a una protecci\u00f3n de sus ciudadanos en el desarrollo de sus derechos fundamentales. PRIMERA PARTE EL DERECHO DE ALIMENTOS EN GENERAL CAP\u00cdTULO I NOCIONES FUNDAMENTALES Y TERMINOLOG\u00cdA SEGUNDA PARTE DE LOS ALIMENTOS QUE SE DEBEN POR LEY CAP\u00cdTULO II DIVERSAS CUESTIONES GENERALES RELATIVAS A LOS ALIMENTOS FORZOSOS O LEGALES CAP\u00cdTULO III ALIMENTOS PROVISORIOS Y ALIMENTOS DEFINITIVOS CAP\u00cdTULO IV REQUISITOS NECESARIOS PARA EXIGIR ALIMENTOS LEGALES CAP\u00cdTULO V TITULARES DEL DERECHO DE ALIMENTOS ESTABLECIDOS POR EL C\u00d3DIGO CIVIL A. GENERALIDADES B. ALIMENTOS QUE SE DEBEN LOS C\u00d3NYUGES C. ALIMENTOS QUE SE DEBEN A LOS DESCENDIENTES D. ALIMENTOS QUE SE DEBEN A LOS ASCENDIENTES E.&#8221; ALIMENTOS QUE SE DEBEN A LOS HERMANOS F. ALIMENTOS QUE SE DEBEN A CIERTO DONANTE G. NORMAS SOBRE CUESTIONES DERIVADAS DE LA PLURALIDAD DE ACREEDORES Y DEUDORES DE ALIMENTOS CAP\u00cdTULO VI TITULARES DEL DERECHO DE ALIMENTOS ESTABLECIDOS EN CUERPOS LEGALES DISTINTOS DEL C\u00d3DIGO CIVIL A. ESTUDIO DE ESTOS CUERPOS LEGALES B. LEYES DE ADOPCI\u00d3N DEROGADAS C. ADOPCI\u00d3N REGULADA POR LA LEY N\u00b0 7.613 D. ADOPCI\u00d3N SIMPLE CONSAGRADA EN LA LEY N\u00b0 18.703 E. ADOPCI\u00d3N PLENA CONSAGRADA EN LA LEY N\u00b0 18.703 F. LEY DE ABANDONO DE FAMILIA Y PAGO DE PENSIONES ALIMENTICIAS G. LEY DE REORGANIZACI\u00d3N Y LIQUIDACI\u00d3N DE EMPRESAS Y PERSONAS H. ALIMENTOS QUE DEBEN LOS CONDENADOS POR CIERTOS DELITOS CAP\u00cdTULO VII DETERMINACI\u00d3N Y VALORACI\u00d3N DE LOS ELEMENTOS QUE SIRVEN PARA TASAR LA PENSI\u00d3N ALIMENTICIA CAP\u00cdTULO VIII TASACI\u00d3N O FIJACI\u00d3N DE LA CUANT\u00cdA DE LOS ALIMENTOS CAP\u00cdTULO IX MODOS O FORMAS DE SUMINISTRAR ALIMENTOS CAP\u00cdTULO X NACIMIENTO, MODIFICACI\u00d3N Y EXTINCI\u00d3N DE LA OBLIGACI\u00d3N ALIMENTICIA CAP\u00cdTULO XI GARANT\u00cdAS QUE ASEGURAN EL PAGO DE LAS PENSIONES ALIMENTICIAS CAP\u00cdTULO XII CARACTERES DEL DERECHO DE ALIMENTOS A. AUMENTOS FUTUROS B. PENSIONES ATRASADAS CAP\u00cdTULO XILL JUICIO DE ALIMENTOS A. TRIBUNAL COMPETENTE B. PROCEDIMIENTO CAP\u00cdTULO XIV LITIS EXPENSAS, ABANDONO DEL PROCEDIMIENTO Y OTRAS CUESTIONES PROCESALES A LOS JUICIOS DE ALIMENTOS A. LITISEXPENSAS B. ABANDONO DEL PROCEDIMIENTO Y OTRAS CUESTIONES PROCESALES CAP\u00cdTULO XV LA COSA JUZGADA EN LOS JUICIOS DE ALIMENTOS TERCERA PARTE ALIMENTOS VOLUNTARIOS CAP\u00cdTULO XVI CONCEPTO Y DIVERSAS CUESTIONES RELATIVAS A ESOS ALIMENTOS AP\u00c9NDICE Contenido de este ap\u00e9ndice texto de la ley N\u00b0 14.908, sobre abandono de familia y pago de pensiones alimenticias Bibliograf\u00eda<\/p>\n","protected":false},"featured_media":4245,"comment_status":"open","ping_status":"closed","template":"","meta":{"inline_featured_image":false,"_joinchat":[]},"product_brand":[],"product_cat":[27,40],"product_tag":[],"class_list":{"0":"post-4194","1":"product","2":"type-product","3":"status-publish","4":"has-post-thumbnail","6":"product_cat-civil","7":"product_cat-ediciones-juridica-de-santiago","8":"product_shipping_class-a-convenir","10":"first","11":"instock","12":"shipping-taxable","13":"purchasable","14":"product-type-simple"},"_links":{"self":[{"href":"https:\/\/bibliotecajuridicavirtual.cl\/index.php\/wp-json\/wp\/v2\/product\/4194","targetHints":{"allow":["GET"]}}],"collection":[{"href":"https:\/\/bibliotecajuridicavirtual.cl\/index.php\/wp-json\/wp\/v2\/product"}],"about":[{"href":"https:\/\/bibliotecajuridicavirtual.cl\/index.php\/wp-json\/wp\/v2\/types\/product"}],"replies":[{"embeddable":true,"href":"https:\/\/bibliotecajuridicavirtual.cl\/index.php\/wp-json\/wp\/v2\/comments?post=4194"}],"wp:featuredmedia":[{"embeddable":true,"href":"https:\/\/bibliotecajuridicavirtual.cl\/index.php\/wp-json\/wp\/v2\/media\/4245"}],"wp:attachment":[{"href":"https:\/\/bibliotecajuridicavirtual.cl\/index.php\/wp-json\/wp\/v2\/media?parent=4194"}],"wp:term":[{"taxonomy":"product_brand","embeddable":true,"href":"https:\/\/bibliotecajuridicavirtual.cl\/index.php\/wp-json\/wp\/v2\/product_brand?post=4194"},{"taxonomy":"product_cat","embeddable":true,"href":"https:\/\/bibliotecajuridicavirtual.cl\/index.php\/wp-json\/wp\/v2\/product_cat?post=4194"},{"taxonomy":"product_tag","embeddable":true,"href":"https:\/\/bibliotecajuridicavirtual.cl\/index.php\/wp-json\/wp\/v2\/product_tag?post=4194"}],"curies":[{"name":"wp","href":"https:\/\/api.w.org\/{rel}","templated":true}]}}