{"id":4196,"date":"2026-02-28T01:23:41","date_gmt":"2026-02-28T04:23:41","guid":{"rendered":"https:\/\/bibliotecajuridicavirtual.cl\/?post_type=product&#038;p=4196"},"modified":"2026-02-28T01:24:10","modified_gmt":"2026-02-28T04:24:10","slug":"el-contrato-de-transporte-aereo-clausulas-abusivas-overbooking-y-responsabilidad-civil-en-el-transporte-de-equipaje-ano-2021-115-pag-autor-cesar-eugenio-vargas-rojas","status":"publish","type":"product","link":"https:\/\/bibliotecajuridicavirtual.cl\/index.php\/product\/el-contrato-de-transporte-aereo-clausulas-abusivas-overbooking-y-responsabilidad-civil-en-el-transporte-de-equipaje-ano-2021-115-pag-autor-cesar-eugenio-vargas-rojas\/","title":{"rendered":"El Contrato de Transporte A\u00e9reo. Clausulas abusivas overbooking y responsabilidad civil en el transporte de equipaje. A\u00f1o 2021\/115 P\u00e1g. Autor C\u00e9sar Eugenio Vargas Rojas"},"content":{"rendered":"<h4><strong>El Contrato de Transporte A\u00e9reo<\/strong><\/h4>\n<h5><strong>Cl\u00e1usulas Abusivas, Overbooking y Responsabilidad Civil en el Transporte de Equipaje\u00a0<\/strong><\/h5>\n<p>Este texto tiene por objetivo hacer un estudio de tres temas que no ha sido desarrollados en la doctrina nacional, y que pretende, sistematizar algunas consideraciones fundamentales en materia aeron\u00e1utica. En la primera parte del texto, se\u00a0 realizar\u00e1 una breve aproximaci\u00f3n a los contenidos fundamentales del Contrato de Transporte A\u00e9reo, con el objeto de delimitar su concepto, elementos, clasificaci\u00f3n y caracter\u00edsticas fundamentales.<\/p>\n<p>En una segunda parte, abordaremos las denominadas cl\u00e1usulas abusivas en el Contrato de Trabajo A\u00e9reo. En esta parte, haremos un an\u00e1lisis de las cl\u00e1usulas que han sido consideradas abusivas a la luz de la jurisprudencia espa\u00f1ola, y en especial la correlaci\u00f3n normativo-jur\u00eddica que se debe tener en cuenta, para considerarlas como tal.<\/p>\n<p>La tercera parte del texto, se analizar\u00e1 el dominio Overbooking, a prop\u00f3sito de la denegaci\u00f3n de embarque que pueden hacer las aerol\u00edneas cuando existe una sobreventa de la capacidad de una aeronave. Este apartado hace una revisi\u00f3n de la normativa vigente y las modificaciones que se han propuesto en el proyecto de la Ley 12409-03, que establece medidas para incentivar laprotecci\u00f3n de los derechos de los consumidores aeron\u00e1uticos en especial a las indemnizaciones por denegaci\u00f3n de embarque.<\/p>\n<p>Finalmente, se realizar\u00e1 una aproximaci\u00f3n a la responsabilidad civil del transportador aeron\u00e1utico cuando exista un retraso, p\u00e9rdida o falta de diligencia en el traslado o entrega de equipaje, analizando la jurisprudencia m\u00e1s importante en los \u00faltimos a\u00f1os en nuestro pa\u00eds.<\/p>\n","protected":false},"excerpt":{"rendered":"<p>El Contrato de Transporte A\u00e9reo Cl\u00e1usulas Abusivas, Overbooking y Responsabilidad Civil en el Transporte de Equipaje\u00a0 Este texto tiene por objetivo hacer un estudio de tres temas que no ha sido desarrollados en la doctrina nacional, y que pretende, sistematizar algunas consideraciones fundamentales en materia aeron\u00e1utica. En la primera parte del texto, se\u00a0 realizar\u00e1 una breve aproximaci\u00f3n a los contenidos fundamentales del Contrato de Transporte A\u00e9reo, con el objeto de delimitar su concepto, elementos, clasificaci\u00f3n y caracter\u00edsticas fundamentales. En una segunda parte, abordaremos las denominadas cl\u00e1usulas abusivas en el Contrato de Trabajo A\u00e9reo. En esta parte, haremos un an\u00e1lisis de las cl\u00e1usulas que han sido consideradas abusivas a la luz de la jurisprudencia espa\u00f1ola, y en especial la correlaci\u00f3n normativo-jur\u00eddica que se debe tener en cuenta, para considerarlas como tal. La tercera parte del texto, se analizar\u00e1 el dominio Overbooking, a prop\u00f3sito de la denegaci\u00f3n de embarque que pueden hacer las aerol\u00edneas cuando existe una sobreventa de la capacidad de una aeronave. Este apartado hace una revisi\u00f3n de la normativa vigente y las modificaciones que se han propuesto en el proyecto de la Ley 12409-03, que establece medidas para incentivar laprotecci\u00f3n de los derechos de los consumidores aeron\u00e1uticos en especial a las indemnizaciones por denegaci\u00f3n de embarque. Finalmente, se realizar\u00e1 una aproximaci\u00f3n a la responsabilidad civil del transportador aeron\u00e1utico cuando exista un retraso, p\u00e9rdida o falta de diligencia en el traslado o entrega de equipaje, analizando la jurisprudencia m\u00e1s importante en los \u00faltimos a\u00f1os en nuestro pa\u00eds.<\/p>\n","protected":false},"featured_media":4247,"comment_status":"open","ping_status":"closed","template":"","meta":{"inline_featured_image":false,"_joinchat":[]},"product_brand":[],"product_cat":[27,40],"product_tag":[],"class_list":{"0":"post-4196","1":"product","2":"type-product","3":"status-publish","4":"has-post-thumbnail","6":"product_cat-civil","7":"product_cat-ediciones-juridica-de-santiago","8":"product_shipping_class-a-convenir","10":"first","11":"instock","12":"shipping-taxable","13":"purchasable","14":"product-type-simple"},"_links":{"self":[{"href":"https:\/\/bibliotecajuridicavirtual.cl\/index.php\/wp-json\/wp\/v2\/product\/4196","targetHints":{"allow":["GET"]}}],"collection":[{"href":"https:\/\/bibliotecajuridicavirtual.cl\/index.php\/wp-json\/wp\/v2\/product"}],"about":[{"href":"https:\/\/bibliotecajuridicavirtual.cl\/index.php\/wp-json\/wp\/v2\/types\/product"}],"replies":[{"embeddable":true,"href":"https:\/\/bibliotecajuridicavirtual.cl\/index.php\/wp-json\/wp\/v2\/comments?post=4196"}],"wp:featuredmedia":[{"embeddable":true,"href":"https:\/\/bibliotecajuridicavirtual.cl\/index.php\/wp-json\/wp\/v2\/media\/4247"}],"wp:attachment":[{"href":"https:\/\/bibliotecajuridicavirtual.cl\/index.php\/wp-json\/wp\/v2\/media?parent=4196"}],"wp:term":[{"taxonomy":"product_brand","embeddable":true,"href":"https:\/\/bibliotecajuridicavirtual.cl\/index.php\/wp-json\/wp\/v2\/product_brand?post=4196"},{"taxonomy":"product_cat","embeddable":true,"href":"https:\/\/bibliotecajuridicavirtual.cl\/index.php\/wp-json\/wp\/v2\/product_cat?post=4196"},{"taxonomy":"product_tag","embeddable":true,"href":"https:\/\/bibliotecajuridicavirtual.cl\/index.php\/wp-json\/wp\/v2\/product_tag?post=4196"}],"curies":[{"name":"wp","href":"https:\/\/api.w.org\/{rel}","templated":true}]}}