{"id":4198,"date":"2026-02-28T01:23:41","date_gmt":"2026-02-28T04:23:41","guid":{"rendered":"https:\/\/bibliotecajuridicavirtual.cl\/?post_type=product&#038;p=4198"},"modified":"2026-02-28T01:24:12","modified_gmt":"2026-02-28T04:24:12","slug":"indivision-y-particion-manuel-somarriva-undurraga-6ta-edicion-actualizada-ano-2020-628-pag","status":"publish","type":"product","link":"https:\/\/bibliotecajuridicavirtual.cl\/index.php\/product\/indivision-y-particion-manuel-somarriva-undurraga-6ta-edicion-actualizada-ano-2020-628-pag\/","title":{"rendered":"Indivisi\u00f3n y Partici\u00f3n * Manuel Somarriva Undurraga * 6ta edici\u00f3n actualizada A\u00f1o 2020 &#8211; 628 P\u00e1g."},"content":{"rendered":"<p><strong><em>Indivisi\u00f3n y Partici\u00f3n\u00a0<\/em><\/strong>es una obra con una prologada presencia en la literatura jur\u00eddica chilena, siendo editada ininterrunpidamente desde que fuera publicada por primera vez el a\u00f1o 1950, y desde entonces constituye una obra imprescindible del Derecho Civil chileno, principalmente por el aporte en las materia tratadas, en las que se reflejan los innegables m\u00e9ritos de su autor cuya inagotables inquietud intelectual pervive en sus lecciones.<\/p>\n<p>En efecto, el prestigioso jurisconsulto nacional y especialista en Derecho y especialista en Derecho Civil don Manuel Somarriva Undurraga, quien fuera profesor de la Universidad de Chile y autor de obras fundamentales de la disciplina, de sus indiscutible m\u00e9ritos esta obra es prueba, adem\u00e1s de las acogida que ha tenido en estudiantes, abogados, jueces, especialistas, entre otros operadores de la administraci\u00f3n de comunidades y de la justicia particional del derecho en general.<\/p>\n<p>El libro contiene un profundo an\u00e1lisis de las materias desde la perspectiva de la doctrina nacional y extranjera, con atenci\u00f3n en las legislaciones comparados hace de esta obra un texto fundamental y necesario en toda biblioteca de quienes desarrollen la pr\u00e1ctica privada o que tengan inter\u00e9s en adentrarse en la gesti\u00f3n profesional y dominio en materias con dificultades y complejidades, guiados por la convincente pluma de su autor, constituyendo un aporte cr\u00edtico al conocimiento del Derecho Civil, trat\u00e1ndose de un libro. de consulta permanente.<\/p>\n<p>La presente edici\u00f3n -su sexta versi\u00f3n actualizada- incorpora los aspectos en que estas materias han sufrido inevitables modificaciones en los \u00faltimos veinte a\u00f1os, y que han sido incorporadas con un subrayado fino con el objeto de resaltar las modificaciones, prestando utilidad a quienes cuenten con alguna edici\u00f3n anterior y aquellos que se incorporen a su examen, procurando mantener la utilidad de esta obra en el aprendizaje y estudio del derecho privado para las nuevas generaciones de estudios y especialistas, conservando el innegable legado de su amor.<\/p>\n","protected":false},"excerpt":{"rendered":"<p>Buscas un libro Jur\u00eddico.? Lo puedes encontrar en nuestra tienda virtual.<br \/>\nContamos con prestigiosos autores y muchas alternativas en sus diferentes materias al igual que grandes descuentos.! Vis\u00edtanos en <a class=\"uzjjmrpxQeFebnMdUxptiDBQagtayOyxaRvLs \" tabindex=\"0\" href=\"https:\/\/lnkd.in\/eiAG7jdZ\" target=\"_blank\" rel=\"noopener\" data-test-app-aware-link=\"\">https:\/\/lnkd.in\/eiAG7jdZ<\/a><br \/>\nEscr\u00edbenos al +56930565235 \/ <a class=\"uzjjmrpxQeFebnMdUxptiDBQagtayOyxaRvLs \" tabindex=\"0\" href=\"mailto:ventaslegallexglobal@gmail.com\" target=\"_self\" data-test-app-aware-link=\"\">ventaslegallexglobal@gmail.com<\/a><br \/>\nHacemos env\u00edos a todo Chile \u2013 Starken o Correos Chile \/ Te esperamos.<\/p>\n","protected":false},"featured_media":4249,"comment_status":"open","ping_status":"closed","template":"","meta":{"inline_featured_image":false,"_joinchat":[]},"product_brand":[],"product_cat":[27,40],"product_tag":[],"class_list":{"0":"post-4198","1":"product","2":"type-product","3":"status-publish","4":"has-post-thumbnail","6":"product_cat-civil","7":"product_cat-ediciones-juridica-de-santiago","8":"product_shipping_class-a-convenir","10":"first","11":"instock","12":"sale","13":"shipping-taxable","14":"purchasable","15":"product-type-simple"},"_links":{"self":[{"href":"https:\/\/bibliotecajuridicavirtual.cl\/index.php\/wp-json\/wp\/v2\/product\/4198","targetHints":{"allow":["GET"]}}],"collection":[{"href":"https:\/\/bibliotecajuridicavirtual.cl\/index.php\/wp-json\/wp\/v2\/product"}],"about":[{"href":"https:\/\/bibliotecajuridicavirtual.cl\/index.php\/wp-json\/wp\/v2\/types\/product"}],"replies":[{"embeddable":true,"href":"https:\/\/bibliotecajuridicavirtual.cl\/index.php\/wp-json\/wp\/v2\/comments?post=4198"}],"wp:featuredmedia":[{"embeddable":true,"href":"https:\/\/bibliotecajuridicavirtual.cl\/index.php\/wp-json\/wp\/v2\/media\/4249"}],"wp:attachment":[{"href":"https:\/\/bibliotecajuridicavirtual.cl\/index.php\/wp-json\/wp\/v2\/media?parent=4198"}],"wp:term":[{"taxonomy":"product_brand","embeddable":true,"href":"https:\/\/bibliotecajuridicavirtual.cl\/index.php\/wp-json\/wp\/v2\/product_brand?post=4198"},{"taxonomy":"product_cat","embeddable":true,"href":"https:\/\/bibliotecajuridicavirtual.cl\/index.php\/wp-json\/wp\/v2\/product_cat?post=4198"},{"taxonomy":"product_tag","embeddable":true,"href":"https:\/\/bibliotecajuridicavirtual.cl\/index.php\/wp-json\/wp\/v2\/product_tag?post=4198"}],"curies":[{"name":"wp","href":"https:\/\/api.w.org\/{rel}","templated":true}]}}