{"id":4222,"date":"2026-02-28T01:24:03","date_gmt":"2026-02-28T04:24:03","guid":{"rendered":"https:\/\/bibliotecajuridicavirtual.cl\/?post_type=product&#038;p=4222"},"modified":"2026-02-28T01:24:14","modified_gmt":"2026-02-28T04:24:14","slug":"tratado-de-derecho-civil-partes-preliminar-y-general-2-tomos-ano-2015-1-213-pag-autor-arturo-alessandri-r-manuel-somarriva-u-y-antonio-vodanovic-h","status":"publish","type":"product","link":"https:\/\/bibliotecajuridicavirtual.cl\/index.php\/product\/tratado-de-derecho-civil-partes-preliminar-y-general-2-tomos-ano-2015-1-213-pag-autor-arturo-alessandri-r-manuel-somarriva-u-y-antonio-vodanovic-h\/","title":{"rendered":"Tratado de Derecho Civil- Partes Preliminar y General.  2 Tomos . A\u00f1o 2015\/ 1.213 P\u00e1g. Autor Arturo Alessandri R. , Manuel Somarriva U. y Antonio Vodanovic H."},"content":{"rendered":"<p>Tenemos el honor de presentarles esta obra cl\u00e1sica del Derecho Civil Chileno que ha marcado tendencias y ha sido la voz autorizada de la doctrina y jurisprudencia nacional por d\u00e9cadas y de consulta ineludible para jueces y estudiosos del Derecho Civil.<\/p>\n<p>Las lecciones de los destacados profesores Arturo Alessandri Rodr\u00edguez y Manuel Somarriva Undurraga se han enriquecido sabiamente por su coautor Antonio Vodanovic Haklicka, quien a trav\u00e9s de sus sucesivas ediciones procur\u00f3 conservar la vigencia que tuvieron desde aquel d\u00eda en que fueron apuntes de clases, y que han proporcionado el acceso al intrincado conocimiento del derecho civil, trat\u00e1ndose de un libro de consulta permanente para los juristas chilenos desde el siglo XX.<\/p>\n<p>La presente edici\u00f3n pretende mantener esa tradici\u00f3n y el legado de sus autores, quienes ya partieron pero siguen estando entre nosotros a trav\u00e9s de su visi\u00f3n del derecho civil, sin que la vertiginosa era digital le haya privado utilidad al texto en la ense\u00f1anza y estudio del derecho privado a las nuevas generaciones de estudiosos y especialistas.<\/p>\n<p>El primer tomo desarrolla las siguientes materias: el derecho y sus normas; la teor\u00eda de la ley; la relaci\u00f3n jur\u00eddica en general y el derecho subjetivo, y las personas naturales y jur\u00eddicas.<\/p>\n<p>El segundo tomo desarrolla las siguientes materias: El objeto y contenido de los derechos: las cosas y los bienes. Los hechos jur\u00eddicos. Los actos jur\u00eddicos: clasificaci\u00f3n, elementos, condiciones de existencia y validez, modalidades y efectos. La prueba de los hechos y de los actos jur\u00eddicos; y la interpretaci\u00f3n de los actos jur\u00eddicos.<\/p>\n<p><strong>TOMO I<\/strong><\/p>\n<p><strong>PARTE PRELIMINAR<\/strong><\/p>\n<p><strong>SECCI\u00d3N PRIMERA<\/strong><br \/>\n<strong>EL DERECHO Y SUS NORMAS<\/strong><\/p>\n<p><strong>CAP\u00cdTULO I<\/strong><br \/>\n<strong>NOCIONES GENERALES<\/strong><\/p>\n<p><strong>CAP\u00cdTULO II<\/strong><br \/>\n<strong>NATURALEZA, CARACTERES Y SANCIONES DE LAS NORMAS JUR\u00cdDICAS<\/strong><\/p>\n<p><strong>CAP\u00cdTULO III<\/strong><br \/>\n<strong>CLASIFICACI\u00d3N DE LAS NORMAS JUR\u00cdDICAS<\/strong><\/p>\n<p><strong>CAP\u00cdTULO IV<\/strong><br \/>\n<strong>NORMAS JUR\u00cdDICAS QUE RIGEN LAS CONDUCTA HUMANA<\/strong><\/p>\n<p><strong>CAP\u00cdTULO V<\/strong><br \/>\n<strong>DERECHO NATURAL Y DERECHO POSITIVO<\/strong><\/p>\n<p><strong>CAP\u00cdTULO VI<\/strong><br \/>\n<strong>LA CIENCIA Y EL ARTE DEL DERECHO Y LA JUSTICIA<\/strong><\/p>\n<p><strong>CAP\u00cdTULO VII<\/strong><br \/>\n<strong>DEL DERECHO CIVIL EN GENERAL<\/strong><\/p>\n<p><strong>CAP\u00cdTULO VIII<\/strong><br \/>\n<strong>LOS DIVERSOS SISTEMAS JUR\u00cdDICOS CONTEMPOR\u00c1NEOS<\/strong><\/p>\n<p><strong>SECCI\u00d3N SEGUNDA<\/strong><br \/>\n<strong>TEOR\u00cdA DE LA LEY<\/strong><\/p>\n<p><strong>CAP\u00cdTULO IX<\/strong><br \/>\n<strong>CARACTERIZACI\u00d3N DE LA LEY Y DE OTROS CUERPOS JUR\u00cdDICOS NORMATIVOS<\/strong><\/p>\n<p><strong>CAP\u00cdTULO X<\/strong><br \/>\n<strong>LA LEY Y LA SENTENCIA JUDICIAL<\/strong><\/p>\n<p><strong>CAP\u00cdTULO XI<\/strong><br \/>\n<strong>LA COSTUMBRE<\/strong><\/p>\n<p><strong>CAP\u00cdTULO XII<\/strong><br \/>\n<strong>PROMULGACI\u00d3N Y PUBLICACI\u00d3N DE LA LEY<\/strong><\/p>\n<p><strong>CAP\u00cdTULO XIII<\/strong><br \/>\n<strong>INTERPRETACI\u00d3N DE LA LEY<\/strong><\/p>\n<p><strong>CAP\u00cdTULO XIV<\/strong><br \/>\n<strong>DEROGACI\u00d3N DE LAS LEYES<\/strong><\/p>\n<p><strong>CAP\u00cdTULO XV<\/strong><br \/>\n<strong>EFECTOS DE LA LEY EN CUANTO A LA SANCI\u00d3N<\/strong><\/p>\n<p><strong>CAP\u00cdTULO XVI<\/strong><br \/>\n<strong>EFICACIA DE LA LEY EN EL TIEMPO<\/strong><\/p>\n<p><strong>CAP\u00cdTULO XVII<\/strong><br \/>\n<strong>EFICACIA DE LA LEY EN EL ESPACIO<\/strong><\/p>\n<p><strong>PARTE GENERAL<\/strong><\/p>\n<p><strong>SECCI\u00d3N TERCERA<\/strong><br \/>\n<strong>LA RELACI\u00d3N JUR\u00cdDICA EN GENERAL Y EL DERECHO SUBJETIVO<\/strong><\/p>\n<p><strong>CAP\u00cdTULO XVIII<\/strong><br \/>\n<strong>LA RELACI\u00d3N JUR\u00cdDICA EN GENERAL<\/strong><\/p>\n<p><strong>CAP\u00cdTULO XIX<\/strong><br \/>\n<strong>EL DERECHO SUBJETIVO. IDEA GENERAL Y TEOR\u00cdAS SOBRE SU EXISTENCIA<\/strong><\/p>\n<p><strong>CAP\u00cdTULO XX<\/strong><br \/>\n<strong>ESTRUCTURA DEL DERECHO SUBJETIVO<\/strong><\/p>\n<p><strong>CAP\u00cdTULO XXI<\/strong><br \/>\n<strong>CLASIFICACIONES DE LOS DERECHOS SUBJETIVOS<\/strong><\/p>\n<p><strong>CAP\u00cdTULO XXII<\/strong><br \/>\n<strong>NACIMIENTO, MODIFICACI\u00d3N Y EXTINCI\u00d3N DE LOS DERECHOS SUBJETIVOS<\/strong><\/p>\n<p><strong>CAP\u00cdTULO XXIII<\/strong><br \/>\n<strong>RENUNCIA DE LOS DERECHOS<\/strong><\/p>\n<p><strong>CAP\u00cdTULO XXIV<\/strong><br \/>\n<strong>FUENTES DE LOS DERECHOS SUBJETIVOS<\/strong><\/p>\n<p><strong>CAP\u00cdTULO XXV<\/strong><br \/>\n<strong>EJERCICIO DE LOS DERECHOS. SU RELATIVIDAD Y ABUSO<\/strong><\/p>\n<p><strong>SECCI\u00d3N CUARTA<\/strong><br \/>\n<strong>DE LAS PERSONAS NATURALES Y LAS PERSONAS JUR\u00cdDICAS<\/strong><\/p>\n<p><strong>CAP\u00cdTULO XXVI<\/strong><br \/>\n<strong>NOCI\u00d3N DE LA PERSONALIDAD Y CLASIFICACI\u00d3N DE LAS PERSONAS<\/strong><\/p>\n<p><strong>T\u00cdTULO PRIMERO<\/strong><br \/>\n<strong>DE\u00a0 LAS PERSONAS NATURALES<\/strong><\/p>\n<p><strong>CAP\u00cdTULO XXVII<\/strong><br \/>\n<strong>PRINCIPIO Y FIN DE LA EXISTENCIA DE LAS PERSONAS NATURALES<\/strong><\/p>\n<p><strong>CAP\u00cdTULO XXVIII<\/strong><br \/>\n<strong>ATRIBUTOS DE LAS PERSONAS NATURALES<\/strong><\/p>\n<p><strong>CAP\u00cdTULO XXIX<\/strong><br \/>\n<strong>DERECHO DE LA PERSONALIDAD<\/strong><\/p>\n<p><strong>T\u00cdTULO SEGUNDO<\/strong><br \/>\n<strong>DE LAS PERSONAS JUR\u00cdDICAS<\/strong><\/p>\n<p><strong>CAP\u00cdTULO XXX<\/strong><br \/>\n<strong>NOCIONES GENERALES. HISTORIA. NATURALEZA JUR\u00cdDICA. CLASIFICACI\u00d3N<\/strong><\/p>\n<p><strong>CAP\u00cdTULO XXXI<\/strong><br \/>\n<strong>PERSONAS JUR\u00cdDICAS DE DERECHO P\u00daBLICO<\/strong><\/p>\n<p><strong>CAP\u00cdTULO XXXII<\/strong><br \/>\n<strong>PERSONAS JUR\u00cdDICAS DE DERECHO PRIVADO<\/strong><\/p>\n<p><strong>CAP\u00cdTULO XXXIII<\/strong><br \/>\n<strong>CORPORACIONES Y FUNDACIONES SIN PERSONALIDAD JUR\u00cdDICA<\/strong><\/p>\n<p><strong>TOMO II<\/strong><\/p>\n<p><strong>PARTE GENERAL<\/strong><\/p>\n<p><strong>SECCI\u00d3N CUARTA<\/strong><br \/>\n<strong>EL OBJETO Y EL CONTENIDO DE LOS DERECHOS<\/strong><\/p>\n<p><strong>CAP\u00cdTULO XXXIV<\/strong><br \/>\n<strong>NOCIONES GENERALES<\/strong><\/p>\n<p><strong>CAP\u00cdTULO XXXV<\/strong><br \/>\n<strong>CLASIFICACI\u00d3N DE LOS BIENES<\/strong><\/p>\n<p><strong>SECCI\u00d3N QUINTA<\/strong><br \/>\n<strong>HECHOS Y ACTOS JUR\u00cdDICOS<\/strong><\/p>\n<p><strong>CAP\u00cdTULO XXXVI<\/strong><br \/>\n<strong>DE LOS HECHOS JUR\u00cdDICOS EN GENERAL<\/strong><\/p>\n<p><strong>CAP\u00cdTULO XXXVII<\/strong><br \/>\n<strong>EL TIEMPO Y OTRAS CIRCUNSTANCIAS DE LOS HECHOS JUR\u00cdDICOS<\/strong><\/p>\n<p><strong>CAP\u00cdTULO XXXVIII<\/strong><br \/>\n<strong>LOS HECHOS IL\u00cdCITOS. NOCIONES GENERALES<\/strong><\/p>\n<p><strong>CAP\u00cdTULO XXXIX<\/strong><br \/>\n<strong>DEL ACTO JUR\u00cdDICO EN GENERAL<\/strong><\/p>\n<p><strong>CAP\u00cdTULO XL<\/strong><br \/>\n<strong>CLASIFICACI\u00d3N DE LOS ACTOS JUR\u00cdDICOS<\/strong><\/p>\n<p><strong>CAP\u00cdTULO XLI<\/strong><br \/>\n<strong>ELEMENTOS DEL ACTO JUR\u00cdDICO ABSTRACTAMENTE CONSIDERADOS<\/strong><\/p>\n<p><strong>CAP\u00cdTULO XLII<\/strong><br \/>\n<strong>CONDICIONES DE EXISTENCIA Y VALIDEZ<\/strong><\/p>\n<p><strong>CAP\u00cdTULO XLIII<\/strong><br \/>\n<strong>INEFICACIA DE LOS ACTOS JUR\u00cdDICOS<\/strong><\/p>\n<p><strong>CAP\u00cdTULO XLIV<\/strong><br \/>\n<strong>LA SIMULACI\u00d3N<\/strong><\/p>\n<p><strong>CAP\u00cdTULO XLV<\/strong><br \/>\n<strong>ACTOS AN\u00c1LOGOS A LA SIMULACI\u00d3N<\/strong><\/p>\n<p><strong>CAP\u00cdTULO XLVI<\/strong><br \/>\n<strong>MODALIDADES DE LOS ACTOS JUR\u00cdDICOS<\/strong><\/p>\n<p><strong>CAP\u00cdTULO XLVII<\/strong><br \/>\n<strong>LOS EFECTOS DE LOS ACTOS JUR\u00cdDICOS<\/strong><\/p>\n<p><strong>CAP\u00cdTULO XLVIII<\/strong><br \/>\n<strong>NOCIONES GENERALES DE LA PRUEBA DE LOS HECHOS Y ACTOS JUR\u00cdDICOS<\/strong><\/p>\n<p><strong>CAP\u00cdTULO XLIX<\/strong><br \/>\n<strong>DE LA PRUEBA DOCUMENTAL EN GENERAL Y DEL INSTRUMENTO P\u00daBLICO EN PARTICULAR<\/strong><\/p>\n<p><strong>CAP\u00cdTULO L<\/strong><br \/>\n<strong>EL INSTRUMENTO PRIVADO<\/strong><\/p>\n<p><strong>CAP\u00cdTULO LI<\/strong><br \/>\n<strong>LOS DOCUMENTOS OFICIALES<\/strong><\/p>\n<p><strong>CAP\u00cdTULO LII<\/strong><br \/>\n<strong>CONTRAESCRITURAS<\/strong><\/p>\n<p><strong>CAP\u00cdTULO LIII<\/strong><br \/>\n<strong>LA PRUEBA TESTIMONIAL<\/strong><\/p>\n<p><strong>CAP\u00cdTULO LIV<\/strong><br \/>\n<strong>LAS PRESUNCIONES<\/strong><\/p>\n<p><strong>CAP\u00cdTULO LV<\/strong><br \/>\n<strong>LA CONFESI\u00d3N<\/strong><\/p>\n<p><strong>CAP\u00cdTULO LVI<\/strong><br \/>\n<strong>INSPECCI\u00d3N PERSONAL DEL JUEZ<\/strong><\/p>\n<p><strong>CAP\u00cdTULO LVII<\/strong><br \/>\n<strong>INFORME DE PERITOS<\/strong><\/p>\n<p><strong>CAP\u00cdTULO LVIII<\/strong><br \/>\n<strong>VALORACI\u00d3N INDIVIDUAL Y COMPARATIVA DE LOS MEDIOS DE PRUEBA<\/strong><\/p>\n<p><strong>CAP\u00cdTULO LIX<\/strong><br \/>\n<strong>LAS REPRODUCCIONES MEC\u00c1NICAS COMO MEDIO DE PRUEBA<\/strong><\/p>\n<p><strong>CAP\u00cdTULO LX<\/strong><br \/>\n<strong>INTERPRETACI\u00d3N DE LOS ACTOS JUR\u00cdDICOS<\/strong><\/p>\n","protected":false},"excerpt":{"rendered":"<p>Buscas un libro Jur\u00eddico.? Lo puedes encontrar en nuestra tienda virtual.<br \/>\nContamos con prestigiosos autores y muchas alternativas en sus diferentes materias al igual que grandes descuentos.! Vis\u00edtanos en <a class=\"JlbfryXVlwcZyHjDVfFuROUTMUwEJHTEvmlSIQ \" href=\"https:\/\/lnkd.in\/eiAG7jdZ\" target=\"_blank\" rel=\"noopener\" data-test-app-aware-link=\"\">https:\/\/lnkd.in\/eiAG7jdZ<\/a><br \/>\nEscr\u00edbenos al +56930565235 \/ <a class=\"JlbfryXVlwcZyHjDVfFuROUTMUwEJHTEvmlSIQ \" href=\"mailto:ventaslegallexglobal@gmail.com\" target=\"_self\" rel=\"noopener\" data-test-app-aware-link=\"\">ventaslegallexglobal@gmail.com<\/a><br \/>\nHacemos env\u00edos a todo Chile &#8211; Starken o Correos Chile \/ Te esperamos<\/p>\n","protected":false},"featured_media":4252,"comment_status":"open","ping_status":"closed","template":"","meta":{"inline_featured_image":false,"_joinchat":[]},"product_brand":[],"product_cat":[27,40],"product_tag":[],"class_list":{"0":"post-4222","1":"product","2":"type-product","3":"status-publish","4":"has-post-thumbnail","6":"product_cat-civil","7":"product_cat-ediciones-juridica-de-santiago","8":"product_shipping_class-a-convenir","10":"first","11":"instock","12":"shipping-taxable","13":"purchasable","14":"product-type-simple"},"_links":{"self":[{"href":"https:\/\/bibliotecajuridicavirtual.cl\/index.php\/wp-json\/wp\/v2\/product\/4222","targetHints":{"allow":["GET"]}}],"collection":[{"href":"https:\/\/bibliotecajuridicavirtual.cl\/index.php\/wp-json\/wp\/v2\/product"}],"about":[{"href":"https:\/\/bibliotecajuridicavirtual.cl\/index.php\/wp-json\/wp\/v2\/types\/product"}],"replies":[{"embeddable":true,"href":"https:\/\/bibliotecajuridicavirtual.cl\/index.php\/wp-json\/wp\/v2\/comments?post=4222"}],"wp:featuredmedia":[{"embeddable":true,"href":"https:\/\/bibliotecajuridicavirtual.cl\/index.php\/wp-json\/wp\/v2\/media\/4252"}],"wp:attachment":[{"href":"https:\/\/bibliotecajuridicavirtual.cl\/index.php\/wp-json\/wp\/v2\/media?parent=4222"}],"wp:term":[{"taxonomy":"product_brand","embeddable":true,"href":"https:\/\/bibliotecajuridicavirtual.cl\/index.php\/wp-json\/wp\/v2\/product_brand?post=4222"},{"taxonomy":"product_cat","embeddable":true,"href":"https:\/\/bibliotecajuridicavirtual.cl\/index.php\/wp-json\/wp\/v2\/product_cat?post=4222"},{"taxonomy":"product_tag","embeddable":true,"href":"https:\/\/bibliotecajuridicavirtual.cl\/index.php\/wp-json\/wp\/v2\/product_tag?post=4222"}],"curies":[{"name":"wp","href":"https:\/\/api.w.org\/{rel}","templated":true}]}}