{"id":4224,"date":"2026-02-28T01:24:03","date_gmt":"2026-02-28T04:24:03","guid":{"rendered":"https:\/\/bibliotecajuridicavirtual.cl\/?post_type=product&#038;p=4224"},"modified":"2026-02-28T01:24:16","modified_gmt":"2026-02-28T04:24:16","slug":"tratado-de-las-obligaciones-3-tomos-ano-2016-1-062-pag-autor-arturo-alessandri-r-manuel-somarriva-y-u-antonio-vodanovic-h","status":"publish","type":"product","link":"https:\/\/bibliotecajuridicavirtual.cl\/index.php\/product\/tratado-de-las-obligaciones-3-tomos-ano-2016-1-062-pag-autor-arturo-alessandri-r-manuel-somarriva-y-u-antonio-vodanovic-h\/","title":{"rendered":"Tratado de las Obligaciones &#8211; 3 Tomos. A\u00f1o 2016\/1.062 P\u00e1g. Autor  Arturo Alessandri R. ,Manuel Somarriva y U. Antonio Vodanovic H."},"content":{"rendered":"<p>Este Tratado de las Obligaciones que forma parte de la cl\u00e1sica obra del Derecho Civil Chileno, es una obra jur\u00eddica desarrollada por don Antonio Vodanovic Haklicka, y que ya en su tercera edici\u00f3n, ha recogido a lo largo del tiempo, numerosas actualizaciones, acordes a materias vigentes en derecho de las obligaciones, sin por ello menoscabar la intr\u00ednseca estructura clara, investigativa y acuciosa de su autor.<\/p>\n<p>Esta obra desarrollada en forma integral y detallada, las materias referidas a los derechos personales y todas las manifestaciones que pueden presentar las relaciones obligatorias entre partes, parte medular de la mec\u00e1nica privada del d\u00eda a d\u00eda. El planteamiento y metodolog\u00eda del texto original desarrollado a partir de los apuntes de clases, trat\u00e1ndose de un libro de consulta permanente y referencia ineludible de los estudiosos y especialistas del ramo.<br \/>\nLas materias tratadas en esta obra resultan de especial relevancia en los programas acad\u00e9micos del ramo de derecho civil y de fluida aplicaci\u00f3n en el ejercicio profesional.<\/p>\n<p>Este primer tomo desarrolla las siguientes materias: Las clasificaciones de las obligaciones y sus fuentes, considerando criterios como los v\u00ednculos de su exigibilidad, sujetos y su pluralidad, referencias al objeto o prestaci\u00f3n y las obligaciones sujetas a modalidades trat\u00e1ndolas \u00edntegramente.<\/p>\n<p>Este segundo tomo desarrolla las siguientes materias: Los efectos de las obligaciones, el estudio integral del cumplimiento o pago, compensaci\u00f3n y confusi\u00f3n. Las medidas de protecci\u00f3n del cr\u00e9dito y derechos auxiliares, las medidas conservativas, la acci\u00f3n oblicua o subrogatoria, la acci\u00f3n pauliana, el beneficio de separaci\u00f3n. El incumplimiento y sus defectos, la ejecuci\u00f3n forzada seg\u00fan la prestaci\u00f3n, la responsabilidad civil contractual y sus elementos. La insolvencia y los efectos civiles de la quiebra, hoy denominada liquidaci\u00f3n forzosa, la cesi\u00f3n de bienes, el beneficio de competencia y la prelaci\u00f3n de cr\u00e9ditos.<\/p>\n<p>Este tercer tomo desarrolla las siguientes materias: Las modificaciones de las obligaciones, por causa de muerte, por cesi\u00f3n de cr\u00e9ditos y derechos. La cesi\u00f3n del contrato, la asunci\u00f3n o cesi\u00f3n de deudas, la novaci\u00f3n. La extinci\u00f3n de las obligaciones y modos, el mutuo disenso, la renuncia o desistimiento, la remisi\u00f3n, la imposibilidad sobreviniente. La teor\u00eda de los riesgos, cl\u00e1usulas modificatorias de la responsabilidad civil. Teor\u00eda de la imprevisi\u00f3n por excesiva onerosidad sobreviviente, la prescripci\u00f3n extintiva y la caducidad.<\/p>\n<p><strong>CAP\u00cdTULO I<\/strong><br \/>\n<strong>CARACTERIZACI\u00d3N DE LAS OBLIGACIONES E IMPORTANCIA DE ELLAS<\/strong><\/p>\n<p><strong>CAP\u00cdTULO II<\/strong><br \/>\n<strong>DISTINCI\u00d3N ENTRE LOS DERECHOS REALES Y LOS PERSONALES<\/strong><\/p>\n<p><strong>CAP\u00cdTULO III<\/strong><br \/>\n<strong>CLASIFICACI\u00d3N DE LAS OBLIGACIONES<\/strong><\/p>\n<p><strong>CAP\u00cdTULO IV<\/strong><br \/>\n<strong>FUENTES DE LAS OBLIGACIONES<br \/>\n<\/strong><br \/>\nA. Concepto y clasificaciones<br \/>\nB. Ideas generales sobre las diversas fuentes de las obligaciones<br \/>\n1. Hechos il\u00edcitos<br \/>\n2. El contrato<br \/>\n3. El cuasicontrato<br \/>\n4. La ley<br \/>\n5. La declaraci\u00f3n unilateral de voluntad<br \/>\n6. El enriquecimiento sin causa<br \/>\nC. Responsabilidad objetiva<\/p>\n<p><strong>CAP\u00cdTULO V<\/strong><br \/>\n<strong>EL V\u00cdNCULO DE LA OBLIGACI\u00d3N<br \/>\n<\/strong><br \/>\nA. Cuestiones generales<br \/>\nB. Las obligaciones naturales<\/p>\n<p><strong>CAP\u00cdTULO VI<\/strong><br \/>\n<strong>LOS SUJETOS DE LA OBLIGACI\u00d3N<br \/>\n<\/strong><br \/>\nA. Cuestiones generales<br \/>\nB. Obligaciones mancomunadas o simplemente conjuntas<br \/>\nC. Obligaciones solidarias<br \/>\n1. Solidaridad activa<br \/>\n2. Solidaridad pasiva<\/p>\n<p><strong>CAP\u00cdTULO VII<\/strong><br \/>\n<strong>LA PRESTACI\u00d3N<br \/>\n<\/strong><br \/>\nA. Cuestiones generales<br \/>\nB. Obligaciones positivas y negativas<br \/>\nC. Obligaciones espec\u00edficas y gen\u00e9ricas<br \/>\nD. Obligaciones transitorias y duraderas<br \/>\nE. Obligaciones \u00fanicas y de objeto m\u00faltiple u objetivamente complejas<br \/>\n1. Obligaciones cumulativas<br \/>\n2. Obligaciones alternativas<br \/>\n3. Obligaciones facultativas<br \/>\nF. Obligaciones divisibles y obligaciones indivisibles<br \/>\nG. Paralelo entre solidaridad e indivisibilidad<br \/>\nH. Obligaciones principales y accesorias<br \/>\nI. Obligaciones l\u00edquidas e il\u00edquidas<br \/>\nJ. Algunas prestaciones especiales<\/p>\n<p><strong>CAP\u00cdTULO VIII<\/strong><br \/>\n<strong>LAS MODALIDADES DE LAS OBLIGACIONES<br \/>\n<\/strong><br \/>\n<strong>CAP\u00cdTULO IX<\/strong><br \/>\n<strong>OBLIGACIONES CONDICIONALES<\/strong><\/p>\n<p>A. Cuestiones generales<br \/>\nB. Clasificaciones<br \/>\nC. Estado de la condici\u00f3n<br \/>\nD. Interpretaci\u00f3n y cumplimiento de las condiciones<br \/>\nE. La validez de la condici\u00f3n<br \/>\nF. Efectos de las condiciones<br \/>\n1. Efectos de la condici\u00f3n suspensiva<br \/>\n2. Efectos de la condici\u00f3n resolutoria<br \/>\n3. Efectos de la condici\u00f3n resolutoria ordinaria<br \/>\n4. La condici\u00f3n resolutoria t\u00e1cita y sus efectos<br \/>\n5. Pacto comisorio<br \/>\n6. Acci\u00f3n resolutoria<br \/>\n7. Efectos de la condici\u00f3n resolutoria<br \/>\nG. Diferencias entre la resoluci\u00f3n, la rescisi\u00f3n, la resciliaci\u00f3n y la revocaci\u00f3n<\/p>\n<p><strong>CAP\u00cdTULO X<\/strong><br \/>\n<strong>OBLIGACIONES A PLAZO<\/strong><\/p>\n<p>A. Generalidades<br \/>\nB. Clasificaciones de los plazos<br \/>\nC. Efectos del plazo<br \/>\n1. Efectos del plazo suspensivo<br \/>\n2. Efectos del plazo extintivo<\/p>\n<p><strong>CAP\u00cdTULO XI<\/strong><br \/>\n<strong>OBLIGACIONES MODALES<\/strong><\/p>\n<p><strong>PARTE RELATIVA A LOS EFECTOS DE LAS OBLIGACIONES<\/strong><\/p>\n<p><strong>CAP\u00cdTULO XII<\/strong><br \/>\n<strong>NOCIONES GENERALES SOBRE LOS EFECTOS DE LAS OBLIGACIONES\u00a0<\/strong><\/p>\n<p><strong>CAP\u00cdTULO XIII<\/strong><br \/>\n<strong>CUMPLIMIENTO O PAGO EFECTIVO<\/strong><\/p>\n<p>A. Generalidades<br \/>\nB. Quienes deben y quienes pueden pagar<br \/>\nC. A quien debe hacerse el pago<br \/>\nD. Donde debe hacerse el pago<br \/>\nE. Cuando debe hacerse al pago<br \/>\nF. Como debe hacerse el pago<br \/>\nG. Imputaci\u00f3n del pago<br \/>\nH. Prueba del pago<\/p>\n<p><strong>CAP\u00cdTULO XIV<\/strong><br \/>\n<strong>EL PAGO DE LAS OBLIGACIONES DE DINERO<\/strong><\/p>\n<p><strong>CAP\u00cdTULO XV<\/strong><br \/>\n<strong>EL PAGO DE LOS INTERESES<\/strong><\/p>\n<p><strong>CAP\u00cdTULO XVI<\/strong><br \/>\n<strong>EL PAGO POR CONSIGNACI\u00d3N<br \/>\n<\/strong><br \/>\nA. Generalidades<br \/>\nB. Etapas del procedimiento del pago por consignaci\u00f3n<br \/>\n1. La oferta<br \/>\n2. La consignaci\u00f3n propiamente tal<br \/>\nC. Efectos de la consignaci\u00f3n<\/p>\n<p><strong>CAP\u00cdTULO XVII<\/strong><br \/>\n<strong>EL PAGO CON SUBROGACI\u00d3N<\/strong><\/p>\n<p>A. Generalidades<br \/>\nB. La subrogaci\u00f3n legal<br \/>\nC. Casos de subrogaci\u00f3n legal contemplados en el art\u00edculo<br \/>\n1. Subrogaci\u00f3n a beneficios del acreedor que paga a otro de mejor derecho<br \/>\n2. Subrogaci\u00f3n legal a beneficio del que habiendo comprado un inmueble, el obligado a pagar a los acreedores hipotecarios<br \/>\n3. Subrogaci\u00f3n legal del que paga una deuda a que se halla obligado solidaria o subsidiariamente<br \/>\n4. Subrogaci\u00f3n legal a favor del heredero beneficiario que paga con su propio dinero las deudas de la herencia<br \/>\n5. Subrogaci\u00f3n del que paga una deuda ajena, consinti\u00e9ndolo expresa o t\u00e1citamente el deudor<br \/>\n6. Subrogaci\u00f3n a beneficio del que ha prestado dinero al deudor para el pago<br \/>\nD. Otros casos de subrogaci\u00f3n legal<br \/>\nE. Subrogaci\u00f3n convencional<br \/>\nF. Efectos de toda subrogaci\u00f3n<br \/>\nG. Comparaci\u00f3n de la subrogaci\u00f3n con la cesi\u00f3n de derechos personales y la novaci\u00f3n<\/p>\n<p><strong>CAP\u00cdTULO XVIII<\/strong><br \/>\n<strong>LA DACI\u00d3N EN PAGO<\/strong><\/p>\n<p><strong>CAP\u00cdTULO XIX<\/strong><br \/>\n<strong>LA COMPENSACI\u00d3N<br \/>\n<\/strong><br \/>\nA. Nociones generales<br \/>\nB. Compensaci\u00f3n legal<br \/>\nC. Compensaci\u00f3n voluntaria: convencional y facultativa<br \/>\nD. Compensaci\u00f3n judicial<\/p>\n<p><strong>CAP\u00cdTULO XX<\/strong><br \/>\n<strong>LA CONFUSI\u00d3N<br \/>\n<\/strong><br \/>\n<strong>PARTE RELATIVA A LA PROTECCI\u00d3N DEL CR\u00c9DITO MEDIANTE LOS DERECHOS AUXILIARES DEL ACREEDOR<\/strong><\/p>\n<p><strong>CAP\u00cdTULO XXI<\/strong><br \/>\n<strong>CONCEPTO Y ENUMERACI\u00d3N DE LOS DERECHOS AUXILIARES DEL ACREEDOR<\/strong><\/p>\n<p><strong>CAP\u00cdTULO XXII<\/strong><br \/>\n<strong>MEDIDAS CONSERVATIVAS<\/strong><\/p>\n<p><strong>CAP\u00cdTULO XXIII<\/strong><br \/>\n<strong>LA ACCI\u00d3N OBLICUA O SUBROGATORIA<br \/>\n<\/strong><br \/>\nA. Concepto, procedencia, requisitos y efectos de esta acci\u00f3n<br \/>\nB. Casos de acci\u00f3n oblicua en la legislaci\u00f3n chilena<\/p>\n<p><strong>CAP\u00cdTULO XXIV<\/strong><br \/>\n<strong>ACCI\u00d3N PAULIANA<br \/>\n<\/strong><br \/>\nA. Generalidades<br \/>\nB. Naturaleza jur\u00eddica<br \/>\nC. Condiciones necesarias para el ejercicio de la acci\u00f3n pauliana<br \/>\nD. Efectos de la acci\u00f3n pauliana<br \/>\nE. Prescripci\u00f3n<\/p>\n<p><strong>CAP\u00cdTULO XXV<\/strong><br \/>\n<strong>EL BENEFICIO DE SEPARACI\u00d3N<\/strong><\/p>\n<p><strong>PARTE RELATIVA AL INCUMPLIMIENTO DE LAS OBLIGACIONES Y SUS EFECTOS<\/strong><\/p>\n<p><strong>CAP\u00cdTULO XXVI<\/strong><br \/>\n<strong>LA EJECUCI\u00d3N FORZADA DE LAS OBLIGACIONES<br \/>\n<\/strong><br \/>\nA. Nociones preliminares<br \/>\nB. El procedimiento para obtener la ejecuci\u00f3n forzada de la obligaci\u00f3n<br \/>\nC. Ejecuci\u00f3n de las obligaciones de dar<br \/>\nD. Ejecuci\u00f3n de las obligaciones de hacer<br \/>\nE. Ejecuci\u00f3n forzada en las obligaciones de no hacer<\/p>\n<p><strong>CAP\u00cdTULO XXVII<\/strong><br \/>\n<strong>INDEMNIZACI\u00d3N DE PERJUICIOS<\/strong><\/p>\n<p>A. Noci\u00f3n previa sobre la responsabilidad<br \/>\nB. Generalidades sobre la reparaci\u00f3n o indemnizaci\u00f3n del da\u00f1o<br \/>\nC. Indemnizaci\u00f3n compensatoria<br \/>\nD. Indemnizaci\u00f3n de perjuicios moratoria<br \/>\nE. Requisitos para la procedencia de la indemnizaci\u00f3n de perjuicios<br \/>\n1. Infracci\u00f3n de la obligaci\u00f3n<br \/>\n2. Imputabilidad<br \/>\n3. La interpretaci\u00f3n. Constituci\u00f3n en mora del deudor<br \/>\n4. Efectos de la mora del deudor<br \/>\nF. Mora del acreedor<br \/>\nG. Existencia de perjuicios<br \/>\n1. La avaluaci\u00f3n legal<br \/>\n2. Avaluaci\u00f3n judicial<br \/>\n3. Avaluaci\u00f3n convencional anticipada de los perjuicios. Cl\u00e1usula penal<\/p>\n<p><strong>CAP\u00cdTULO XXVIII<\/strong><br \/>\n<strong>COMPARACI\u00d3N Y APLICACIONES DE LAS RESPONSABILIDAD CONTRACTUAL Y LA DELICTUAL O CUASIDELICTUAL CIVIL<\/strong><\/p>\n<p><strong>PARTE RELATIVA A LA INSOLVENCIA Y A LAS FORMAS ESPECIALES DE PAGO DE LOS DEUDORES INSOLVENTES<\/strong><\/p>\n<p><strong>CAP\u00cdTULO XXIX<\/strong><br \/>\n<strong>CUESTIONES GENERALES SOBRE LA INSOLVENCIA<\/strong><\/p>\n<p><strong>CAP\u00cdTULO XXX<\/strong><br \/>\n<strong>NOCIONES GENERALES SOBRE LA QUIEBRA<\/strong><\/p>\n<p><strong>CAP\u00cdTULO XXXI<\/strong><br \/>\n<strong>LA CESI\u00d3N DE BIENES<\/strong><\/p>\n<p><strong>CAP\u00cdTULO XXXII<\/strong><br \/>\n<strong>BENEFICIO DE COMPETENCIA<\/strong><\/p>\n<p>A. Generalidades<br \/>\nB. Deudores que gozan del beneficio de competencia<\/p>\n<p><strong>CAP\u00cdTULO XXXIII<\/strong><br \/>\n<strong>LA PRELACI\u00d3N DE CR\u00c9DITOS<\/strong><\/p>\n<p>A. Generalidades<br \/>\nB. Los cr\u00e9ditos de la primera clase<br \/>\nC. Los cr\u00e9ditos de la segunda clase<br \/>\nD. Tercera clase de cr\u00e9ditos<br \/>\nE. Cuarta clase de cr\u00e9ditos<br \/>\nF. Quinta clase de cr\u00e9ditos<\/p>\n<p><strong>PARTE RELATIVA A LA MODIFICACI\u00d3N DE LAS OBLIGACIONES<\/strong><\/p>\n<p><strong>CAP\u00cdTULO XXXIV<\/strong><br \/>\n<strong>GENERALIDADES SOBRE LA MODIFICACI\u00d3N<\/strong><\/p>\n<p><strong>CAP\u00cdTULO XXXV<\/strong><br \/>\n<strong>MODIFICACI\u00d3N DE LA OBLIGACI\u00d3N ORIGINADA POR LA SUCESI\u00d3N POR CAUSA DE MUERTE<\/strong><\/p>\n<p><strong>CAP\u00cdTULO XXXVI<\/strong><br \/>\n<strong>MODIFICACI\u00d3N DE LA OBLIGACI\u00d3N POR LA CESI\u00d3N DE DERECHOS Y PRIMERAMENTE POR LA CESI\u00d3N DE CR\u00c9DITOS<\/strong><\/p>\n<p>A. La cesi\u00f3n de derechos en general<br \/>\nB. La cesi\u00f3n de cr\u00e9ditos<br \/>\nC. Cesi\u00f3n del derecho de herencia<br \/>\nD. Cesi\u00f3n de los derechos litigiosos<\/p>\n<p><strong>CAP\u00cdTULO XXXVII<\/strong><br \/>\n<strong>MODIFICACI\u00d3N DE LA OBLIGACI\u00d3N POR LA CESI\u00d3N DEL CONTRATO<\/strong><\/p>\n<p><strong>CAP\u00cdTULO XXXVIII<\/strong><br \/>\n<strong>LA ASUNCI\u00d3N O CESI\u00d3N DE DEUDAS. CAMBIO DEL DEUDOR<\/strong><\/p>\n<p><strong>CAP\u00cdTULO XXXIX<\/strong><br \/>\n<strong>LA NOVACI\u00d3N<\/strong><\/p>\n<p>A. Parte general<br \/>\nB. Novaci\u00f3n objetiva<br \/>\nC. Novaci\u00f3n subjetiva por cambio de acreedor<br \/>\nD. Novaci\u00f3n subjetiva por cambio de deudor<br \/>\nE. Efectos de la novaci\u00f3n<br \/>\nF. La delegaci\u00f3n<\/p>\n<p><strong>PARTE RELATIVA A LA EXTINCI\u00d3N DE LAS OBLIGACIONES<\/strong><\/p>\n<p><strong>CAP\u00cdTULO XL<\/strong><br \/>\n<strong>GENERALIDADES SOBRE LA EXTINCI\u00d3N DE LAS OBLIGACIONES Y MODOS DE ESTA<\/strong><\/p>\n<p><strong>CAP\u00cdTULO XLI<\/strong><br \/>\n<strong>EXTINCI\u00d3N DE LAS OBLIGACIONES POR MUTUO CONSENTIMIENTO O MUTUO DISENSO<\/strong><\/p>\n<p><strong>CAP\u00cdTULO XLII<\/strong><br \/>\n<strong>EL DESISTIMIENTO O RENUNCIA DE LOS CONTRATOS<\/strong><\/p>\n<p><strong>CAP\u00cdTULO XLIII<\/strong><br \/>\n<strong>LA REMISI\u00d3N<\/strong><\/p>\n<p><strong>CAP\u00cdTULO XLIV<\/strong><br \/>\n<strong>LA IMPOSIBILIDAD SOBREVENIDA DE LA PRESTACI\u00d3N POR CAUSA NO IMPUTABLE AL DEUDOR<\/strong><\/p>\n<p>A. Generalidades<br \/>\nB. La imposibilidad sobrevenida de las prestaciones en las obligaciones de dar<br \/>\nC. La imposibilidad sobrevenida de las prestaciones en las obligaciones de hacer<br \/>\nD. La imposibilidad sobrevenida de las prestaciones en las obligaciones de no hacer<br \/>\nE. Derecho comparado<\/p>\n<p><strong>CAP\u00cdTULO XLV<\/strong><br \/>\n<strong>TEOR\u00cdA DE LOS RIESGOS DE LOS CONTRATOS<\/strong><\/p>\n<p><strong>CAP\u00cdTULO XLVI<\/strong><br \/>\n<strong>CONVENCIONES DE RESPONSABILIDAD Y CL\u00c1USULAS DE IRRESPONSABILIDAD<\/strong><\/p>\n<p><strong>CAP\u00cdTULO XLVII<\/strong><br \/>\n<strong>TEOR\u00cdA DE LA IMPREVISI\u00d3N O DE LA EXCESIVA ONEROSIDAD<\/strong><\/p>\n<p><strong>CAP\u00cdTULO XLVIII<\/strong><br \/>\n<strong>LA PRESCRIPCI\u00d3N EXTINTIVA O LIBERATORIA<\/strong><\/p>\n<p>A. Prescripci\u00f3n adquisitiva y prescripci\u00f3n extintiva<br \/>\nB. Generalidades sobre la prescripci\u00f3n extintiva<br \/>\nC. Reglas aplicables a toda prescripci\u00f3n<br \/>\nD. Supuesto de la prescripci\u00f3n extintiva<br \/>\nE. Requisitos de la prescripci\u00f3n extintiva<br \/>\nF. Diversos plazos de la prescripci\u00f3n extintiva y clases de esta en relaci\u00f3n con los plazos<br \/>\nG. Prescripci\u00f3n de largo tiempo<br \/>\nH. Interrupci\u00f3n de la prescripci\u00f3n extintiva de largo tiempo<br \/>\nI. Suspensi\u00f3n de la prescripci\u00f3n<br \/>\nJ. Prescripci\u00f3n de corto tiempo en general y primeramente de las presuntivas de pago<br \/>\nK. Prescripciones especiales de corto tiempo<br \/>\nL. Prescripciones tributarias<\/p>\n<p><strong>CAP\u00cdTULO XLIX<\/strong><br \/>\n<strong>PRESCRIPCI\u00d3N EXTINTIVA Y CADUCIDAD<\/strong><\/p>\n<p>BIBLIOGRAF\u00cdA<\/p>\n","protected":false},"excerpt":{"rendered":"<p>Buscas un libro Jur\u00eddico.? Lo puedes encontrar en nuestra tienda virtual.<\/p>\n<p>Contamos con prestigiosos autores y muchas alternativas en sus diferentes materias al igual que grandes descuentos.! Vis\u00edtanos en www.bibliotecajuridicavirtual.cl<\/p>\n<p>Escr\u00edbenos al +56930565235 \/ ventaslegallexglobal@gmail.com<\/p>\n<p>Hacemos env\u00edos a todo Chile &#8211; Starken o Correos Chile \/ Te esperamos.<\/p>\n","protected":false},"featured_media":4254,"comment_status":"open","ping_status":"closed","template":"","meta":{"inline_featured_image":false,"_joinchat":[]},"product_brand":[],"product_cat":[27,40],"product_tag":[],"class_list":{"0":"post-4224","1":"product","2":"type-product","3":"status-publish","4":"has-post-thumbnail","6":"product_cat-civil","7":"product_cat-ediciones-juridica-de-santiago","8":"product_shipping_class-a-convenir","10":"first","11":"instock","12":"shipping-taxable","13":"purchasable","14":"product-type-simple"},"_links":{"self":[{"href":"https:\/\/bibliotecajuridicavirtual.cl\/index.php\/wp-json\/wp\/v2\/product\/4224","targetHints":{"allow":["GET"]}}],"collection":[{"href":"https:\/\/bibliotecajuridicavirtual.cl\/index.php\/wp-json\/wp\/v2\/product"}],"about":[{"href":"https:\/\/bibliotecajuridicavirtual.cl\/index.php\/wp-json\/wp\/v2\/types\/product"}],"replies":[{"embeddable":true,"href":"https:\/\/bibliotecajuridicavirtual.cl\/index.php\/wp-json\/wp\/v2\/comments?post=4224"}],"wp:featuredmedia":[{"embeddable":true,"href":"https:\/\/bibliotecajuridicavirtual.cl\/index.php\/wp-json\/wp\/v2\/media\/4254"}],"wp:attachment":[{"href":"https:\/\/bibliotecajuridicavirtual.cl\/index.php\/wp-json\/wp\/v2\/media?parent=4224"}],"wp:term":[{"taxonomy":"product_brand","embeddable":true,"href":"https:\/\/bibliotecajuridicavirtual.cl\/index.php\/wp-json\/wp\/v2\/product_brand?post=4224"},{"taxonomy":"product_cat","embeddable":true,"href":"https:\/\/bibliotecajuridicavirtual.cl\/index.php\/wp-json\/wp\/v2\/product_cat?post=4224"},{"taxonomy":"product_tag","embeddable":true,"href":"https:\/\/bibliotecajuridicavirtual.cl\/index.php\/wp-json\/wp\/v2\/product_tag?post=4224"}],"curies":[{"name":"wp","href":"https:\/\/api.w.org\/{rel}","templated":true}]}}