{"id":4225,"date":"2026-02-28T01:24:03","date_gmt":"2026-02-28T04:24:03","guid":{"rendered":"https:\/\/bibliotecajuridicavirtual.cl\/?post_type=product&#038;p=4225"},"modified":"2026-02-28T01:24:17","modified_gmt":"2026-02-28T04:24:17","slug":"tratado-de-los-derechos-reales-bienes-2-tomos-ano-2015-907-pag-autor-arturo-alessandri-r-manuel-somarriva-u-y-antonio-vodanovic-h","status":"publish","type":"product","link":"https:\/\/bibliotecajuridicavirtual.cl\/index.php\/product\/tratado-de-los-derechos-reales-bienes-2-tomos-ano-2015-907-pag-autor-arturo-alessandri-r-manuel-somarriva-u-y-antonio-vodanovic-h\/","title":{"rendered":"Tratado de los Derechos Reales, Bienes-  2 Tomos. A\u00f1o 2015\/ 907 P\u00e1g. Autor Arturo Alessandri R. ,Manuel Somarriva U. y  Antonio Vodanovic H."},"content":{"rendered":"<p>Prosiguiendo con el proyecto editorial tenemos la oportunidad presentarles el Tratado de los Derechos Reales que forma parte de la cl\u00e1sica obra del Derecho Civil Chileno principiada e inspirada en los destacados profesores Arturo Alessandri Rodr\u00edguez y Manuel Somarriva Undurraga junto a su coautor Antonio Vodanovic Haklicka.<\/p>\n<p>Esta obra desarrolla en forma integral y detalladas las materias referidas a los derecho reales y los fen\u00f3menos de relevancia jur\u00eddica con relaci\u00f3n a los bienes, incluye los desarrollos doctrinales y jurisprudenciales que han actualizado el texto original desarrollado a partir de los apuntes de clases, trat\u00e1ndose de un libro de consulta permanente y referencia ineludible de los estudiosos y especialistas del ramo.<\/p>\n<p>Las materias tratadas en esta obra resultan de especial relevancia en los programas acad\u00e9micos del ramo de derecho civil y de fluida aplicaci\u00f3n pr\u00e1ctica en el ejercicio profesional.<\/p>\n<p>Este primer tomo desarrolla las siguientes materias: El dominio, caracter\u00edsticas y facultades; La copropiedad; Los modos de adquirir el dominio: La ocupaci\u00f3n, accesi\u00f3n y la tradici\u00f3n; Las propiedades especiales; Derechos privados sobre bienes nacionales y bienes inmateriales; y de la posesi\u00f3n, en tanto requisito de la prescripci\u00f3n.<\/p>\n<p>Este segundo tomo desarrolla las siguientes materias: De la prescripci\u00f3n adquisitiva; Los derechos reales limitados y de las limitaciones del dominio; La reivindicaci\u00f3n y las acciones posesorias, entre otras acciones especiales.<\/p>\n<p><strong>TOMO I<\/strong><\/p>\n<p><strong>CAP\u00cdTULO I<\/strong><br \/>\n<strong>DE LOS DERECHOS REALES EN GENERAL<\/strong><\/p>\n<p><strong>CAP\u00cdTULO II<\/strong><br \/>\n<strong>DE LA PROPIEDAD<\/strong><\/p>\n<p>1. Generalidades<br \/>\n2. Caracteres del dominio<br \/>\n3. Cr\u00edtica positiva y negativa del derecho de propiedad<br \/>\n4. Tendencias modernas sobre el derecho de propiedad<br \/>\n5. Evaluaci\u00f3n hist\u00f3rica del derecho de propiedad<br \/>\n6. Or\u00edgenes de la propiedad<br \/>\n7. El derecho de propiedad en chile<br \/>\n8. Facultades inherentes al dominio<br \/>\n9. Contenido pasivo del derecho de propiedad<br \/>\n10. Objeto del dominio<br \/>\n11. Diversas clases de propiedad<br \/>\n12. Extensi\u00f3n objetiva del dominio<br \/>\n13. Restricciones del dominio<br \/>\nI. Generalidades<br \/>\nII. Restricciones gen\u00e9ricas<br \/>\nIII. Restricciones por raz\u00f3n de inter\u00e9s social<br \/>\n14. Resumen general de las restricciones del dominio<br \/>\nI. Restricciones gen\u00e9ricas<br \/>\nII. Restricciones espec\u00edficas o por raz\u00f3n de inter\u00e9s social<\/p>\n<p><strong>CAP\u00cdTULO III<\/strong><br \/>\n<strong>LA COPROPIEDAD<\/strong><\/p>\n<p>I. DE LA COPROPIEDAD EN GENERAL<br \/>\n1. Generalidades<br \/>\n2. Derechos de los copropietarios<br \/>\n3. Administraci\u00f3n de la cosa com\u00fan<br \/>\n4. Obligaciones de los comuneros<br \/>\n5. Responsabilidad de los consumidores<br \/>\n6. Extinci\u00f3n de la comunidad<br \/>\n7. La multipropiedad<br \/>\nII. LA PROPIEDAD, EN EDIFICIOS, POR PISOS O DEPARTAMENTOS<\/p>\n<p><strong>CAP\u00cdTULO IV<\/strong><br \/>\n<strong>DE LOS MODOS DE ADQUIRIR EL DOMINIO EN GENERAL<\/strong><\/p>\n<p><strong>CAP\u00cdTULO V<\/strong><br \/>\n<strong>DE LA OCUPACI\u00d3N<\/strong><\/p>\n<p>1. Generalidades<br \/>\n2. Diversas clases de ocupaci\u00f3n<br \/>\nI. Ocupaci\u00f3n de cosas animadas<br \/>\nII. Ocupaci\u00f3n de cosas animadas<br \/>\nIII. Especies muebles al parecer perdidas y especies n\u00e1ufragas<\/p>\n<p><strong>CAP\u00cdTULO VI<\/strong><br \/>\n<strong>DE LA ACCESI\u00d3N<\/strong><\/p>\n<p>1. GENERALIDADES<br \/>\n2. DIVERSAS CLASES DE ACCESI\u00d3N<br \/>\nI. Accesi\u00f3n de frutos<br \/>\nII. Accesi\u00f3n continua<\/p>\n<p><strong>CAP\u00cdTULO VII<\/strong><br \/>\n<strong>DE LA TRADICI\u00d3N<\/strong><\/p>\n<p>1. Generalidades<br \/>\n2. Requisitos de la tradici\u00f3n<br \/>\nI. Presencia de dos partes<br \/>\nII. Consentimiento del tradente y del adquirente<br \/>\nIII. Existencia de un t\u00edtulo traslaticio de dominio<br \/>\nIV. La entrega de la cosa<br \/>\n3. Efectos de la tradici\u00f3n<br \/>\n4. Diversas especies de tradici\u00f3n<br \/>\nI. Tradici\u00f3n de los derechos reales sobre una cosa corporal mueble<br \/>\nII. Tradici\u00f3n de los derechos reales sobre una cosa corporal inmueble<\/p>\n<p><strong>CAP\u00cdTULO VIII<\/strong><br \/>\n<strong>PROPIEDADES ESPECIALES<\/strong><\/p>\n<p>1. La propiedad austral<br \/>\n2. La propiedad ind\u00edgena<\/p>\n<p><strong>CAP\u00cdTULO IX<\/strong><br \/>\n<strong>DERECHOS PRIVADOS SOBRE BIENES NACIONALES<\/strong><\/p>\n<p>1. Derecho sobre las minas<br \/>\n2. Derecho sobre las aguas<\/p>\n<p><strong>CAP\u00cdTULO X<\/strong><br \/>\n<strong>DERECHOS SOBRE BIENES INMATERIALES<\/strong><\/p>\n<p>1. Cuestiones generales<br \/>\n2. Propiedad intelectual o derecho de autor<br \/>\nI. El derecho moral de autor<br \/>\nII. El derecho patrimonial<br \/>\nIII. Registro y dep\u00f3sito de las obras<br \/>\nIV. Contravenciones y delitos<br \/>\n3. Propiedad industrial<br \/>\nI. Las marcas comerciales<br \/>\nII. Las patentes de invenci\u00f3n<br \/>\nIII. Modelos de utilidad<br \/>\nIV. Dise\u00f1os industriales<br \/>\nV. Las invenciones de servicio<\/p>\n<p><strong>CAP\u00cdTULO XI<\/strong><br \/>\n<strong>LA POSESI\u00d3N<\/strong><\/p>\n<p>1. Generalidades<br \/>\n2. Diversas especies de posesi\u00f3n<br \/>\nI. Posesi\u00f3n regular<br \/>\nII. Posesi\u00f3n irregular<br \/>\nIII. Posesi\u00f3n viciosas<br \/>\n3. La mera tenencia<br \/>\n4. La posesi\u00f3n no se transmite ni se transfiere<br \/>\n5. Adquisici\u00f3n, conservaci\u00f3n y p\u00e9rdida de la posesi\u00f3n<br \/>\nI. Generalidades<br \/>\nII. La posesi\u00f3n de los bienes muebles<br \/>\nIII. La posesi\u00f3n de los bienes ra\u00edces<br \/>\n6. Ficci\u00f3n y presunciones relativas a la prueba<\/p>\n<p>Ap\u00e9ndice<\/p>\n<p><strong>ACTUALIZACIONES<\/strong><br \/>\nA. Propiedad familiar<br \/>\nB. Bases generales del medio ambiente<br \/>\nC. La propiedad ind\u00edgena<br \/>\nD. Derecho de propiedad intelectual sobre las obras audiovisuales<\/p>\n<p><strong>TOMO II<\/strong><\/p>\n<p><strong>CAP\u00cdTULO XII<\/strong><br \/>\n<strong>LA PRESCRIPCI\u00d3N ADQUISITIVA<\/strong><\/p>\n<p>1. De la prescripci\u00f3n en general<br \/>\n2. La prescripci\u00f3n adquisitiva<br \/>\nI. Definici\u00f3n y caracterizaci\u00f3n<br \/>\nII. Requisitos de la prescripci\u00f3n adquisitiva<br \/>\nIII. De la interrupci\u00f3n de la prescripci\u00f3n<br \/>\nIV. Diversas clases de prescripci\u00f3n adquisitiva<br \/>\nV. Prescripci\u00f3n de derechos reales que no son el dominio<br \/>\nVI. Efectos de la prescripci\u00f3n<br \/>\nVII. Prescripci\u00f3n contra t\u00edtulo inscrito<\/p>\n<p><strong>CAP\u00cdTULO XIII<\/strong><br \/>\n<strong>DE LOS DERECHOS REALES LIMITADOS Y DE LAS LIMITACIONES DEL DOMINIO<\/strong><br \/>\n<strong><br \/>\nCAP\u00cdTULO XIV<\/strong><br \/>\n<strong>LA PROPIEDAD FIDUCIARIA<\/strong><\/p>\n<p>1. Generalidades<br \/>\n2. Constituci\u00f3n de la propiedad fiduciaria<br \/>\n3. Derechos y obligaciones del fiduciario<br \/>\nI. Derechos<br \/>\nII. Obligaciones del fiduciario<br \/>\n4. Derechos y obligaciones del fideicomisario<br \/>\nI. Derechos<br \/>\nII. Obligaciones<br \/>\n5. Extinci\u00f3n<\/p>\n<p><strong>CAP\u00cdTULO XV<\/strong><br \/>\n<strong>DEL USUFRUCTO<\/strong><\/p>\n<p>1. Introducci\u00f3n<br \/>\n2. Generalidades sobre el usufructo<br \/>\n3. Constituci\u00f3n del usufructo<br \/>\nI. Usufructo legal<br \/>\nII. Usufructo voluntario<br \/>\nIII. Usufructo mixto (constituido por prescripci\u00f3n)<br \/>\nIV. Usufructo constituido por sentencia judicial<br \/>\nV. Limitaci\u00f3n a la constituci\u00f3n del usufructo<br \/>\nVI. Duraci\u00f3n del usufructo<br \/>\n4. Derechos del usufructuario<br \/>\n5. Obligaciones del usufructuario<br \/>\nI. Obligaciones previas al goce de la cosa<br \/>\nII. Obligaciones del usufructuario durante el goce de la cosa fructuaria<br \/>\nIII. Obligaciones del usufructuario una vez extinguido el usufructo<br \/>\n6. Derechos y obligaciones del nudo propietario<br \/>\nI. Derechos<br \/>\nII. Obligaciones<br \/>\n7. Extinci\u00f3n del usufructo<br \/>\n8. Diferencias entre el usufructo y el fideicomiso<\/p>\n<p><strong>CAP\u00cdTULO XVI<\/strong><br \/>\n<strong>DE LOS DERECHOS DE USO Y DE HABITACI\u00d3N<\/strong><\/p>\n<p>1. Derecho de uso<br \/>\n2. Derecho de habitaci\u00f3n<\/p>\n<p><strong>CAP\u00cdTULO XVII<\/strong><br \/>\n<strong>DE LAS SERVIDUMBRES<\/strong><\/p>\n<p>1. Generalidades<br \/>\n2. Caracteres jur\u00eddicos del derecho de servidumbre<br \/>\n3. Clasificaci\u00f3n<br \/>\n4. Ejercicio del derecho de servidumbre<br \/>\n5. Servidumbres naturales<br \/>\n6. Servidumbres legales<br \/>\nI. Servidumbres de inter\u00e9s privado<br \/>\n7. Servidumbres voluntarias<br \/>\nI. Generalidades<br \/>\nII. Modo de establecer las servidumbres voluntarias<br \/>\nIII. Derechos y obligaciones de los titulares activo y pasivo de las servidumbres voluntarias<br \/>\n8. Extinci\u00f3n de las servidumbres<\/p>\n<p><strong>CAP\u00cdTULO XVIII<\/strong><br \/>\n<strong>EXISTENCIA DE OTROS DERECHOS REALES<\/strong><br \/>\n<strong><br \/>\nCAP\u00cdTULO XIX<\/strong><br \/>\n<strong>LA REIVINDICACI\u00d3N<\/strong><\/p>\n<p>1. Generalidades<br \/>\n2. Cosas que pueden ser reivindicadas<br \/>\n3. Quien puede reivindicar<br \/>\n4. Prueba del dominio<br \/>\n5. Contra quien se puede reivindicar<br \/>\n6. Medidas precautorias durante el juicio<br \/>\n7. Prestaciones mutuas<br \/>\nI. Prestaciones del poseedor vencido a favor del reivindicador<br \/>\nII. Prestaciones del reivindicador a favor del poseedor vencido<\/p>\n<p><strong>CAP\u00cdTULO XX<\/strong><br \/>\n<strong>LAS ACCIONES POSESORIAS<\/strong><\/p>\n<p><strong>PRIMERA PARTE<\/strong><br \/>\n<strong>DOCTRINA GENERAL<\/strong><\/p>\n<p>Secci\u00f3n I<br \/>\nGeneralidades<br \/>\nSecci\u00f3n II<br \/>\nCosas que pueden ser objeto de las acciones posesorias<br \/>\nSecci\u00f3n III<br \/>\nLegitimaci\u00f3n en causa y supuesto de la acci\u00f3n posesoria<br \/>\nSecci\u00f3n IV<br \/>\nEl debate posesorio<br \/>\nSecci\u00f3n V<br \/>\nLa prueba en las acciones posesorias<\/p>\n<p><strong>SEGUNDA PARTE<\/strong><br \/>\n<strong>LAS ACCIONES POSESORIAS COMUNES EN PARTICULAR<\/strong><\/p>\n<p>Secci\u00f3n I<br \/>\nQuerellas de amparo y de restituci\u00f3n<br \/>\nSecci\u00f3n II<br \/>\nLa querella de restablecimiento<br \/>\nSecci\u00f3n III<br \/>\nLas acciones posesorias en relaci\u00f3n con los bienes ra\u00edces inscritos y los no inscritos<\/p>\n<p><strong>TERCERA PARTE<\/strong><br \/>\n<strong>ACCIONES POSESORIAS ESPECIALES<br \/>\n<\/strong><br \/>\nSecci\u00f3n I<br \/>\nGeneralidades<br \/>\nSecci\u00f3n II<br \/>\nDenuncia de obra nueva<br \/>\nSecci\u00f3n II<br \/>\nDenuncia de obra ruinosa<br \/>\nSecci\u00f3n IV<br \/>\nOtras acciones posesorias especiales<br \/>\nSecci\u00f3n V<br \/>\nAcci\u00f3n popular<br \/>\nSecci\u00f3n VI<br \/>\nPrescripci\u00f3n de las acciones posesorias especiales<\/p>\n","protected":false},"excerpt":{"rendered":"<p>Buscas un libro Jur\u00eddico.? Lo puedes encontrar en nuestra tienda virtual.<br \/>\nContamos con prestigiosos autores y muchas alternativas en sus diferentes materias al igual que grandes descuentos.! Vis\u00edtanos en <a class=\"JlbfryXVlwcZyHjDVfFuROUTMUwEJHTEvmlSIQ \" href=\"https:\/\/lnkd.in\/eiAG7jdZ\" target=\"_blank\" rel=\"noopener\" data-test-app-aware-link=\"\">https:\/\/lnkd.in\/eiAG7jdZ<\/a><br \/>\nEscr\u00edbenos al +56930565235 \/ <a class=\"JlbfryXVlwcZyHjDVfFuROUTMUwEJHTEvmlSIQ \" href=\"mailto:ventaslegallexglobal@gmail.com\" target=\"_self\" rel=\"noopener\" data-test-app-aware-link=\"\">ventaslegallexglobal@gmail.com<\/a><br \/>\nHacemos env\u00edos a todo Chile &#8211; Starken o Correos Chile \/ Te esperamos<\/p>\n","protected":false},"featured_media":4255,"comment_status":"open","ping_status":"closed","template":"","meta":{"inline_featured_image":false,"_joinchat":[]},"product_brand":[],"product_cat":[27,26,40],"product_tag":[],"class_list":{"0":"post-4225","1":"product","2":"type-product","3":"status-publish","4":"has-post-thumbnail","6":"product_cat-civil","7":"product_cat-derecho","8":"product_cat-ediciones-juridica-de-santiago","9":"product_shipping_class-a-convenir","11":"first","12":"instock","13":"shipping-taxable","14":"purchasable","15":"product-type-simple"},"_links":{"self":[{"href":"https:\/\/bibliotecajuridicavirtual.cl\/index.php\/wp-json\/wp\/v2\/product\/4225","targetHints":{"allow":["GET"]}}],"collection":[{"href":"https:\/\/bibliotecajuridicavirtual.cl\/index.php\/wp-json\/wp\/v2\/product"}],"about":[{"href":"https:\/\/bibliotecajuridicavirtual.cl\/index.php\/wp-json\/wp\/v2\/types\/product"}],"replies":[{"embeddable":true,"href":"https:\/\/bibliotecajuridicavirtual.cl\/index.php\/wp-json\/wp\/v2\/comments?post=4225"}],"wp:featuredmedia":[{"embeddable":true,"href":"https:\/\/bibliotecajuridicavirtual.cl\/index.php\/wp-json\/wp\/v2\/media\/4255"}],"wp:attachment":[{"href":"https:\/\/bibliotecajuridicavirtual.cl\/index.php\/wp-json\/wp\/v2\/media?parent=4225"}],"wp:term":[{"taxonomy":"product_brand","embeddable":true,"href":"https:\/\/bibliotecajuridicavirtual.cl\/index.php\/wp-json\/wp\/v2\/product_brand?post=4225"},{"taxonomy":"product_cat","embeddable":true,"href":"https:\/\/bibliotecajuridicavirtual.cl\/index.php\/wp-json\/wp\/v2\/product_cat?post=4225"},{"taxonomy":"product_tag","embeddable":true,"href":"https:\/\/bibliotecajuridicavirtual.cl\/index.php\/wp-json\/wp\/v2\/product_tag?post=4225"}],"curies":[{"name":"wp","href":"https:\/\/api.w.org\/{rel}","templated":true}]}}