{"id":4230,"date":"2026-02-28T01:24:03","date_gmt":"2026-02-28T04:24:03","guid":{"rendered":"https:\/\/bibliotecajuridicavirtual.cl\/?post_type=product&#038;p=4230"},"modified":"2026-02-28T01:24:22","modified_gmt":"2026-02-28T04:24:22","slug":"codigo-sanitario-vigesima-tercera-edicion-ano-2023-autor-equipo-editorial-thomson-reuters","status":"publish","type":"product","link":"https:\/\/bibliotecajuridicavirtual.cl\/index.php\/product\/codigo-sanitario-vigesima-tercera-edicion-ano-2023-autor-equipo-editorial-thomson-reuters\/","title":{"rendered":"C\u00f3digo Sanitario &#8211; Vig\u00e9sima Tercera Edici\u00f3n. A\u00f1o 2023. Autor Equipo Editorial Thomson Reuters"},"content":{"rendered":"<p class=\"IG_IndiceGeneral\" lang=\"es-ES\">\u00cdNDICE DEL C\u00d3DIGO SANITARIO<\/p>\n<p class=\"IG_1\" lang=\"es-ES\">T\u00cdTULO PRELIMINAR<\/p>\n<p class=\"IG_2\" lang=\"es-ES\">P\u00e1rrafo I. Disposiciones generales<\/p>\n<p class=\"IG_2\" lang=\"es-ES\">P\u00e1rrafo II. De los Servicios de Salud<\/p>\n<p class=\"IG_2\" lang=\"es-ES\">P\u00e1rrafo III. De las atribuciones y obligaciones sanitarias de las Municipalidades<\/p>\n<p class=\"IG_CapituloNumero\" lang=\"es-ES\">LIBRO PRIMERO<br \/>\nDE LA PROTECCI\u00d3N Y PROMOCI\u00d3N DE LA SALUD<\/p>\n<p class=\"IG_1\" lang=\"es-ES\">T\u00cdTULO I<br \/>\nDe la protecci\u00f3n materno infantil<\/p>\n<p class=\"IG_1\" lang=\"es-ES\">T\u00cdTULO II<br \/>\nDe las enfermedades transmisibles<\/p>\n<p class=\"IG_2\" lang=\"es-ES\">P\u00e1rrafo I. Disposiciones generales<\/p>\n<p class=\"IG_2\" lang=\"es-ES\">P\u00e1rrafo II. De las enfermedades ven\u00e9reas<\/p>\n<p class=\"IG_1\" lang=\"es-ES\">T\u00cdTULO III<br \/>\nDe los laboratorios de salud p\u00fablica<\/p>\n<p class=\"IG_1\" lang=\"es-ES\">T\u00cdTULO IV<br \/>\nDe las estad\u00edsticas sanitarias<\/p>\n<p class=\"IG_1\" lang=\"es-ES\">TT\u00cdTULO V<br \/>\nDe la divulgaci\u00f3n y educaci\u00f3n sanitarias<\/p>\n<p class=\"IG_CapituloNumero\" lang=\"es-ES\">LIBRO SEGUNDO<br \/>\nDE LA PROFILAXIS SANITARIA INTERNACIONAL<\/p>\n<p class=\"IG_1\" lang=\"es-ES\">T\u00cdTULO I<br \/>\nDefiniciones<\/p>\n<p class=\"IG_1\" lang=\"es-ES\">TT\u00cdTULO II<br \/>\nDe la protecci\u00f3n sanitaria internacional<\/p>\n<p class=\"IG_CapituloNumero\" lang=\"es-ES\">LIBRO TERCERO<br \/>\nDE LA HIGIENE Y SEGURIDAD DEL AMBIENTE Y DE LOS LUGARES DE TRABAJO<\/p>\n<p class=\"IG_1\" lang=\"es-ES\">T\u00cdTULO I<br \/>\nNormas generales<\/p>\n<p class=\"IG_1\" lang=\"es-ES\">T\u00cdTULO II<br \/>\nDe la higiene y seguridad del ambiente<\/p>\n<p class=\"IG_2\" lang=\"es-ES\">P\u00e1rrafo I. De las aguas y de sus usos sanitarios<\/p>\n<p class=\"IG_2\" lang=\"es-ES\">P\u00e1rrafo II. De las viviendas, locales, campamentos y dem\u00e1s<\/p>\n<p class=\"IG_2\" lang=\"es-ES\">P\u00e1rrafo III. De los desperdicios y basuras<\/p>\n<p class=\"IG_1\" lang=\"es-ES\">T\u00cdTULO III<br \/>\nDe la higiene y seguridad de los lugares de trabajo<\/p>\n<p class=\"IG_1\" lang=\"es-ES\">T\u00cdTULO IV<br \/>\nDe otros factores de riesgos<\/p>\n<p class=\"IG_2\" lang=\"es-ES\">P\u00e1rrafo I. De la contaminaci\u00f3n del aire y de los ruidos y vibraciones<\/p>\n<p class=\"IG_2\" lang=\"es-ES\">P\u00e1rrafo II. De las substancias t\u00f3xicas o peligrosas para la salud<\/p>\n<p class=\"IG_CapituloNumero\" lang=\"es-ES\">LIBRO CUARTO<br \/>\nDE LOS PRODUCTOS FARMAC\u00c9UTICOS, ALIMENTICIOS, COSM\u00c9TICOS Y ART\u00cdCULOS DE USO M\u00c9DICO<\/p>\n<p class=\"IG_1\" lang=\"es-ES\">T\u00cdTULO I<br \/>\nDe los productos farmac\u00e9uticos<\/p>\n<p class=\"IG_1\" lang=\"es-ES\">T\u00cdTULO II<br \/>\nDe los productos alimenticios<\/p>\n<p class=\"IG_2\" lang=\"es-ES\">P\u00e1rrafo I. De los productos alimenticios en general<\/p>\n<p class=\"IG_2\" lang=\"es-ES\">P\u00e1rrafo II. De la leche y los productos l\u00e1cteos<\/p>\n<p class=\"IG_1\" lang=\"es-ES\">T\u00cdTULO III<br \/>\nDe los productos cosm\u00e9ticos y productos de higiene y odorizaci\u00f3n personal<\/p>\n<p class=\"IG_1\" lang=\"es-ES\">T\u00cdTULO IV<br \/>\nDe los elementos de uso m\u00e9dico<\/p>\n<p class=\"IG_1\" lang=\"es-ES\">T\u00cdTULO V<br \/>\nDe los ensayos cl\u00ednicos de productos farmac\u00e9uticos y elementos de uso m\u00e9dico<\/p>\n<p class=\"IG_1\" lang=\"es-ES\">T\u00cdTULO VI<br \/>\nDe la responsabilidad por productos sanitarios defectuosos<\/p>\n<p class=\"IG_CapituloNumero\" lang=\"es-ES\">LIBRO QUINTO<br \/>\nDEL EJERCICIO DE LA MEDICINA Y PROFESIONES AFINES LIBRO SEXTO DE LOS ESTABLECIMIENTOS DEL \u00c1REA DE LA SALUD<\/p>\n<p class=\"IG_1\" lang=\"es-ES\">T\u00cdTULO PRELIMINAR<\/p>\n<p class=\"IG_1\" lang=\"es-ES\">T\u00cdTULO I<br \/>\nDe los establecimientos asistenciales de salud<\/p>\n<p class=\"IG_1\" lang=\"es-ES\">T\u00cdTULO II<br \/>\nDe los establecimientos de \u00f3ptica y de otros elementos de uso m\u00e9dico<\/p>\n<p class=\"IG_1\" lang=\"es-ES\">T\u00cdTULO III<br \/>\nDe los establecimientos del \u00e1rea farmac\u00e9utica<\/p>\n<p class=\"IG_CapituloNumero\" lang=\"es-ES\">LIBRO S\u00c9PTIMO<br \/>\nDE LA OBSERVACI\u00d3N Y RECLUSI\u00d3N DE LOS ENFERMOS MENTALES, DE LOS ALCOH\u00d3LICOS Y DE LOS QUE PRESENTEN ESTADO DE DEPENDENCIA DE OTRAS DROGAS Y SUBSTANCIAS<\/p>\n<p class=\"IG_CapituloNumero\" lang=\"es-ES\">LIBRO OCTAVO<br \/>\nDE LAS INHUMACIONES, EXHUMACIONES Y TRASLADO DE CAD\u00c1VERES<\/p>\n<p class=\"IG_CapituloNumero\" lang=\"es-ES\">LIBRO NOVENO<br \/>\nDEL APROVECHAMIENTO DE TEJIDOS O PARTES DEL CUERPO DE UN DONANTE VIVO Y DE LA UTILIZACI\u00d3N DE CAD\u00c1VERES O PARTE DE ELLOS CON FINES CIENT\u00cdFICOS O TERAP\u00c9UTICOS<\/p>\n<p class=\"IG_CapituloNumero\" lang=\"es-ES\">LIBRO D\u00c9CIMO<br \/>\nDE LOS PROCEDIMIENTOS Y SANCIONES<\/p>\n<p class=\"IG_1\" lang=\"es-ES\">T\u00cdTULO I<br \/>\nDe la inspecci\u00f3n y allanamiento<\/p>\n<p class=\"IG_1\" lang=\"es-ES\">T\u00cdTULO II<br \/>\nDel sumario sanitario<\/p>\n<p class=\"IG_1\" lang=\"es-ES\">T\u00cdTULO III<br \/>\nDe las sanciones y medidas sanitarias<\/p>\n<p class=\"IG_IndiceGeneral\" lang=\"es-ES\">\u00cdNDICE DEL AP\u00c9NDICE<\/p>\n<p class=\"IG_2\" lang=\"es-ES\">\u2013 Ley N\u00ba 19.451. Establece normas sobre trasplante y donaci\u00f3n de \u00f3rganos (D.O. de 10 de abril de 1996)<\/p>\n<p class=\"IG_2\" lang=\"es-ES\">\u2013 Decreto N\u00ba 35. Aprueba reglamento de la Ley N\u00ba 19.451, que establece normas sobre trasplante y donaci\u00f3n de \u00f3rganos (D.O. de 21 de octubre de 2013)<\/p>\n<p class=\"IG_2\" lang=\"es-ES\">\u2013 Resoluci\u00f3n N\u00ba 601 exenta. Aprueba requisitos que deben cumplir los establecimientos asistenciales que efect\u00faen extracci\u00f3n y trasplantes de \u00f3rganos (D.O. de 19 de abril de 1999)<\/p>\n<p class=\"IG_2\" lang=\"es-ES\">\u2013 Decreto N\u00ba 357. Reglamento general de cementerios (D.O. de 18 de junio de 1970)<\/p>\n<p class=\"IG_2\" lang=\"es-ES\">\u2013 Decreto N\u00ba 161. Reglamento de hospitales y cl\u00ednicas (D.O. de 19 de noviembre de 1982)<\/p>\n<p class=\"IG_2\" lang=\"es-ES\">\u2013 Decreto N\u00ba 825. Aprueba reglamento de control de productos y elementos de uso m\u00e9dico (D.O. de 21 de agosto de 1999)<\/p>\n<p class=\"IG_2\" lang=\"es-ES\">\u2013 Decreto N\u00ba 3. Aprueba reglamento de protecci\u00f3n radiol\u00f3gica de instalaciones radiactivas (D.O. de 25 de abril de 1985)<\/p>\n<p class=\"IG_2\" lang=\"es-ES\">\u00ad\u2013 Decreto N\u00ba 133. Reglamento sobre autorizaciones para instalaciones radiactivas o equipos generadores de radiaciones ionizantes, personal que se desempe\u00f1a en ellas, u opere tales equipos y otras actividades afines (D.O. de 23 de agosto de 1984)<\/p>\n<p class=\"IG_2\" lang=\"es-ES\">\u2013 Decreto N\u00ba 466. Aprueba reglamento de farmacias, droguer\u00edas, almacenes farmac\u00e9uticos, botiquines y dep\u00f3sitos autorizados (D.O. de 12 de marzo de 1985)<\/p>\n<p class=\"IG_2\" lang=\"es-ES\">\u2013 Decreto N\u00ba 405. Reglamento de productos psicotr\u00f3picos (D.O. de 20 de febrero de 1984)<\/p>\n<p class=\"IG_2\" lang=\"es-ES\">\u2013 Decreto N\u00ba 404. Reglamento de estupefacientes (D.O. de 20 de febrero de 1984)<\/p>\n<p class=\"IG_2\" lang=\"es-ES\">\u2013 Decreto con Fuerza de Ley N\u00ba 1. Determina materias que requieren autorizaci\u00f3n sanitaria expresa (D.O. de 21 de febrero de 1990)<\/p>\n<p class=\"IG_2\" lang=\"es-ES\">\u2013 Decreto con Fuerza de Ley N\u00ba 1. Fija texto refundido, coordinado y sistematizado del Decreto Ley N\u00ba 2.763, de 1979 y de las Leyes N\u00ba 18.933 y N\u00ba 18.469 (D.O. de 24 de abril de 2006)<\/p>\n<p class=\"IG_2\" lang=\"es-ES\">\u2013 Ley N\u00ba 20.584. Regula los derechos y deberes que tienen las personas en relaci\u00f3n con acciones vinculadas a su atenci\u00f3n en salud (D.O. de 24 de abril de 2012)<\/p>\n<p class=\"IG_2\" lang=\"es-ES\">\u2013 Ley N\u00ba 20.585. Sobre otorgamiento y uso de licencias m\u00e9dicas (D.O. de 11 de mayo de 2012)<\/p>\n<p class=\"IG_2\" lang=\"es-ES\">\u2013 Ley N\u00ba 20.606. Sobre composici\u00f3n nutricional de los alimentos y su publicidad (D.O. de 6 de julio de 2012)<\/p>\n<p class=\"IG_2\" lang=\"es-ES\">\u2013 Ley N\u00ba 20.869. Sobre publicidad de los alimentos (D.O. de de noviembre de 2015)<\/p>\n<p class=\"IG_2\" lang=\"es-ES\">\u2013 Ley N\u00ba 21.331. Del reconocimiento y protecci\u00f3n de los derechos de las personas en la atenci\u00f3n de salud mental (D.O. de 11 demayo de 2021)<\/p>\n<p class=\"IG_2\" lang=\"es-ES\">\u2013 Decreto N\u00ba 4. Decreta alerta sanitaria por el per\u00edodo que se\u00f1ala y otorga facultades extraordinarias que indica por emergencia de salud p\u00fablica de importancia internacional por brote del nuevo coronavirus (D.O. de 8 de febrero de 2020)<\/p>\n<p class=\"IG_2\" lang=\"es-ES\">\u2013 Ley N\u00ba 21.375. Consagra los cuidados paliativos y los derechos de las personas que padecen enfermedades terminales o graves (D.O. de 21 de octubre de 2021)<\/p>\n<p class=\"IG_2\" lang=\"es-ES\">\u2013 Decreto N\u00ba 44. Aprueba reglamento de las prestaciones incluidas en el programa de acompa\u00f1amiento y materias afines de la Ley N\u00ba 21.030 (D.O. de 8 de febrero de 2018)<\/p>\n<p class=\"IG_2\" lang=\"es-ES\">\u2013 Decreto N\u00ba 67. Aprueba reglamento para ejercer objeci\u00f3n de conciencia seg\u00fan lo dispuesto en el art\u00edculo 119 ter del C\u00f3digo Sanitario (D.O. de 23 de octubre de 2018)<\/p>\n<p class=\"IG_1\" lang=\"es-ES\">Modificaciones incorporadas a esta edici\u00f3n<\/p>\n","protected":false},"excerpt":{"rendered":"<p>\u00cdNDICE DEL C\u00d3DIGO SANITARIO T\u00cdTULO PRELIMINAR P\u00e1rrafo I. Disposiciones generales P\u00e1rrafo II. De los Servicios de Salud P\u00e1rrafo III. De las atribuciones y obligaciones sanitarias de las Municipalidades LIBRO PRIMERO DE LA PROTECCI\u00d3N Y PROMOCI\u00d3N DE LA SALUD T\u00cdTULO I De la protecci\u00f3n materno infantil T\u00cdTULO II De las enfermedades transmisibles P\u00e1rrafo I. Disposiciones generales P\u00e1rrafo II. De las enfermedades ven\u00e9reas T\u00cdTULO III De los laboratorios de salud p\u00fablica T\u00cdTULO IV De las estad\u00edsticas sanitarias TT\u00cdTULO V De la divulgaci\u00f3n y educaci\u00f3n sanitarias LIBRO SEGUNDO DE LA PROFILAXIS SANITARIA INTERNACIONAL T\u00cdTULO I Definiciones TT\u00cdTULO II De la protecci\u00f3n sanitaria internacional LIBRO TERCERO DE LA HIGIENE Y SEGURIDAD DEL AMBIENTE Y DE LOS LUGARES DE TRABAJO T\u00cdTULO I Normas generales T\u00cdTULO II De la higiene y seguridad del ambiente P\u00e1rrafo I. De las aguas y de sus usos sanitarios P\u00e1rrafo II. De las viviendas, locales, campamentos y dem\u00e1s P\u00e1rrafo III. De los desperdicios y basuras T\u00cdTULO III De la higiene y seguridad de los lugares de trabajo T\u00cdTULO IV De otros factores de riesgos P\u00e1rrafo I. De la contaminaci\u00f3n del aire y de los ruidos y vibraciones P\u00e1rrafo II. De las substancias t\u00f3xicas o peligrosas para la salud LIBRO CUARTO DE LOS PRODUCTOS FARMAC\u00c9UTICOS, ALIMENTICIOS, COSM\u00c9TICOS Y ART\u00cdCULOS DE USO M\u00c9DICO T\u00cdTULO I De los productos farmac\u00e9uticos T\u00cdTULO II De los productos alimenticios P\u00e1rrafo I. De los productos alimenticios en general P\u00e1rrafo II. De la leche y los productos l\u00e1cteos T\u00cdTULO III De los productos cosm\u00e9ticos y productos de higiene y odorizaci\u00f3n personal T\u00cdTULO IV De los elementos de uso m\u00e9dico T\u00cdTULO V De los ensayos cl\u00ednicos de productos farmac\u00e9uticos y elementos de uso m\u00e9dico T\u00cdTULO VI De la responsabilidad por productos sanitarios defectuosos LIBRO QUINTO DEL EJERCICIO DE LA MEDICINA Y PROFESIONES AFINES LIBRO SEXTO DE LOS ESTABLECIMIENTOS DEL \u00c1REA DE LA SALUD T\u00cdTULO PRELIMINAR T\u00cdTULO I De los establecimientos asistenciales de salud T\u00cdTULO II De los establecimientos de \u00f3ptica y de otros elementos de uso m\u00e9dico T\u00cdTULO III De los establecimientos del \u00e1rea farmac\u00e9utica LIBRO S\u00c9PTIMO DE LA OBSERVACI\u00d3N Y RECLUSI\u00d3N DE LOS ENFERMOS MENTALES, DE LOS ALCOH\u00d3LICOS Y DE LOS QUE PRESENTEN ESTADO DE DEPENDENCIA DE OTRAS DROGAS Y SUBSTANCIAS LIBRO OCTAVO DE LAS INHUMACIONES, EXHUMACIONES Y TRASLADO DE CAD\u00c1VERES LIBRO NOVENO DEL APROVECHAMIENTO DE TEJIDOS O PARTES DEL CUERPO DE UN DONANTE VIVO Y DE LA UTILIZACI\u00d3N DE CAD\u00c1VERES O PARTE DE ELLOS CON FINES CIENT\u00cdFICOS O TERAP\u00c9UTICOS LIBRO D\u00c9CIMO DE LOS PROCEDIMIENTOS Y SANCIONES T\u00cdTULO I De la inspecci\u00f3n y allanamiento T\u00cdTULO II Del sumario sanitario T\u00cdTULO III De las sanciones y medidas sanitarias \u00cdNDICE DEL AP\u00c9NDICE \u2013 Ley N\u00ba 19.451. Establece normas sobre trasplante y donaci\u00f3n de \u00f3rganos (D.O. de 10 de abril de 1996) \u2013 Decreto N\u00ba 35. Aprueba reglamento de la Ley N\u00ba 19.451, que establece normas sobre trasplante y donaci\u00f3n de \u00f3rganos (D.O. de 21 de octubre de 2013) \u2013 Resoluci\u00f3n N\u00ba 601 exenta. Aprueba requisitos que deben cumplir los establecimientos asistenciales que efect\u00faen extracci\u00f3n y trasplantes de \u00f3rganos (D.O. de 19 de abril de 1999) \u2013 Decreto N\u00ba 357. Reglamento general de cementerios (D.O. de 18 de junio de 1970) \u2013 Decreto N\u00ba 161. Reglamento de hospitales y cl\u00ednicas (D.O. de 19 de noviembre de 1982) \u2013 Decreto N\u00ba 825. Aprueba reglamento de control de productos y elementos de uso m\u00e9dico (D.O. de 21 de agosto de 1999) \u2013 Decreto N\u00ba 3. Aprueba reglamento de protecci\u00f3n radiol\u00f3gica de instalaciones radiactivas (D.O. de 25 de abril de 1985) \u00ad\u2013 Decreto N\u00ba 133. Reglamento sobre autorizaciones para instalaciones radiactivas o equipos generadores de radiaciones ionizantes, personal que se desempe\u00f1a en ellas, u opere tales equipos y otras actividades afines (D.O. de 23 de agosto de 1984) \u2013 Decreto N\u00ba 466. Aprueba reglamento de farmacias, droguer\u00edas, almacenes farmac\u00e9uticos, botiquines y dep\u00f3sitos autorizados (D.O. de 12 de marzo de 1985) \u2013 Decreto N\u00ba 405. Reglamento de productos psicotr\u00f3picos (D.O. de 20 de febrero de 1984) \u2013 Decreto N\u00ba 404. Reglamento de estupefacientes (D.O. de 20 de febrero de 1984) \u2013 Decreto con Fuerza de Ley N\u00ba 1. Determina materias que requieren autorizaci\u00f3n sanitaria expresa (D.O. de 21 de febrero de 1990) \u2013 Decreto con Fuerza de Ley N\u00ba 1. Fija texto refundido, coordinado y sistematizado del Decreto Ley N\u00ba 2.763, de 1979 y de las Leyes N\u00ba 18.933 y N\u00ba 18.469 (D.O. de 24 de abril de 2006) \u2013 Ley N\u00ba 20.584. Regula los derechos y deberes que tienen las personas en relaci\u00f3n con acciones vinculadas a su atenci\u00f3n en salud (D.O. de 24 de abril de 2012) \u2013 Ley N\u00ba 20.585. Sobre otorgamiento y uso de licencias m\u00e9dicas (D.O. de 11 de mayo de 2012) \u2013 Ley N\u00ba 20.606. Sobre composici\u00f3n nutricional de los alimentos y su publicidad (D.O. de 6 de julio de 2012) \u2013 Ley N\u00ba 20.869. Sobre publicidad de los alimentos (D.O. de de noviembre de 2015) \u2013 Ley N\u00ba 21.331. Del reconocimiento y protecci\u00f3n de los derechos de las personas en la atenci\u00f3n de salud mental (D.O. de 11 demayo de 2021) \u2013 Decreto N\u00ba 4. Decreta alerta sanitaria por el per\u00edodo que se\u00f1ala y otorga facultades extraordinarias que indica por emergencia de salud p\u00fablica de importancia internacional por brote del nuevo coronavirus (D.O. de 8 de febrero de 2020) \u2013 Ley N\u00ba 21.375. Consagra los cuidados paliativos y los derechos de las personas que padecen enfermedades terminales o graves (D.O. de 21 de octubre de 2021) \u2013 Decreto N\u00ba 44. Aprueba reglamento de las prestaciones incluidas en el programa de acompa\u00f1amiento y materias afines de la Ley N\u00ba 21.030 (D.O. de 8 de febrero de 2018) \u2013 Decreto N\u00ba 67. Aprueba reglamento para ejercer objeci\u00f3n de conciencia seg\u00fan lo dispuesto en el art\u00edculo 119 ter del C\u00f3digo Sanitario (D.O. de 23 de octubre de 2018) Modificaciones incorporadas a esta edici\u00f3n<\/p>\n","protected":false},"featured_media":4260,"comment_status":"open","ping_status":"closed","template":"","meta":{"inline_featured_image":false,"_joinchat":[]},"product_brand":[],"product_cat":[61,42],"product_tag":[],"class_list":{"0":"post-4230","1":"product","2":"type-product","3":"status-publish","4":"has-post-thumbnail","6":"product_cat-codigos-de-la-republica-de-chile-ano-2024","7":"product_cat-thomson-reuters","8":"product_shipping_class-a-convenir","10":"first","11":"instock","12":"shipping-taxable","13":"purchasable","14":"product-type-simple"},"_links":{"self":[{"href":"https:\/\/bibliotecajuridicavirtual.cl\/index.php\/wp-json\/wp\/v2\/product\/4230","targetHints":{"allow":["GET"]}}],"collection":[{"href":"https:\/\/bibliotecajuridicavirtual.cl\/index.php\/wp-json\/wp\/v2\/product"}],"about":[{"href":"https:\/\/bibliotecajuridicavirtual.cl\/index.php\/wp-json\/wp\/v2\/types\/product"}],"replies":[{"embeddable":true,"href":"https:\/\/bibliotecajuridicavirtual.cl\/index.php\/wp-json\/wp\/v2\/comments?post=4230"}],"wp:featuredmedia":[{"embeddable":true,"href":"https:\/\/bibliotecajuridicavirtual.cl\/index.php\/wp-json\/wp\/v2\/media\/4260"}],"wp:attachment":[{"href":"https:\/\/bibliotecajuridicavirtual.cl\/index.php\/wp-json\/wp\/v2\/media?parent=4230"}],"wp:term":[{"taxonomy":"product_brand","embeddable":true,"href":"https:\/\/bibliotecajuridicavirtual.cl\/index.php\/wp-json\/wp\/v2\/product_brand?post=4230"},{"taxonomy":"product_cat","embeddable":true,"href":"https:\/\/bibliotecajuridicavirtual.cl\/index.php\/wp-json\/wp\/v2\/product_cat?post=4230"},{"taxonomy":"product_tag","embeddable":true,"href":"https:\/\/bibliotecajuridicavirtual.cl\/index.php\/wp-json\/wp\/v2\/product_tag?post=4230"}],"curies":[{"name":"wp","href":"https:\/\/api.w.org\/{rel}","templated":true}]}}