{"id":4232,"date":"2026-02-28T01:24:03","date_gmt":"2026-02-28T04:24:03","guid":{"rendered":"https:\/\/bibliotecajuridicavirtual.cl\/?post_type=product&#038;p=4232"},"modified":"2026-02-28T01:24:24","modified_gmt":"2026-02-28T04:24:24","slug":"codigo-penal-vigesima-tercera-edicion-ano-2023-706-pag-autor-tatiana-vargas-pinto","status":"publish","type":"product","link":"https:\/\/bibliotecajuridicavirtual.cl\/index.php\/product\/codigo-penal-vigesima-tercera-edicion-ano-2023-706-pag-autor-tatiana-vargas-pinto\/","title":{"rendered":"C\u00f3digo Penal &#8211; Vig\u00e9sima Tercera Edici\u00f3n. A\u00f1o 2023\/ 706 P\u00e1g. Autor Tatiana Vargas Pinto"},"content":{"rendered":"<p style=\"font-weight: 400;\">El equipo de Thomson Reuters lleva d\u00e9cadas realizando este trabajo de actualizaci\u00f3n, con un nivel de excelencia dif\u00edcil de igualar y ampliamente reconocido por los profesionales del derecho.<\/p>\n<p style=\"font-weight: 400;\">Todo el valor diferencial de la edici\u00f3n impresa tambi\u00e9n la tienes en su versi\u00f3n digital, a trav\u00e9s de Proview.<\/p>\n<p style=\"font-weight: 400;\"><u><br \/>\nCaracter\u00edsticas<\/u><\/p>\n<p style=\"font-weight: 400;\"><b><strong>&#8211;\u00a0Respaldo de un Director<\/strong><\/b><br \/>\nCada c\u00f3digo cuenta con la supervisi\u00f3n de un abogado destacado en la materia, encargado de revisar anualmente las normas que componen el ap\u00e9ndice, concordancias, t\u00edtulos de art\u00edculos e \u00edndice tem\u00e1tico.<br \/>\n<b><strong><br \/>\n&#8211;\u00a0Ap\u00e9ndice normativo<\/strong><\/b><br \/>\nCompilaci\u00f3n y sistematizaci\u00f3n de normas complementarias al c\u00f3digo, indispensables para el ejercicio profesional.<\/p>\n<p style=\"font-weight: 400;\"><b><strong>&#8211;\u00a0T\u00edtulos en art\u00edculos del c\u00f3digo y del ap\u00e9ndice<\/strong><\/b><br \/>\nEn cada art\u00edculo del c\u00f3digo y en las normas del ap\u00e9ndice, se presenta una breve descripci\u00f3n de su contenido.<\/p>\n<p><b><strong>&#8211;\u00a0Concordancias<\/strong><\/b><br \/>\nMuestra la relaci\u00f3n entre art\u00edculos del mismo c\u00f3digo o con otras normas, cuando tratan sobre materias similares.<br \/>\n<b><strong><br \/>\n&#8211;\u00a0\u00cdndice tem\u00e1tico<\/strong><\/b><br \/>\nEsta secci\u00f3n, ubicada al final de cada c\u00f3digo, incluye diversos t\u00e9rminos jur\u00eddicos, contenidos en el mismo cuerpo legal, con referencia al n\u00famero del art\u00edculo en que se encuentra tratado el concepto.<br \/>\n<b><strong><br \/>\n&#8211;\u00a0Articulado y ap\u00e9ndice actualizados<\/strong><\/b><br \/>\nTodos los art\u00edculos est\u00e1n actualizados hasta la fecha de cierre de la edici\u00f3n de este c\u00f3digo.<\/p>\n<p style=\"font-weight: 400;\">Las modificaciones han sido incorporadas en los art\u00edculos y el sentido de estas, se explican en detalle en las notas de actualizaci\u00f3n (al pie de p\u00e1gina).<\/p>\n<p style=\"font-weight: 400;\">En los casos de modificaciones que tienen una vigencia diferida, el nuevo texto se incluye en la nota del art\u00edculo correspondiente, de forma tal que el lector pueda contar con la versi\u00f3n actual y con la futura.<br \/>\n<b><strong><br \/>\n&#8211;\u00a0Listado de modificaciones actualizado al 4 de enero de 2023<\/strong><\/b><br \/>\nEn este listado, se presentan todos los cambios normativos que se han incorporado en este c\u00f3digo, detallando la norma modificatoria, la norma modificada, y los art\u00edculos.<\/p>\n<p style=\"font-weight: 400;\">Contempla las modificaciones introducidas desde el 1 de febrero del 2002.<\/p>\n<p style=\"font-weight: 400;\">\n<p style=\"font-weight: 400;\">LIBRO PRIMERO<\/p>\n<p style=\"font-weight: 400;\">T\u00edtulo I<br \/>\nDe los delitos y de las circunstancias que eximen de responsabilidad criminal, la aten\u00faan o la agravan<\/p>\n<ul>\n<li style=\"font-weight: 400;\">1. De los delitos<br \/>\n\u00a7 2. De las circunstancias que eximen de responsabilidad criminal<br \/>\n\u00a7 3. De las circunstancias que aten\u00faan la responsabilidad criminal<br \/>\n\u00a7 4. De las circunstancias que agravan la responsabilidad criminal<br \/>\n\u00a7 5. De las circunstancias que aten\u00faan o agravan la responsabilidad criminal seg\u00fan la naturaleza y accidentes del delito<\/li>\n<\/ul>\n<p style=\"font-weight: 400;\">T\u00edtulo II<br \/>\nDe las personas responsables de los delitos<\/p>\n<p style=\"font-weight: 400;\">T\u00edtulo III<br \/>\nDe las penas<\/p>\n<ul>\n<li style=\"font-weight: 400;\">1. De las penas en general<br \/>\n\u00a7 2. De la clasificaci\u00f3n de las penas<br \/>\n\u00a7 3. De los l\u00edmites, naturaleza y efectos de las penas<br \/>\nPenas que llevan consigo otras accesorias<br \/>\nNaturaleza y efectos de algunas penas<br \/>\n\u00a7 4. De la aplicaci\u00f3n de las penas<br \/>\nTabla demostrativa<br \/>\nAplicaci\u00f3n pr\u00e1ctica de las reglas anteriores<\/li>\n<li style=\"font-weight: 400;\">5. De la ejecuci\u00f3n de las penas y su cumplimiento<\/li>\n<\/ul>\n<p style=\"font-weight: 400;\">T\u00edtulo IV<br \/>\nDe las penas en que incurren los que quebrantan las sentencias y los que durante una condena delinquen de nuevo<\/p>\n<ul>\n<li style=\"font-weight: 400;\">1. De las penas en que incurren los que quebrantan las sentencias<br \/>\n\u00a7 2. De las penas en que incurren los que durante una condena delinquen de nuevo<\/li>\n<\/ul>\n<p style=\"font-weight: 400;\">T\u00edtulo V<br \/>\nDe la extinci\u00f3n de la responsabilidad penal<\/p>\n<p style=\"font-weight: 400;\">LIBRO SEGUNDO<br \/>\nCR\u00cdMENES Y SIMPLES DELITOS Y SUS PENAS<\/p>\n<p style=\"font-weight: 400;\">T\u00edtulo I<br \/>\nCr\u00edmenes y simples delitos contra la seguridad exterior y soberan\u00eda del Estado<\/p>\n<p style=\"font-weight: 400;\">T\u00edtulo II<br \/>\nCr\u00edmenes y simples delitos contra la seguridad interior del Estado<\/p>\n<p style=\"font-weight: 400;\">T\u00edtulo III<br \/>\nDe los cr\u00edmenes y simples delitos que afectan los derechos garantidos por la Constituci\u00f3n<\/p>\n<ul>\n<li style=\"font-weight: 400;\">1. De los delitos relativos al ejercicio de los derechos pol\u00edticos y a la libertad de imprenta<br \/>\n\u00a7 2. De los cr\u00edmenes y simples delitos relativos al ejercicio de los cultos permitidos en la Rep\u00fablica<br \/>\n\u00a7 3. Cr\u00edmenes y simples delitos contra la libertad y seguridad, cometidos por particulares<br \/>\n\u00a7 4. De la tortura, otros tratos crueles, inhumanos o degradantes, y de otros agravios inferidos por funcionarios p\u00fablicos a los derechos garantidos por la Constituci\u00f3n<br \/>\n\u00a7 5. De los delitos contra el respeto y protecci\u00f3n a la vida privada y p\u00fablica de la persona y su familia<\/li>\n<\/ul>\n<p style=\"font-weight: 400;\">T\u00edtulo IV<br \/>\nDe los cr\u00edmenes y simples delitos contra la fe p\u00fablica, de las falsificaciones, del falso testimonio y del perjurio<\/p>\n<ul>\n<li style=\"font-weight: 400;\">1. De la moneda falsa<br \/>\n\u00a7 2. De la falsificaci\u00f3n de documentos de cr\u00e9dito del Estado, de las Municipalidades, de los establecimientos p\u00fablicos, sociedades an\u00f3nimas o bancos de emisi\u00f3n legalmente autorizados<br \/>\n\u00a7 3. De la falsificaci\u00f3n de sellos, punzones, matrices, marcas, papel sellado, timbres, estampillas, etc.<br \/>\n\u00a7 4. De la falsificaci\u00f3n de documentos p\u00fablicos o aut\u00e9nticos<br \/>\n\u00a7 5. De la falsificaci\u00f3n de instrumentos privados<br \/>\n\u00a7 6. De la falsificaci\u00f3n de pasaportes, portes de armas y certificados<br \/>\n\u00a7 7. De las falsedades vertidas en el proceso y del perjurio<br \/>\n\u00a7 8. Del ejercicio ilegal de una profesi\u00f3n y de la usurpaci\u00f3n de funciones o nombres<\/li>\n<\/ul>\n<p style=\"font-weight: 400;\">T\u00edtulo V<br \/>\nDe los cr\u00edmenes y simples delitos cometidos por empleados p\u00fablicos en el desempe\u00f1o de sus cargos<\/p>\n<ul>\n<li style=\"font-weight: 400;\">1. Anticipaci\u00f3n y prolongaci\u00f3n indebida de funciones p\u00fablicas<br \/>\n\u00a7 2. Nombramientos ilegales<br \/>\n\u00a7 3. Usurpaci\u00f3n de atribuciones<br \/>\n\u00a7 4. Prevaricaci\u00f3n<br \/>\n\u00a7 5. Malversaci\u00f3n de caudales p\u00fablicos<br \/>\n\u00a7 6. Fraudes y exacciones ilegales<br \/>\n\u00a7 7. Infidelidad en la custodia de documentos<br \/>\n\u00a7 8. Violaci\u00f3n de secretos<br \/>\n\u00a7 9. Cohecho<br \/>\n\u00a7 9 bis. Cohecho a Funcionarios P\u00fablicos Extranjeros<br \/>\n\u00a7 9 ter. Normas comunes a los P\u00e1rrafos anteriores<br \/>\n\u00a7 10. Resistencia y desobediencia<br \/>\n\u00a7 11. Denegaci\u00f3n de auxilio y abandono de destino<br \/>\n\u00a7 12. Abusos contra particulares<br \/>\n\u00a7 13. Disposici\u00f3n general<\/li>\n<\/ul>\n<p style=\"font-weight: 400;\">T\u00edtulo VI<br \/>\nDe los cr\u00edmenes y simples delitos contra el orden y la seguridad p\u00fablicos cometidos por particulares<\/p>\n<ul>\n<li style=\"font-weight: 400;\">1. Atentados contra la autoridad<br \/>\n\u00a7 1 bis. Atentados y amenazas contra fiscales del Ministerio P\u00fablico y defensores penales p\u00fablicos<br \/>\n\u00a7 1 ter. Retenciones o toma de control de veh\u00edculo de transporte p\u00fablico de pasajeros<br \/>\n\u00a7 2. Otros des\u00f3rdenes p\u00fablicos<br \/>\n\u00a7 2 bis. De la obstrucci\u00f3n a la investigaci\u00f3n<br \/>\n\u00a7 3. De la rotura de sellos<br \/>\n\u00a7 4. De los embarazos puestos a la ejecuci\u00f3n de los trabajos p\u00fablicos<br \/>\n\u00a7 5. Cr\u00edmenes y simples delitos de los proveedores<br \/>\n\u00a7 6. De las infracciones de las leyes y reglamentos referentes a loter\u00edas, casas de juego y de pr\u00e9stamo sobre prendas<br \/>\n\u00a7 7. Cr\u00edmenes y simples delitos relativos a la industria, al comercio y a las subastas p\u00fablicas<br \/>\n\u00a7 7 bis. De la corrupci\u00f3n entre particulares<br \/>\n\u00a7 8. De las infracciones de las leyes y reglamentos relativos a las armas prohibidas<br \/>\n\u00a7 9. Delitos relativos a la salud animal y vegetal<br \/>\n\u00a7 10. De las asociaciones il\u00edcitas<br \/>\n\u00a7 11. De las amenazas de atentado contra las personas y propiedades<br \/>\n\u00a712. De la evasi\u00f3n de los detenidos y el ingreso de los elementos que se se\u00f1alan a los recintos penitenciarios<br \/>\n\u00a7 13. De la vagancia y mendicidad<br \/>\n\u00a7 14. Cr\u00edmenes y simples delitos contra la salud p\u00fablica<br \/>\n\u00a7 15. De la infracci\u00f3n de las leyes o reglamentos sobre inhumaciones y exhumaciones<br \/>\n\u00a7 15 bis. Del ultraje de cad\u00e1ver y sepultura<br \/>\n\u00a7 16. Cr\u00edmenes y simples delitos relativos a los ferrocarriles, tel\u00e9grafos y conductores de correspondencia<\/li>\n<\/ul>\n<p style=\"font-weight: 400;\">T\u00edtulo VII<br \/>\nCr\u00edmenes y delitos contra el orden de las familias, contra la moralidad p\u00fablica y contra la integridad sexual<\/p>\n<ul>\n<li style=\"font-weight: 400;\">1. Aborto<br \/>\n\u00a7 2. Abandono de ni\u00f1os y personas desvalidas<br \/>\n\u00a7 3. Cr\u00edmenes y simples delitos contra el estado civil de las personas<br \/>\n\u00a7 4. Del rapto<br \/>\n\u00a7 5. De la violaci\u00f3n<br \/>\n\u00a7 6. Del estupro y otros delitos sexuales<br \/>\n\u00a7 7. Disposiciones comunes a los dos p\u00e1rrafos anteriores<br \/>\n\u00a7 8. De los ultrajes p\u00fablicos a las buenas costumbres<br \/>\n\u00a7 9. Del incesto<br \/>\n\u00a7 10. Celebraci\u00f3n de matrimonios ilegales<\/li>\n<\/ul>\n<p style=\"font-weight: 400;\">T\u00edtulo VIII<br \/>\nCr\u00edmenes y simples delitos contra las personas<\/p>\n<ul>\n<li style=\"font-weight: 400;\">1. Del parricidio<br \/>\n\u00a7 1. bis. Del femicidio<br \/>\n\u00a7 1. ter. Del homicidio<br \/>\n\u00a7 2. Del infanticidio<br \/>\n\u00a7 3. Lesiones corporales<br \/>\n\u00a7 3 bis. Del maltrato a menores de dieciocho a\u00f1os de edad, adultos mayores o personas en situaci\u00f3n de discapacidad<br \/>\n\u00a7 4. Del duelo<br \/>\n\u00a7 5. Disposiciones comunes a los p\u00e1rrafos 1, 1 bis, 1 ter, 3 y 4 de este T\u00edtulo<br \/>\n\u00a7 5 bis. De los delitos de tr\u00e1fico il\u00edcito de migrantes y trata de personas<br \/>\n\u00a7 6. De la calumnia<br \/>\n\u00a7 7. De las injurias<br \/>\n\u00a7 8. Disposiciones comunes a los dos p\u00e1rrafos anteriores<\/li>\n<\/ul>\n<p style=\"font-weight: 400;\">T\u00edtulo IX<br \/>\nCr\u00edmenes y simples delitos contra la propiedad<\/p>\n<ul>\n<li style=\"font-weight: 400;\">1. De la apropiaci\u00f3n de las cosas muebles ajenas contra la voluntad de su due\u00f1o<br \/>\n\u00a7 2. Del robo con violencia o intimidaci\u00f3n en las personas<br \/>\n\u00a7 3. Del robo con fuerza en las cosas<br \/>\n\u00a7 4. Del hurto<br \/>\n\u00a7 4 bis. Del Abigeato<br \/>\n\u00a7 4 ter. De la sustracci\u00f3n de madera<br \/>\n\u00a7 5. Disposiciones comunes a los cuatro p\u00e1rrafos anteriores<br \/>\n\u00a7 5 bis. De la receptaci\u00f3n<br \/>\n\u00a7 6. De la usurpaci\u00f3n<br \/>\n\u00a7 7. De los delitos concursales y de las defraudaciones<br \/>\n\u00a7 8. Estafas y otros enga\u00f1os<br \/>\n\u00a7 9. Del incendio y otros estragos<br \/>\n\u00a7 10. De los da\u00f1os<br \/>\n\u00a7 11. Disposiciones generales<\/li>\n<\/ul>\n<p style=\"font-weight: 400;\">T\u00edtulo X<br \/>\nDe los cuasidelitos<\/p>\n<p style=\"font-weight: 400;\">LIBRO TERCERO<\/p>\n<p>T\u00edtulo I<br \/>\nDe las faltas<\/p>\n<p style=\"font-weight: 400;\">T\u00edtulo II<br \/>\nDisposiciones comunes a las faltas<\/p>\n<p style=\"font-weight: 400;\">T\u00edtulo Final<br \/>\nDe la observancia de este C\u00f3digo<\/p>\n<p style=\"font-weight: 400;\">\n<p style=\"font-weight: 400;\">\u00cdNDICE DEL AP\u00c9NDICE<\/p>\n<p style=\"font-weight: 400;\">\u2013 Decreto Ley N\u00ba 321. Sobre libertad condicional (D.O. 12 de marzo de 1925)<\/p>\n<p style=\"font-weight: 400;\">\u2013 Decreto N\u00ba 338. Aprueba el Reglamento del Decreto Ley N\u00ba 321, de 1925, que Establece la Libertad Condicional para las Personas Condenadas a Penas Privativas de Libertad (D.O. de 17 de septiembre de 2020)<\/p>\n<p style=\"font-weight: 400;\">\u2013 Ley N\u00ba 18.050. Fija normas generales para conceder indultos particulares (D.O. de 6 de noviembre de 1981)<\/p>\n<p style=\"font-weight: 400;\">\u2013 Decreto N\u00ba 1.542. Reglamento sobre indultos particulares (D.O. de 7 de enero de 1982)<\/p>\n<p style=\"font-weight: 400;\">\u2013 Decreto Ley N\u00ba 409. Sobre regeneraci\u00f3n y reintegraci\u00f3n del penado a la sociedad (D.O. de 18 de agosto de 1932)<\/p>\n<p style=\"font-weight: 400;\">\u2013 Ley N\u00ba 18.216. Establece penas que indica como sustitutivas a las penas privativas o restrictivas de libertad (D.O. de 14 de mayo de 1983)<\/p>\n<p style=\"font-weight: 400;\">\u2013 Decreto N\u00ba 1.120. Reglamento de la Ley N\u00ba 18.216 (D.O. de 18 de enero de 1984)<\/p>\n<p style=\"font-weight: 400;\">\u2013 Decreto N\u00ba 515. Aprueba reglamento de monitoreo telem\u00e1tico de condenados a penas sustitutivas a las penas privativas o restrictivas de libertad (D.O. de 18 de enero de 2013)<\/p>\n<p style=\"font-weight: 400;\">\u2013 Decreto N\u00ba 890. Fija texto actualizado de la Ley N\u00ba 12.927, sobre Seguridad del Estado (D.O. de 26 de agosto de 1975)<\/p>\n<p style=\"font-weight: 400;\">\u2013 Ley N\u00ba 18.314. Determina conductas terroristas y fija su penalidad (D.O. de 17 de mayo de 1984)<\/p>\n<p style=\"font-weight: 400;\">\u2013 Ley N\u00ba 19.913. Crea la Unidad de An\u00e1lisis Financiero y modifica diversas disposiciones en materia de lavado y blanqueo de activos (D.O. de 18 de diciembre de 2003)<\/p>\n<p style=\"font-weight: 400;\">\u2013 Ley N\u00ba 20.393. Establece la responsabilidad penal de las personas jur\u00eddicas en los delitos que indica (D.O. de 2 de diciembre de 2009)<\/p>\n<p style=\"font-weight: 400;\">\u2013 Ley N\u00ba 20.000. Sustituye la Ley N\u00ba 19.366, que sanciona el tr\u00e1fico il\u00edcito de estupefacientes y sustancias sicotr\u00f3picas (D.O. de 16 de febrero de 2005)<\/p>\n<p style=\"font-weight: 400;\">\u2013 Decreto Supremo N\u00ba 867. Aprueba reglamento de la Ley N\u00ba 20.000 que sanciona el tr\u00e1fico il\u00edcito de estupefacientes y sustancias sicotr\u00f3picas y sustituye la Ley N\u00ba 19.366 (D.O. de 19 de febrero de 2008)<\/p>\n<p style=\"font-weight: 400;\">\u2013 Ley N\u00ba 19.327. De derechos y deberes en los espect\u00e1culos de f\u00fatbol profesional (D.O. de 31 de agosto de 1994)<\/p>\n<p style=\"font-weight: 400;\">\u2013 Ley N\u00ba 19.925. Sobre expendio y consumo de bebidas alcoh\u00f3licas (D.O. de 19 de enero de 2004)<\/p>\n<p style=\"font-weight: 400;\">\u2013 Ley General sobre Ferrocarriles. Texto definitivo fijado por Decreto N\u00ba 1.157, del Ministerio de Fomento, de 13 de julio de 1931 (D.O. de 16 de septiembre de 1931)<\/p>\n<p style=\"font-weight: 400;\">\u2013 Decreto N\u00ba 808. Promulga la Convenci\u00f3n contra la tortura y otros tratos o penas crueles, inhumanos o degradantes, adoptada por la Asamblea General de la Organizaci\u00f3n de las Naciones Unidas mediante Resoluci\u00f3n N\u00ba 39\/46, de fecha 10 de diciembre de 1984 (D.O. de 26 de noviembre de 1988)<\/p>\n<p style=\"font-weight: 400;\">\u2013 Decreto N\u00ba 809. Promulga la Convenci\u00f3n interamericana para prevenir y sancionar la tortura, adoptada el 9.12.85 por la Organizaci\u00f3n de los Estados Americanos en el decimoquinto per\u00edodo ordinario de sesiones de la Asamblea General N\u00ba 809 (D.O. de 26 de noviembre de 1988)<\/p>\n<p style=\"font-weight: 400;\">\u2013 Ley N\u00ba 20.084. Establece un sistema de responsabilidad de los adolescentes por infracciones a la ley penal (D.O. de 7 de diciembre de 2005)<\/p>\n<p>\u2013 Ley N\u00ba 20.066. Establece Ley de Violencia Intrafamiliar (D.O. de 7 de octubre de 2005)<\/p>\n<p style=\"font-weight: 400;\">\u2013 Decreto con Fuerza de Ley N\u00ba 1. Fija texto refundido coordinado, y sistematizado de la Ley de Tr\u00e1nsito (D.O. de 29 de octubre de 2009)<\/p>\n<p style=\"font-weight: 400;\">\u2013 Ley N\u00ba 21.459. Establece normas sobre delitos inform\u00e1ticos, deroga la Ley N\u00ba 19.223 y modifica otros cuerpos legales con el objeto de adecuarlos al convenio de Budapest (D.O. 20 de junio de 2022)<\/p>\n<p style=\"font-weight: 400;\">\n<p style=\"font-weight: 400;\">Modificaciones incorporadas a esta edici\u00f3n<\/p>\n<p style=\"font-weight: 400;\">\u00cdndice tem\u00e1tico<\/p>\n","protected":false},"excerpt":{"rendered":"<p>El equipo de Thomson Reuters lleva d\u00e9cadas realizando este trabajo de actualizaci\u00f3n, con un nivel de excelencia dif\u00edcil de igualar y ampliamente reconocido por los profesionales del derecho. Todo el valor diferencial de la edici\u00f3n impresa tambi\u00e9n la tienes en su versi\u00f3n digital, a trav\u00e9s de Proview. Caracter\u00edsticas &#8211;\u00a0Respaldo de un Director Cada c\u00f3digo cuenta con la supervisi\u00f3n de un abogado destacado en la materia, encargado de revisar anualmente las normas que componen el ap\u00e9ndice, concordancias, t\u00edtulos de art\u00edculos e \u00edndice tem\u00e1tico. &#8211;\u00a0Ap\u00e9ndice normativo Compilaci\u00f3n y sistematizaci\u00f3n de normas complementarias al c\u00f3digo, indispensables para el ejercicio profesional. &#8211;\u00a0T\u00edtulos en art\u00edculos del c\u00f3digo y del ap\u00e9ndice En cada art\u00edculo del c\u00f3digo y en las normas del ap\u00e9ndice, se presenta una breve descripci\u00f3n de su contenido. &#8211;\u00a0Concordancias Muestra la relaci\u00f3n entre art\u00edculos del mismo c\u00f3digo o con otras normas, cuando tratan sobre materias similares. &#8211;\u00a0\u00cdndice tem\u00e1tico Esta secci\u00f3n, ubicada al final de cada c\u00f3digo, incluye diversos t\u00e9rminos jur\u00eddicos, contenidos en el mismo cuerpo legal, con referencia al n\u00famero del art\u00edculo en que se encuentra tratado el concepto. &#8211;\u00a0Articulado y ap\u00e9ndice actualizados Todos los art\u00edculos est\u00e1n actualizados hasta la fecha de cierre de la edici\u00f3n de este c\u00f3digo. Las modificaciones han sido incorporadas en los art\u00edculos y el sentido de estas, se explican en detalle en las notas de actualizaci\u00f3n (al pie de p\u00e1gina). En los casos de modificaciones que tienen una vigencia diferida, el nuevo texto se incluye en la nota del art\u00edculo correspondiente, de forma tal que el lector pueda contar con la versi\u00f3n actual y con la futura. &#8211;\u00a0Listado de modificaciones actualizado al 4 de enero de 2023 En este listado, se presentan todos los cambios normativos que se han incorporado en este c\u00f3digo, detallando la norma modificatoria, la norma modificada, y los art\u00edculos. Contempla las modificaciones introducidas desde el 1 de febrero del 2002. LIBRO PRIMERO T\u00edtulo I De los delitos y de las circunstancias que eximen de responsabilidad criminal, la aten\u00faan o la agravan 1. De los delitos \u00a7 2. De las circunstancias que eximen de responsabilidad criminal \u00a7 3. De las circunstancias que aten\u00faan la responsabilidad criminal \u00a7 4. De las circunstancias que agravan la responsabilidad criminal \u00a7 5. De las circunstancias que aten\u00faan o agravan la responsabilidad criminal seg\u00fan la naturaleza y accidentes del delito T\u00edtulo II De las personas responsables de los delitos T\u00edtulo III De las penas 1. De las penas en general \u00a7 2. De la clasificaci\u00f3n de las penas \u00a7 3. De los l\u00edmites, naturaleza y efectos de las penas Penas que llevan consigo otras accesorias Naturaleza y efectos de algunas penas \u00a7 4. De la aplicaci\u00f3n de las penas Tabla demostrativa Aplicaci\u00f3n pr\u00e1ctica de las reglas anteriores 5. De la ejecuci\u00f3n de las penas y su cumplimiento T\u00edtulo IV De las penas en que incurren los que quebrantan las sentencias y los que durante una condena delinquen de nuevo 1. De las penas en que incurren los que quebrantan las sentencias \u00a7 2. De las penas en que incurren los que durante una condena delinquen de nuevo T\u00edtulo V De la extinci\u00f3n de la responsabilidad penal LIBRO SEGUNDO CR\u00cdMENES Y SIMPLES DELITOS Y SUS PENAS T\u00edtulo I Cr\u00edmenes y simples delitos contra la seguridad exterior y soberan\u00eda del Estado T\u00edtulo II Cr\u00edmenes y simples delitos contra la seguridad interior del Estado T\u00edtulo III De los cr\u00edmenes y simples delitos que afectan los derechos garantidos por la Constituci\u00f3n 1. De los delitos relativos al ejercicio de los derechos pol\u00edticos y a la libertad de imprenta \u00a7 2. De los cr\u00edmenes y simples delitos relativos al ejercicio de los cultos permitidos en la Rep\u00fablica \u00a7 3. Cr\u00edmenes y simples delitos contra la libertad y seguridad, cometidos por particulares \u00a7 4. De la tortura, otros tratos crueles, inhumanos o degradantes, y de otros agravios inferidos por funcionarios p\u00fablicos a los derechos garantidos por la Constituci\u00f3n \u00a7 5. De los delitos contra el respeto y protecci\u00f3n a la vida privada y p\u00fablica de la persona y su familia T\u00edtulo IV De los cr\u00edmenes y simples delitos contra la fe p\u00fablica, de las falsificaciones, del falso testimonio y del perjurio 1. De la moneda falsa \u00a7 2. De la falsificaci\u00f3n de documentos de cr\u00e9dito del Estado, de las Municipalidades, de los establecimientos p\u00fablicos, sociedades an\u00f3nimas o bancos de emisi\u00f3n legalmente autorizados \u00a7 3. De la falsificaci\u00f3n de sellos, punzones, matrices, marcas, papel sellado, timbres, estampillas, etc. \u00a7 4. De la falsificaci\u00f3n de documentos p\u00fablicos o aut\u00e9nticos \u00a7 5. De la falsificaci\u00f3n de instrumentos privados \u00a7 6. De la falsificaci\u00f3n de pasaportes, portes de armas y certificados \u00a7 7. De las falsedades vertidas en el proceso y del perjurio \u00a7 8. Del ejercicio ilegal de una profesi\u00f3n y de la usurpaci\u00f3n de funciones o nombres T\u00edtulo V De los cr\u00edmenes y simples delitos cometidos por empleados p\u00fablicos en el desempe\u00f1o de sus cargos 1. Anticipaci\u00f3n y prolongaci\u00f3n indebida de funciones p\u00fablicas \u00a7 2. Nombramientos ilegales \u00a7 3. Usurpaci\u00f3n de atribuciones \u00a7 4. Prevaricaci\u00f3n \u00a7 5. Malversaci\u00f3n de caudales p\u00fablicos \u00a7 6. Fraudes y exacciones ilegales \u00a7 7. Infidelidad en la custodia de documentos \u00a7 8. Violaci\u00f3n de secretos \u00a7 9. Cohecho \u00a7 9 bis. Cohecho a Funcionarios P\u00fablicos Extranjeros \u00a7 9 ter. Normas comunes a los P\u00e1rrafos anteriores \u00a7 10. Resistencia y desobediencia \u00a7 11. Denegaci\u00f3n de auxilio y abandono de destino \u00a7 12. Abusos contra particulares \u00a7 13. Disposici\u00f3n general T\u00edtulo VI De los cr\u00edmenes y simples delitos contra el orden y la seguridad p\u00fablicos cometidos por particulares 1. Atentados contra la autoridad \u00a7 1 bis. Atentados y amenazas contra fiscales del Ministerio P\u00fablico y defensores penales p\u00fablicos \u00a7 1 ter. Retenciones o toma de control de veh\u00edculo de transporte p\u00fablico de pasajeros \u00a7 2. Otros des\u00f3rdenes p\u00fablicos \u00a7 2 bis. De la obstrucci\u00f3n a la investigaci\u00f3n \u00a7 3. De la rotura de sellos \u00a7 4. De los embarazos puestos a la ejecuci\u00f3n de los trabajos p\u00fablicos \u00a7 5. Cr\u00edmenes y simples delitos de los proveedores \u00a7 6. De las infracciones de las leyes y<\/p>\n","protected":false},"featured_media":4262,"comment_status":"open","ping_status":"closed","template":"","meta":{"inline_featured_image":false,"_joinchat":[]},"product_brand":[],"product_cat":[61,30,42],"product_tag":[],"class_list":{"0":"post-4232","1":"product","2":"type-product","3":"status-publish","4":"has-post-thumbnail","6":"product_cat-codigos-de-la-republica-de-chile-ano-2024","7":"product_cat-penal","8":"product_cat-thomson-reuters","9":"product_shipping_class-a-convenir","11":"first","12":"instock","13":"shipping-taxable","14":"purchasable","15":"product-type-simple"},"_links":{"self":[{"href":"https:\/\/bibliotecajuridicavirtual.cl\/index.php\/wp-json\/wp\/v2\/product\/4232","targetHints":{"allow":["GET"]}}],"collection":[{"href":"https:\/\/bibliotecajuridicavirtual.cl\/index.php\/wp-json\/wp\/v2\/product"}],"about":[{"href":"https:\/\/bibliotecajuridicavirtual.cl\/index.php\/wp-json\/wp\/v2\/types\/product"}],"replies":[{"embeddable":true,"href":"https:\/\/bibliotecajuridicavirtual.cl\/index.php\/wp-json\/wp\/v2\/comments?post=4232"}],"wp:featuredmedia":[{"embeddable":true,"href":"https:\/\/bibliotecajuridicavirtual.cl\/index.php\/wp-json\/wp\/v2\/media\/4262"}],"wp:attachment":[{"href":"https:\/\/bibliotecajuridicavirtual.cl\/index.php\/wp-json\/wp\/v2\/media?parent=4232"}],"wp:term":[{"taxonomy":"product_brand","embeddable":true,"href":"https:\/\/bibliotecajuridicavirtual.cl\/index.php\/wp-json\/wp\/v2\/product_brand?post=4232"},{"taxonomy":"product_cat","embeddable":true,"href":"https:\/\/bibliotecajuridicavirtual.cl\/index.php\/wp-json\/wp\/v2\/product_cat?post=4232"},{"taxonomy":"product_tag","embeddable":true,"href":"https:\/\/bibliotecajuridicavirtual.cl\/index.php\/wp-json\/wp\/v2\/product_tag?post=4232"}],"curies":[{"name":"wp","href":"https:\/\/api.w.org\/{rel}","templated":true}]}}