{"id":4234,"date":"2026-02-28T01:24:03","date_gmt":"2026-02-28T04:24:03","guid":{"rendered":"https:\/\/bibliotecajuridicavirtual.cl\/?post_type=product&#038;p=4234"},"modified":"2026-02-28T01:24:28","modified_gmt":"2026-02-28T04:24:28","slug":"codigo-del-trabajo-comentado-ano-2022-500-pag-autor-equipo-editorial-thomson-reuters","status":"publish","type":"product","link":"https:\/\/bibliotecajuridicavirtual.cl\/index.php\/product\/codigo-del-trabajo-comentado-ano-2022-500-pag-autor-equipo-editorial-thomson-reuters\/","title":{"rendered":"C\u00f3digo del Trabajo Comentado. A\u00f1o 2022\/500 P\u00e1g. Autor Equipo Editorial Thomson Reuters"},"content":{"rendered":"<p>El objetivo de este libro es otorgar al lector una experiencia pr\u00e1ctica de aplicaci\u00f3n de la normativa laboral contenida en el C\u00f3digo del Trabajo, a trav\u00e9s de comentarios, an\u00e1lisis y ejercicios que facilitan su comprensi\u00f3n y permite aterrizarlo a su uso cotidiano.<\/p>\n<p><b>Libro I. Del contrato individual de trabajo y de la capacitaci\u00f3n laboral<\/b><br \/>\nT\u00edtulo I. Del contrato individual de trabajo<br \/>\nT\u00edtulo II. De los contratos especiales<br \/>\nT\u00edtulo III. Del reglamento interno y la inclusi\u00f3n laboral de personas\u2026<br \/>\nT\u00edtulo IV. Del servicio militar obligatorio<br \/>\nT\u00edtulo V. De la terminaci\u00f3n del contrato de trabajo y estabilidad en el empleo<br \/>\nT\u00edtulo VI. De la capacitaci\u00f3n ocupacional<br \/>\nT\u00edtulo VII. Del trabajo en r\u00e9gimen de subcontrataci\u00f3n y del trabajo en\u2026<\/p>\n<p><b>Libro II. De la protecci\u00f3n a los trabajadores<\/b><br \/>\nT\u00edtulo I. Normas generales<br \/>\nT\u00edtulo II. De la protecci\u00f3n a la maternidad, la paternidad y la vida familiar<br \/>\nT\u00edtulo III. Del seguro social contra riesgos de accidentes del trabajo y\u2026<br \/>\nT\u00edtulo IV. De la investigaci\u00f3n y sanci\u00f3n del acoso sexual<br \/>\nT\u00edtulo V. De la protecci\u00f3n de los trabajadores de carga y descarga de \u2026&lt;<br \/>\n\/br&gt; \u00a0\u00a0<b>Libro III. De las organizaciones sindicales<\/b><br \/>\nT\u00edtulo I. De las organizaciones sindicales<br \/>\nT\u00edtulo II. Del delegado del personal<\/p>\n<p><b>Libro IV. De la negociaci\u00f3n colectiva<\/b><br \/>\nT\u00edtulo I. Normas generales<br \/>\nT\u00edtulo II. Derecho a informaci\u00f3n de las organizaciones sindicales<br \/>\nT\u00edtulo III. De los instrumentos colectivos y de la titularidad sindical<br \/>\nT\u00edtulo IV. El procedimiento de negociaci\u00f3n colectiva reglada<br \/>\nT\u00edtulo V. Reglas especiales para la negociaci\u00f3n colectiva de los trabajadores&#8230;<br \/>\nT\u00edtulo VI. De los pactos sobre condiciones especiales de trabajo<br \/>\nT\u00edtulo VII. De la mediaci\u00f3n, la mediaci\u00f3n laboral de conflictos colectivos\u2026<br \/>\nT\u00edtulo VIII. De los procedimientos judiciales en la negociaci\u00f3n colectiva<br \/>\nT\u00edtulo IX. De las pr\u00e1cticas desleales y otras infracciones en la negociaci\u00f3n\u2026<br \/>\nT\u00edtulo X. De la presentaci\u00f3n efectuada por federaciones y confederaciones<\/p>\n<p><b>Libro V. De la jurisdicci\u00f3n laboral<\/b><br \/>\nT\u00edtulo I. De los juzgados de letras del trabajo y de cobranza laboral\u2026<br \/>\nT\u00edtulo II. Del procedimiento de reclamaci\u00f3n de multas y dem\u00e1s resoluciones\u2026<br \/>\nT\u00edtulo final. De la fiscalizaci\u00f3n, de las sanciones y de la prescripci\u00f3n<\/p>\n<p><b>Art\u00edculos transitorios<\/b><\/p>\n","protected":false},"excerpt":{"rendered":"<p>El objetivo de este libro es otorgar al lector una experiencia pr\u00e1ctica de aplicaci\u00f3n de la normativa laboral contenida en el C\u00f3digo del Trabajo, a trav\u00e9s de comentarios, an\u00e1lisis y ejercicios que facilitan su comprensi\u00f3n y permite aterrizarlo a su uso cotidiano. Libro I. Del contrato individual de trabajo y de la capacitaci\u00f3n laboral T\u00edtulo I. Del contrato individual de trabajo T\u00edtulo II. De los contratos especiales T\u00edtulo III. Del reglamento interno y la inclusi\u00f3n laboral de personas\u2026 T\u00edtulo IV. Del servicio militar obligatorio T\u00edtulo V. De la terminaci\u00f3n del contrato de trabajo y estabilidad en el empleo T\u00edtulo VI. De la capacitaci\u00f3n ocupacional T\u00edtulo VII. Del trabajo en r\u00e9gimen de subcontrataci\u00f3n y del trabajo en\u2026 Libro II. De la protecci\u00f3n a los trabajadores T\u00edtulo I. Normas generales T\u00edtulo II. De la protecci\u00f3n a la maternidad, la paternidad y la vida familiar T\u00edtulo III. Del seguro social contra riesgos de accidentes del trabajo y\u2026 T\u00edtulo IV. De la investigaci\u00f3n y sanci\u00f3n del acoso sexual T\u00edtulo V. De la protecci\u00f3n de los trabajadores de carga y descarga de \u2026&lt; \/br&gt; \u00a0\u00a0Libro III. De las organizaciones sindicales T\u00edtulo I. De las organizaciones sindicales T\u00edtulo II. Del delegado del personal Libro IV. De la negociaci\u00f3n colectiva T\u00edtulo I. Normas generales T\u00edtulo II. Derecho a informaci\u00f3n de las organizaciones sindicales T\u00edtulo III. De los instrumentos colectivos y de la titularidad sindical T\u00edtulo IV. El procedimiento de negociaci\u00f3n colectiva reglada T\u00edtulo V. Reglas especiales para la negociaci\u00f3n colectiva de los trabajadores&#8230; T\u00edtulo VI. De los pactos sobre condiciones especiales de trabajo T\u00edtulo VII. De la mediaci\u00f3n, la mediaci\u00f3n laboral de conflictos colectivos\u2026 T\u00edtulo VIII. De los procedimientos judiciales en la negociaci\u00f3n colectiva T\u00edtulo IX. De las pr\u00e1cticas desleales y otras infracciones en la negociaci\u00f3n\u2026 T\u00edtulo X. De la presentaci\u00f3n efectuada por federaciones y confederaciones Libro V. De la jurisdicci\u00f3n laboral T\u00edtulo I. De los juzgados de letras del trabajo y de cobranza laboral\u2026 T\u00edtulo II. Del procedimiento de reclamaci\u00f3n de multas y dem\u00e1s resoluciones\u2026 T\u00edtulo final. De la fiscalizaci\u00f3n, de las sanciones y de la prescripci\u00f3n Art\u00edculos transitorios<\/p>\n","protected":false},"featured_media":4286,"comment_status":"open","ping_status":"closed","template":"","meta":{"inline_featured_image":false,"_joinchat":[]},"product_brand":[],"product_cat":[61,41,42],"product_tag":[],"class_list":{"0":"post-4234","1":"product","2":"type-product","3":"status-publish","4":"has-post-thumbnail","6":"product_cat-codigos-de-la-republica-de-chile-ano-2024","7":"product_cat-laboral","8":"product_cat-thomson-reuters","9":"product_shipping_class-a-convenir","11":"first","12":"instock","13":"shipping-taxable","14":"purchasable","15":"product-type-simple"},"_links":{"self":[{"href":"https:\/\/bibliotecajuridicavirtual.cl\/index.php\/wp-json\/wp\/v2\/product\/4234","targetHints":{"allow":["GET"]}}],"collection":[{"href":"https:\/\/bibliotecajuridicavirtual.cl\/index.php\/wp-json\/wp\/v2\/product"}],"about":[{"href":"https:\/\/bibliotecajuridicavirtual.cl\/index.php\/wp-json\/wp\/v2\/types\/product"}],"replies":[{"embeddable":true,"href":"https:\/\/bibliotecajuridicavirtual.cl\/index.php\/wp-json\/wp\/v2\/comments?post=4234"}],"wp:featuredmedia":[{"embeddable":true,"href":"https:\/\/bibliotecajuridicavirtual.cl\/index.php\/wp-json\/wp\/v2\/media\/4286"}],"wp:attachment":[{"href":"https:\/\/bibliotecajuridicavirtual.cl\/index.php\/wp-json\/wp\/v2\/media?parent=4234"}],"wp:term":[{"taxonomy":"product_brand","embeddable":true,"href":"https:\/\/bibliotecajuridicavirtual.cl\/index.php\/wp-json\/wp\/v2\/product_brand?post=4234"},{"taxonomy":"product_cat","embeddable":true,"href":"https:\/\/bibliotecajuridicavirtual.cl\/index.php\/wp-json\/wp\/v2\/product_cat?post=4234"},{"taxonomy":"product_tag","embeddable":true,"href":"https:\/\/bibliotecajuridicavirtual.cl\/index.php\/wp-json\/wp\/v2\/product_tag?post=4234"}],"curies":[{"name":"wp","href":"https:\/\/api.w.org\/{rel}","templated":true}]}}