{"id":4235,"date":"2026-02-28T01:24:03","date_gmt":"2026-02-28T04:24:03","guid":{"rendered":"https:\/\/bibliotecajuridicavirtual.cl\/?post_type=product&#038;p=4235"},"modified":"2026-02-28T01:24:29","modified_gmt":"2026-02-28T04:24:29","slug":"proteccion-de-los-consumidores-ano-2017-168-pag-autor-mauricio-tapia-r","status":"publish","type":"product","link":"https:\/\/bibliotecajuridicavirtual.cl\/index.php\/product\/proteccion-de-los-consumidores-ano-2017-168-pag-autor-mauricio-tapia-r\/","title":{"rendered":"Protecci\u00f3n de los Consumidores. A\u00f1o 2017\/ 168 P\u00e1g. Autor Mauricio Tapia R."},"content":{"rendered":"<header>Revisi\u00f3n cr\u00edtica de su \u00e1mbito de aplicaci\u00f3n<\/p>\n<p>Mauricio Tapia R.<\/p>\n<\/header>\n<div class=\"entry-content\">\n<p>La obra efect\u00faa un an\u00e1lisis cr\u00edtico de la determinaci\u00f3n del \u00e1mbito de aplicaci\u00f3n de la Ley N\u00b019.496 sobre Protecci\u00f3n de los Derechos de los consumidores. Para esto, se analiza el derecho positivo nacional, a la luz de las modificaciones legislativas que ha experimentado este cuerpo normativo desde su dictaci\u00f3n el a\u00f1o 1997, los debates doctrinarios que ha suscitado este aspecto y, especialmente, la interpretaci\u00f3n que ha otorgado la jurisprudencia a las normas sobre el \u00e1mbito de aplicaci\u00f3n de esta ley. Con ello, el estudio busca identificar los principales espacios de desprotecci\u00f3n a que ha dado lugar la actual configuraci\u00f3n normativa de esta ley y proponer algunas modificaciones que podr\u00edan dar mayor claridad y certeza y, en definitiva, contribuir a reducir el desequilibrio con el que consumidores y peque\u00f1os y medianos empresarios se enfrentan a las grandes empresas producto de las asimetr\u00edas de informaci\u00f3n y el desequilibrado poder de negociaci\u00f3n.<\/p>\n<\/div>\n","protected":false},"excerpt":{"rendered":"<p>Revisi\u00f3n cr\u00edtica de su \u00e1mbito de aplicaci\u00f3n Mauricio Tapia R. La obra efect\u00faa un an\u00e1lisis cr\u00edtico de la determinaci\u00f3n del \u00e1mbito de aplicaci\u00f3n de la Ley N\u00b019.496 sobre Protecci\u00f3n de los Derechos de los consumidores. Para esto, se analiza el derecho positivo nacional, a la luz de las modificaciones legislativas que ha experimentado este cuerpo normativo desde su dictaci\u00f3n el a\u00f1o 1997, los debates doctrinarios que ha suscitado este aspecto y, especialmente, la interpretaci\u00f3n que ha otorgado la jurisprudencia a las normas sobre el \u00e1mbito de aplicaci\u00f3n de esta ley. Con ello, el estudio busca identificar los principales espacios de desprotecci\u00f3n a que ha dado lugar la actual configuraci\u00f3n normativa de esta ley y proponer algunas modificaciones que podr\u00edan dar mayor claridad y certeza y, en definitiva, contribuir a reducir el desequilibrio con el que consumidores y peque\u00f1os y medianos empresarios se enfrentan a las grandes empresas producto de las asimetr\u00edas de informaci\u00f3n y el desequilibrado poder de negociaci\u00f3n.<\/p>\n","protected":false},"featured_media":4287,"comment_status":"open","ping_status":"closed","template":"","meta":{"inline_featured_image":false,"_joinchat":[]},"product_brand":[],"product_cat":[27,58],"product_tag":[],"class_list":{"0":"post-4235","1":"product","2":"type-product","3":"status-publish","4":"has-post-thumbnail","6":"product_cat-civil","7":"product_cat-editorial-rubicon","8":"product_shipping_class-a-convenir","10":"first","11":"instock","12":"shipping-taxable","13":"purchasable","14":"product-type-simple"},"_links":{"self":[{"href":"https:\/\/bibliotecajuridicavirtual.cl\/index.php\/wp-json\/wp\/v2\/product\/4235","targetHints":{"allow":["GET"]}}],"collection":[{"href":"https:\/\/bibliotecajuridicavirtual.cl\/index.php\/wp-json\/wp\/v2\/product"}],"about":[{"href":"https:\/\/bibliotecajuridicavirtual.cl\/index.php\/wp-json\/wp\/v2\/types\/product"}],"replies":[{"embeddable":true,"href":"https:\/\/bibliotecajuridicavirtual.cl\/index.php\/wp-json\/wp\/v2\/comments?post=4235"}],"wp:featuredmedia":[{"embeddable":true,"href":"https:\/\/bibliotecajuridicavirtual.cl\/index.php\/wp-json\/wp\/v2\/media\/4287"}],"wp:attachment":[{"href":"https:\/\/bibliotecajuridicavirtual.cl\/index.php\/wp-json\/wp\/v2\/media?parent=4235"}],"wp:term":[{"taxonomy":"product_brand","embeddable":true,"href":"https:\/\/bibliotecajuridicavirtual.cl\/index.php\/wp-json\/wp\/v2\/product_brand?post=4235"},{"taxonomy":"product_cat","embeddable":true,"href":"https:\/\/bibliotecajuridicavirtual.cl\/index.php\/wp-json\/wp\/v2\/product_cat?post=4235"},{"taxonomy":"product_tag","embeddable":true,"href":"https:\/\/bibliotecajuridicavirtual.cl\/index.php\/wp-json\/wp\/v2\/product_tag?post=4235"}],"curies":[{"name":"wp","href":"https:\/\/api.w.org\/{rel}","templated":true}]}}