{"id":4236,"date":"2026-02-28T01:24:03","date_gmt":"2026-02-28T04:24:03","guid":{"rendered":"https:\/\/bibliotecajuridicavirtual.cl\/?post_type=product&#038;p=4236"},"modified":"2026-02-28T01:24:29","modified_gmt":"2026-02-28T04:24:29","slug":"cine-y-derecho-ano-2019-357-pag-autor-cristian-lepin-m-y-ricardo-rabinovich-berkman","status":"publish","type":"product","link":"https:\/\/bibliotecajuridicavirtual.cl\/index.php\/product\/cine-y-derecho-ano-2019-357-pag-autor-cristian-lepin-m-y-ricardo-rabinovich-berkman\/","title":{"rendered":"Cine y Derecho. A\u00f1o 2019\/357 P\u00e1g. Autor Cristi\u00e1n Lepin M. y Ricardo Rabinovich-Berkman"},"content":{"rendered":"<p>Se trata de un libro diferente, que plantea un abordaje innovador del binomio cine y derecho. De las muchas alternativas que dicha alianza puede proponer, estas p\u00e1ginas privilegian la pedag\u00f3gica. Concretamente, el uso de pel\u00edculas espec\u00edficas para profundizar en el an\u00e1lisis y la ense\u00f1anza de temas jur\u00eddicos.<\/p>\n<p>A ese efecto, se ha seguido una estructura metodol\u00f3gica homogeneizadora. Cada autor ha escogido un film, cuya ficha t\u00e9cnica b\u00e1sica inicia el cap\u00edtulo respectivo. Luego ha tomado un di\u00e1logo de la pel\u00edcula que le ha parecido especialmente significativo. Acto seguido, indica si existen normas concretas o gen\u00e9ricas que se apliquen o sean referidas en la producci\u00f3n de marras, o que de otro modo se relacionen con ella.<\/p>\n<p>El autor del cap\u00edtulo talla despu\u00e9s una introducci\u00f3n al film elegido y su tem\u00e1tica. Resume entonces el argumento y los aspectos de la pel\u00edcula que le parecen cruciales. Hecho lo cual, explica las razones que lo llevaron a escogerla. Viene a continuaci\u00f3n el an\u00e1lisis jur\u00eddico de la obra cinematogr\u00e1fica. \u00c9sta es, como cab\u00eda esperarlo, en todos los casos, la joya del anillo. Constituye la parte m\u00e1s original de cada trabajo y la que proporciona el mayor aporte.<\/p>\n<p>Coronan este plan de trabajo unas jugosas conclusiones que el autor vierte de resultas de su an\u00e1lisis. Y llega al final un agregado ingenioso, consistente en preguntas o reflexiones\u00a0que se formulan al lector, poniendo muy a las claras el car\u00e1cter eminentemente pedag\u00f3gico que la obra tiene.<\/p>\n<p>Se han reunido as\u00ed dieciocho cap\u00edtulos, que tratan acerca de igual n\u00famero de pel\u00edculas. Han sido agrupados en \u00e1reas tem\u00e1ticas, que a menudo no deben ser tomadas demasiado en serio. Por un lado, porque las divisiones que solemos introducir en el campo de lo jur\u00eddico son, es muy sabido, harto arbitrarias y relativas, y cumplen (no siempre bien) una funci\u00f3n proped\u00e9utica apenas. Por el otro, porque es muy raro que un film pueda ser encasillado en uno solo de esos cuadros. Ni siquiera los muy malos, de los que aqu\u00ed no hay ninguno<\/p>\n","protected":false},"excerpt":{"rendered":"<p>Se trata de un libro diferente, que plantea un abordaje innovador del binomio cine y derecho. De las muchas alternativas que dicha alianza puede proponer, estas p\u00e1ginas privilegian la pedag\u00f3gica. Concretamente, el uso de pel\u00edculas espec\u00edficas para profundizar en el an\u00e1lisis y la ense\u00f1anza de temas jur\u00eddicos. A ese efecto, se ha seguido una estructura metodol\u00f3gica homogeneizadora. Cada autor ha escogido un film, cuya ficha t\u00e9cnica b\u00e1sica inicia el cap\u00edtulo respectivo. Luego ha tomado un di\u00e1logo de la pel\u00edcula que le ha parecido especialmente significativo. Acto seguido, indica si existen normas concretas o gen\u00e9ricas que se apliquen o sean referidas en la producci\u00f3n de marras, o que de otro modo se relacionen con ella. El autor del cap\u00edtulo talla despu\u00e9s una introducci\u00f3n al film elegido y su tem\u00e1tica. Resume entonces el argumento y los aspectos de la pel\u00edcula que le parecen cruciales. Hecho lo cual, explica las razones que lo llevaron a escogerla. Viene a continuaci\u00f3n el an\u00e1lisis jur\u00eddico de la obra cinematogr\u00e1fica. \u00c9sta es, como cab\u00eda esperarlo, en todos los casos, la joya del anillo. Constituye la parte m\u00e1s original de cada trabajo y la que proporciona el mayor aporte. Coronan este plan de trabajo unas jugosas conclusiones que el autor vierte de resultas de su an\u00e1lisis. Y llega al final un agregado ingenioso, consistente en preguntas o reflexiones\u00a0que se formulan al lector, poniendo muy a las claras el car\u00e1cter eminentemente pedag\u00f3gico que la obra tiene. Se han reunido as\u00ed dieciocho cap\u00edtulos, que tratan acerca de igual n\u00famero de pel\u00edculas. Han sido agrupados en \u00e1reas tem\u00e1ticas, que a menudo no deben ser tomadas demasiado en serio. Por un lado, porque las divisiones que solemos introducir en el campo de lo jur\u00eddico son, es muy sabido, harto arbitrarias y relativas, y cumplen (no siempre bien) una funci\u00f3n proped\u00e9utica apenas. Por el otro, porque es muy raro que un film pueda ser encasillado en uno solo de esos cuadros. Ni siquiera los muy malos, de los que aqu\u00ed no hay ninguno<\/p>\n","protected":false},"featured_media":4288,"comment_status":"open","ping_status":"closed","template":"","meta":{"inline_featured_image":false,"_joinchat":[]},"product_brand":[],"product_cat":[27,58],"product_tag":[],"class_list":{"0":"post-4236","1":"product","2":"type-product","3":"status-publish","4":"has-post-thumbnail","6":"product_cat-civil","7":"product_cat-editorial-rubicon","8":"product_shipping_class-a-convenir","10":"first","11":"instock","12":"shipping-taxable","13":"purchasable","14":"product-type-simple"},"_links":{"self":[{"href":"https:\/\/bibliotecajuridicavirtual.cl\/index.php\/wp-json\/wp\/v2\/product\/4236","targetHints":{"allow":["GET"]}}],"collection":[{"href":"https:\/\/bibliotecajuridicavirtual.cl\/index.php\/wp-json\/wp\/v2\/product"}],"about":[{"href":"https:\/\/bibliotecajuridicavirtual.cl\/index.php\/wp-json\/wp\/v2\/types\/product"}],"replies":[{"embeddable":true,"href":"https:\/\/bibliotecajuridicavirtual.cl\/index.php\/wp-json\/wp\/v2\/comments?post=4236"}],"wp:featuredmedia":[{"embeddable":true,"href":"https:\/\/bibliotecajuridicavirtual.cl\/index.php\/wp-json\/wp\/v2\/media\/4288"}],"wp:attachment":[{"href":"https:\/\/bibliotecajuridicavirtual.cl\/index.php\/wp-json\/wp\/v2\/media?parent=4236"}],"wp:term":[{"taxonomy":"product_brand","embeddable":true,"href":"https:\/\/bibliotecajuridicavirtual.cl\/index.php\/wp-json\/wp\/v2\/product_brand?post=4236"},{"taxonomy":"product_cat","embeddable":true,"href":"https:\/\/bibliotecajuridicavirtual.cl\/index.php\/wp-json\/wp\/v2\/product_cat?post=4236"},{"taxonomy":"product_tag","embeddable":true,"href":"https:\/\/bibliotecajuridicavirtual.cl\/index.php\/wp-json\/wp\/v2\/product_tag?post=4236"}],"curies":[{"name":"wp","href":"https:\/\/api.w.org\/{rel}","templated":true}]}}