{"id":4237,"date":"2026-02-28T01:24:03","date_gmt":"2026-02-28T04:24:03","guid":{"rendered":"https:\/\/bibliotecajuridicavirtual.cl\/?post_type=product&#038;p=4237"},"modified":"2026-02-28T01:24:30","modified_gmt":"2026-02-28T04:24:30","slug":"competitividad-y-adaptacion-laboral-ano-2017-320-pag-autor-hector-humeres-n","status":"publish","type":"product","link":"https:\/\/bibliotecajuridicavirtual.cl\/index.php\/product\/competitividad-y-adaptacion-laboral-ano-2017-320-pag-autor-hector-humeres-n\/","title":{"rendered":"Competitividad y Adaptaci\u00f3n Laboral. A\u00f1o 2017\/ 320 P\u00e1g. Autor H\u00e9ctor Humeres N."},"content":{"rendered":"<p>El mercado internacional, que se ha expandido en las \u00faltimas d\u00e9cadas, merced a la profundizaci\u00f3n del libro comercio, se encuentra basado en la competitividad, lo que exige normas laborales, si no sim\u00e9tricas, al menos no tan divergentes.<\/p>\n<p>El mundo marcha hacia una profunda integraci\u00f3n y ello atraviesa por un esfuerzo com\u00fan de coordinaci\u00f3n y uniformidad, a trav\u00e9s de instituciones que, sin ser id\u00e9nticas, respeten principios similares, sin diferir sustancialmente en lo esencial.<\/p>\n<p>Este libro trata de un an\u00e1lisis comparativo entre las legislaciones laborales de 9 pa\u00edses, de diversos continentes, que han sido objeto de un \u00edndice de competitividad elaborado por el Institute for Management Development (IMD) de Suiza, entidad de gran prestigio y que cuenta con una trayectoria de m\u00e1s de 50 a\u00f1os; en dicho \u00edndice de competitividad se analizan 51 econom\u00edas nacionales y 9 regionales.<\/p>\n<p>Esta investigaci\u00f3n de legislaci\u00f3n comparada procura verificar la diversidad de trato legislativo que en dichos pa\u00edses tienen las regulaciones laborales, con la finalidad de establecer en qu\u00e9 medida ellas podr\u00edan incidir en la competitividad de Chile en el exterior.<\/p>\n<p>Es nuestro inter\u00e9s que esta obra sea de utilidad tanto para estudiosos del derecho como de las ciencias econ\u00f3micas que deseen avizorar los problemas que surgen en el tr\u00e1nsito entre una era industrial ya superada hacia una era tecnol\u00f3gica que ya est\u00e1 presente.<\/p>\n","protected":false},"excerpt":{"rendered":"<p>El mercado internacional, que se ha expandido en las \u00faltimas d\u00e9cadas, merced a la profundizaci\u00f3n del libro comercio, se encuentra basado en la competitividad, lo que exige normas laborales, si no sim\u00e9tricas, al menos no tan divergentes. El mundo marcha hacia una profunda integraci\u00f3n y ello atraviesa por un esfuerzo com\u00fan de coordinaci\u00f3n y uniformidad, a trav\u00e9s de instituciones que, sin ser id\u00e9nticas, respeten principios similares, sin diferir sustancialmente en lo esencial. Este libro trata de un an\u00e1lisis comparativo entre las legislaciones laborales de 9 pa\u00edses, de diversos continentes, que han sido objeto de un \u00edndice de competitividad elaborado por el Institute for Management Development (IMD) de Suiza, entidad de gran prestigio y que cuenta con una trayectoria de m\u00e1s de 50 a\u00f1os; en dicho \u00edndice de competitividad se analizan 51 econom\u00edas nacionales y 9 regionales. Esta investigaci\u00f3n de legislaci\u00f3n comparada procura verificar la diversidad de trato legislativo que en dichos pa\u00edses tienen las regulaciones laborales, con la finalidad de establecer en qu\u00e9 medida ellas podr\u00edan incidir en la competitividad de Chile en el exterior. Es nuestro inter\u00e9s que esta obra sea de utilidad tanto para estudiosos del derecho como de las ciencias econ\u00f3micas que deseen avizorar los problemas que surgen en el tr\u00e1nsito entre una era industrial ya superada hacia una era tecnol\u00f3gica que ya est\u00e1 presente.<\/p>\n","protected":false},"featured_media":4289,"comment_status":"open","ping_status":"closed","template":"","meta":{"inline_featured_image":false,"_joinchat":[]},"product_brand":[],"product_cat":[58,41],"product_tag":[],"class_list":{"0":"post-4237","1":"product","2":"type-product","3":"status-publish","4":"has-post-thumbnail","6":"product_cat-editorial-rubicon","7":"product_cat-laboral","8":"product_shipping_class-a-convenir","10":"first","11":"instock","12":"shipping-taxable","13":"purchasable","14":"product-type-simple"},"_links":{"self":[{"href":"https:\/\/bibliotecajuridicavirtual.cl\/index.php\/wp-json\/wp\/v2\/product\/4237","targetHints":{"allow":["GET"]}}],"collection":[{"href":"https:\/\/bibliotecajuridicavirtual.cl\/index.php\/wp-json\/wp\/v2\/product"}],"about":[{"href":"https:\/\/bibliotecajuridicavirtual.cl\/index.php\/wp-json\/wp\/v2\/types\/product"}],"replies":[{"embeddable":true,"href":"https:\/\/bibliotecajuridicavirtual.cl\/index.php\/wp-json\/wp\/v2\/comments?post=4237"}],"wp:featuredmedia":[{"embeddable":true,"href":"https:\/\/bibliotecajuridicavirtual.cl\/index.php\/wp-json\/wp\/v2\/media\/4289"}],"wp:attachment":[{"href":"https:\/\/bibliotecajuridicavirtual.cl\/index.php\/wp-json\/wp\/v2\/media?parent=4237"}],"wp:term":[{"taxonomy":"product_brand","embeddable":true,"href":"https:\/\/bibliotecajuridicavirtual.cl\/index.php\/wp-json\/wp\/v2\/product_brand?post=4237"},{"taxonomy":"product_cat","embeddable":true,"href":"https:\/\/bibliotecajuridicavirtual.cl\/index.php\/wp-json\/wp\/v2\/product_cat?post=4237"},{"taxonomy":"product_tag","embeddable":true,"href":"https:\/\/bibliotecajuridicavirtual.cl\/index.php\/wp-json\/wp\/v2\/product_tag?post=4237"}],"curies":[{"name":"wp","href":"https:\/\/api.w.org\/{rel}","templated":true}]}}