{"id":4238,"date":"2026-02-28T01:24:04","date_gmt":"2026-02-28T04:24:04","guid":{"rendered":"https:\/\/bibliotecajuridicavirtual.cl\/?post_type=product&#038;p=4238"},"modified":"2026-02-28T01:24:31","modified_gmt":"2026-02-28T04:24:31","slug":"prescripcion-extintiva-en-el-derecho-de-consumo-ano-2017-400-pag-autor-erika-isler-s","status":"publish","type":"product","link":"https:\/\/bibliotecajuridicavirtual.cl\/index.php\/product\/prescripcion-extintiva-en-el-derecho-de-consumo-ano-2017-400-pag-autor-erika-isler-s\/","title":{"rendered":"Prescripci\u00f3n Extintiva en el Derecho de Consumo. A\u00f1o 2017\/400 P\u00e1g. Autor Erika Isler S."},"content":{"rendered":"<p>El texto trata acerca del r\u00e9gimen jur\u00eddico aplicable a la prescripci\u00f3n extintiva de acuerdo al r\u00e9gimen de la Ley 19.496 sobre Protecci\u00f3n de los Derechos de los Consumidores (LPDC), abarcando tanto la configuraci\u00f3n de sus presupuestos como los efectos que se producen una vez que ha operado. En ese sentido el libro parte circunscribiendo la noci\u00f3n de la prescripci\u00f3n en el \u00e1rea del Derecho del Consumidor, diferenci\u00e1ndola de la caducidad, y refiri\u00e9ndose al estatuto general al cual se encuentra sometida, a partir de la discusi\u00f3n referente a la dependencia de la acci\u00f3n civil a la infraccional en esta sede. Posteriormente se incorpora un estudio del transcurso del tiempo como elemento de la instituci\u00f3n, refiri\u00e9ndose tanto al plazo propiamente tal, como los sistemas de fijaci\u00f3n del\u00a0<em>dies a quo<\/em>\u00a0adoptados por la LPDC. De la misma manera se hace referencia a la acci\u00f3n infraccional y a las acciones civiles que surgen de este estatuto, a saber, indemnizatoria, de nulidad, de cesaci\u00f3n, entre otras. Finalmente el libro se aboca al an\u00e1lisis de los supuestos por los cuales la prescripci\u00f3n puede verse dificultada, ampliada o restringida, sea por la acci\u00f3n del proveedor o consumidor (interrupci\u00f3n y suspensi\u00f3n), sea por la incorporaci\u00f3n de cl\u00e1usulas convencionales en los contratos de consumo.<\/p>\n","protected":false},"excerpt":{"rendered":"<p>El texto trata acerca del r\u00e9gimen jur\u00eddico aplicable a la prescripci\u00f3n extintiva de acuerdo al r\u00e9gimen de la Ley 19.496 sobre Protecci\u00f3n de los Derechos de los Consumidores (LPDC), abarcando tanto la configuraci\u00f3n de sus presupuestos como los efectos que se producen una vez que ha operado. En ese sentido el libro parte circunscribiendo la noci\u00f3n de la prescripci\u00f3n en el \u00e1rea del Derecho del Consumidor, diferenci\u00e1ndola de la caducidad, y refiri\u00e9ndose al estatuto general al cual se encuentra sometida, a partir de la discusi\u00f3n referente a la dependencia de la acci\u00f3n civil a la infraccional en esta sede. Posteriormente se incorpora un estudio del transcurso del tiempo como elemento de la instituci\u00f3n, refiri\u00e9ndose tanto al plazo propiamente tal, como los sistemas de fijaci\u00f3n del\u00a0dies a quo\u00a0adoptados por la LPDC. De la misma manera se hace referencia a la acci\u00f3n infraccional y a las acciones civiles que surgen de este estatuto, a saber, indemnizatoria, de nulidad, de cesaci\u00f3n, entre otras. Finalmente el libro se aboca al an\u00e1lisis de los supuestos por los cuales la prescripci\u00f3n puede verse dificultada, ampliada o restringida, sea por la acci\u00f3n del proveedor o consumidor (interrupci\u00f3n y suspensi\u00f3n), sea por la incorporaci\u00f3n de cl\u00e1usulas convencionales en los contratos de consumo.<\/p>\n","protected":false},"featured_media":4290,"comment_status":"open","ping_status":"closed","template":"","meta":{"inline_featured_image":false,"_joinchat":[]},"product_brand":[],"product_cat":[27,58],"product_tag":[],"class_list":{"0":"post-4238","1":"product","2":"type-product","3":"status-publish","4":"has-post-thumbnail","6":"product_cat-civil","7":"product_cat-editorial-rubicon","8":"product_shipping_class-a-convenir","10":"first","11":"instock","12":"shipping-taxable","13":"purchasable","14":"product-type-simple"},"_links":{"self":[{"href":"https:\/\/bibliotecajuridicavirtual.cl\/index.php\/wp-json\/wp\/v2\/product\/4238","targetHints":{"allow":["GET"]}}],"collection":[{"href":"https:\/\/bibliotecajuridicavirtual.cl\/index.php\/wp-json\/wp\/v2\/product"}],"about":[{"href":"https:\/\/bibliotecajuridicavirtual.cl\/index.php\/wp-json\/wp\/v2\/types\/product"}],"replies":[{"embeddable":true,"href":"https:\/\/bibliotecajuridicavirtual.cl\/index.php\/wp-json\/wp\/v2\/comments?post=4238"}],"wp:featuredmedia":[{"embeddable":true,"href":"https:\/\/bibliotecajuridicavirtual.cl\/index.php\/wp-json\/wp\/v2\/media\/4290"}],"wp:attachment":[{"href":"https:\/\/bibliotecajuridicavirtual.cl\/index.php\/wp-json\/wp\/v2\/media?parent=4238"}],"wp:term":[{"taxonomy":"product_brand","embeddable":true,"href":"https:\/\/bibliotecajuridicavirtual.cl\/index.php\/wp-json\/wp\/v2\/product_brand?post=4238"},{"taxonomy":"product_cat","embeddable":true,"href":"https:\/\/bibliotecajuridicavirtual.cl\/index.php\/wp-json\/wp\/v2\/product_cat?post=4238"},{"taxonomy":"product_tag","embeddable":true,"href":"https:\/\/bibliotecajuridicavirtual.cl\/index.php\/wp-json\/wp\/v2\/product_tag?post=4238"}],"curies":[{"name":"wp","href":"https:\/\/api.w.org\/{rel}","templated":true}]}}