{"id":4240,"date":"2026-02-28T01:24:04","date_gmt":"2026-02-28T04:24:04","guid":{"rendered":"https:\/\/bibliotecajuridicavirtual.cl\/?post_type=product&#038;p=4240"},"modified":"2026-02-28T01:24:32","modified_gmt":"2026-02-28T04:24:32","slug":"estudios-de-derecho-comercial-ano-2017-598-pag-autor-universidad-de-concepcion","status":"publish","type":"product","link":"https:\/\/bibliotecajuridicavirtual.cl\/index.php\/product\/estudios-de-derecho-comercial-ano-2017-598-pag-autor-universidad-de-concepcion\/","title":{"rendered":"Estudios de Derecho Comercial. A\u00f1o 2017\/598 P\u00e1g. Autor Universidad de Concepci\u00f3n"},"content":{"rendered":"<header>S\u00e9ptimas Jornadas de Derecho Comercial 2016<\/p>\n<p>Universidad de Concepci\u00f3n<\/p>\n<\/header>\n<div class=\"entry-content\">\n<p>Este libro contiene los trabajos presentados en las S\u00e9ptimas Jornadas Chilenas de Derecho Comercial celebradas en Concepci\u00f3n el d\u00eda 19 agosto de 2016, organizadas por el departamento de Derecho Privado de la Facultad de Ciencias Jur\u00eddicas y Sociales de la Universidad de Concepci\u00f3n y patrocinadas por las facultades que en conjunto forman el consorcio que cre\u00f3 y da sustento a las referidas jornadas.<\/p>\n<p>Las Jornadas Chilenas de Derecho Comercial constituyen uno de los principales espacios de reflexi\u00f3n y difusi\u00f3n a nivel nacional de las tem\u00e1ticas propias del Derecho Mercantil. A trav\u00e9s de ellas y de la lectura de las ponencias presentadas, los interesados en la materia pueden verificar el estado y avance de la dogm\u00e1tica jur\u00eddica comercial.<\/p>\n<\/div>\n","protected":false},"excerpt":{"rendered":"<p>S\u00e9ptimas Jornadas de Derecho Comercial 2016 Universidad de Concepci\u00f3n Este libro contiene los trabajos presentados en las S\u00e9ptimas Jornadas Chilenas de Derecho Comercial celebradas en Concepci\u00f3n el d\u00eda 19 agosto de 2016, organizadas por el departamento de Derecho Privado de la Facultad de Ciencias Jur\u00eddicas y Sociales de la Universidad de Concepci\u00f3n y patrocinadas por las facultades que en conjunto forman el consorcio que cre\u00f3 y da sustento a las referidas jornadas. Las Jornadas Chilenas de Derecho Comercial constituyen uno de los principales espacios de reflexi\u00f3n y difusi\u00f3n a nivel nacional de las tem\u00e1ticas propias del Derecho Mercantil. A trav\u00e9s de ellas y de la lectura de las ponencias presentadas, los interesados en la materia pueden verificar el estado y avance de la dogm\u00e1tica jur\u00eddica comercial.<\/p>\n","protected":false},"featured_media":4292,"comment_status":"open","ping_status":"closed","template":"","meta":{"inline_featured_image":false,"_joinchat":[]},"product_brand":[],"product_cat":[48,58],"product_tag":[],"class_list":{"0":"post-4240","1":"product","2":"type-product","3":"status-publish","4":"has-post-thumbnail","6":"product_cat-comercial","7":"product_cat-editorial-rubicon","8":"product_shipping_class-a-convenir","10":"first","11":"instock","12":"shipping-taxable","13":"purchasable","14":"product-type-simple"},"_links":{"self":[{"href":"https:\/\/bibliotecajuridicavirtual.cl\/index.php\/wp-json\/wp\/v2\/product\/4240","targetHints":{"allow":["GET"]}}],"collection":[{"href":"https:\/\/bibliotecajuridicavirtual.cl\/index.php\/wp-json\/wp\/v2\/product"}],"about":[{"href":"https:\/\/bibliotecajuridicavirtual.cl\/index.php\/wp-json\/wp\/v2\/types\/product"}],"replies":[{"embeddable":true,"href":"https:\/\/bibliotecajuridicavirtual.cl\/index.php\/wp-json\/wp\/v2\/comments?post=4240"}],"wp:featuredmedia":[{"embeddable":true,"href":"https:\/\/bibliotecajuridicavirtual.cl\/index.php\/wp-json\/wp\/v2\/media\/4292"}],"wp:attachment":[{"href":"https:\/\/bibliotecajuridicavirtual.cl\/index.php\/wp-json\/wp\/v2\/media?parent=4240"}],"wp:term":[{"taxonomy":"product_brand","embeddable":true,"href":"https:\/\/bibliotecajuridicavirtual.cl\/index.php\/wp-json\/wp\/v2\/product_brand?post=4240"},{"taxonomy":"product_cat","embeddable":true,"href":"https:\/\/bibliotecajuridicavirtual.cl\/index.php\/wp-json\/wp\/v2\/product_cat?post=4240"},{"taxonomy":"product_tag","embeddable":true,"href":"https:\/\/bibliotecajuridicavirtual.cl\/index.php\/wp-json\/wp\/v2\/product_tag?post=4240"}],"curies":[{"name":"wp","href":"https:\/\/api.w.org\/{rel}","templated":true}]}}