{"id":4263,"date":"2026-02-28T01:24:25","date_gmt":"2026-02-28T04:24:25","guid":{"rendered":"https:\/\/bibliotecajuridicavirtual.cl\/?post_type=product&#038;p=4263"},"modified":"2026-02-28T01:24:33","modified_gmt":"2026-02-28T04:24:33","slug":"analisis-economico-del-derecho-ano-2017-550-pag-autor-omar-vasquez-d","status":"publish","type":"product","link":"https:\/\/bibliotecajuridicavirtual.cl\/index.php\/product\/analisis-economico-del-derecho-ano-2017-550-pag-autor-omar-vasquez-d\/","title":{"rendered":"An\u00e1lisis Econ\u00f3mico del Derecho. A\u00f1o 2017\/550 P\u00e1g. Autor Omar V\u00e1squez D."},"content":{"rendered":"<p>Ante la innegable importancia actual del An\u00e1lisis Econ\u00f3mico del Derecho, esta obra viene a superar una brecha: ofrecer en lengua castellana contribuciones fundamentales de los m\u00e1s destacados acad\u00e9micos de la disciplina. Cada cap\u00edtulo de la obra corresponde a la traducci\u00f3n de art\u00edculos de Eric Posner, Oren Bar-Gill, Richard Posner, Jerry Marshaw, Mark Lemley, Omri Ben-Shankar, Kyle D. Louge, Cass Sunstein, Ariel Porat y Steven Shavell . De esta manera, la obra se posiciona como una \u00fatil introducci\u00f3n al An\u00e1lisis Econ\u00f3mico del Derecho para el lector el lector en Chile e Hispanoam\u00e9rica<\/p>\n<p>\u201cEste libro brinda al lector hispanohablante una valiosa introducci\u00f3n a las principales ideas del movimiento del An\u00e1lisis Econ\u00f3mico del Derecho de los Estados Unidos, escrito por muchos de los acad\u00e9micos m\u00e1s destacados de este importante campo.\u201d Eric Posner,\u00a0Kirkland &amp; Ellis Distinguished Service Professor of Law, Arthur and Esther Kane Research Chair University of Chicago Law School.<\/p>\n","protected":false},"excerpt":{"rendered":"<p>Ante la innegable importancia actual del An\u00e1lisis Econ\u00f3mico del Derecho, esta obra viene a superar una brecha: ofrecer en lengua castellana contribuciones fundamentales de los m\u00e1s destacados acad\u00e9micos de la disciplina. Cada cap\u00edtulo de la obra corresponde a la traducci\u00f3n de art\u00edculos de Eric Posner, Oren Bar-Gill, Richard Posner, Jerry Marshaw, Mark Lemley, Omri Ben-Shankar, Kyle D. Louge, Cass Sunstein, Ariel Porat y Steven Shavell . De esta manera, la obra se posiciona como una \u00fatil introducci\u00f3n al An\u00e1lisis Econ\u00f3mico del Derecho para el lector el lector en Chile e Hispanoam\u00e9rica \u201cEste libro brinda al lector hispanohablante una valiosa introducci\u00f3n a las principales ideas del movimiento del An\u00e1lisis Econ\u00f3mico del Derecho de los Estados Unidos, escrito por muchos de los acad\u00e9micos m\u00e1s destacados de este importante campo.\u201d Eric Posner,\u00a0Kirkland &amp; Ellis Distinguished Service Professor of Law, Arthur and Esther Kane Research Chair University of Chicago Law School.<\/p>\n","protected":false},"featured_media":4293,"comment_status":"open","ping_status":"closed","template":"","meta":{"inline_featured_image":false,"_joinchat":[]},"product_brand":[],"product_cat":[48,58],"product_tag":[],"class_list":{"0":"post-4263","1":"product","2":"type-product","3":"status-publish","4":"has-post-thumbnail","6":"product_cat-comercial","7":"product_cat-editorial-rubicon","8":"product_shipping_class-a-convenir","10":"first","11":"instock","12":"shipping-taxable","13":"purchasable","14":"product-type-simple"},"_links":{"self":[{"href":"https:\/\/bibliotecajuridicavirtual.cl\/index.php\/wp-json\/wp\/v2\/product\/4263","targetHints":{"allow":["GET"]}}],"collection":[{"href":"https:\/\/bibliotecajuridicavirtual.cl\/index.php\/wp-json\/wp\/v2\/product"}],"about":[{"href":"https:\/\/bibliotecajuridicavirtual.cl\/index.php\/wp-json\/wp\/v2\/types\/product"}],"replies":[{"embeddable":true,"href":"https:\/\/bibliotecajuridicavirtual.cl\/index.php\/wp-json\/wp\/v2\/comments?post=4263"}],"wp:featuredmedia":[{"embeddable":true,"href":"https:\/\/bibliotecajuridicavirtual.cl\/index.php\/wp-json\/wp\/v2\/media\/4293"}],"wp:attachment":[{"href":"https:\/\/bibliotecajuridicavirtual.cl\/index.php\/wp-json\/wp\/v2\/media?parent=4263"}],"wp:term":[{"taxonomy":"product_brand","embeddable":true,"href":"https:\/\/bibliotecajuridicavirtual.cl\/index.php\/wp-json\/wp\/v2\/product_brand?post=4263"},{"taxonomy":"product_cat","embeddable":true,"href":"https:\/\/bibliotecajuridicavirtual.cl\/index.php\/wp-json\/wp\/v2\/product_cat?post=4263"},{"taxonomy":"product_tag","embeddable":true,"href":"https:\/\/bibliotecajuridicavirtual.cl\/index.php\/wp-json\/wp\/v2\/product_tag?post=4263"}],"curies":[{"name":"wp","href":"https:\/\/api.w.org\/{rel}","templated":true}]}}