{"id":4264,"date":"2026-02-28T01:24:25","date_gmt":"2026-02-28T04:24:25","guid":{"rendered":"https:\/\/bibliotecajuridicavirtual.cl\/?post_type=product&#038;p=4264"},"modified":"2026-02-28T01:24:34","modified_gmt":"2026-02-28T04:24:34","slug":"la-doctrina-ano-2018-384-pag-autor-christophe-jamin-y-philippe-jestaz","status":"publish","type":"product","link":"https:\/\/bibliotecajuridicavirtual.cl\/index.php\/product\/la-doctrina-ano-2018-384-pag-autor-christophe-jamin-y-philippe-jestaz\/","title":{"rendered":"La Doctrina. A\u00f1o 2018\/384 P\u00e1g. Autor Christophe Jamin y Philippe Jestaz"},"content":{"rendered":"<p>Los profesores\u00a0<strong>Mauricio Tapia<\/strong>,\u00a0<strong>Ram\u00f3n Dom\u00ednguez<\/strong>\u00a0y\u00a0<strong>Carlos Pizarro<\/strong>, quienes dirigieron la traducci\u00f3n de la obra del franc\u00e9s al espa\u00f1ol, realizaron la siguiente\u00a0<a href=\"https:\/\/goo.gl\/GedLZy\" target=\"_blank\" rel=\"noopener\">presentaci\u00f3n del libro<\/a>.<\/p>\n<p>La investigaci\u00f3n de los autores de \u201cLa Doctrina\u201d es novedosa por su enfoque y contenido. En cuanto a su enfoque, la obra constituye uno de esos raros libros en que especialistas acostumbrados al ejercicio de una profesi\u00f3n o de una ciencia, toman distancia y se preguntan: \u00bfqu\u00e9 es lo que han estado haciendo todos estos a\u00f1os?, \u00bflo que hicieron, es diferente a lo que intentaron desarrollar sus antecesores?, \u00bfcu\u00e1l es la funci\u00f3n de su disciplina?, en fin, \u00bfocurre lo mismo en otros pa\u00edses? Se trata de una obra, por decirlo de alguna manera, de \u201cautoan\u00e1lisis\u201d, una especie de terapia que devela algunos mitos y por sobre todo deja en evidencia el papel de la ciencia jur\u00eddica. Los resultados de este an\u00e1lisis no dejan de ser elocuentes, y en cierta manera revisten de una especie de \u201cmisticismo\u201d al ejercicio de la \u201cdogm\u00e1tica\u201d, en particular, de aquella referida al derecho civil (desde donde hablan los autores).<\/p>\n<p>Desde una perspectiva de fondo, el libro es reflejo de una investigaci\u00f3n acuciosa, erudita en fuentes, exhaustiva en autores y obras, l\u00facida en interpretar tendencias e ideolog\u00edas, descarnada en sus juicios, todo lo cual se inscribe en la m\u00e1s rica tradici\u00f3n doctrinal que ha entregado Francia al derecho civil.<\/p>\n","protected":false},"excerpt":{"rendered":"<p>Los profesores\u00a0Mauricio Tapia,\u00a0Ram\u00f3n Dom\u00ednguez\u00a0y\u00a0Carlos Pizarro, quienes dirigieron la traducci\u00f3n de la obra del franc\u00e9s al espa\u00f1ol, realizaron la siguiente\u00a0presentaci\u00f3n del libro. La investigaci\u00f3n de los autores de \u201cLa Doctrina\u201d es novedosa por su enfoque y contenido. En cuanto a su enfoque, la obra constituye uno de esos raros libros en que especialistas acostumbrados al ejercicio de una profesi\u00f3n o de una ciencia, toman distancia y se preguntan: \u00bfqu\u00e9 es lo que han estado haciendo todos estos a\u00f1os?, \u00bflo que hicieron, es diferente a lo que intentaron desarrollar sus antecesores?, \u00bfcu\u00e1l es la funci\u00f3n de su disciplina?, en fin, \u00bfocurre lo mismo en otros pa\u00edses? Se trata de una obra, por decirlo de alguna manera, de \u201cautoan\u00e1lisis\u201d, una especie de terapia que devela algunos mitos y por sobre todo deja en evidencia el papel de la ciencia jur\u00eddica. Los resultados de este an\u00e1lisis no dejan de ser elocuentes, y en cierta manera revisten de una especie de \u201cmisticismo\u201d al ejercicio de la \u201cdogm\u00e1tica\u201d, en particular, de aquella referida al derecho civil (desde donde hablan los autores). Desde una perspectiva de fondo, el libro es reflejo de una investigaci\u00f3n acuciosa, erudita en fuentes, exhaustiva en autores y obras, l\u00facida en interpretar tendencias e ideolog\u00edas, descarnada en sus juicios, todo lo cual se inscribe en la m\u00e1s rica tradici\u00f3n doctrinal que ha entregado Francia al derecho civil.<\/p>\n","protected":false},"featured_media":4294,"comment_status":"open","ping_status":"closed","template":"","meta":{"inline_featured_image":false,"_joinchat":[]},"product_brand":[],"product_cat":[27,58],"product_tag":[],"class_list":{"0":"post-4264","1":"product","2":"type-product","3":"status-publish","4":"has-post-thumbnail","6":"product_cat-civil","7":"product_cat-editorial-rubicon","8":"product_shipping_class-a-convenir","10":"first","11":"instock","12":"shipping-taxable","13":"purchasable","14":"product-type-simple"},"_links":{"self":[{"href":"https:\/\/bibliotecajuridicavirtual.cl\/index.php\/wp-json\/wp\/v2\/product\/4264","targetHints":{"allow":["GET"]}}],"collection":[{"href":"https:\/\/bibliotecajuridicavirtual.cl\/index.php\/wp-json\/wp\/v2\/product"}],"about":[{"href":"https:\/\/bibliotecajuridicavirtual.cl\/index.php\/wp-json\/wp\/v2\/types\/product"}],"replies":[{"embeddable":true,"href":"https:\/\/bibliotecajuridicavirtual.cl\/index.php\/wp-json\/wp\/v2\/comments?post=4264"}],"wp:featuredmedia":[{"embeddable":true,"href":"https:\/\/bibliotecajuridicavirtual.cl\/index.php\/wp-json\/wp\/v2\/media\/4294"}],"wp:attachment":[{"href":"https:\/\/bibliotecajuridicavirtual.cl\/index.php\/wp-json\/wp\/v2\/media?parent=4264"}],"wp:term":[{"taxonomy":"product_brand","embeddable":true,"href":"https:\/\/bibliotecajuridicavirtual.cl\/index.php\/wp-json\/wp\/v2\/product_brand?post=4264"},{"taxonomy":"product_cat","embeddable":true,"href":"https:\/\/bibliotecajuridicavirtual.cl\/index.php\/wp-json\/wp\/v2\/product_cat?post=4264"},{"taxonomy":"product_tag","embeddable":true,"href":"https:\/\/bibliotecajuridicavirtual.cl\/index.php\/wp-json\/wp\/v2\/product_tag?post=4264"}],"curies":[{"name":"wp","href":"https:\/\/api.w.org\/{rel}","templated":true}]}}