{"id":4265,"date":"2026-02-28T01:24:25","date_gmt":"2026-02-28T04:24:25","guid":{"rendered":"https:\/\/bibliotecajuridicavirtual.cl\/?post_type=product&#038;p=4265"},"modified":"2026-02-28T01:24:35","modified_gmt":"2026-02-28T04:24:35","slug":"negocio-juridico-coleccion-casos-practicos-ano-2018-126-pag-autor-francisca-barrientos","status":"publish","type":"product","link":"https:\/\/bibliotecajuridicavirtual.cl\/index.php\/product\/negocio-juridico-coleccion-casos-practicos-ano-2018-126-pag-autor-francisca-barrientos\/","title":{"rendered":"Negocio Jur\u00eddico &#8211; Colecci\u00f3n Casos Pr\u00e1cticos. A\u00f1o 2018\/126 P\u00e1g. Autor Francisca Barrientos"},"content":{"rendered":"<p>La presente obra es un libro de aprendizaje en base a sentencias. Aqu\u00ed se exponen las principales materias o contenidos del negocio jur\u00eddico bajo un formato de cinco t\u00edtulos, mediante los cuales se aspira promover aprendizaje metacognitivo. Primero, se ense\u00f1an los hechos m\u00e1s relevantes de una sentencia, seleccionada por la descripci\u00f3n de los hechos que contiene, las argumentaciones del tribunal y su relaci\u00f3n con los contenidos de este curso. Segundo, se exponen los considerandos m\u00e1s relevantes de la sentencia estudiada. Tercero, se cita a autores nacionales que explican el contenido de las materias objeto de estudio. Cuarto, se expone el comentario de sentencia, en el que se muestra la forma en que el tribunal desarrolla su argumentaci\u00f3n para alcanzar una soluci\u00f3n. Y quinto, se plantean algunas preguntas que invitan a reflexionar.<\/p>\n<p>En definitiva, se trata de un texto de ense\u00f1anza del negocio jur\u00eddico que tiene por objetivos que los estudiantes sean capaces de identificar los contenidos de un tema, la t\u00e9cnica de descripci\u00f3n de un problema jur\u00eddico y su forma de resoluci\u00f3n, con apoyo de la dogm\u00e1tica civil y las preguntas de reflexi\u00f3n.<\/p>\n","protected":false},"excerpt":{"rendered":"<p>La presente obra es un libro de aprendizaje en base a sentencias. Aqu\u00ed se exponen las principales materias o contenidos del negocio jur\u00eddico bajo un formato de cinco t\u00edtulos, mediante los cuales se aspira promover aprendizaje metacognitivo. Primero, se ense\u00f1an los hechos m\u00e1s relevantes de una sentencia, seleccionada por la descripci\u00f3n de los hechos que contiene, las argumentaciones del tribunal y su relaci\u00f3n con los contenidos de este curso. Segundo, se exponen los considerandos m\u00e1s relevantes de la sentencia estudiada. Tercero, se cita a autores nacionales que explican el contenido de las materias objeto de estudio. Cuarto, se expone el comentario de sentencia, en el que se muestra la forma en que el tribunal desarrolla su argumentaci\u00f3n para alcanzar una soluci\u00f3n. Y quinto, se plantean algunas preguntas que invitan a reflexionar. En definitiva, se trata de un texto de ense\u00f1anza del negocio jur\u00eddico que tiene por objetivos que los estudiantes sean capaces de identificar los contenidos de un tema, la t\u00e9cnica de descripci\u00f3n de un problema jur\u00eddico y su forma de resoluci\u00f3n, con apoyo de la dogm\u00e1tica civil y las preguntas de reflexi\u00f3n.<\/p>\n","protected":false},"featured_media":4295,"comment_status":"open","ping_status":"closed","template":"","meta":{"inline_featured_image":false,"_joinchat":[]},"product_brand":[],"product_cat":[48,58],"product_tag":[],"class_list":{"0":"post-4265","1":"product","2":"type-product","3":"status-publish","4":"has-post-thumbnail","6":"product_cat-comercial","7":"product_cat-editorial-rubicon","8":"product_shipping_class-a-convenir","10":"first","11":"instock","12":"shipping-taxable","13":"purchasable","14":"product-type-simple"},"_links":{"self":[{"href":"https:\/\/bibliotecajuridicavirtual.cl\/index.php\/wp-json\/wp\/v2\/product\/4265","targetHints":{"allow":["GET"]}}],"collection":[{"href":"https:\/\/bibliotecajuridicavirtual.cl\/index.php\/wp-json\/wp\/v2\/product"}],"about":[{"href":"https:\/\/bibliotecajuridicavirtual.cl\/index.php\/wp-json\/wp\/v2\/types\/product"}],"replies":[{"embeddable":true,"href":"https:\/\/bibliotecajuridicavirtual.cl\/index.php\/wp-json\/wp\/v2\/comments?post=4265"}],"wp:featuredmedia":[{"embeddable":true,"href":"https:\/\/bibliotecajuridicavirtual.cl\/index.php\/wp-json\/wp\/v2\/media\/4295"}],"wp:attachment":[{"href":"https:\/\/bibliotecajuridicavirtual.cl\/index.php\/wp-json\/wp\/v2\/media?parent=4265"}],"wp:term":[{"taxonomy":"product_brand","embeddable":true,"href":"https:\/\/bibliotecajuridicavirtual.cl\/index.php\/wp-json\/wp\/v2\/product_brand?post=4265"},{"taxonomy":"product_cat","embeddable":true,"href":"https:\/\/bibliotecajuridicavirtual.cl\/index.php\/wp-json\/wp\/v2\/product_cat?post=4265"},{"taxonomy":"product_tag","embeddable":true,"href":"https:\/\/bibliotecajuridicavirtual.cl\/index.php\/wp-json\/wp\/v2\/product_tag?post=4265"}],"curies":[{"name":"wp","href":"https:\/\/api.w.org\/{rel}","templated":true}]}}