{"id":4267,"date":"2026-02-28T01:24:26","date_gmt":"2026-02-28T04:24:26","guid":{"rendered":"https:\/\/bibliotecajuridicavirtual.cl\/?post_type=product&#038;p=4267"},"modified":"2026-02-28T01:24:37","modified_gmt":"2026-02-28T04:24:37","slug":"recursos-administrativos-en-el-seia-ano-2019-168-pag-autor-yeny-carolina-silva-barria","status":"publish","type":"product","link":"https:\/\/bibliotecajuridicavirtual.cl\/index.php\/product\/recursos-administrativos-en-el-seia-ano-2019-168-pag-autor-yeny-carolina-silva-barria\/","title":{"rendered":"Recursos Administrativos en el SEIA. A\u00f1o 2019\/168 P\u00e1g. Autor Yeny Carolina Silva Barria"},"content":{"rendered":"<p>En esta obra se realiza un an\u00e1lisis cr\u00edtico al sistema de impugnaci\u00f3n de los actos administrativos que se dictan en el marco de la evaluaci\u00f3n ambiental de los proyectos y\/o actividades en el Sistema de Evaluaci\u00f3n de Impacto Ambiental, cuestionando si existe realmente un sistema de impugnaci\u00f3n especial como tal. Para ello, se ha revisado la normativa especial y general aplicable, la doctrina atingente y reciente sobre la materia, y la jurisprudencia administrativa y judicial al respecto, teniendo como hito de an\u00e1lisis, la entrada en funcionamiento de la nueva judicatura ambiental.<\/p>\n<p>De esta forma, a lo largo de esta obra, se podr\u00e1 apreciar cada uno de los medios de impugnaci\u00f3n utilizados para reclamar en contra de los diversos actos administrativos dictados en el contexto del Sistema de Evaluaci\u00f3n de Impacto Ambiental, distinguiendo entre los tipos de actos reclamados, los medios de impugnaci\u00f3n disponibles y su fuente legal, la doctrina aplicable, y los criterios jurisprudenciales que pudiesen existir en cada caso.<\/p>\n<p>Finalmente, se realiza una revisi\u00f3n al rol actual de la Corte Suprema en materia de impugnaci\u00f3n de actos administrativos en el Sistema de Evaluaci\u00f3n de Impacto Ambiental, analizando los variados y novedosos criterios y doctrinas a los cuales ha hecho alusi\u00f3n recientemente.<\/p>\n","protected":false},"excerpt":{"rendered":"<p>En esta obra se realiza un an\u00e1lisis cr\u00edtico al sistema de impugnaci\u00f3n de los actos administrativos que se dictan en el marco de la evaluaci\u00f3n ambiental de los proyectos y\/o actividades en el Sistema de Evaluaci\u00f3n de Impacto Ambiental, cuestionando si existe realmente un sistema de impugnaci\u00f3n especial como tal. Para ello, se ha revisado la normativa especial y general aplicable, la doctrina atingente y reciente sobre la materia, y la jurisprudencia administrativa y judicial al respecto, teniendo como hito de an\u00e1lisis, la entrada en funcionamiento de la nueva judicatura ambiental. De esta forma, a lo largo de esta obra, se podr\u00e1 apreciar cada uno de los medios de impugnaci\u00f3n utilizados para reclamar en contra de los diversos actos administrativos dictados en el contexto del Sistema de Evaluaci\u00f3n de Impacto Ambiental, distinguiendo entre los tipos de actos reclamados, los medios de impugnaci\u00f3n disponibles y su fuente legal, la doctrina aplicable, y los criterios jurisprudenciales que pudiesen existir en cada caso. Finalmente, se realiza una revisi\u00f3n al rol actual de la Corte Suprema en materia de impugnaci\u00f3n de actos administrativos en el Sistema de Evaluaci\u00f3n de Impacto Ambiental, analizando los variados y novedosos criterios y doctrinas a los cuales ha hecho alusi\u00f3n recientemente.<\/p>\n","protected":false},"featured_media":4297,"comment_status":"open","ping_status":"closed","template":"","meta":{"inline_featured_image":false,"_joinchat":[]},"product_brand":[],"product_cat":[45,58],"product_tag":[],"class_list":{"0":"post-4267","1":"product","2":"type-product","3":"status-publish","4":"has-post-thumbnail","6":"product_cat-administrativo","7":"product_cat-editorial-rubicon","8":"product_shipping_class-a-convenir","10":"first","11":"instock","12":"shipping-taxable","13":"purchasable","14":"product-type-simple"},"_links":{"self":[{"href":"https:\/\/bibliotecajuridicavirtual.cl\/index.php\/wp-json\/wp\/v2\/product\/4267","targetHints":{"allow":["GET"]}}],"collection":[{"href":"https:\/\/bibliotecajuridicavirtual.cl\/index.php\/wp-json\/wp\/v2\/product"}],"about":[{"href":"https:\/\/bibliotecajuridicavirtual.cl\/index.php\/wp-json\/wp\/v2\/types\/product"}],"replies":[{"embeddable":true,"href":"https:\/\/bibliotecajuridicavirtual.cl\/index.php\/wp-json\/wp\/v2\/comments?post=4267"}],"wp:featuredmedia":[{"embeddable":true,"href":"https:\/\/bibliotecajuridicavirtual.cl\/index.php\/wp-json\/wp\/v2\/media\/4297"}],"wp:attachment":[{"href":"https:\/\/bibliotecajuridicavirtual.cl\/index.php\/wp-json\/wp\/v2\/media?parent=4267"}],"wp:term":[{"taxonomy":"product_brand","embeddable":true,"href":"https:\/\/bibliotecajuridicavirtual.cl\/index.php\/wp-json\/wp\/v2\/product_brand?post=4267"},{"taxonomy":"product_cat","embeddable":true,"href":"https:\/\/bibliotecajuridicavirtual.cl\/index.php\/wp-json\/wp\/v2\/product_cat?post=4267"},{"taxonomy":"product_tag","embeddable":true,"href":"https:\/\/bibliotecajuridicavirtual.cl\/index.php\/wp-json\/wp\/v2\/product_tag?post=4267"}],"curies":[{"name":"wp","href":"https:\/\/api.w.org\/{rel}","templated":true}]}}