{"id":4269,"date":"2026-02-28T01:24:26","date_gmt":"2026-02-28T04:24:26","guid":{"rendered":"https:\/\/bibliotecajuridicavirtual.cl\/?post_type=product&#038;p=4269"},"modified":"2026-02-28T01:24:38","modified_gmt":"2026-02-28T04:24:38","slug":"incumplimiento-de-la-pension-de-alimento-ano-2019-150-pag-autor-geraldine-saavedra-salas","status":"publish","type":"product","link":"https:\/\/bibliotecajuridicavirtual.cl\/index.php\/product\/incumplimiento-de-la-pension-de-alimento-ano-2019-150-pag-autor-geraldine-saavedra-salas\/","title":{"rendered":"Incumplimiento de la Pensi\u00f3n de Alimento. A\u00f1o 2019\/ 150 P\u00e1g. Autor Geraldine Saavedra Salas"},"content":{"rendered":"<header>El arresto y otras sanciones<\/p>\n<p>Geraldine Saavedra Salas<\/p>\n<\/header>\n<div class=\"entry-content\">\n<p>El presente trabajo tiene por objeto analizar una de las instituciones trascendentales del derecho de familia, el derecho de alimentos el cual se encuentra \u00edntimamente vinculado a uno de los derechos fundamentales de todo ser humano, el derecho a la vida.<br \/>\nEn la primera parte de la obra se realizar\u00e1 un estudio de aspectos dogm\u00e1ticos del derecho de alimentos, tales como su concepto, naturaleza jur\u00eddica, marco legal as\u00ed como su regulaci\u00f3n en otros ordenamientos jur\u00eddicos. Asimismo, se revisaran los mecanismos instaurados por nuestro legislador para asegurar que el obligado al pago de los alimentos cumpla fiel y oportunamente a ellos.<br \/>\nEn la segunda parte se presentar\u00e1 un estudio de sentencias dictadas por las Cortes de Apelaciones de nuestro pa\u00eds, con ocasi\u00f3n de la interposici\u00f3n de recursos de amparo presentados por alimentantes, quienes justificando encontrarse dentro de las hip\u00f3tesis de excepci\u00f3n reguladas en el art\u00edculo 14 inciso final de la Ley N\u00b0 14.908, solicitan dejar sin efecto una orden de arresto, por ser la misma vulneratoria de su derecho a la libertad personal.<br \/>\nIntentaremos determinar las principales tendencias jurisprudenciales sobre la materia e identificar si los tribunales han acogido los habeas corpus inclin\u00e1ndose preponderantemente a una \u00f3rbita penal en su decisi\u00f3n, privilegiando el derecho fundamental a libertad personal del apremiado, m\u00e1s que una \u00f3rbita de protecci\u00f3n a la ni\u00f1ez y adolescencia en la cual se debiese privilegiar el inter\u00e9s superior del ni\u00f1o, ni\u00f1a y adolescente.<\/p>\n<\/div>\n","protected":false},"excerpt":{"rendered":"<p>El arresto y otras sanciones Geraldine Saavedra Salas El presente trabajo tiene por objeto analizar una de las instituciones trascendentales del derecho de familia, el derecho de alimentos el cual se encuentra \u00edntimamente vinculado a uno de los derechos fundamentales de todo ser humano, el derecho a la vida. En la primera parte de la obra se realizar\u00e1 un estudio de aspectos dogm\u00e1ticos del derecho de alimentos, tales como su concepto, naturaleza jur\u00eddica, marco legal as\u00ed como su regulaci\u00f3n en otros ordenamientos jur\u00eddicos. Asimismo, se revisaran los mecanismos instaurados por nuestro legislador para asegurar que el obligado al pago de los alimentos cumpla fiel y oportunamente a ellos. En la segunda parte se presentar\u00e1 un estudio de sentencias dictadas por las Cortes de Apelaciones de nuestro pa\u00eds, con ocasi\u00f3n de la interposici\u00f3n de recursos de amparo presentados por alimentantes, quienes justificando encontrarse dentro de las hip\u00f3tesis de excepci\u00f3n reguladas en el art\u00edculo 14 inciso final de la Ley N\u00b0 14.908, solicitan dejar sin efecto una orden de arresto, por ser la misma vulneratoria de su derecho a la libertad personal. Intentaremos determinar las principales tendencias jurisprudenciales sobre la materia e identificar si los tribunales han acogido los habeas corpus inclin\u00e1ndose preponderantemente a una \u00f3rbita penal en su decisi\u00f3n, privilegiando el derecho fundamental a libertad personal del apremiado, m\u00e1s que una \u00f3rbita de protecci\u00f3n a la ni\u00f1ez y adolescencia en la cual se debiese privilegiar el inter\u00e9s superior del ni\u00f1o, ni\u00f1a y adolescente.<\/p>\n","protected":false},"featured_media":4299,"comment_status":"open","ping_status":"closed","template":"","meta":{"inline_featured_image":false,"_joinchat":[]},"product_brand":[],"product_cat":[27,58],"product_tag":[],"class_list":{"0":"post-4269","1":"product","2":"type-product","3":"status-publish","4":"has-post-thumbnail","6":"product_cat-civil","7":"product_cat-editorial-rubicon","8":"product_shipping_class-a-convenir","10":"first","11":"instock","12":"shipping-taxable","13":"purchasable","14":"product-type-simple"},"_links":{"self":[{"href":"https:\/\/bibliotecajuridicavirtual.cl\/index.php\/wp-json\/wp\/v2\/product\/4269","targetHints":{"allow":["GET"]}}],"collection":[{"href":"https:\/\/bibliotecajuridicavirtual.cl\/index.php\/wp-json\/wp\/v2\/product"}],"about":[{"href":"https:\/\/bibliotecajuridicavirtual.cl\/index.php\/wp-json\/wp\/v2\/types\/product"}],"replies":[{"embeddable":true,"href":"https:\/\/bibliotecajuridicavirtual.cl\/index.php\/wp-json\/wp\/v2\/comments?post=4269"}],"wp:featuredmedia":[{"embeddable":true,"href":"https:\/\/bibliotecajuridicavirtual.cl\/index.php\/wp-json\/wp\/v2\/media\/4299"}],"wp:attachment":[{"href":"https:\/\/bibliotecajuridicavirtual.cl\/index.php\/wp-json\/wp\/v2\/media?parent=4269"}],"wp:term":[{"taxonomy":"product_brand","embeddable":true,"href":"https:\/\/bibliotecajuridicavirtual.cl\/index.php\/wp-json\/wp\/v2\/product_brand?post=4269"},{"taxonomy":"product_cat","embeddable":true,"href":"https:\/\/bibliotecajuridicavirtual.cl\/index.php\/wp-json\/wp\/v2\/product_cat?post=4269"},{"taxonomy":"product_tag","embeddable":true,"href":"https:\/\/bibliotecajuridicavirtual.cl\/index.php\/wp-json\/wp\/v2\/product_tag?post=4269"}],"curies":[{"name":"wp","href":"https:\/\/api.w.org\/{rel}","templated":true}]}}