{"id":4270,"date":"2026-02-28T01:24:26","date_gmt":"2026-02-28T04:24:26","guid":{"rendered":"https:\/\/bibliotecajuridicavirtual.cl\/?post_type=product&#038;p=4270"},"modified":"2026-02-28T01:24:39","modified_gmt":"2026-02-28T04:24:39","slug":"revista-chilena-de-derecho-de-familia-e-infancia-ano-2019-234-pag-autor-belen-lama-y-cristian-lepin","status":"publish","type":"product","link":"https:\/\/bibliotecajuridicavirtual.cl\/index.php\/product\/revista-chilena-de-derecho-de-familia-e-infancia-ano-2019-234-pag-autor-belen-lama-y-cristian-lepin\/","title":{"rendered":"Revista Chilena de Derecho de Familia e Infancia. A\u00f1o 2019\/234 P\u00e1g. Autor Bel\u00e9n Lama y Cristi\u00e1n Lepin"},"content":{"rendered":"<div><b>Doctrina<\/b><br \/>\nDA\u00d1AR ALC\u00d3NYUGUE EN LOS TIEMPOS DEL DIVORCIO EXPRESS<br \/>\n<i>Graciela Medina<\/i><\/div>\n<div><\/div>\n<div>RELEVANCIA DE LA FORMULACI\u00d3N DE LA PRETENSI\u00d3N EN EL PROCEDIMIENTO DE VIOLENCIA INTRAFAMILIAR<br \/>\n<i>Arturo Klenner<\/i><\/div>\n<div><\/div>\n<div>LA INEFICACIA DE LA AUTORIZACI\u00d3N DE LA MUJER PARA QUE EL MARIDO OBLIGUE BIENES SOCIALES EN VIRTUD DE UNA FIANZA Y CODEUDA SOLIDARIA CON CL\u00c1USULA DE GARANT\u00cdA GENERAL EN FAVOR DE UN TERCERO<br \/>\n<i>Alex Z\u00fa\u00f1iga Tejos<\/i><br \/>\n<b><br \/>\nJurisprudencia<\/b><br \/>\nImposibilidad de indemnizaci\u00f3n del da\u00f1o moral derivado de la ocultaci\u00f3n dolosa de la verdadera filiaci\u00f3n biol\u00f3gica del hijo matrimonial: el TS sienta doctrina<br \/>\n<i>Jos\u00e9 Ram\u00f3n de Verda y Beamonte<\/i><\/div>\n<div>\n<p>&nbsp;<\/p>\n<p><b>Jurisprudencia destacada Corte Suprema 2018<\/b><\/p>\n<\/div>\n","protected":false},"excerpt":{"rendered":"<p>Doctrina DA\u00d1AR ALC\u00d3NYUGUE EN LOS TIEMPOS DEL DIVORCIO EXPRESS Graciela Medina RELEVANCIA DE LA FORMULACI\u00d3N DE LA PRETENSI\u00d3N EN EL PROCEDIMIENTO DE VIOLENCIA INTRAFAMILIAR Arturo Klenner LA INEFICACIA DE LA AUTORIZACI\u00d3N DE LA MUJER PARA QUE EL MARIDO OBLIGUE BIENES SOCIALES EN VIRTUD DE UNA FIANZA Y CODEUDA SOLIDARIA CON CL\u00c1USULA DE GARANT\u00cdA GENERAL EN FAVOR DE UN TERCERO Alex Z\u00fa\u00f1iga Tejos Jurisprudencia Imposibilidad de indemnizaci\u00f3n del da\u00f1o moral derivado de la ocultaci\u00f3n dolosa de la verdadera filiaci\u00f3n biol\u00f3gica del hijo matrimonial: el TS sienta doctrina Jos\u00e9 Ram\u00f3n de Verda y Beamonte &nbsp; Jurisprudencia destacada Corte Suprema 2018<\/p>\n","protected":false},"featured_media":4300,"comment_status":"open","ping_status":"closed","template":"","meta":{"inline_featured_image":false,"_joinchat":[]},"product_brand":[],"product_cat":[58,29],"product_tag":[],"class_list":{"0":"post-4270","1":"product","2":"type-product","3":"status-publish","4":"has-post-thumbnail","6":"product_cat-editorial-rubicon","7":"product_cat-familia-y-del-menor","8":"product_shipping_class-a-convenir","10":"first","11":"instock","12":"shipping-taxable","13":"purchasable","14":"product-type-simple"},"_links":{"self":[{"href":"https:\/\/bibliotecajuridicavirtual.cl\/index.php\/wp-json\/wp\/v2\/product\/4270","targetHints":{"allow":["GET"]}}],"collection":[{"href":"https:\/\/bibliotecajuridicavirtual.cl\/index.php\/wp-json\/wp\/v2\/product"}],"about":[{"href":"https:\/\/bibliotecajuridicavirtual.cl\/index.php\/wp-json\/wp\/v2\/types\/product"}],"replies":[{"embeddable":true,"href":"https:\/\/bibliotecajuridicavirtual.cl\/index.php\/wp-json\/wp\/v2\/comments?post=4270"}],"wp:featuredmedia":[{"embeddable":true,"href":"https:\/\/bibliotecajuridicavirtual.cl\/index.php\/wp-json\/wp\/v2\/media\/4300"}],"wp:attachment":[{"href":"https:\/\/bibliotecajuridicavirtual.cl\/index.php\/wp-json\/wp\/v2\/media?parent=4270"}],"wp:term":[{"taxonomy":"product_brand","embeddable":true,"href":"https:\/\/bibliotecajuridicavirtual.cl\/index.php\/wp-json\/wp\/v2\/product_brand?post=4270"},{"taxonomy":"product_cat","embeddable":true,"href":"https:\/\/bibliotecajuridicavirtual.cl\/index.php\/wp-json\/wp\/v2\/product_cat?post=4270"},{"taxonomy":"product_tag","embeddable":true,"href":"https:\/\/bibliotecajuridicavirtual.cl\/index.php\/wp-json\/wp\/v2\/product_tag?post=4270"}],"curies":[{"name":"wp","href":"https:\/\/api.w.org\/{rel}","templated":true}]}}