{"id":4271,"date":"2026-02-28T01:24:26","date_gmt":"2026-02-28T04:24:26","guid":{"rendered":"https:\/\/bibliotecajuridicavirtual.cl\/?post_type=product&#038;p=4271"},"modified":"2026-02-28T01:24:40","modified_gmt":"2026-02-28T04:24:40","slug":"fundamentos-filosoficos-del-derecho-civil-chileno-ano-2019-596-pag-autor-esteban-pereira-fredes","status":"publish","type":"product","link":"https:\/\/bibliotecajuridicavirtual.cl\/index.php\/product\/fundamentos-filosoficos-del-derecho-civil-chileno-ano-2019-596-pag-autor-esteban-pereira-fredes\/","title":{"rendered":"Fundamentos Filos\u00f3ficos del Derecho Civil Chileno. A\u00f1o 2019\/ 596  P\u00e1g. Autor Esteban Pereira Fredes"},"content":{"rendered":"<p>La obra re\u00fane un grupo privilegiado de acad\u00e9micas y acad\u00e9micos del escenario jur\u00eddico nacional. Sus \u00e1reas de trabajo provienen del derecho civil y la teor\u00eda del derecho, teniendo en com\u00fan el inter\u00e9s y la preocupaci\u00f3n por el derecho civil. De all\u00ed que el libro procura forjar el di\u00e1logo y la colaboraci\u00f3n entre ambas ocupaciones, para efectos de sacar partido del enorme potencial te\u00f3rico que posee esa parcela del derecho.<\/p>\n<p>A partir de esta interacci\u00f3n, se recorren diversas preocupaciones de los recientes estudios en filosof\u00eda del derecho privado, tales como la filosof\u00eda del derecho de bienes; filosof\u00eda del derecho de obligaciones y contratos; filosof\u00eda del derecho de da\u00f1os; filosof\u00eda del enriquecimiento injustificado y restituciones; filosof\u00eda del derecho de familia y sucesiones; y, por \u00faltimo, problemas de epistemolog\u00eda jur\u00eddica en el derecho civil. El proyecto de congregarles y perfilar un encuentro sobre la base del profundo inter\u00e9s compartido que poseen por el derecho civil constituye un esfuerzo in\u00e9dito en nuestra comunidad acad\u00e9mica.<\/p>\n<p>Hasta ahora no era posible hallar un trabajo de esta envergadura, pero el compromiso y la dedicaci\u00f3n con que son progresivamente presentados y cr\u00edticamente evaluados algunos de los fundamentos del derecho civil chileno, arroja luces acerca de que esta obra ser\u00e1 prontamente sucedida por otras, estrechando a\u00fan m\u00e1s la aparente brecha entre el derecho civil y la teor\u00eda del derecho.<\/p>\n","protected":false},"excerpt":{"rendered":"<p>La obra re\u00fane un grupo privilegiado de acad\u00e9micas y acad\u00e9micos del escenario jur\u00eddico nacional. Sus \u00e1reas de trabajo provienen del derecho civil y la teor\u00eda del derecho, teniendo en com\u00fan el inter\u00e9s y la preocupaci\u00f3n por el derecho civil. De all\u00ed que el libro procura forjar el di\u00e1logo y la colaboraci\u00f3n entre ambas ocupaciones, para efectos de sacar partido del enorme potencial te\u00f3rico que posee esa parcela del derecho. A partir de esta interacci\u00f3n, se recorren diversas preocupaciones de los recientes estudios en filosof\u00eda del derecho privado, tales como la filosof\u00eda del derecho de bienes; filosof\u00eda del derecho de obligaciones y contratos; filosof\u00eda del derecho de da\u00f1os; filosof\u00eda del enriquecimiento injustificado y restituciones; filosof\u00eda del derecho de familia y sucesiones; y, por \u00faltimo, problemas de epistemolog\u00eda jur\u00eddica en el derecho civil. El proyecto de congregarles y perfilar un encuentro sobre la base del profundo inter\u00e9s compartido que poseen por el derecho civil constituye un esfuerzo in\u00e9dito en nuestra comunidad acad\u00e9mica. Hasta ahora no era posible hallar un trabajo de esta envergadura, pero el compromiso y la dedicaci\u00f3n con que son progresivamente presentados y cr\u00edticamente evaluados algunos de los fundamentos del derecho civil chileno, arroja luces acerca de que esta obra ser\u00e1 prontamente sucedida por otras, estrechando a\u00fan m\u00e1s la aparente brecha entre el derecho civil y la teor\u00eda del derecho.<\/p>\n","protected":false},"featured_media":4301,"comment_status":"open","ping_status":"closed","template":"","meta":{"inline_featured_image":false,"_joinchat":[]},"product_brand":[],"product_cat":[27,58],"product_tag":[],"class_list":{"0":"post-4271","1":"product","2":"type-product","3":"status-publish","4":"has-post-thumbnail","6":"product_cat-civil","7":"product_cat-editorial-rubicon","8":"product_shipping_class-a-convenir","10":"first","11":"instock","12":"shipping-taxable","13":"purchasable","14":"product-type-simple"},"_links":{"self":[{"href":"https:\/\/bibliotecajuridicavirtual.cl\/index.php\/wp-json\/wp\/v2\/product\/4271","targetHints":{"allow":["GET"]}}],"collection":[{"href":"https:\/\/bibliotecajuridicavirtual.cl\/index.php\/wp-json\/wp\/v2\/product"}],"about":[{"href":"https:\/\/bibliotecajuridicavirtual.cl\/index.php\/wp-json\/wp\/v2\/types\/product"}],"replies":[{"embeddable":true,"href":"https:\/\/bibliotecajuridicavirtual.cl\/index.php\/wp-json\/wp\/v2\/comments?post=4271"}],"wp:featuredmedia":[{"embeddable":true,"href":"https:\/\/bibliotecajuridicavirtual.cl\/index.php\/wp-json\/wp\/v2\/media\/4301"}],"wp:attachment":[{"href":"https:\/\/bibliotecajuridicavirtual.cl\/index.php\/wp-json\/wp\/v2\/media?parent=4271"}],"wp:term":[{"taxonomy":"product_brand","embeddable":true,"href":"https:\/\/bibliotecajuridicavirtual.cl\/index.php\/wp-json\/wp\/v2\/product_brand?post=4271"},{"taxonomy":"product_cat","embeddable":true,"href":"https:\/\/bibliotecajuridicavirtual.cl\/index.php\/wp-json\/wp\/v2\/product_cat?post=4271"},{"taxonomy":"product_tag","embeddable":true,"href":"https:\/\/bibliotecajuridicavirtual.cl\/index.php\/wp-json\/wp\/v2\/product_tag?post=4271"}],"curies":[{"name":"wp","href":"https:\/\/api.w.org\/{rel}","templated":true}]}}