{"id":4273,"date":"2026-02-28T01:24:26","date_gmt":"2026-02-28T04:24:26","guid":{"rendered":"https:\/\/bibliotecajuridicavirtual.cl\/?post_type=product&#038;p=4273"},"modified":"2026-02-28T01:24:42","modified_gmt":"2026-02-28T04:24:42","slug":"filiacion-y-mujeres-lesbianas-ano-2018-240-pag-autor-dinka-benitez-piraino","status":"publish","type":"product","link":"https:\/\/bibliotecajuridicavirtual.cl\/index.php\/product\/filiacion-y-mujeres-lesbianas-ano-2018-240-pag-autor-dinka-benitez-piraino\/","title":{"rendered":"Filiaci\u00f3n y Mujeres Lesbianas. A\u00f1o 2018\/240 P\u00e1g. Autor Dinka Ben\u00edtez Piraino"},"content":{"rendered":"<p>En Chile, tal como suced\u00eda antes con los ni\u00f1os(as) nacidos dentro y fuera del matrimonio, hoy existen dos tipos de hijos(as): leg\u00edtimos e ileg\u00edtimos. Si un ni\u00f1o(a) nace al interior de una familia de convivientes civiles mujeres, ese ni\u00f1o(a), para todos los efectos legales ser\u00e1 hijo(a) de una sola persona. Por el contrario, si ese ni\u00f1o(a) nace al interior de una familia de personas de distinto sexo, en la mayor\u00eda de los casos ese ni\u00f1o(a) ser\u00e1 legalmente hijo(a) de ambas personas \u00bfla diferencia? La orientaci\u00f3n sexual de sus padres o madres.<\/p>\n<p>En Chile nacen ni\u00f1os y ni\u00f1as con ocasi\u00f3n de reproducci\u00f3n m\u00e9dicamente asistida. Nacen de personas con problemas de fertilidad y nacen de mujeres lesbianas. Reconocer esto \u00faltimo es el punto de partida para proteger a todos aquellos ni\u00f1os(as) quienes, pese a nacer en una familia reconocida legalmente en Chile, son ignorados a la hora de ejercer sus derechos. Son ni\u00f1os(as) que no podr\u00e1n demandar pensi\u00f3n alimenticia, son quienes no heredar\u00e1n de las personas que les han criado. Son ni\u00f1os(as) que existen.<\/p>\n<p>Esta obra ofrece a la comunidad la descripci\u00f3n de est\u00e1ndares internacionales de derechos humanos aplicables a las familias de ni\u00f1os nacidos en el seno de una familia de mujeres lesbianas, una breve descripci\u00f3n del tratamiento legislativo en algunos pa\u00edses afines y la situaci\u00f3n de la familia en Chile despu\u00e9s del reconocimiento de parejas del mismo sexo, en particular la situaci\u00f3n de los hijos(as) de mujeres lesbianas en el ordenamiento jur\u00eddico vigente.<\/p>\n","protected":false},"excerpt":{"rendered":"<p>En Chile, tal como suced\u00eda antes con los ni\u00f1os(as) nacidos dentro y fuera del matrimonio, hoy existen dos tipos de hijos(as): leg\u00edtimos e ileg\u00edtimos. Si un ni\u00f1o(a) nace al interior de una familia de convivientes civiles mujeres, ese ni\u00f1o(a), para todos los efectos legales ser\u00e1 hijo(a) de una sola persona. Por el contrario, si ese ni\u00f1o(a) nace al interior de una familia de personas de distinto sexo, en la mayor\u00eda de los casos ese ni\u00f1o(a) ser\u00e1 legalmente hijo(a) de ambas personas \u00bfla diferencia? La orientaci\u00f3n sexual de sus padres o madres. En Chile nacen ni\u00f1os y ni\u00f1as con ocasi\u00f3n de reproducci\u00f3n m\u00e9dicamente asistida. Nacen de personas con problemas de fertilidad y nacen de mujeres lesbianas. Reconocer esto \u00faltimo es el punto de partida para proteger a todos aquellos ni\u00f1os(as) quienes, pese a nacer en una familia reconocida legalmente en Chile, son ignorados a la hora de ejercer sus derechos. Son ni\u00f1os(as) que no podr\u00e1n demandar pensi\u00f3n alimenticia, son quienes no heredar\u00e1n de las personas que les han criado. Son ni\u00f1os(as) que existen. Esta obra ofrece a la comunidad la descripci\u00f3n de est\u00e1ndares internacionales de derechos humanos aplicables a las familias de ni\u00f1os nacidos en el seno de una familia de mujeres lesbianas, una breve descripci\u00f3n del tratamiento legislativo en algunos pa\u00edses afines y la situaci\u00f3n de la familia en Chile despu\u00e9s del reconocimiento de parejas del mismo sexo, en particular la situaci\u00f3n de los hijos(as) de mujeres lesbianas en el ordenamiento jur\u00eddico vigente.<\/p>\n","protected":false},"featured_media":4303,"comment_status":"open","ping_status":"closed","template":"","meta":{"inline_featured_image":false,"_joinchat":[]},"product_brand":[],"product_cat":[27,58,29],"product_tag":[],"class_list":{"0":"post-4273","1":"product","2":"type-product","3":"status-publish","4":"has-post-thumbnail","6":"product_cat-civil","7":"product_cat-editorial-rubicon","8":"product_cat-familia-y-del-menor","9":"product_shipping_class-a-convenir","11":"first","12":"instock","13":"shipping-taxable","14":"purchasable","15":"product-type-simple"},"_links":{"self":[{"href":"https:\/\/bibliotecajuridicavirtual.cl\/index.php\/wp-json\/wp\/v2\/product\/4273","targetHints":{"allow":["GET"]}}],"collection":[{"href":"https:\/\/bibliotecajuridicavirtual.cl\/index.php\/wp-json\/wp\/v2\/product"}],"about":[{"href":"https:\/\/bibliotecajuridicavirtual.cl\/index.php\/wp-json\/wp\/v2\/types\/product"}],"replies":[{"embeddable":true,"href":"https:\/\/bibliotecajuridicavirtual.cl\/index.php\/wp-json\/wp\/v2\/comments?post=4273"}],"wp:featuredmedia":[{"embeddable":true,"href":"https:\/\/bibliotecajuridicavirtual.cl\/index.php\/wp-json\/wp\/v2\/media\/4303"}],"wp:attachment":[{"href":"https:\/\/bibliotecajuridicavirtual.cl\/index.php\/wp-json\/wp\/v2\/media?parent=4273"}],"wp:term":[{"taxonomy":"product_brand","embeddable":true,"href":"https:\/\/bibliotecajuridicavirtual.cl\/index.php\/wp-json\/wp\/v2\/product_brand?post=4273"},{"taxonomy":"product_cat","embeddable":true,"href":"https:\/\/bibliotecajuridicavirtual.cl\/index.php\/wp-json\/wp\/v2\/product_cat?post=4273"},{"taxonomy":"product_tag","embeddable":true,"href":"https:\/\/bibliotecajuridicavirtual.cl\/index.php\/wp-json\/wp\/v2\/product_tag?post=4273"}],"curies":[{"name":"wp","href":"https:\/\/api.w.org\/{rel}","templated":true}]}}