{"id":4274,"date":"2026-02-28T01:24:26","date_gmt":"2026-02-28T04:24:26","guid":{"rendered":"https:\/\/bibliotecajuridicavirtual.cl\/?post_type=product&#038;p=4274"},"modified":"2026-02-28T01:24:43","modified_gmt":"2026-02-28T04:24:43","slug":"del-caos-al-imperio-del-derecho-ano-2018-276-pag-autor-emilia-jocelyn-holt","status":"publish","type":"product","link":"https:\/\/bibliotecajuridicavirtual.cl\/index.php\/product\/del-caos-al-imperio-del-derecho-ano-2018-276-pag-autor-emilia-jocelyn-holt\/","title":{"rendered":"Del Caos al Imperio del Derecho. A\u00f1o 2018\/276 P\u00e1g. Autor Emilia Jocelyn-Holt"},"content":{"rendered":"<p>Este libro propone una novedosa lectura sobre Shakespeare y su relaci\u00f3n con el Derecho desarrollada en sus cuatro principales tragedias, Macbeth, Hamlet, Otelo y King Lear, as\u00ed como tambi\u00e9n en la tragedia\/comedia El Mercader de Venecia. Esta obra considera a William Shakespeare como un dramaturgo que vive entre dos \u00e9pocas, tiempo hist\u00f3rico que se mueve entre el orden y el caos, cuando la desintegraci\u00f3n de las instituciones y de la sociedad es posible y cuando la violencia es una amenaza permanente. En este contexto, argumenta la autora, Shakespeare opta por el Derecho como una forma institucionalizada de resolver los conflictos, asegurar la paz y, as\u00ed, mantener y realizar la justicia. El contexto hist\u00f3rico, el peligro del caos, se ve claramente en el per\u00edodo tr\u00e1gico shakesperiano. Es por esto que este libro se detiene encada una de sus cuatro grandes tragedias, especialmente se estudia el caos en Macbeth, se analiza en Hamlet y Otelo la b\u00fasqueda de la restauraci\u00f3n del orden a trav\u00e9s del debido proceso, y tambi\u00e9n se investiga El Rey Lear para demostrar el peligro que representa el caos y la venganza para el imperio de la justicia, y como ella es la forma de restauraci\u00f3n del orden. Finalmente se contrasta El Mercader de Venecia con la tragedia y se expone el rol que el Derecho tiene en las comedias y tragedias shakesperianas. En este contexto, la autora se pregunta c\u00f3mo es posible evitar la tragedia y el quebrantamiento del sistema jur\u00eddico y de la justicia, proponiendo que es la interpretaci\u00f3n la llave maestra que abrir\u00e1 mil puertas.<\/p>\n","protected":false},"excerpt":{"rendered":"<p>Este libro propone una novedosa lectura sobre Shakespeare y su relaci\u00f3n con el Derecho desarrollada en sus cuatro principales tragedias, Macbeth, Hamlet, Otelo y King Lear, as\u00ed como tambi\u00e9n en la tragedia\/comedia El Mercader de Venecia. Esta obra considera a William Shakespeare como un dramaturgo que vive entre dos \u00e9pocas, tiempo hist\u00f3rico que se mueve entre el orden y el caos, cuando la desintegraci\u00f3n de las instituciones y de la sociedad es posible y cuando la violencia es una amenaza permanente. En este contexto, argumenta la autora, Shakespeare opta por el Derecho como una forma institucionalizada de resolver los conflictos, asegurar la paz y, as\u00ed, mantener y realizar la justicia. El contexto hist\u00f3rico, el peligro del caos, se ve claramente en el per\u00edodo tr\u00e1gico shakesperiano. Es por esto que este libro se detiene encada una de sus cuatro grandes tragedias, especialmente se estudia el caos en Macbeth, se analiza en Hamlet y Otelo la b\u00fasqueda de la restauraci\u00f3n del orden a trav\u00e9s del debido proceso, y tambi\u00e9n se investiga El Rey Lear para demostrar el peligro que representa el caos y la venganza para el imperio de la justicia, y como ella es la forma de restauraci\u00f3n del orden. Finalmente se contrasta El Mercader de Venecia con la tragedia y se expone el rol que el Derecho tiene en las comedias y tragedias shakesperianas. En este contexto, la autora se pregunta c\u00f3mo es posible evitar la tragedia y el quebrantamiento del sistema jur\u00eddico y de la justicia, proponiendo que es la interpretaci\u00f3n la llave maestra que abrir\u00e1 mil puertas.<\/p>\n","protected":false},"featured_media":4304,"comment_status":"open","ping_status":"closed","template":"","meta":{"inline_featured_image":false,"_joinchat":[]},"product_brand":[],"product_cat":[58,44],"product_tag":[],"class_list":{"0":"post-4274","1":"product","2":"type-product","3":"status-publish","4":"has-post-thumbnail","6":"product_cat-editorial-rubicon","7":"product_cat-filosofia-del-derecho-y-introduccion","8":"product_shipping_class-a-convenir","10":"first","11":"instock","12":"shipping-taxable","13":"purchasable","14":"product-type-simple"},"_links":{"self":[{"href":"https:\/\/bibliotecajuridicavirtual.cl\/index.php\/wp-json\/wp\/v2\/product\/4274","targetHints":{"allow":["GET"]}}],"collection":[{"href":"https:\/\/bibliotecajuridicavirtual.cl\/index.php\/wp-json\/wp\/v2\/product"}],"about":[{"href":"https:\/\/bibliotecajuridicavirtual.cl\/index.php\/wp-json\/wp\/v2\/types\/product"}],"replies":[{"embeddable":true,"href":"https:\/\/bibliotecajuridicavirtual.cl\/index.php\/wp-json\/wp\/v2\/comments?post=4274"}],"wp:featuredmedia":[{"embeddable":true,"href":"https:\/\/bibliotecajuridicavirtual.cl\/index.php\/wp-json\/wp\/v2\/media\/4304"}],"wp:attachment":[{"href":"https:\/\/bibliotecajuridicavirtual.cl\/index.php\/wp-json\/wp\/v2\/media?parent=4274"}],"wp:term":[{"taxonomy":"product_brand","embeddable":true,"href":"https:\/\/bibliotecajuridicavirtual.cl\/index.php\/wp-json\/wp\/v2\/product_brand?post=4274"},{"taxonomy":"product_cat","embeddable":true,"href":"https:\/\/bibliotecajuridicavirtual.cl\/index.php\/wp-json\/wp\/v2\/product_cat?post=4274"},{"taxonomy":"product_tag","embeddable":true,"href":"https:\/\/bibliotecajuridicavirtual.cl\/index.php\/wp-json\/wp\/v2\/product_tag?post=4274"}],"curies":[{"name":"wp","href":"https:\/\/api.w.org\/{rel}","templated":true}]}}