{"id":4277,"date":"2026-02-28T01:24:26","date_gmt":"2026-02-28T04:24:26","guid":{"rendered":"https:\/\/bibliotecajuridicavirtual.cl\/?post_type=product&#038;p=4277"},"modified":"2026-02-28T01:24:46","modified_gmt":"2026-02-28T04:24:46","slug":"jurisprudencia-ambiental-destacada-ano-2019-469-pag-autor-yeny-carolina-silva-barria","status":"publish","type":"product","link":"https:\/\/bibliotecajuridicavirtual.cl\/index.php\/product\/jurisprudencia-ambiental-destacada-ano-2019-469-pag-autor-yeny-carolina-silva-barria\/","title":{"rendered":"Jurisprudencia Ambiental Destacada. A\u00f1o 2019\/469 P\u00e1g. Autor Yeny Carolina Silva Barria"},"content":{"rendered":"<p>Este trabajo busca ser un referente, tanto para los estudiosos del Derecho Ambiental, como para el jurista que litiga en esta materia, poniendo a su disposici\u00f3n una clasificaci\u00f3n jurisprudencial basada en descriptores que intentan recoger las materias de mayor inter\u00e9s en esta \u00e1rea del Derecho Ambiental, con enfoque en la impugnaci\u00f3n de actos administrativos en el SEIA, con un resumen tantos de los hechos como el derecho en que se sustenta cada fallo.<\/p>\n<p>La obra es la base jurisprudencial sobre la cual la autora sustent\u00f3 su trabajo publicado bajo el t\u00edtulo \u201cRecursos Administrativos en el SEIA\u201d, en el cual realiz\u00f3 un an\u00e1lisis de cada uno de los medios de impugnaci\u00f3n utilizados para reclamar en contra de los diversos actos administrativos dictados en el contexto del Sistema de Evaluaci\u00f3n de Impacto Ambiental, su doctrina y principios.<\/p>\n<p>El lector se encontrar\u00e1 con una revisi\u00f3n de la totalidad de la jurisprudencia de los Tribunales Ambientales desde su creaci\u00f3n hasta el mes de diciembre de 2018, as\u00ed como fallos destacados de la Corte Suprema y diferentes Cortes de Apelaciones del pa\u00eds, en materia de impugnaci\u00f3n de actos administrativos ambientales en el Sistema de Evaluaci\u00f3n de Impacto Ambiental, ya sea a trav\u00e9s de las acciones dispuestas a trav\u00e9s de la Ley N\u00ba 20.600 o el siempre imperecedero recurso de protecci\u00f3n. Adem\u00e1s, contiene la recopilaci\u00f3n de los diferentes dict\u00e1menes de la Contralor\u00eda General de la Rep\u00fablica, en materia de recursos administrativos en el Sistema de Evaluaci\u00f3n de Impacto Ambiental, logrando una visi\u00f3n transversal de lo resuelto tanto por la jurisprudencia administrativa y judicial en la materia.<\/p>\n<p>En consecuencia, la obra sistematiza la extensa jurisprudencia tanto de Tribunales Ambientales como Cortes de Apelaciones y Corte Suprema, por actos administrativos dictados en el SEIA, lo cual sin duda se da preferente pero no excluyentemente, contra la RCA.<\/p>\n","protected":false},"excerpt":{"rendered":"<p>Este trabajo busca ser un referente, tanto para los estudiosos del Derecho Ambiental, como para el jurista que litiga en esta materia, poniendo a su disposici\u00f3n una clasificaci\u00f3n jurisprudencial basada en descriptores que intentan recoger las materias de mayor inter\u00e9s en esta \u00e1rea del Derecho Ambiental, con enfoque en la impugnaci\u00f3n de actos administrativos en el SEIA, con un resumen tantos de los hechos como el derecho en que se sustenta cada fallo. La obra es la base jurisprudencial sobre la cual la autora sustent\u00f3 su trabajo publicado bajo el t\u00edtulo \u201cRecursos Administrativos en el SEIA\u201d, en el cual realiz\u00f3 un an\u00e1lisis de cada uno de los medios de impugnaci\u00f3n utilizados para reclamar en contra de los diversos actos administrativos dictados en el contexto del Sistema de Evaluaci\u00f3n de Impacto Ambiental, su doctrina y principios. El lector se encontrar\u00e1 con una revisi\u00f3n de la totalidad de la jurisprudencia de los Tribunales Ambientales desde su creaci\u00f3n hasta el mes de diciembre de 2018, as\u00ed como fallos destacados de la Corte Suprema y diferentes Cortes de Apelaciones del pa\u00eds, en materia de impugnaci\u00f3n de actos administrativos ambientales en el Sistema de Evaluaci\u00f3n de Impacto Ambiental, ya sea a trav\u00e9s de las acciones dispuestas a trav\u00e9s de la Ley N\u00ba 20.600 o el siempre imperecedero recurso de protecci\u00f3n. Adem\u00e1s, contiene la recopilaci\u00f3n de los diferentes dict\u00e1menes de la Contralor\u00eda General de la Rep\u00fablica, en materia de recursos administrativos en el Sistema de Evaluaci\u00f3n de Impacto Ambiental, logrando una visi\u00f3n transversal de lo resuelto tanto por la jurisprudencia administrativa y judicial en la materia. En consecuencia, la obra sistematiza la extensa jurisprudencia tanto de Tribunales Ambientales como Cortes de Apelaciones y Corte Suprema, por actos administrativos dictados en el SEIA, lo cual sin duda se da preferente pero no excluyentemente, contra la RCA.<\/p>\n","protected":false},"featured_media":4307,"comment_status":"open","ping_status":"closed","template":"","meta":{"inline_featured_image":false,"_joinchat":[]},"product_brand":[],"product_cat":[31,58],"product_tag":[],"class_list":{"0":"post-4277","1":"product","2":"type-product","3":"status-publish","4":"has-post-thumbnail","6":"product_cat-derecho-ambiental","7":"product_cat-editorial-rubicon","8":"product_shipping_class-a-convenir","10":"first","11":"instock","12":"shipping-taxable","13":"purchasable","14":"product-type-simple"},"_links":{"self":[{"href":"https:\/\/bibliotecajuridicavirtual.cl\/index.php\/wp-json\/wp\/v2\/product\/4277","targetHints":{"allow":["GET"]}}],"collection":[{"href":"https:\/\/bibliotecajuridicavirtual.cl\/index.php\/wp-json\/wp\/v2\/product"}],"about":[{"href":"https:\/\/bibliotecajuridicavirtual.cl\/index.php\/wp-json\/wp\/v2\/types\/product"}],"replies":[{"embeddable":true,"href":"https:\/\/bibliotecajuridicavirtual.cl\/index.php\/wp-json\/wp\/v2\/comments?post=4277"}],"wp:featuredmedia":[{"embeddable":true,"href":"https:\/\/bibliotecajuridicavirtual.cl\/index.php\/wp-json\/wp\/v2\/media\/4307"}],"wp:attachment":[{"href":"https:\/\/bibliotecajuridicavirtual.cl\/index.php\/wp-json\/wp\/v2\/media?parent=4277"}],"wp:term":[{"taxonomy":"product_brand","embeddable":true,"href":"https:\/\/bibliotecajuridicavirtual.cl\/index.php\/wp-json\/wp\/v2\/product_brand?post=4277"},{"taxonomy":"product_cat","embeddable":true,"href":"https:\/\/bibliotecajuridicavirtual.cl\/index.php\/wp-json\/wp\/v2\/product_cat?post=4277"},{"taxonomy":"product_tag","embeddable":true,"href":"https:\/\/bibliotecajuridicavirtual.cl\/index.php\/wp-json\/wp\/v2\/product_tag?post=4277"}],"curies":[{"name":"wp","href":"https:\/\/api.w.org\/{rel}","templated":true}]}}