{"id":4278,"date":"2026-02-28T01:24:26","date_gmt":"2026-02-28T04:24:26","guid":{"rendered":"https:\/\/bibliotecajuridicavirtual.cl\/?post_type=product&#038;p=4278"},"modified":"2026-02-28T01:24:50","modified_gmt":"2026-02-28T04:24:50","slug":"acusacion-constitucional-ano-2018-326-pag-autor-leslie-sanchez-lobos","status":"publish","type":"product","link":"https:\/\/bibliotecajuridicavirtual.cl\/index.php\/product\/acusacion-constitucional-ano-2018-326-pag-autor-leslie-sanchez-lobos\/","title":{"rendered":"Acusaci\u00f3n Constitucional. A\u00f1o 2018\/ 326 P\u00e1g. Autor Leslie S\u00e1nchez Lobos"},"content":{"rendered":"<p>El presente libro es fruto de una investigaci\u00f3n doctoral que contribuye en dilucidar cu\u00e1l es el concepto y naturaleza jur\u00eddica de la fiscalizaci\u00f3n parlamentaria que existe en nuestro ordenamiento constitucional chileno, para ello se efectu\u00f3 una revisi\u00f3n de los textos constitucionales desde los inicios de la Rep\u00fablica hasta nuestros tiempos. Este trabajo, adem\u00e1s, pretendi\u00f3 identificar la noci\u00f3n de control pol\u00edtico-jur\u00eddico y responsabilidad pol\u00edtica que se persigue a trav\u00e9s de la utilizaci\u00f3n de los mecanismos de fiscalizaci\u00f3n, colocando especial \u00e9nfasis en el ejercicio de la acusaci\u00f3n constitucional, en tal sentido se observaron las principales acusaciones constitucionales realizadas por el Congreso Nacional en los \u00faltimos a\u00f1os, evaluando sus efectos y consecuencias, con el objetivo de plasmar en la obra algunas sugerencias que puedan colaborar en perfeccionar dicha instituci\u00f3n. Finalmente se esbozan algunas ideas que tratan de explicar, c\u00f3mo con el transcurso de los a\u00f1os, dicho concepto de fiscalizaci\u00f3n parlamentaria se fue adecuando a la pr\u00e1ctica parlamentaria, la cultura pol\u00edtica y, la coyuntura social.<\/p>\n","protected":false},"excerpt":{"rendered":"<p>El presente libro es fruto de una investigaci\u00f3n doctoral que contribuye en dilucidar cu\u00e1l es el concepto y naturaleza jur\u00eddica de la fiscalizaci\u00f3n parlamentaria que existe en nuestro ordenamiento constitucional chileno, para ello se efectu\u00f3 una revisi\u00f3n de los textos constitucionales desde los inicios de la Rep\u00fablica hasta nuestros tiempos. Este trabajo, adem\u00e1s, pretendi\u00f3 identificar la noci\u00f3n de control pol\u00edtico-jur\u00eddico y responsabilidad pol\u00edtica que se persigue a trav\u00e9s de la utilizaci\u00f3n de los mecanismos de fiscalizaci\u00f3n, colocando especial \u00e9nfasis en el ejercicio de la acusaci\u00f3n constitucional, en tal sentido se observaron las principales acusaciones constitucionales realizadas por el Congreso Nacional en los \u00faltimos a\u00f1os, evaluando sus efectos y consecuencias, con el objetivo de plasmar en la obra algunas sugerencias que puedan colaborar en perfeccionar dicha instituci\u00f3n. Finalmente se esbozan algunas ideas que tratan de explicar, c\u00f3mo con el transcurso de los a\u00f1os, dicho concepto de fiscalizaci\u00f3n parlamentaria se fue adecuando a la pr\u00e1ctica parlamentaria, la cultura pol\u00edtica y, la coyuntura social.<\/p>\n","protected":false},"featured_media":4331,"comment_status":"open","ping_status":"closed","template":"","meta":{"inline_featured_image":false,"_joinchat":[]},"product_brand":[],"product_cat":[33,58],"product_tag":[],"class_list":{"0":"post-4278","1":"product","2":"type-product","3":"status-publish","4":"has-post-thumbnail","6":"product_cat-constitucional","7":"product_cat-editorial-rubicon","8":"product_shipping_class-a-convenir","10":"first","11":"instock","12":"shipping-taxable","13":"purchasable","14":"product-type-simple"},"_links":{"self":[{"href":"https:\/\/bibliotecajuridicavirtual.cl\/index.php\/wp-json\/wp\/v2\/product\/4278","targetHints":{"allow":["GET"]}}],"collection":[{"href":"https:\/\/bibliotecajuridicavirtual.cl\/index.php\/wp-json\/wp\/v2\/product"}],"about":[{"href":"https:\/\/bibliotecajuridicavirtual.cl\/index.php\/wp-json\/wp\/v2\/types\/product"}],"replies":[{"embeddable":true,"href":"https:\/\/bibliotecajuridicavirtual.cl\/index.php\/wp-json\/wp\/v2\/comments?post=4278"}],"wp:featuredmedia":[{"embeddable":true,"href":"https:\/\/bibliotecajuridicavirtual.cl\/index.php\/wp-json\/wp\/v2\/media\/4331"}],"wp:attachment":[{"href":"https:\/\/bibliotecajuridicavirtual.cl\/index.php\/wp-json\/wp\/v2\/media?parent=4278"}],"wp:term":[{"taxonomy":"product_brand","embeddable":true,"href":"https:\/\/bibliotecajuridicavirtual.cl\/index.php\/wp-json\/wp\/v2\/product_brand?post=4278"},{"taxonomy":"product_cat","embeddable":true,"href":"https:\/\/bibliotecajuridicavirtual.cl\/index.php\/wp-json\/wp\/v2\/product_cat?post=4278"},{"taxonomy":"product_tag","embeddable":true,"href":"https:\/\/bibliotecajuridicavirtual.cl\/index.php\/wp-json\/wp\/v2\/product_tag?post=4278"}],"curies":[{"name":"wp","href":"https:\/\/api.w.org\/{rel}","templated":true}]}}