{"id":4279,"date":"2026-02-28T01:24:26","date_gmt":"2026-02-28T04:24:26","guid":{"rendered":"https:\/\/bibliotecajuridicavirtual.cl\/?post_type=product&#038;p=4279"},"modified":"2026-02-28T01:24:51","modified_gmt":"2026-02-28T04:24:51","slug":"manual-de-contrainterrogatorio-paso-a-paso-para-un-contra-ideal-juan-sebastian-fajardo-vanegas-edicion-ano-2025-384-pag","status":"publish","type":"product","link":"https:\/\/bibliotecajuridicavirtual.cl\/index.php\/product\/manual-de-contrainterrogatorio-paso-a-paso-para-un-contra-ideal-juan-sebastian-fajardo-vanegas-edicion-ano-2025-384-pag\/","title":{"rendered":"Manual de Contrainterrogatorio. Paso a paso para un contra ideal * Juan Sebasti\u00e1n Fajardo Vanegas &#8211; edici\u00f3n a\u00f1o 2025 * 384 P\u00e1g."},"content":{"rendered":"<p>Manual de Contrainterrogatorio. Paso a paso para un contra ideal<\/p>\n<p>Contenido<br \/>\nPresentaci\u00f3n<\/p>\n<p>Pr\u00f3logo<\/p>\n<p>CAP\u00cdTULO 1: GENERALIDADES DEL ARTE DE CONTRAINTERROGAR<br \/>\n1. El contrainterrogatorio: concepto y finalidad<br \/>\n2. Acabemos con el mito: el contraexamen NO es una habilidad reservada para genios<br \/>\n3. El contraexamen y el total trial approach<br \/>\n3.1. \u00bfQu\u00e9 es la teor\u00eda del caso?<br \/>\n3.2. Principales caracter\u00edsticas de una teor\u00eda del caso convincente<br \/>\n3.3. \u00bfCu\u00e1les son los elementos estructurales de la teor\u00eda del caso?<br \/>\n3.4.\u00a0\u00a0 \u00a0Conclusi\u00f3n: La teor\u00eda del caso, siempre en la cabeza del buen contrainterrogador<\/p>\n<p>CAP\u00cdTULO 2. MANDAMIENTOS DEL CONTRAEXAMEN<br \/>\n1. Primer mandamiento: prepare el contrainterrogatorio<br \/>\n2. Segundo mandamiento: sea homicida, no suicida<br \/>\n3. Tercer mandamiento: haga un contra a prueba de balas<br \/>\n4. Cuarto mandamiento: suave con el testigo, duro con el tema.<br \/>\n5. Quinto mandamiento: utilice siempre la camisa roja<br \/>\n6. Sexto mandamiento: no \u2018cantinflee\u2019<br \/>\n7. S\u00e9ptimo mandamiento: cu\u00eddese de su ego. Siempre es mal consejero<br \/>\n8. Octavo mandamiento: \u00a1no lea! Escuche<br \/>\n9. Noveno mandamiento: no postergue el punto. An\u00f3telo en cuanto pueda.<br \/>\n10. D\u00e9cimo mandamiento: menos es m\u00e1s.<\/p>\n<p>CAP\u00cdTULO 3. SISTEMA DE CONTRAINTERROGATORIO<br \/>\nPRIMERA PARTE: LA PREPARACI\u00d3N DEL CONTRAINTERRROGATORIO<\/p>\n<p>1. Primer paso: conocer las finalidades del contrainterrogatorio a testigos<br \/>\n1.1. \u00c1reas de impugnaci\u00f3n de credibilidad de testigos<br \/>\n1) Manifestaciones previas inconsistentes<br \/>\nObjetivos espec\u00edficos<br \/>\nCaracter\u00edsticas de una inconsistencia persuasiva<br \/>\nFuentes de las inconsistencias<br \/>\nLas inconsistencias no son suficientes para \u201cacabar\u201d con el testigo<br \/>\n2) Impugnaci\u00f3n por omisi\u00f3n<br \/>\nObjetivos espec\u00edficos<br \/>\nCaracter\u00edsticas de una omisi\u00f3n persuasiva<br \/>\nFuente de las omisiones<br \/>\nLas omisiones tampoco son autosuficientes<br \/>\n3) Inconsistencias u omisiones dentro del testimonio en juicio<br \/>\n4). Parcialidad, inter\u00e9s o motivo para mentir<br \/>\nRequisitos particulares de la impugnaci\u00f3n por parcialidad<br \/>\nEjemplos m\u00e1s frecuentes de parcialidad<br \/>\n5) Contaminaci\u00f3n de los testigos<br \/>\n6) Car\u00e1cter mendaz<br \/>\nRequisitos<br \/>\nFuentes frecuentes del car\u00e1cter mendaz<br \/>\n7) Capacidad de percepci\u00f3n<br \/>\n8) Inverosimilitud de las afirmaciones<br \/>\n9) Procesos de rememoraci\u00f3n del testigo<br \/>\n10) Impugnaci\u00f3n con prueba de refutaci\u00f3n<br \/>\n11) Impugnaci\u00f3n por r\u00e9cord criminal<br \/>\n1.2. Contrainterrogatorio en b\u00fasqueda de concesiones<br \/>\n1) Aspectos favorables mencionados en el directo<br \/>\n2) Aspectos favorables no mencionados en el directo<br \/>\n3) Neutralizar el testimonio<br \/>\n4) Fuego cruzado: el testigo refuta otro testigo de la contraparte<br \/>\n5) El testigo reafirma la credibilidad de un testigo propio<br \/>\n2. Segundo paso: conocer las finalidades del contrainterrogatorio a peritos<br \/>\n2.1. Nociones b\u00e1sicas de la prueba pericial<br \/>\n2.2. Aspectos generales del contrainterrogatorio a peritos<br \/>\n2.3. \u00c1reas de impugnaci\u00f3n de credibilidad de peritos<br \/>\n2.3.1. \u00c1reas comunes<br \/>\n1) Manifestaciones previas inconsistentes<br \/>\n2) Omisiones<br \/>\n3) Parcialidad<br \/>\n2.3.2. \u00c1reas espec\u00edficas<br \/>\n1)\u00a0\u00a0 \u00a0Idoneidad del perito: formaci\u00f3n acad\u00e9mica, experiencia y conocimiento<br \/>\n2) Atacando la pericia: premisa, m\u00e9todo y conclusiones<br \/>\n3) Antecedentes disciplinarios, \u00e9ticos y penales de los peritos<br \/>\n4) Ataque al \u00e1rea de la experticia<br \/>\n5) Impugnaci\u00f3n del perito hom\u00f3logo<br \/>\n2.4. Contrainterrogatorio a peritos en b\u00fasqueda de concesiones<br \/>\n3. Tercer paso: estudiar sistem\u00e1ticamente el caso con miras al contrainterrogatorio<br \/>\n3.1. Aclaraciones previas sobre el m\u00e9todo de estudio del caso<br \/>\n3.2. El m\u00e9todo<br \/>\n4. Cuarto paso: la decisi\u00f3n m\u00e1s dif\u00edcil. \u201cCu\u00e1ndo contrainterrogar\u201d.<br \/>\n5. Quinto paso: Seleccionar las l\u00edneas del contrainterrogatorio<br \/>\n6. Sexto paso: determinar el orden del contrainterrogatorio<br \/>\n7. S\u00e9ptimo paso: construcci\u00f3n de las \u201cpreguntas\u201d<br \/>\n7.1. Pasos para la construcci\u00f3n de las notas de apoyo<br \/>\n7.2. Reglas para la selecci\u00f3n de las preguntas<br \/>\n7.3. Mant\u00e9ngase flexible<br \/>\n8. Octavo paso: \u00a1Prep\u00e1rese para la audiencia! &#8211; Consejos log\u00edsticos<\/p>\n<p>SEGUNDA PARTE: LA EJECUCI\u00d3N DEL CONTRAINTERROGATORIO<\/p>\n<p>1. Primer paso: escuche con atenci\u00f3n el interrogatorio directo<br \/>\n2. Segundo paso: c\u00f3mo formular las preguntas<br \/>\n2.1. Mant\u00e9ngase flexible: la clave de la fluidez<br \/>\n2.2. El tono de las preguntas<br \/>\n2.3. El ritmo del contrainterrogatorio<br \/>\n2.4. Escuche al testigo y nunca pierda contacto visual<br \/>\n3. Tercer paso: control del testigo<br \/>\n4. Cuarto paso: ejecuci\u00f3n de la impugnaci\u00f3n de credibilidad<br \/>\n4.1. Ejecuci\u00f3n de la impugnaci\u00f3n por inconsistencias<br \/>\n4.2.\u00e2??\u00a0\u00e2??\u00a0\u00e2??\u00a0Particularidades de impugnaci\u00f3n por inconsistencias en manifestaciones orales\u00e2?\u00a8\u00a0hechas a terceros \u2014 Testigo de impugnaci\u00f3n\u00a0\u00a0 \u00a0\u00a0\u00a0 \u00a0\u00e2??\u00a0\u00e2??\u00a0\u00e2??\u00a0\u00e2??<br \/>\n4.3. Ejecuci\u00f3n de la impugnaci\u00f3n por omisiones<br \/>\n4.4. Ejecuci\u00f3n de la impugnaci\u00f3n por parcialidad<br \/>\n4.5. Ejecuci\u00f3n de la impugnaci\u00f3n por contaminaci\u00f3n de los testigos<br \/>\n4.6. Ejecuci\u00f3n de la impugnaci\u00f3n por car\u00e1cter mendaz<br \/>\n4.7. Ejecuci\u00f3n de la impugnaci\u00f3n por percepci\u00f3n<br \/>\n4.8. Ejecuci\u00f3n de la impugnaci\u00f3n por inverosimilitudes<br \/>\n4.9. Ejecuci\u00f3n de la impugnaci\u00f3n por procesos de rememoraci\u00f3n<br \/>\n4.10. Impugnaci\u00f3n con r\u00e9cord criminal<br \/>\n5. Quinto paso: particularidades de la ejecuci\u00f3n del contra a peritos<br \/>\n6. Sexto paso: T\u00e9cnicas para la ejecuci\u00f3n del contra por concesiones<br \/>\n7. S\u00e9ptimo paso: defi\u00e9ndase de las objeciones m\u00e1s comunes<br \/>\n7.1. C\u00f3mo y cu\u00e1ndo \u201creplicar\u201d las objeciones de la contraparte<br \/>\n7.2. Las objeciones m\u00e1s frecuentes frente al contra<br \/>\n8. Octavo paso: el recontrainterrogatorio<\/p>\n<p>Bibliograf\u00eda<\/p>\n<p>&nbsp;<\/p>\n","protected":false},"excerpt":{"rendered":"<p>Buscas un libro Jur\u00eddico.? Lo puedes encontrar en nuestra tienda virtual.<br \/>\nContamos con prestigiosos autores y muchas alternativas en sus diferentes materias al igual que grandes descuentos.! Vis\u00edtanos en <a class=\"zSvKgyodXUoGbhUhxSWpxUXaFuhWtTKexrM \" tabindex=\"0\" href=\"https:\/\/lnkd.in\/eiAG7jdZ\" target=\"_blank\" rel=\"noopener\" data-test-app-aware-link=\"\">https:\/\/lnkd.in\/eiAG7jdZ<\/a><br \/>\nEscr\u00edbenos al +56930565235 \/ <a class=\"zSvKgyodXUoGbhUhxSWpxUXaFuhWtTKexrM \" tabindex=\"0\" href=\"mailto:ventaslegallexglobal@gmail.com\" target=\"_self\" data-test-app-aware-link=\"\">ventaslegallexglobal@gmail.com<\/a><br \/>\nHacemos env\u00edos a todo Chile \u2013 Starken o Correos Chile \/ Te esperamos<\/p>\n","protected":false},"featured_media":4332,"comment_status":"open","ping_status":"closed","template":"","meta":{"inline_featured_image":false,"_joinchat":[]},"product_brand":[],"product_cat":[27],"product_tag":[],"class_list":{"0":"post-4279","1":"product","2":"type-product","3":"status-publish","4":"has-post-thumbnail","6":"product_cat-civil","7":"product_shipping_class-a-convenir","9":"first","10":"instock","11":"shipping-taxable","12":"purchasable","13":"product-type-simple"},"_links":{"self":[{"href":"https:\/\/bibliotecajuridicavirtual.cl\/index.php\/wp-json\/wp\/v2\/product\/4279","targetHints":{"allow":["GET"]}}],"collection":[{"href":"https:\/\/bibliotecajuridicavirtual.cl\/index.php\/wp-json\/wp\/v2\/product"}],"about":[{"href":"https:\/\/bibliotecajuridicavirtual.cl\/index.php\/wp-json\/wp\/v2\/types\/product"}],"replies":[{"embeddable":true,"href":"https:\/\/bibliotecajuridicavirtual.cl\/index.php\/wp-json\/wp\/v2\/comments?post=4279"}],"wp:featuredmedia":[{"embeddable":true,"href":"https:\/\/bibliotecajuridicavirtual.cl\/index.php\/wp-json\/wp\/v2\/media\/4332"}],"wp:attachment":[{"href":"https:\/\/bibliotecajuridicavirtual.cl\/index.php\/wp-json\/wp\/v2\/media?parent=4279"}],"wp:term":[{"taxonomy":"product_brand","embeddable":true,"href":"https:\/\/bibliotecajuridicavirtual.cl\/index.php\/wp-json\/wp\/v2\/product_brand?post=4279"},{"taxonomy":"product_cat","embeddable":true,"href":"https:\/\/bibliotecajuridicavirtual.cl\/index.php\/wp-json\/wp\/v2\/product_cat?post=4279"},{"taxonomy":"product_tag","embeddable":true,"href":"https:\/\/bibliotecajuridicavirtual.cl\/index.php\/wp-json\/wp\/v2\/product_tag?post=4279"}],"curies":[{"name":"wp","href":"https:\/\/api.w.org\/{rel}","templated":true}]}}