{"id":4280,"date":"2026-02-28T01:24:26","date_gmt":"2026-02-28T04:24:26","guid":{"rendered":"https:\/\/bibliotecajuridicavirtual.cl\/?post_type=product&#038;p=4280"},"modified":"2026-02-28T01:24:52","modified_gmt":"2026-02-28T04:24:52","slug":"guia-practica-de-los-principales-procedimientos-administrativos-ano-2023-128-pag-autor-carolina-helfmann-paulina-cafena-jottar-y-vania-gonzalez-campos","status":"publish","type":"product","link":"https:\/\/bibliotecajuridicavirtual.cl\/index.php\/product\/guia-practica-de-los-principales-procedimientos-administrativos-ano-2023-128-pag-autor-carolina-helfmann-paulina-cafena-jottar-y-vania-gonzalez-campos\/","title":{"rendered":"Gu\u00eda pr\u00e1ctica de los principales procedimientos administrativos. A\u00f1o 2023\/128 P\u00e1g. Autor Carolina Helfmann ,Paulina Cafena Jottar y Vania Gonz\u00e1lez Campos"},"content":{"rendered":"<p>Gu\u00eda pr\u00e1ctica de los principales procedimientos administrativos que rigen los actos de los \u00f3rganos de la Administraci\u00f3n del Estado<\/p>\n<p>\u00cdNDICE<br \/>\nPresentaci\u00f3n\u00a0\u00a0 \u00a0\u00a0\u00a0 \u00a011<br \/>\nI. Relaciones de los ciudadanos con la Administraci\u00f3n del Estado\u00a0\u00a0 \u00a0\u00a0\u00a0 \u00a017<br \/>\n1. Fundamento\u00a0\u00a0 \u00a0\u00a0\u00a0 \u00a017<br \/>\n2. Resumen de las relaciones entre los ciudadanos y las administraciones p\u00fablicas\u00a0\u00a0 \u00a0\u00a0\u00a0 \u00a017<br \/>\n3. Formularios\u00a0\u00a0 \u00a0\u00a0\u00a0 \u00a020<br \/>\n1. Escrito para conocer el estado de tramitaci\u00f3n de un procedimiento.\u00a0\u00a0 \u00a0\u00a0\u00a0 \u00a020<br \/>\n2. Escrito para identificar a autoridades y funcionarios responsables\u00a0\u00a0 \u00a0\u00a0\u00a0 \u00a021<br \/>\n3. Escrito para acceder a copias de documentos\u00a0\u00a0 \u00a0\u00a0\u00a0 \u00a023<br \/>\n4. Escrito para omitir presentar documentos que no correspondan al procedimiento\u00a0\u00a0 \u00a0\u00a0\u00a0 \u00a024<br \/>\n5. Escrito para omitir presentar documentos solicitados por estar en poder de la administraci\u00f3n\u00a0\u00a0 \u00a0\u00a0\u00a0 \u00a026<br \/>\n6. Escrito de solicitud de pronunciamiento de mera certeza administrativa\u00a0\u00a0 \u00a0\u00a0\u00a0 \u00a027<br \/>\nII. Procedimiento Administrativo\u00a0\u00a0 \u00a0\u00a0\u00a0 \u00a031<br \/>\n1. Fundamento\u00a0\u00a0 \u00a0\u00a0\u00a0 \u00a031<br \/>\n2. Resumen del procedimiento administrativo\u00a0\u00a0 \u00a0\u00a0\u00a0 \u00a031<br \/>\n3. Formularios\u00a0\u00a0 \u00a0\u00a0\u00a0 \u00a036<br \/>\n1. Escrito de solicitud de inicio del procedimiento administrativo\u00a0\u00a0 \u00a0\u00a0\u00a0 \u00a036<br \/>\n2. Escrito que solicita se practique notificaci\u00f3n por medios electr\u00f3nicos\u00a0\u00a0 \u00a0\u00a0\u00a0 \u00a038<br \/>\n3. Escrito de subsanaci\u00f3n\u00a0\u00a0 \u00a0\u00a0\u00a0 \u00a039<br \/>\n4. Escrito de solicitud de abstenci\u00f3n\u00a0\u00a0 \u00a0\u00a0\u00a0 \u00a040<br \/>\n5. Escrito de solicitud de aplicaci\u00f3n de procedimiento de urgencia\u00a0\u00a0 \u00a0\u00a0\u00a0 \u00a042<br \/>\n6. Escrito de solicitud de medida provisional previo al inicio del procedimiento\u00a0\u00a0 \u00a0\u00a0\u00a0 \u00a043<br \/>\n7. Escrito de solicitud de medida provisional dentro del procedimiento\u00a0\u00a0 \u00a0\u00a0\u00a0 \u00a045<br \/>\n8. Escrito de aportaci\u00f3n de nuevos antecedentes o elementos\u00a0\u00a0 \u00a0\u00a0\u00a0 \u00a047<br \/>\n9. Escrito de aportaci\u00f3n de documentos\u00a0\u00a0 \u00a0\u00a0\u00a0 \u00a048<br \/>\n10. Escrito de propuesta de pruebas\u00a0\u00a0 \u00a0\u00a0\u00a0 \u00a049<br \/>\n11. Escrito de entrega de pruebas\u00a0\u00a0 \u00a0\u00a0\u00a0 \u00a051<br \/>\n12. Escrito para acreditar la calidad de interesado\u00a0\u00a0 \u00a0\u00a0\u00a0 \u00a052<br \/>\n13. Escrito de solicitud de informe\u00a0\u00a0 \u00a0\u00a0\u00a0 \u00a054<br \/>\n14. Escrito de renuncia\u00a0\u00a0 \u00a0\u00a0\u00a0 \u00a055<br \/>\n15. Escrito de desistimiento\u00a0\u00a0 \u00a0\u00a0\u00a0 \u00a056<br \/>\n16. Escrito de solicitud de abandono del procedimiento\u00a0\u00a0 \u00a0\u00a0\u00a0 \u00a058<br \/>\n17. Escrito de solicitud de acumulaci\u00f3n de procedimientos\u00a0\u00a0 \u00a0\u00a0\u00a0 \u00a059<br \/>\n18. Escrito de solicitud de desacumulaci\u00f3n de procedimientos\u00a0\u00a0 \u00a0\u00a0\u00a0 \u00a061<br \/>\n19. Escrito de apoderado\u00a0\u00a0 \u00a0\u00a0\u00a0 \u00a062<br \/>\n20. Escrito de solicitud de \u00a0denuncia de vencimiento del plazo del silencio positivo\u00a0\u00a0 \u00a0\u00a0\u00a0 \u00a064<br \/>\n21. Escrito de solicitud de certificaci\u00f3n del silencio positivo\u00a0\u00a0 \u00a0\u00a0\u00a0 \u00a065<br \/>\n22. Escrito de solicitud de certificaci\u00f3n del silencio negativo\u00a0\u00a0 \u00a0\u00a0\u00a0 \u00a067<br \/>\nIII. Revisi\u00f3n de los actos v\u00eda administrativa\u00a0\u00a0 \u00a0\u00a0\u00a0 \u00a069<br \/>\n1. Fundamento\u00a0\u00a0 \u00a0\u00a0\u00a0 \u00a069<br \/>\n2. Resumen de la revisi\u00f3n de los actos POR v\u00eda administrativa\u00a0\u00a0 \u00a0\u00a0\u00a0 \u00a069<br \/>\n3. Formularios\u00a0\u00a0 \u00a0\u00a0\u00a0 \u00a071<br \/>\n1. Solicitud de ejercicio de la potestad de revocaci\u00f3n\u00a0\u00a0 \u00a0\u00a0\u00a0 \u00a071<br \/>\n2. Solicitud de ejercicio de la potestad de invalidaci\u00f3n\u00a0\u00a0 \u00a0\u00a0\u00a0 \u00a074<br \/>\n3. Escrito de descargos en procedimiento de invalidaci\u00f3n\u00a0\u00a0 \u00a0\u00a0\u00a0 \u00a076<br \/>\n4. Escrito de interposici\u00f3n de recurso de reposici\u00f3n con recurso jer\u00e1rquico en subsidio\u00a0\u00a0 \u00a0\u00a0\u00a0 \u00a078<br \/>\n5. Escrito de interposici\u00f3n de recurso jer\u00e1rquico\u00a0\u00a0 \u00a0\u00a0\u00a0 \u00a081<br \/>\n6. Recurso extraordinario de revisi\u00f3n\u00a0\u00a0 \u00a0\u00a0\u00a0 \u00a083<br \/>\n7. Solicitud de ejercicio de la facultad de aclaraci\u00f3n, rectificaci\u00f3n o enmienda\u00a0\u00a0 \u00a0\u00a0\u00a0 \u00a085<br \/>\n8. Solicitud de suspensi\u00f3n de los efectos del acto\u00a0\u00a0 \u00a0\u00a0\u00a0 \u00a087<br \/>\n9. Solicitud de inhibici\u00f3n por existencia de causa judicial pendiente\u00a0\u00a0 \u00a0\u00a0\u00a0 \u00a089<br \/>\nIV. Procedimiento sancionador\u00a0\u00a0 \u00a0\u00a0\u00a0 \u00a091<br \/>\n1. Fundamento\u00a0\u00a0 \u00a0\u00a0\u00a0 \u00a091<br \/>\n2. Resumen de los procedimientos sancionatorios\u00a0\u00a0 \u00a0\u00a0\u00a0 \u00a091<br \/>\n3. Formularios\u00a0\u00a0 \u00a0\u00a0\u00a0 \u00a092<br \/>\n1. Escrito de denuncia\u00a0\u00a0 \u00a0\u00a0\u00a0 \u00a092<br \/>\n2. Escrito de descargos\u00a0\u00a0 \u00a0\u00a0\u00a0 \u00a093<br \/>\n3. Escrito de solicitud de decaimiento\u00a0\u00a0 \u00a0\u00a0\u00a0 \u00a095<br \/>\n4. Escrito de solicitud de terminaci\u00f3n del procedimiento por imposibilidad sobreviniente de continuarlo\u00a0\u00a0 \u00a0\u00a0\u00a0 \u00a097<br \/>\nV. Acceso a la informaci\u00f3n p\u00fablica\u00a0\u00a0 \u00a0\u00a0\u00a0 \u00a0101<br \/>\n1. Fundamento\u00a0\u00a0 \u00a0\u00a0\u00a0 \u00a0101<br \/>\n2. Resumen del derecho de acceso a la informaci\u00f3n p\u00fablica\u00a0\u00a0 \u00a0\u00a0\u00a0 \u00a0102<br \/>\n1. Escrito de oposici\u00f3n en sede administrativa\u00a0\u00a0 \u00a0\u00a0\u00a0 \u00a0102<br \/>\n2. Reclamo por incumplimiento de deberes de transparencia activa\u00a0\u00a0 \u00a0\u00a0\u00a0 \u00a0104<br \/>\n3. Amparo ante el consejo para la transparencia por denegaci\u00f3n de la informaci\u00f3n por causal improcedente o ausencia de justificaci\u00f3n\u00a0\u00a0 \u00a0\u00a0\u00a0 \u00a0106<br \/>\n4. Amparo ante el consejo para la transparencia por vencimiento del plazo\u00a0\u00a0 \u00a0\u00a0\u00a0 \u00a0110<br \/>\n5. Amparo ante el consejo para la transparencia por entrega parcial de la informaci\u00f3n\u00a0\u00a0 \u00a0\u00a0\u00a0 \u00a0112<br \/>\n6. Solicitud de audiencia de prueba\u00a0\u00a0 \u00a0\u00a0\u00a0 \u00a0115<br \/>\nVI. PRESENTACIONES Ante la Contralor\u00eda General de la Rep\u00fablica\u00a0\u00a0 \u00a0\u00a0\u00a0 \u00a0117<br \/>\n1. Fundamento\u00a0\u00a0 \u00a0\u00a0\u00a0 \u00a0117<br \/>\n2. Resumen de las actuaciones ante la Contralor\u00eda General de Rep\u00fablica\u00a0\u00a0 \u00a0\u00a0\u00a0 \u00a0117<br \/>\n1. Presentaci\u00f3n en procedimiento de toma de raz\u00f3n de particulares que tienen un inter\u00e9s leg\u00edtimo\u00a0\u00a0 \u00a0\u00a0\u00a0 \u00a0118<br \/>\n2. Solicitud de pronunciamiento ante la contralor\u00eda general de la rep\u00fablica\u00a0\u00a0 \u00a0\u00a0\u00a0 \u00a0120<\/p>\n","protected":false},"excerpt":{"rendered":"<p>Gu\u00eda pr\u00e1ctica de los principales procedimientos administrativos que rigen los actos de los \u00f3rganos de la Administraci\u00f3n del Estado \u00cdNDICE Presentaci\u00f3n\u00a0\u00a0 \u00a0\u00a0\u00a0 \u00a011 I. Relaciones de los ciudadanos con la Administraci\u00f3n del Estado\u00a0\u00a0 \u00a0\u00a0\u00a0 \u00a017 1. Fundamento\u00a0\u00a0 \u00a0\u00a0\u00a0 \u00a017 2. Resumen de las relaciones entre los ciudadanos y las administraciones p\u00fablicas\u00a0\u00a0 \u00a0\u00a0\u00a0 \u00a017 3. Formularios\u00a0\u00a0 \u00a0\u00a0\u00a0 \u00a020 1. Escrito para conocer el estado de tramitaci\u00f3n de un procedimiento.\u00a0\u00a0 \u00a0\u00a0\u00a0 \u00a020 2. Escrito para identificar a autoridades y funcionarios responsables\u00a0\u00a0 \u00a0\u00a0\u00a0 \u00a021 3. Escrito para acceder a copias de documentos\u00a0\u00a0 \u00a0\u00a0\u00a0 \u00a023 4. Escrito para omitir presentar documentos que no correspondan al procedimiento\u00a0\u00a0 \u00a0\u00a0\u00a0 \u00a024 5. Escrito para omitir presentar documentos solicitados por estar en poder de la administraci\u00f3n\u00a0\u00a0 \u00a0\u00a0\u00a0 \u00a026 6. Escrito de solicitud de pronunciamiento de mera certeza administrativa\u00a0\u00a0 \u00a0\u00a0\u00a0 \u00a027 II. Procedimiento Administrativo\u00a0\u00a0 \u00a0\u00a0\u00a0 \u00a031 1. Fundamento\u00a0\u00a0 \u00a0\u00a0\u00a0 \u00a031 2. Resumen del procedimiento administrativo\u00a0\u00a0 \u00a0\u00a0\u00a0 \u00a031 3. Formularios\u00a0\u00a0 \u00a0\u00a0\u00a0 \u00a036 1. Escrito de solicitud de inicio del procedimiento administrativo\u00a0\u00a0 \u00a0\u00a0\u00a0 \u00a036 2. Escrito que solicita se practique notificaci\u00f3n por medios electr\u00f3nicos\u00a0\u00a0 \u00a0\u00a0\u00a0 \u00a038 3. Escrito de subsanaci\u00f3n\u00a0\u00a0 \u00a0\u00a0\u00a0 \u00a039 4. Escrito de solicitud de abstenci\u00f3n\u00a0\u00a0 \u00a0\u00a0\u00a0 \u00a040 5. Escrito de solicitud de aplicaci\u00f3n de procedimiento de urgencia\u00a0\u00a0 \u00a0\u00a0\u00a0 \u00a042 6. Escrito de solicitud de medida provisional previo al inicio del procedimiento\u00a0\u00a0 \u00a0\u00a0\u00a0 \u00a043 7. Escrito de solicitud de medida provisional dentro del procedimiento\u00a0\u00a0 \u00a0\u00a0\u00a0 \u00a045 8. Escrito de aportaci\u00f3n de nuevos antecedentes o elementos\u00a0\u00a0 \u00a0\u00a0\u00a0 \u00a047 9. Escrito de aportaci\u00f3n de documentos\u00a0\u00a0 \u00a0\u00a0\u00a0 \u00a048 10. Escrito de propuesta de pruebas\u00a0\u00a0 \u00a0\u00a0\u00a0 \u00a049 11. Escrito de entrega de pruebas\u00a0\u00a0 \u00a0\u00a0\u00a0 \u00a051 12. Escrito para acreditar la calidad de interesado\u00a0\u00a0 \u00a0\u00a0\u00a0 \u00a052 13. Escrito de solicitud de informe\u00a0\u00a0 \u00a0\u00a0\u00a0 \u00a054 14. Escrito de renuncia\u00a0\u00a0 \u00a0\u00a0\u00a0 \u00a055 15. Escrito de desistimiento\u00a0\u00a0 \u00a0\u00a0\u00a0 \u00a056 16. Escrito de solicitud de abandono del procedimiento\u00a0\u00a0 \u00a0\u00a0\u00a0 \u00a058 17. Escrito de solicitud de acumulaci\u00f3n de procedimientos\u00a0\u00a0 \u00a0\u00a0\u00a0 \u00a059 18. Escrito de solicitud de desacumulaci\u00f3n de procedimientos\u00a0\u00a0 \u00a0\u00a0\u00a0 \u00a061 19. Escrito de apoderado\u00a0\u00a0 \u00a0\u00a0\u00a0 \u00a062 20. Escrito de solicitud de \u00a0denuncia de vencimiento del plazo del silencio positivo\u00a0\u00a0 \u00a0\u00a0\u00a0 \u00a064 21. Escrito de solicitud de certificaci\u00f3n del silencio positivo\u00a0\u00a0 \u00a0\u00a0\u00a0 \u00a065 22. Escrito de solicitud de certificaci\u00f3n del silencio negativo\u00a0\u00a0 \u00a0\u00a0\u00a0 \u00a067 III. Revisi\u00f3n de los actos v\u00eda administrativa\u00a0\u00a0 \u00a0\u00a0\u00a0 \u00a069 1. Fundamento\u00a0\u00a0 \u00a0\u00a0\u00a0 \u00a069 2. Resumen de la revisi\u00f3n de los actos POR v\u00eda administrativa\u00a0\u00a0 \u00a0\u00a0\u00a0 \u00a069 3. Formularios\u00a0\u00a0 \u00a0\u00a0\u00a0 \u00a071 1. Solicitud de ejercicio de la potestad de revocaci\u00f3n\u00a0\u00a0 \u00a0\u00a0\u00a0 \u00a071 2. Solicitud de ejercicio de la potestad de invalidaci\u00f3n\u00a0\u00a0 \u00a0\u00a0\u00a0 \u00a074 3. Escrito de descargos en procedimiento de invalidaci\u00f3n\u00a0\u00a0 \u00a0\u00a0\u00a0 \u00a076 4. Escrito de interposici\u00f3n de recurso de reposici\u00f3n con recurso jer\u00e1rquico en subsidio\u00a0\u00a0 \u00a0\u00a0\u00a0 \u00a078 5. Escrito de interposici\u00f3n de recurso jer\u00e1rquico\u00a0\u00a0 \u00a0\u00a0\u00a0 \u00a081 6. Recurso extraordinario de revisi\u00f3n\u00a0\u00a0 \u00a0\u00a0\u00a0 \u00a083 7. Solicitud de ejercicio de la facultad de aclaraci\u00f3n, rectificaci\u00f3n o enmienda\u00a0\u00a0 \u00a0\u00a0\u00a0 \u00a085 8. Solicitud de suspensi\u00f3n de los efectos del acto\u00a0\u00a0 \u00a0\u00a0\u00a0 \u00a087 9. Solicitud de inhibici\u00f3n por existencia de causa judicial pendiente\u00a0\u00a0 \u00a0\u00a0\u00a0 \u00a089 IV. Procedimiento sancionador\u00a0\u00a0 \u00a0\u00a0\u00a0 \u00a091 1. Fundamento\u00a0\u00a0 \u00a0\u00a0\u00a0 \u00a091 2. Resumen de los procedimientos sancionatorios\u00a0\u00a0 \u00a0\u00a0\u00a0 \u00a091 3. Formularios\u00a0\u00a0 \u00a0\u00a0\u00a0 \u00a092 1. Escrito de denuncia\u00a0\u00a0 \u00a0\u00a0\u00a0 \u00a092 2. Escrito de descargos\u00a0\u00a0 \u00a0\u00a0\u00a0 \u00a093 3. Escrito de solicitud de decaimiento\u00a0\u00a0 \u00a0\u00a0\u00a0 \u00a095 4. Escrito de solicitud de terminaci\u00f3n del procedimiento por imposibilidad sobreviniente de continuarlo\u00a0\u00a0 \u00a0\u00a0\u00a0 \u00a097 V. Acceso a la informaci\u00f3n p\u00fablica\u00a0\u00a0 \u00a0\u00a0\u00a0 \u00a0101 1. Fundamento\u00a0\u00a0 \u00a0\u00a0\u00a0 \u00a0101 2. Resumen del derecho de acceso a la informaci\u00f3n p\u00fablica\u00a0\u00a0 \u00a0\u00a0\u00a0 \u00a0102 1. Escrito de oposici\u00f3n en sede administrativa\u00a0\u00a0 \u00a0\u00a0\u00a0 \u00a0102 2. Reclamo por incumplimiento de deberes de transparencia activa\u00a0\u00a0 \u00a0\u00a0\u00a0 \u00a0104 3. Amparo ante el consejo para la transparencia por denegaci\u00f3n de la informaci\u00f3n por causal improcedente o ausencia de justificaci\u00f3n\u00a0\u00a0 \u00a0\u00a0\u00a0 \u00a0106 4. Amparo ante el consejo para la transparencia por vencimiento del plazo\u00a0\u00a0 \u00a0\u00a0\u00a0 \u00a0110 5. Amparo ante el consejo para la transparencia por entrega parcial de la informaci\u00f3n\u00a0\u00a0 \u00a0\u00a0\u00a0 \u00a0112 6. Solicitud de audiencia de prueba\u00a0\u00a0 \u00a0\u00a0\u00a0 \u00a0115 VI. PRESENTACIONES Ante la Contralor\u00eda General de la Rep\u00fablica\u00a0\u00a0 \u00a0\u00a0\u00a0 \u00a0117 1. Fundamento\u00a0\u00a0 \u00a0\u00a0\u00a0 \u00a0117 2. Resumen de las actuaciones ante la Contralor\u00eda General de Rep\u00fablica\u00a0\u00a0 \u00a0\u00a0\u00a0 \u00a0117 1. Presentaci\u00f3n en procedimiento de toma de raz\u00f3n de particulares que tienen un inter\u00e9s leg\u00edtimo\u00a0\u00a0 \u00a0\u00a0\u00a0 \u00a0118 2. Solicitud de pronunciamiento ante la contralor\u00eda general de la rep\u00fablica\u00a0\u00a0 \u00a0\u00a0\u00a0 \u00a0120<\/p>\n","protected":false},"featured_media":4333,"comment_status":"open","ping_status":"closed","template":"","meta":{"inline_featured_image":false,"_joinchat":[]},"product_brand":[],"product_cat":[45],"product_tag":[],"class_list":{"0":"post-4280","1":"product","2":"type-product","3":"status-publish","4":"has-post-thumbnail","6":"product_cat-administrativo","7":"product_shipping_class-a-convenir","9":"first","10":"instock","11":"shipping-taxable","12":"purchasable","13":"product-type-simple"},"_links":{"self":[{"href":"https:\/\/bibliotecajuridicavirtual.cl\/index.php\/wp-json\/wp\/v2\/product\/4280","targetHints":{"allow":["GET"]}}],"collection":[{"href":"https:\/\/bibliotecajuridicavirtual.cl\/index.php\/wp-json\/wp\/v2\/product"}],"about":[{"href":"https:\/\/bibliotecajuridicavirtual.cl\/index.php\/wp-json\/wp\/v2\/types\/product"}],"replies":[{"embeddable":true,"href":"https:\/\/bibliotecajuridicavirtual.cl\/index.php\/wp-json\/wp\/v2\/comments?post=4280"}],"wp:featuredmedia":[{"embeddable":true,"href":"https:\/\/bibliotecajuridicavirtual.cl\/index.php\/wp-json\/wp\/v2\/media\/4333"}],"wp:attachment":[{"href":"https:\/\/bibliotecajuridicavirtual.cl\/index.php\/wp-json\/wp\/v2\/media?parent=4280"}],"wp:term":[{"taxonomy":"product_brand","embeddable":true,"href":"https:\/\/bibliotecajuridicavirtual.cl\/index.php\/wp-json\/wp\/v2\/product_brand?post=4280"},{"taxonomy":"product_cat","embeddable":true,"href":"https:\/\/bibliotecajuridicavirtual.cl\/index.php\/wp-json\/wp\/v2\/product_cat?post=4280"},{"taxonomy":"product_tag","embeddable":true,"href":"https:\/\/bibliotecajuridicavirtual.cl\/index.php\/wp-json\/wp\/v2\/product_tag?post=4280"}],"curies":[{"name":"wp","href":"https:\/\/api.w.org\/{rel}","templated":true}]}}